{"id":44297,"date":"2018-11-26T03:08:29","date_gmt":"2018-11-26T03:08:29","guid":{"rendered":"https:\/\/ipacei.com\/produkt\/ipacei-collagen-und-hyaluron-vliesmaske-2er-set\/"},"modified":"2018-12-17T16:05:00","modified_gmt":"2018-12-17T16:05:00","slug":"ipacei-collagen-und-hyaluron-vliesmaske-2er-set","status":"publish","type":"product","link":"https:\/\/ipacei.com\/en\/produkt\/ipacei-collagen-und-hyaluron-vliesmaske-2er-set\/","title":{"rendered":"Ipacei Collagen and Hyaluron fleece mask, 2 pieces"},"content":{"rendered":"<p><span style=\"color: #f2059f;\"><strong>Ipacei anti-aging collagen and hyaluron fleece mask<\/strong>.<\/span><\/p>\n<p>2 pieces!<\/p>\n<p>Sold out! Available after 30.01.2018!<\/p>\n<p>The main active ingredients of the fleece mask are: aloe vera, collagen, hyaluron, panthenol, allantoin.<\/p>\n<p>Intense moisturizing, supple skin feel and can improve skin elasticity.<\/p>\n<p id=\"tw-target-text\" class=\"tw-data-text tw-ta tw-text-small\" dir=\"ltr\" data-placeholder=\"\u00dcbersetzung\"><span lang=\"en\">Use once a week as a facial wellness, apply onto the clean face, leave to soak for about 25 minutes, do not wash off, then apply the Ipacei New Age cream and massage. <\/span><\/p>\n<p class=\"tw-data-text tw-ta tw-text-small\" dir=\"ltr\" data-placeholder=\"\u00dcbersetzung\"><em><span lang=\"en\">If needed, the Ipacei Collagen Push can also be used before the New Age Cream.<\/span><\/em><\/p>\n<p>Free of mineral oils, silicone oils, parabens and PEGs. 25g \/ 0.9oz<\/p>\n","protected":false},"excerpt":{"rendered":"<p>Ipacei anti-aging collagen and hyaluron fleece mask. 2 pieces! Sold out! Available after 30.01.2018! The main active ingredients of the fleece mask are: aloe vera, collagen, hyaluron, panthenol, allantoin. Intense moisturizing, supple skin feel and can improve skin elasticity. Use once a week as a facial wellness, apply onto the clean face, leave to soak for about 25 minutes, do [&hellip;]<\/p>\n","protected":false},"featured_media":44295,"comment_status":"closed","ping_status":"closed","template":"","meta":[],"class_list":{"0":"post-44297","1":"product","2":"type-product","3":"status-publish","4":"has-post-thumbnail","6":"product_cat-ipacei-en","7":"product_tag-collagen-en","8":"product_tag-falten-en","9":"product_tag-feuchtigkeit-en","10":"product_tag-gesichtscreme-en","11":"product_tag-hyaluron-en","12":"product_tag-reife-haut-en","13":"product_tag-trockene-haut-en","14":"product_tag-vliesmaske-en","16":"first","17":"instock","18":"taxable","19":"shipping-taxable","20":"purchasable","21":"product-type-simple"},"yoast_head":"<!-- This site is optimized with the Yoast SEO plugin v25.6 - https:\/\/yoast.com\/wordpress\/plugins\/seo\/ -->\n<title>Ipacei Collagen and Hyaluron fleece mask, 2 pieces - Bestes Wimpernserum 2021 Ipacei<\/title>\n<meta name=\"description\" content=\"Hauptwirkstoffe der Vliesmaske sind: Aloe Vera, Collagen, Hyaluron, Panthenol, Allantoin.Intensiver Feuchtigkeitsschub, geschmeidiges Hautgef\u00fchl und kann die Hautelastizit\u00e4t verbessern.Frei von Mineral\u00f6len, Silikon\u00f6len, Parabenen und PEGs.\" \/>\n<meta name=\"robots\" content=\"index, follow, max-snippet:-1, max-image-preview:large, max-video-preview:-1\" \/>\n<link rel=\"canonical\" href=\"https:\/\/ipacei.com\/en\/produkt\/ipacei-collagen-und-hyaluron-vliesmaske-2er-set\/\" \/>\n<meta property=\"og:locale\" content=\"en_US\" \/>\n<meta property=\"og:type\" content=\"article\" \/>\n<meta property=\"og:title\" content=\"Ipacei Collagen and Hyaluron fleece mask, 2 pieces - Bestes Wimpernserum 2021 Ipacei\" \/>\n<meta property=\"og:description\" content=\"Hauptwirkstoffe der Vliesmaske sind: Aloe Vera, Collagen, Hyaluron, Panthenol, Allantoin.Intensiver Feuchtigkeitsschub, geschmeidiges Hautgef\u00fchl und kann die Hautelastizit\u00e4t verbessern.Frei von Mineral\u00f6len, Silikon\u00f6len, Parabenen und PEGs.\" \/>\n<meta property=\"og:url\" content=\"https:\/\/ipacei.com\/en\/produkt\/ipacei-collagen-und-hyaluron-vliesmaske-2er-set\/\" \/>\n<meta property=\"og:site_name\" content=\"Bestes Wimpernserum 2021 Ipacei\" \/>\n<meta property=\"article:publisher\" content=\"https:\/\/de-de.facebook.com\/ipacei\/\" \/>\n<meta property=\"article:modified_time\" content=\"2018-12-17T16:05:00+00:00\" \/>\n<meta property=\"og:image\" content=\"https:\/\/ipacei.com\/wp-content\/uploads\/2018\/11\/20181118_183344.jpg\" \/>\n\t<meta property=\"og:image:width\" content=\"2268\" \/>\n\t<meta property=\"og:image:height\" content=\"4032\" \/>\n\t<meta property=\"og:image:type\" content=\"image\/jpeg\" \/>\n<meta name=\"twitter:card\" content=\"summary_large_image\" \/>\n<meta name=\"twitter:site\" content=\"@IPACEI\" \/>\n<script type=\"application\/ld+json\" class=\"yoast-schema-graph\">{\"@context\":\"https:\/\/schema.org\",\"@graph\":[{\"@type\":\"WebPage\",\"@id\":\"https:\/\/ipacei.com\/en\/produkt\/ipacei-collagen-und-hyaluron-vliesmaske-2er-set\/\",\"url\":\"https:\/\/ipacei.com\/en\/produkt\/ipacei-collagen-und-hyaluron-vliesmaske-2er-set\/\",\"name\":\"Ipacei Collagen and Hyaluron fleece mask, 2 pieces - Bestes Wimpernserum 2021 Ipacei\",\"isPartOf\":{\"@id\":\"https:\/\/ipacei.com\/#website\"},\"primaryImageOfPage\":{\"@id\":\"https:\/\/ipacei.com\/en\/produkt\/ipacei-collagen-und-hyaluron-vliesmaske-2er-set\/#primaryimage\"},\"image\":{\"@id\":\"https:\/\/ipacei.com\/en\/produkt\/ipacei-collagen-und-hyaluron-vliesmaske-2er-set\/#primaryimage\"},\"thumbnailUrl\":\"https:\/\/ipacei.com\/wp-content\/uploads\/2018\/11\/20181118_183344.jpg\",\"datePublished\":\"2018-11-26T03:08:29+00:00\",\"dateModified\":\"2018-12-17T16:05:00+00:00\",\"description\":\"Hauptwirkstoffe der Vliesmaske sind: Aloe Vera, Collagen, Hyaluron, Panthenol, Allantoin.Intensiver Feuchtigkeitsschub, geschmeidiges Hautgef\u00fchl und kann die Hautelastizit\u00e4t verbessern.Frei von Mineral\u00f6len, Silikon\u00f6len, Parabenen und PEGs.\",\"breadcrumb\":{\"@id\":\"https:\/\/ipacei.com\/en\/produkt\/ipacei-collagen-und-hyaluron-vliesmaske-2er-set\/#breadcrumb\"},\"inLanguage\":\"en-US\",\"potentialAction\":[{\"@type\":\"ReadAction\",\"target\":[\"https:\/\/ipacei.com\/en\/produkt\/ipacei-collagen-und-hyaluron-vliesmaske-2er-set\/\"]}]},{\"@type\":\"ImageObject\",\"inLanguage\":\"en-US\",\"@id\":\"https:\/\/ipacei.com\/en\/produkt\/ipacei-collagen-und-hyaluron-vliesmaske-2er-set\/#primaryimage\",\"url\":\"https:\/\/ipacei.com\/wp-content\/uploads\/2018\/11\/20181118_183344.jpg\",\"contentUrl\":\"https:\/\/ipacei.com\/wp-content\/uploads\/2018\/11\/20181118_183344.jpg\",\"width\":2268,\"height\":4032},{\"@type\":\"BreadcrumbList\",\"@id\":\"https:\/\/ipacei.com\/en\/produkt\/ipacei-collagen-und-hyaluron-vliesmaske-2er-set\/#breadcrumb\",\"itemListElement\":[{\"@type\":\"ListItem\",\"position\":1,\"name\":\"Startseite\",\"item\":\"https:\/\/ipacei.com\/en\/\"},{\"@type\":\"ListItem\",\"position\":2,\"name\":\"Shop\",\"item\":\"https:\/\/ipacei.com\/en\/shop\/\"},{\"@type\":\"ListItem\",\"position\":3,\"name\":\"Ipacei Collagen and Hyaluron fleece mask, 2 pieces\"}]},{\"@type\":\"WebSite\",\"@id\":\"https:\/\/ipacei.com\/#website\",\"url\":\"https:\/\/ipacei.com\/\",\"name\":\"Bestes Wimpernserum 2021 Ipacei\",\"description\":\"Wimpernserum Erfahrungen 2021, bester Nagelh\u00e4rter, Haarwuchsmittel\",\"potentialAction\":[{\"@type\":\"SearchAction\",\"target\":{\"@type\":\"EntryPoint\",\"urlTemplate\":\"https:\/\/ipacei.com\/?s={search_term_string}\"},\"query-input\":{\"@type\":\"PropertyValueSpecification\",\"valueRequired\":true,\"valueName\":\"search_term_string\"}}],\"inLanguage\":\"en-US\"}]}<\/script>\n<!-- \/ Yoast SEO plugin. -->","yoast_head_json":{"title":"Ipacei Collagen and Hyaluron fleece mask, 2 pieces - Bestes Wimpernserum 2021 Ipacei","description":"Hauptwirkstoffe der Vliesmaske sind: Aloe Vera, Collagen, Hyaluron, Panthenol, Allantoin.Intensiver Feuchtigkeitsschub, geschmeidiges Hautgef\u00fchl und kann die Hautelastizit\u00e4t verbessern.Frei von Mineral\u00f6len, Silikon\u00f6len, Parabenen und PEGs.","robots":{"index":"index","follow":"follow","max-snippet":"max-snippet:-1","max-image-preview":"max-image-preview:large","max-video-preview":"max-video-preview:-1"},"canonical":"https:\/\/ipacei.com\/en\/produkt\/ipacei-collagen-und-hyaluron-vliesmaske-2er-set\/","og_locale":"en_US","og_type":"article","og_title":"Ipacei Collagen and Hyaluron fleece mask, 2 pieces - Bestes Wimpernserum 2021 Ipacei","og_description":"Hauptwirkstoffe der Vliesmaske sind: Aloe Vera, Collagen, Hyaluron, Panthenol, Allantoin.Intensiver Feuchtigkeitsschub, geschmeidiges Hautgef\u00fchl und kann die Hautelastizit\u00e4t verbessern.Frei von Mineral\u00f6len, Silikon\u00f6len, Parabenen und PEGs.","og_url":"https:\/\/ipacei.com\/en\/produkt\/ipacei-collagen-und-hyaluron-vliesmaske-2er-set\/","og_site_name":"Bestes Wimpernserum 2021 Ipacei","article_publisher":"https:\/\/de-de.facebook.com\/ipacei\/","article_modified_time":"2018-12-17T16:05:00+00:00","og_image":[{"width":2268,"height":4032,"url":"https:\/\/ipacei.com\/wp-content\/uploads\/2018\/11\/20181118_183344.jpg","type":"image\/jpeg"}],"twitter_card":"summary_large_image","twitter_site":"@IPACEI","schema":{"@context":"https:\/\/schema.org","@graph":[{"@type":"WebPage","@id":"https:\/\/ipacei.com\/en\/produkt\/ipacei-collagen-und-hyaluron-vliesmaske-2er-set\/","url":"https:\/\/ipacei.com\/en\/produkt\/ipacei-collagen-und-hyaluron-vliesmaske-2er-set\/","name":"Ipacei Collagen and Hyaluron fleece mask, 2 pieces - Bestes Wimpernserum 2021 Ipacei","isPartOf":{"@id":"https:\/\/ipacei.com\/#website"},"primaryImageOfPage":{"@id":"https:\/\/ipacei.com\/en\/produkt\/ipacei-collagen-und-hyaluron-vliesmaske-2er-set\/#primaryimage"},"image":{"@id":"https:\/\/ipacei.com\/en\/produkt\/ipacei-collagen-und-hyaluron-vliesmaske-2er-set\/#primaryimage"},"thumbnailUrl":"https:\/\/ipacei.com\/wp-content\/uploads\/2018\/11\/20181118_183344.jpg","datePublished":"2018-11-26T03:08:29+00:00","dateModified":"2018-12-17T16:05:00+00:00","description":"Hauptwirkstoffe der Vliesmaske sind: Aloe Vera, Collagen, Hyaluron, Panthenol, Allantoin.Intensiver Feuchtigkeitsschub, geschmeidiges Hautgef\u00fchl und kann die Hautelastizit\u00e4t verbessern.Frei von Mineral\u00f6len, Silikon\u00f6len, Parabenen und PEGs.","breadcrumb":{"@id":"https:\/\/ipacei.com\/en\/produkt\/ipacei-collagen-und-hyaluron-vliesmaske-2er-set\/#breadcrumb"},"inLanguage":"en-US","potentialAction":[{"@type":"ReadAction","target":["https:\/\/ipacei.com\/en\/produkt\/ipacei-collagen-und-hyaluron-vliesmaske-2er-set\/"]}]},{"@type":"ImageObject","inLanguage":"en-US","@id":"https:\/\/ipacei.com\/en\/produkt\/ipacei-collagen-und-hyaluron-vliesmaske-2er-set\/#primaryimage","url":"https:\/\/ipacei.com\/wp-content\/uploads\/2018\/11\/20181118_183344.jpg","contentUrl":"https:\/\/ipacei.com\/wp-content\/uploads\/2018\/11\/20181118_183344.jpg","width":2268,"height":4032},{"@type":"BreadcrumbList","@id":"https:\/\/ipacei.com\/en\/produkt\/ipacei-collagen-und-hyaluron-vliesmaske-2er-set\/#breadcrumb","itemListElement":[{"@type":"ListItem","position":1,"name":"Startseite","item":"https:\/\/ipacei.com\/en\/"},{"@type":"ListItem","position":2,"name":"Shop","item":"https:\/\/ipacei.com\/en\/shop\/"},{"@type":"ListItem","position":3,"name":"Ipacei Collagen and Hyaluron fleece mask, 2 pieces"}]},{"@type":"WebSite","@id":"https:\/\/ipacei.com\/#website","url":"https:\/\/ipacei.com\/","name":"Bestes Wimpernserum 2021 Ipacei","description":"Wimpernserum Erfahrungen 2021, bester Nagelh\u00e4rter, Haarwuchsmittel","potentialAction":[{"@type":"SearchAction","target":{"@type":"EntryPoint","urlTemplate":"https:\/\/ipacei.com\/?s={search_term_string}"},"query-input":{"@type":"PropertyValueSpecification","valueRequired":true,"valueName":"search_term_string"}}],"inLanguage":"en-US"}]}},"_links":{"self":[{"href":"https:\/\/ipacei.com\/en\/wp-json\/wp\/v2\/product\/44297","targetHints":{"allow":["GET"]}}],"collection":[{"href":"https:\/\/ipacei.com\/en\/wp-json\/wp\/v2\/product"}],"about":[{"href":"https:\/\/ipacei.com\/en\/wp-json\/wp\/v2\/types\/product"}],"replies":[{"embeddable":true,"href":"https:\/\/ipacei.com\/en\/wp-json\/wp\/v2\/comments?post=44297"}],"wp:featuredmedia":[{"embeddable":true,"href":"https:\/\/ipacei.com\/en\/wp-json\/wp\/v2\/media\/44295"}],"wp:attachment":[{"href":"https:\/\/ipacei.com\/en\/wp-json\/wp\/v2\/media?parent=44297"}],"curies":[{"name":"wp","href":"https:\/\/api.w.org\/{rel}","templated":true}]}}