{"id":44304,"date":"2018-11-26T04:12:08","date_gmt":"2018-11-26T04:12:08","guid":{"rendered":"https:\/\/ipacei.com\/produkt\/ipacei-collagen-push-kollagen-aufbau-hyaluron-hochkonzentriert\/"},"modified":"2018-11-26T04:12:08","modified_gmt":"2018-11-26T04:12:08","slug":"ipacei-collagen-push-kollagen-aufbau-hyaluron-hochkonzentriert","status":"publish","type":"product","link":"https:\/\/ipacei.com\/en\/produkt\/ipacei-collagen-push-kollagen-aufbau-hyaluron-hochkonzentriert\/","title":{"rendered":"Ipacei Collagen Push, highly concentrated hyaluronic acid"},"content":{"rendered":"<p><span style=\"color: #f50571;\"><strong>Ipacei Collagen Push, the latest development in the fight against skin aging and collagen construction! <\/strong><\/span><\/p>\n<p>5 ml<\/p>\n<p>With highly concentrated hyaluronic acid, collagen, liposomes and much more.<\/p>\n<p>Youth Skin Anti-aging facial serum which is used as collagen to build skin in beauty salons professionally and conjure an immediate, visible push effect and which can visually brighten lines and wrinkles.<\/p>\n<p>Highly dosed, the Ipacei Collagen Push can increase the formation of collagen, tighten the skin and visually invigorate small wrinkles and conjure a pleasant feeling of freshness.<\/p>\n<p>The higher and better the skin collagen, the more youthful, firmer and fresher the skin and less wrinkles can arise.<\/p>\n<p><strong>Application: <\/strong><br \/>\nIn the morning and \/ or evening, after the face has been cleaned, apply 1-2 drops of Ipacei Collagen Push and massage in very well!<\/p>\n<p>After it has dried, the Ipacei Gold Faceliftingoil can be drizzled over it and massaged in as an additive. In the best case, do not use make-up afterwards so that the face can calmly dry with the active ingredients and the skin can breathe.<\/p>\n<p><strong>Explanation why collagen is so important:<\/strong><br \/>\nThe collagen contained in bones, muscles and skin is the body&#8217;s most important protein. It consists of amino acids, which keep the skin firm, voluminous and firm. While young skin contains a high level of collagen, collagen decreases and forms with the aging of the skin. This leads to the development of visible signs of aging such as wrinkles, wrinkles and a flabby skin.<\/p>\n<p><strong>Professionals in beauty salons: <\/strong><br \/>\nPerfect for infiltration during treatments. Even while, it can be used after or in front with a ultrasound gadget.<\/p>\n<p>Free of PEG`s, mineral oils, silicone oils, parabens.<\/p>\n<p>Ph value is 6.3, thus very well tolerated for many skin types.<\/p>\n<p>Especially with dry, wrinkled, mature skin, where collagen production and elasticity decreases and tends to wrinkles. The sooner you start with proper facial care, the better you are prepared.<\/p>\n","protected":false},"excerpt":{"rendered":"<p>Ipacei Collagen Push, the latest development in the fight against skin aging and collagen construction! 5 ml With highly concentrated hyaluronic acid, collagen, liposomes and much more. Youth Skin Anti-aging facial serum which is used as collagen to build skin in beauty salons professionally and conjure an immediate, visible push effect and which can visually brighten lines and wrinkles. Highly [&hellip;]<\/p>\n","protected":false},"featured_media":44302,"comment_status":"closed","ping_status":"closed","template":"","meta":[],"class_list":{"0":"post-44304","1":"product","2":"type-product","3":"status-publish","4":"has-post-thumbnail","6":"product_cat-ipacei-en","7":"product_tag-collagen-en","8":"product_tag-creme-en","9":"product_tag-falten-en","10":"product_tag-hyaluron-en","11":"product_tag-hyaluronsaeure-hochkonzentrierte-hyaluronsaeure-en","12":"product_tag-kollagen-en","13":"product_tag-reife-haut-en","14":"product_tag-serum-en","16":"first","17":"instock","18":"sale","19":"taxable","20":"shipping-taxable","21":"purchasable","22":"product-type-simple"},"yoast_head":"<!-- This site is optimized with the Yoast SEO plugin v25.6 - https:\/\/yoast.com\/wordpress\/plugins\/seo\/ -->\n<title>Ipacei Collagen Push, highly concentrated hyaluronic acid - Bestes Wimpernserum 2021 Ipacei<\/title>\n<meta name=\"description\" content=\"Ipacei Collagen Push, die neueste Entwicklung im Kampf gegen die Hautalterung! Hochdosiert, kann der Ipacei Collagen Push die Kollagenbildung erh\u00f6hen, die Haut straffen und optisch kleine F\u00e4ltchen sofort beleben und ein angenehmes Frischegef\u00fchl zaubern.\" \/>\n<meta name=\"robots\" content=\"index, follow, max-snippet:-1, max-image-preview:large, max-video-preview:-1\" \/>\n<link rel=\"canonical\" href=\"https:\/\/ipacei.com\/en\/produkt\/ipacei-collagen-push-kollagen-aufbau-hyaluron-hochkonzentriert\/\" \/>\n<meta property=\"og:locale\" content=\"en_US\" \/>\n<meta property=\"og:type\" content=\"article\" \/>\n<meta property=\"og:title\" content=\"Ipacei Collagen Push, highly concentrated hyaluronic acid - Bestes Wimpernserum 2021 Ipacei\" \/>\n<meta property=\"og:description\" content=\"Ipacei Collagen Push, die neueste Entwicklung im Kampf gegen die Hautalterung! Hochdosiert, kann der Ipacei Collagen Push die Kollagenbildung erh\u00f6hen, die Haut straffen und optisch kleine F\u00e4ltchen sofort beleben und ein angenehmes Frischegef\u00fchl zaubern.\" \/>\n<meta property=\"og:url\" content=\"https:\/\/ipacei.com\/en\/produkt\/ipacei-collagen-push-kollagen-aufbau-hyaluron-hochkonzentriert\/\" \/>\n<meta property=\"og:site_name\" content=\"Bestes Wimpernserum 2021 Ipacei\" \/>\n<meta property=\"article:publisher\" content=\"https:\/\/de-de.facebook.com\/ipacei\/\" \/>\n<meta property=\"og:image\" content=\"https:\/\/ipacei.com\/wp-content\/uploads\/2018\/11\/DSC03703-1024x683.jpg\" \/>\n\t<meta property=\"og:image:width\" content=\"1024\" \/>\n\t<meta property=\"og:image:height\" content=\"683\" \/>\n\t<meta property=\"og:image:type\" content=\"image\/jpeg\" \/>\n<meta name=\"twitter:card\" content=\"summary_large_image\" \/>\n<meta name=\"twitter:site\" content=\"@IPACEI\" \/>\n<meta name=\"twitter:label1\" content=\"Est. reading time\" \/>\n\t<meta name=\"twitter:data1\" content=\"2 minutes\" \/>\n<script type=\"application\/ld+json\" class=\"yoast-schema-graph\">{\"@context\":\"https:\/\/schema.org\",\"@graph\":[{\"@type\":\"WebPage\",\"@id\":\"https:\/\/ipacei.com\/en\/produkt\/ipacei-collagen-push-kollagen-aufbau-hyaluron-hochkonzentriert\/\",\"url\":\"https:\/\/ipacei.com\/en\/produkt\/ipacei-collagen-push-kollagen-aufbau-hyaluron-hochkonzentriert\/\",\"name\":\"Ipacei Collagen Push, highly concentrated hyaluronic acid - Bestes Wimpernserum 2021 Ipacei\",\"isPartOf\":{\"@id\":\"https:\/\/ipacei.com\/#website\"},\"primaryImageOfPage\":{\"@id\":\"https:\/\/ipacei.com\/en\/produkt\/ipacei-collagen-push-kollagen-aufbau-hyaluron-hochkonzentriert\/#primaryimage\"},\"image\":{\"@id\":\"https:\/\/ipacei.com\/en\/produkt\/ipacei-collagen-push-kollagen-aufbau-hyaluron-hochkonzentriert\/#primaryimage\"},\"thumbnailUrl\":\"https:\/\/ipacei.com\/wp-content\/uploads\/2018\/11\/DSC03703.jpg\",\"datePublished\":\"2018-11-26T04:12:08+00:00\",\"description\":\"Ipacei Collagen Push, die neueste Entwicklung im Kampf gegen die Hautalterung! Hochdosiert, kann der Ipacei Collagen Push die Kollagenbildung erh\u00f6hen, die Haut straffen und optisch kleine F\u00e4ltchen sofort beleben und ein angenehmes Frischegef\u00fchl zaubern.\",\"breadcrumb\":{\"@id\":\"https:\/\/ipacei.com\/en\/produkt\/ipacei-collagen-push-kollagen-aufbau-hyaluron-hochkonzentriert\/#breadcrumb\"},\"inLanguage\":\"en-US\",\"potentialAction\":[{\"@type\":\"ReadAction\",\"target\":[\"https:\/\/ipacei.com\/en\/produkt\/ipacei-collagen-push-kollagen-aufbau-hyaluron-hochkonzentriert\/\"]}]},{\"@type\":\"ImageObject\",\"inLanguage\":\"en-US\",\"@id\":\"https:\/\/ipacei.com\/en\/produkt\/ipacei-collagen-push-kollagen-aufbau-hyaluron-hochkonzentriert\/#primaryimage\",\"url\":\"https:\/\/ipacei.com\/wp-content\/uploads\/2018\/11\/DSC03703.jpg\",\"contentUrl\":\"https:\/\/ipacei.com\/wp-content\/uploads\/2018\/11\/DSC03703.jpg\",\"width\":7952,\"height\":5304},{\"@type\":\"BreadcrumbList\",\"@id\":\"https:\/\/ipacei.com\/en\/produkt\/ipacei-collagen-push-kollagen-aufbau-hyaluron-hochkonzentriert\/#breadcrumb\",\"itemListElement\":[{\"@type\":\"ListItem\",\"position\":1,\"name\":\"Startseite\",\"item\":\"https:\/\/ipacei.com\/en\/\"},{\"@type\":\"ListItem\",\"position\":2,\"name\":\"Shop\",\"item\":\"https:\/\/ipacei.com\/en\/shop\/\"},{\"@type\":\"ListItem\",\"position\":3,\"name\":\"Ipacei Collagen Push, highly concentrated hyaluronic acid\"}]},{\"@type\":\"WebSite\",\"@id\":\"https:\/\/ipacei.com\/#website\",\"url\":\"https:\/\/ipacei.com\/\",\"name\":\"Bestes Wimpernserum 2021 Ipacei\",\"description\":\"Wimpernserum Erfahrungen 2021, bester Nagelh\u00e4rter, Haarwuchsmittel\",\"potentialAction\":[{\"@type\":\"SearchAction\",\"target\":{\"@type\":\"EntryPoint\",\"urlTemplate\":\"https:\/\/ipacei.com\/?s={search_term_string}\"},\"query-input\":{\"@type\":\"PropertyValueSpecification\",\"valueRequired\":true,\"valueName\":\"search_term_string\"}}],\"inLanguage\":\"en-US\"}]}<\/script>\n<!-- \/ Yoast SEO plugin. -->","yoast_head_json":{"title":"Ipacei Collagen Push, highly concentrated hyaluronic acid - Bestes Wimpernserum 2021 Ipacei","description":"Ipacei Collagen Push, die neueste Entwicklung im Kampf gegen die Hautalterung! Hochdosiert, kann der Ipacei Collagen Push die Kollagenbildung erh\u00f6hen, die Haut straffen und optisch kleine F\u00e4ltchen sofort beleben und ein angenehmes Frischegef\u00fchl zaubern.","robots":{"index":"index","follow":"follow","max-snippet":"max-snippet:-1","max-image-preview":"max-image-preview:large","max-video-preview":"max-video-preview:-1"},"canonical":"https:\/\/ipacei.com\/en\/produkt\/ipacei-collagen-push-kollagen-aufbau-hyaluron-hochkonzentriert\/","og_locale":"en_US","og_type":"article","og_title":"Ipacei Collagen Push, highly concentrated hyaluronic acid - Bestes Wimpernserum 2021 Ipacei","og_description":"Ipacei Collagen Push, die neueste Entwicklung im Kampf gegen die Hautalterung! Hochdosiert, kann der Ipacei Collagen Push die Kollagenbildung erh\u00f6hen, die Haut straffen und optisch kleine F\u00e4ltchen sofort beleben und ein angenehmes Frischegef\u00fchl zaubern.","og_url":"https:\/\/ipacei.com\/en\/produkt\/ipacei-collagen-push-kollagen-aufbau-hyaluron-hochkonzentriert\/","og_site_name":"Bestes Wimpernserum 2021 Ipacei","article_publisher":"https:\/\/de-de.facebook.com\/ipacei\/","og_image":[{"width":1024,"height":683,"url":"https:\/\/ipacei.com\/wp-content\/uploads\/2018\/11\/DSC03703-1024x683.jpg","type":"image\/jpeg"}],"twitter_card":"summary_large_image","twitter_site":"@IPACEI","twitter_misc":{"Est. reading time":"2 minutes"},"schema":{"@context":"https:\/\/schema.org","@graph":[{"@type":"WebPage","@id":"https:\/\/ipacei.com\/en\/produkt\/ipacei-collagen-push-kollagen-aufbau-hyaluron-hochkonzentriert\/","url":"https:\/\/ipacei.com\/en\/produkt\/ipacei-collagen-push-kollagen-aufbau-hyaluron-hochkonzentriert\/","name":"Ipacei Collagen Push, highly concentrated hyaluronic acid - Bestes Wimpernserum 2021 Ipacei","isPartOf":{"@id":"https:\/\/ipacei.com\/#website"},"primaryImageOfPage":{"@id":"https:\/\/ipacei.com\/en\/produkt\/ipacei-collagen-push-kollagen-aufbau-hyaluron-hochkonzentriert\/#primaryimage"},"image":{"@id":"https:\/\/ipacei.com\/en\/produkt\/ipacei-collagen-push-kollagen-aufbau-hyaluron-hochkonzentriert\/#primaryimage"},"thumbnailUrl":"https:\/\/ipacei.com\/wp-content\/uploads\/2018\/11\/DSC03703.jpg","datePublished":"2018-11-26T04:12:08+00:00","description":"Ipacei Collagen Push, die neueste Entwicklung im Kampf gegen die Hautalterung! Hochdosiert, kann der Ipacei Collagen Push die Kollagenbildung erh\u00f6hen, die Haut straffen und optisch kleine F\u00e4ltchen sofort beleben und ein angenehmes Frischegef\u00fchl zaubern.","breadcrumb":{"@id":"https:\/\/ipacei.com\/en\/produkt\/ipacei-collagen-push-kollagen-aufbau-hyaluron-hochkonzentriert\/#breadcrumb"},"inLanguage":"en-US","potentialAction":[{"@type":"ReadAction","target":["https:\/\/ipacei.com\/en\/produkt\/ipacei-collagen-push-kollagen-aufbau-hyaluron-hochkonzentriert\/"]}]},{"@type":"ImageObject","inLanguage":"en-US","@id":"https:\/\/ipacei.com\/en\/produkt\/ipacei-collagen-push-kollagen-aufbau-hyaluron-hochkonzentriert\/#primaryimage","url":"https:\/\/ipacei.com\/wp-content\/uploads\/2018\/11\/DSC03703.jpg","contentUrl":"https:\/\/ipacei.com\/wp-content\/uploads\/2018\/11\/DSC03703.jpg","width":7952,"height":5304},{"@type":"BreadcrumbList","@id":"https:\/\/ipacei.com\/en\/produkt\/ipacei-collagen-push-kollagen-aufbau-hyaluron-hochkonzentriert\/#breadcrumb","itemListElement":[{"@type":"ListItem","position":1,"name":"Startseite","item":"https:\/\/ipacei.com\/en\/"},{"@type":"ListItem","position":2,"name":"Shop","item":"https:\/\/ipacei.com\/en\/shop\/"},{"@type":"ListItem","position":3,"name":"Ipacei Collagen Push, highly concentrated hyaluronic acid"}]},{"@type":"WebSite","@id":"https:\/\/ipacei.com\/#website","url":"https:\/\/ipacei.com\/","name":"Bestes Wimpernserum 2021 Ipacei","description":"Wimpernserum Erfahrungen 2021, bester Nagelh\u00e4rter, Haarwuchsmittel","potentialAction":[{"@type":"SearchAction","target":{"@type":"EntryPoint","urlTemplate":"https:\/\/ipacei.com\/?s={search_term_string}"},"query-input":{"@type":"PropertyValueSpecification","valueRequired":true,"valueName":"search_term_string"}}],"inLanguage":"en-US"}]}},"_links":{"self":[{"href":"https:\/\/ipacei.com\/en\/wp-json\/wp\/v2\/product\/44304","targetHints":{"allow":["GET"]}}],"collection":[{"href":"https:\/\/ipacei.com\/en\/wp-json\/wp\/v2\/product"}],"about":[{"href":"https:\/\/ipacei.com\/en\/wp-json\/wp\/v2\/types\/product"}],"replies":[{"embeddable":true,"href":"https:\/\/ipacei.com\/en\/wp-json\/wp\/v2\/comments?post=44304"}],"wp:featuredmedia":[{"embeddable":true,"href":"https:\/\/ipacei.com\/en\/wp-json\/wp\/v2\/media\/44302"}],"wp:attachment":[{"href":"https:\/\/ipacei.com\/en\/wp-json\/wp\/v2\/media?parent=44304"}],"curies":[{"name":"wp","href":"https:\/\/api.w.org\/{rel}","templated":true}]}}