{"id":36516,"date":"2016-04-05T13:12:09","date_gmt":"2016-04-05T11:12:09","guid":{"rendered":"https:\/\/ipacei.com\/tr\/sommerpakete\/"},"modified":"2018-06-11T15:35:04","modified_gmt":"2018-06-11T15:35:04","slug":"yaz-paketleri","status":"publish","type":"page","link":"https:\/\/ipacei.com\/tr\/yaz-paketleri\/","title":{"rendered":"Hediye Setleri"},"content":{"rendered":"<p>[vc_row][vc_column][vc_column_text]<\/p>\n<h3 style=\"text-align: center;\"><span style=\"color: #f20578;\"><img loading=\"lazy\" decoding=\"async\" class=\"alignnone size-medium wp-image-36489\" src=\"https:\/\/ipacei.com\/wp-content\/uploads\/2016\/04\/Sommerpaketaktion-Ipacei-Ko-300x274.jpg\" alt=\"Sommerpaketaktion-Ipacei-Kosmetikprodukte hochwertig zum g\u00fcnstigen Preis\" width=\"300\" height=\"274\" \/><\/span><\/h3>\n<h3 style=\"text-align: center;\"><span style=\"color: #f20578;\">Ipacei hediye setleri!<br \/>\n<\/span><\/h3>\n<p style=\"text-align: center;\"><span lang=\"en\">M\u00fckemmel sonu\u00e7lar almaya <\/span>ba\u015flay<span class=\"st\">\u0131<\/span>n<span class=\"st\">\u0131<\/span>z!<\/p>\n<div class=\"vc_separator wpb_content_element vc_separator_align_center vc_sep_width_100 vc_sep_border_width_2 vc_sep_pos_align_center vc_sep_color_juicy_pink\"><\/div>\n<div class=\"kleo_text_column wpb_content_element \">\n<div class=\"wpb_wrapper\">\n<h2 style=\"text-align: center;\"><span style=\"text-decoration: underline;\"><strong><span style=\"color: #f705a3; text-decoration: underline;\">Ipacei art<span class=\"_Tgc\">\u0131<\/span>k T\u00fcrkiye`de!<\/span><\/strong><\/span><\/h2>\n<p style=\"text-align: center;\">B\u00fcy\u00fck bir ilgi sonucu artik Ipacei`nin orjinal \u00fcr\u00fcnlerini direkt online sat<span class=\"_Tgc\">\u0131\u015f<\/span> sitemizden kredi kartiniz ile sat<span class=\"_Tgc\">\u0131<\/span>n alabilirsiniz!<br \/>\nAyn<span class=\"_Tgc\">\u0131<\/span> hizmet ve ayn<span class=\"_Tgc\">\u0131<\/span> kalitede! T\u00fcrkiye ici sipari<span class=\"_Tgc\">\u015f<\/span>lerinizi mail yolu ile`da buradan mail yazarak sipari<span class=\"_Tgc\">\u015f\u00a0<\/span>verebilirsiniz:<\/p>\n<p style=\"text-align: center;\"><a href=\"https:\/\/ipacei.com\/tr\/iletisim\/\"><span style=\"color: #fa059c;\"><b>Ipacei Kontakt<\/b><\/span><\/a><\/p>\n<p style=\"text-align: center;\">Sizlerde kirpiklerinizi, ka<span class=\"_Tgc\">\u015f<\/span>larinizi, saclarinizi ve t<span class=\"_Tgc\">\u0131<\/span>rnaklar<span class=\"_Tgc\">\u0131<\/span>n<span class=\"_Tgc\">\u0131<\/span>z<span class=\"_Tgc\">\u0131<\/span> do<span class=\"_Tgc\">\u011f<\/span>al bir <span class=\"_Tgc\">\u015f<\/span>ekilde uzat<span class=\"_Tgc\">\u0131<\/span>n<span class=\"_Tgc\">\u0131<\/span>z!<\/p>\n<\/div>\n<\/div>\n<p>[\/vc_column_text][\/vc_column][\/vc_row][vc_row][vc_column width=&#8221;1\/2&#8243;][vc_single_image image=&#8221;42375&#8243; img_size=&#8221;medium&#8221; title=&#8221;Kirpik, Kas ve Tirnak Uzatici Seti (2 \u00fcr\u00fcn)&#8221;][vc_column_text]<\/p>\n<h3 data-reactid=\".1.1.0.0.2.1.0.0\"><span style=\"text-decoration: underline; color: #f70264;\"><strong>IPAC\u00c8I Kirpik, Kas ve Tirnak Uzatici Seti, 2 \u00fcr\u00fcn<\/strong><\/span><span data-reactid=\".1.1.0.0.2.1.0.0.1\"><span data-reactid=\".1.1.0.0.2.1.0.0.1.3\"><br \/>\n<\/span><\/span><\/h3>\n<h3><span style=\"color: #f70264;\"><span data-reactid=\".1.1.0.0.2.1.0.0.1\"><span data-reactid=\".1.1.0.0.2.1.0.0.1.3\">Kirpik ve Kas Uzatici Serum<br \/>\nTirnak Uzatici ve Sertlestirici<\/span><\/span><br \/>\n<\/span><\/h3>\n<p>2 \u00dcr\u00fcn 67,00 \u20ac!<\/p>\n<p data-reactid=\".1.1.0.0.2.1.0.0\"><span data-reactid=\".1.1.0.0.2.1.0.0.1\"><span data-reactid=\".1.1.0.0.2.1.0.0.1.3\">Sette iki adet Ipacei Kozmetik \u00fcr\u00fcnleri orijinal boyutta bulunmaktadir.<\/span><\/span><\/p>\n<p data-reactid=\".1.1.0.0.2.1.0.0\">Ipacei Kirpik ve Kas Uzatici Serum, daha uzun kirpik ve kaslar icin. Ayriyetten Ipacei Tirnak Uzatici, daha uzun ve sert tirnaklar icin.<\/p>\n<p data-reactid=\".1.1.0.0.2.1.0.0\"><strong>Satin almak icin: <span style=\"color: #fa006c;\"><a style=\"color: #fa006c;\" href=\"https:\/\/ipacei.com\/tr\/produkt\/ipacei-noel-box-28-12-2015-e-kadar-buraya-tikla\/\">Shop<\/a><\/span><br \/>\n<\/strong><\/p>\n<p>[\/vc_column_text][\/vc_column][vc_column width=&#8221;1\/2&#8243;][vc_single_image image=&#8221;42985&#8243; img_size=&#8221;medium&#8221; title=&#8221;Sac Uzatma ve Bakim Seti (4 \u00fcr\u00fcn)&#8221;][vc_column_text]<\/p>\n<h3 data-reactid=\".1.1.0.0.2.1.0.0\"><span style=\"text-decoration: underline; color: #f20282;\"><strong>IPAC\u00c8I <\/strong><\/span><span data-reactid=\".1.1.0.0.2.1.0.0.1\"><span data-reactid=\".1.1.0.0.2.1.0.0.1.3\"><strong><span style=\"text-decoration: underline; color: #f20282;\">Sac Uzatma ve Sac Bakim Seti, 4 \u00fcr\u00fcn<\/span><br \/>\n<\/strong><\/span><\/span><\/h3>\n<h3><span style=\"color: #f20282;\">2x Sac Uzatici Tonik<\/span><br \/>\n<span style=\"color: #f20282;\"> Argan Sac S\u00fct Bombasi<\/span><br \/>\n<span style=\"color: #f20282;\"> Luxury Argan Sac Yagi<\/span><\/h3>\n<p>4 \u00dcr\u00fcn 70,00 \u20ac!<\/p>\n<p data-reactid=\".1.1.0.0.2.1.0.0\"><span data-reactid=\".1.1.0.0.2.1.0.0.1\"><span data-reactid=\".1.1.0.0.2.1.0.0.1.3\">Sette d\u00f6rt adet Ipacei Kozmetik \u00dcr\u00fcnleri orijinal boyutta bulunmaktadir.<\/span><\/span><\/p>\n<p data-reactid=\".1.1.0.0.2.1.0.0\">Boyadan hasar g\u00f6rm\u00fcs, kuru ve kimyasallardan y\u0131pranm\u0131s sa\u00e7lara nem verip ve besleyen Argan Sac S\u00fct Bombasi. Sacalara hacimlik verip uzatan Ipacei Sac Uzatici Tonik.<\/p>\n<p data-reactid=\".1.1.0.0.2.1.0.0\">Kirilmis Sac uclari icin Ipacei L\u00fcx Argan Yagi.<\/p>\n<p data-reactid=\".1.1.0.0.2.1.0.0\"><strong>Satin almak icin: <span style=\"color: #f50c7d;\"><a style=\"color: #f50c7d;\" href=\"https:\/\/ipacei.com\/tr\/produkt\/ipacei-hediyelik-kutusu-buraya-tiklayiniz-kopie-kopie-kopie\/\">Shop<\/a><\/span><br \/>\n<\/strong><\/p>\n<p>[\/vc_column_text][\/vc_column][\/vc_row][vc_row][vc_column width=&#8221;1\/2&#8243;][vc_single_image image=&#8221;42989&#8243; img_size=&#8221;medium&#8221; title=&#8221;Baslangic Seti (4 \u00fcr\u00fcn)&#8221;][vc_column_text]<\/p>\n<h3 data-reactid=\".1.1.0.0.2.1.0.0\"><span style=\"text-decoration: underline; color: #f70264;\"><strong>IPAC\u00c8I <\/strong><\/span><span data-reactid=\".1.1.0.0.2.1.0.0.1\"><span data-reactid=\".1.1.0.0.2.1.0.0.1.3\"><span style=\"text-decoration: underline; color: #f70264;\"><strong>Baslangic Seti, 4 \u00fcr\u00fcn<\/strong><\/span><br \/>\n<\/span><\/span><\/h3>\n<h3><span style=\"color: #f70264;\"><span data-reactid=\".1.1.0.0.2.1.0.0.1\"><span data-reactid=\".1.1.0.0.2.1.0.0.1.3\">Kirpik ve Kas Uzatici Serum<br \/>\nTirnak Uzatici ve Sertlestirici<br \/>\n<\/span><\/span>2x Sac Uzatici Tonik<\/span><br \/>\n<span style=\"color: #f70264;\"> Argan Sac S\u00fct Bombasi<\/span><\/h3>\n<p>4 \u00dcr\u00fcn 100,00 \u20ac!<\/p>\n<p data-reactid=\".1.1.0.0.2.1.0.0\"><span data-reactid=\".1.1.0.0.2.1.0.0.1\"><span data-reactid=\".1.1.0.0.2.1.0.0.1.3\">Sette d\u00f6rt adet Ipacei Kozmetik \u00fcr\u00fcnleri orijinal boyutta bulunmaktadir.<\/span><\/span><\/p>\n<p data-reactid=\".1.1.0.0.2.1.0.0\">Ipacei Kirpik ve Kas Uzatici Serum ve Ipacei Tirnak Uzatici.<\/p>\n<p data-reactid=\".1.1.0.0.2.1.0.0\">Boyadan hasar g\u00f6rm\u00fcs, kuru ve kimyasallardan y\u0131pranm\u0131s sa\u00e7lara nem verip ve besleyen Argan Sac S\u00fct Bombasi. Sacalara hacimlik verip uzatan Ipacei Sac Uzatici Tonik.<\/p>\n<p data-reactid=\".1.1.0.0.2.1.0.0\"><strong>Satin almak icin: <span style=\"color: #f50561;\"><a style=\"color: #f50561;\" href=\"https:\/\/ipacei.com\/tr\/produkt\/ipacei-hediyelik-kutusu-buraya-tiklayiniz-kopie-kopie\/\">Shop<\/a><\/span><br \/>\n<\/strong><\/p>\n<p>[\/vc_column_text][\/vc_column][vc_column width=&#8221;1\/2&#8243;][vc_single_image image=&#8221;42992&#8243; img_size=&#8221;medium&#8221; title=&#8221;Full Allround Seti (6 \u00fcr\u00fcn)&#8221;][vc_column_text]<\/p>\n<h3 data-reactid=\".1.1.0.0.2.1.0.0\"><span style=\"text-decoration: underline; color: #f70264;\"><strong>IPAC\u00c8I Full <\/strong><\/span><span data-reactid=\".1.1.0.0.2.1.0.0.1\"><span data-reactid=\".1.1.0.0.2.1.0.0.1.3\"><span style=\"text-decoration: underline; color: #f70264;\"><strong>Allround Seti, 6 \u00fcr\u00fcn<\/strong><\/span><br \/>\n<\/span><\/span><\/h3>\n<h3><span style=\"color: #f70264;\"><span data-reactid=\".1.1.0.0.2.1.0.0.1\"><span data-reactid=\".1.1.0.0.2.1.0.0.1.3\">Kirpik ve Kas Uzatici Serum<br \/>\nTirnak Uzatici ve Sertlestirici<br \/>\n<\/span><\/span>2x Sac Uzatici Tonik<\/span><br \/>\n<span style=\"color: #f70264;\"> Argan Sac S\u00fct Bombasi<br \/>\nSmartphone-Userlar icin El kremi ve V\u00fcc\u00fct Losyonu<br \/>\n<\/span><\/h3>\n<p>6 \u00dcr\u00fcn 130,00 \u20ac!<\/p>\n<p data-reactid=\".1.1.0.0.2.1.0.0\"><span data-reactid=\".1.1.0.0.2.1.0.0.1\"><span data-reactid=\".1.1.0.0.2.1.0.0.1.3\">Sette alti adet Ipacei Kozmetik \u00dcr\u00fcnleri orijinal boyutta bulunmaktadir.<\/span><\/span><\/p>\n<p data-reactid=\".1.1.0.0.2.1.0.0\">Ipacei Kirpik ve Kas Uzatici Serum ve Ipacei Tirnak Uzatici.<\/p>\n<p data-reactid=\".1.1.0.0.2.1.0.0\">Boyadan hasar g\u00f6rm\u00fcs, kuru ve kimyasallardan y\u0131pranm\u0131s sa\u00e7lara nem verip ve besleyen Argan Sac S\u00fct Bombasi. Sacalara hacimlik verip uzatan 2x (!) Ipacei Sac Uzatici Tonik.<\/p>\n<p data-reactid=\".1.1.0.0.2.1.0.0\">Ak\u0131ll\u0131 telefon kullan\u0131c\u0131lar\u0131 icin \u00fcretilmis Ipacei el ve v\u00fcy\u00fct losyon, 20 saniye icerisinde emici etkisini g\u00f6stermektedir!<\/p>\n<p data-reactid=\".1.1.0.0.2.1.0.0\"><strong>Satin almak icin: <span style=\"color: #f2006d;\"><a style=\"color: #f2006d;\" href=\"https:\/\/ipacei.com\/produkt\/sommerpaket-allround-6-produkte\/\">Shop<\/a><\/span><br \/>\n<\/strong><\/p>\n<p>[\/vc_column_text][\/vc_column][\/vc_row][vc_row][vc_column][vc_column_text]<\/p>\n<h3 style=\"text-align: center;\"><span style=\"color: #f20578;\"><img loading=\"lazy\" decoding=\"async\" class=\"alignnone size-medium wp-image-36495\" src=\"https:\/\/ipacei.com\/wp-content\/uploads\/2016\/04\/Ipacei-Sommerpakete-weiters-300x235.jpg\" alt=\"Ipacei-Sommerpakete-weiterssagen\" width=\"300\" height=\"235\" \/><\/span><\/h3>\n<h3 style=\"text-align: center;\"><span style=\"color: #f20578;\">Pssst&#8230; arkadaslarinada s\u00f6yle!<\/span><\/h3>\n<p style=\"text-align: center;\">Ipacei kozmetik \u00fcr\u00fcnlerini tek tek mi secmek istiyorsunuz?<br \/>\nL\u00fctfen buraya tiklayiniz<span style=\"color: #f20a6e;\"> <a style=\"color: #f20a6e;\" href=\"https:\/\/ipacei.com\/tr\/shop\/\">Shop<\/a><\/span><\/p>\n<p style=\"text-align: center;\">\u00d6nce-Sonrasi fotograflar icin <span style=\"color: #f5026b;\"><a style=\"color: #f5026b;\" href=\"https:\/\/ipacei.com\/look-book-ipaceiyaner\/\">\u00d6nce-Sonrasi<\/a><\/span><\/p>\n<p>[\/vc_column_text][\/vc_column][\/vc_row]<\/p>\n","protected":false},"excerpt":{"rendered":"<p>[vc_row][vc_column][vc_column_text] Ipacei hediye setleri! M\u00fckemmel sonu\u00e7lar almaya ba\u015flay\u0131n\u0131z! Ipacei art\u0131k T\u00fcrkiye`de! B\u00fcy\u00fck bir ilgi sonucu artik Ipacei`nin orjinal \u00fcr\u00fcnlerini direkt online sat\u0131\u015f sitemizden kredi kartiniz ile sat\u0131n alabilirsiniz! Ayn\u0131 hizmet ve ayn\u0131 kalitede! T\u00fcrkiye ici sipari\u015flerinizi mail yolu ile`da buradan mail yazarak sipari\u015f\u00a0verebilirsiniz: Ipacei Kontakt Sizlerde kirpiklerinizi, ka\u015flarinizi, saclarinizi ve t\u0131rnaklar\u0131n\u0131z\u0131 do\u011fal bir \u015fekilde uzat\u0131n\u0131z! [\/vc_column_text][\/vc_column][\/vc_row][vc_row][vc_column width=&#8221;1\/2&#8243;][vc_single_image image=&#8221;42375&#8243; img_size=&#8221;medium&#8221; title=&#8221;Kirpik, [&hellip;]<\/p>\n","protected":false},"author":2,"featured_media":0,"parent":0,"menu_order":0,"comment_status":"closed","ping_status":"closed","template":"","meta":{"footnotes":""},"class_list":["post-36516","page","type-page","status-publish","hentry"],"yoast_head":"<!-- This site is optimized with the Yoast SEO plugin v27.4 - https:\/\/yoast.com\/product\/yoast-seo-wordpress\/ -->\n<title>Hediye Setleri - Wimpernserum Ipacei<\/title>\n<meta name=\"robots\" content=\"index, follow, max-snippet:-1, max-image-preview:large, max-video-preview:-1\" \/>\n<link rel=\"canonical\" href=\"https:\/\/ipacei.com\/tr\/yaz-paketleri\/\" \/>\n<meta property=\"og:locale\" content=\"tr_TR\" \/>\n<meta property=\"og:type\" content=\"article\" \/>\n<meta property=\"og:title\" content=\"Hediye Setleri - Wimpernserum Ipacei\" \/>\n<meta property=\"og:description\" content=\"[vc_row][vc_column][vc_column_text] Ipacei hediye setleri! M\u00fckemmel sonu\u00e7lar almaya ba\u015flay\u0131n\u0131z! Ipacei art\u0131k T\u00fcrkiye`de! B\u00fcy\u00fck bir ilgi sonucu artik Ipacei`nin orjinal \u00fcr\u00fcnlerini direkt online sat\u0131\u015f sitemizden kredi kartiniz ile sat\u0131n alabilirsiniz! Ayn\u0131 hizmet ve ayn\u0131 kalitede! T\u00fcrkiye ici sipari\u015flerinizi mail yolu ile`da buradan mail yazarak sipari\u015f\u00a0verebilirsiniz: Ipacei Kontakt Sizlerde kirpiklerinizi, ka\u015flarinizi, saclarinizi ve t\u0131rnaklar\u0131n\u0131z\u0131 do\u011fal bir \u015fekilde uzat\u0131n\u0131z! [\/vc_column_text][\/vc_column][\/vc_row][vc_row][vc_column width=&#8221;1\/2&#8243;][vc_single_image image=&#8221;42375&#8243; img_size=&#8221;medium&#8221; title=&#8221;Kirpik, [&hellip;]\" \/>\n<meta property=\"og:url\" content=\"https:\/\/ipacei.com\/tr\/yaz-paketleri\/\" \/>\n<meta property=\"og:site_name\" content=\"Wimpernserum Ipacei\" \/>\n<meta property=\"article:publisher\" content=\"https:\/\/de-de.facebook.com\/ipacei\/\" \/>\n<meta property=\"article:modified_time\" content=\"2018-06-11T15:35:04+00:00\" \/>\n<meta name=\"twitter:card\" content=\"summary_large_image\" \/>\n<meta name=\"twitter:site\" content=\"@IPACEI\" \/>\n<meta name=\"twitter:label1\" content=\"Tahmini okuma s\u00fcresi\" \/>\n\t<meta name=\"twitter:data1\" content=\"3 dakika\" \/>\n<script type=\"application\/ld+json\" class=\"yoast-schema-graph\">{\"@context\":\"https:\\\/\\\/schema.org\",\"@graph\":[{\"@type\":\"WebPage\",\"@id\":\"https:\\\/\\\/ipacei.com\\\/tr\\\/yaz-paketleri\\\/\",\"url\":\"https:\\\/\\\/ipacei.com\\\/tr\\\/yaz-paketleri\\\/\",\"name\":\"Hediye Setleri - Wimpernserum Ipacei\",\"isPartOf\":{\"@id\":\"https:\\\/\\\/ipacei.com\\\/#website\"},\"primaryImageOfPage\":{\"@id\":\"https:\\\/\\\/ipacei.com\\\/tr\\\/yaz-paketleri\\\/#primaryimage\"},\"image\":{\"@id\":\"https:\\\/\\\/ipacei.com\\\/tr\\\/yaz-paketleri\\\/#primaryimage\"},\"thumbnailUrl\":\"https:\\\/\\\/ipacei.com\\\/wp-content\\\/uploads\\\/2016\\\/04\\\/Sommerpaketaktion-Ipacei-Ko-300x274.jpg\",\"datePublished\":\"2016-04-05T11:12:09+00:00\",\"dateModified\":\"2018-06-11T15:35:04+00:00\",\"breadcrumb\":{\"@id\":\"https:\\\/\\\/ipacei.com\\\/tr\\\/yaz-paketleri\\\/#breadcrumb\"},\"inLanguage\":\"tr\",\"potentialAction\":[{\"@type\":\"ReadAction\",\"target\":[\"https:\\\/\\\/ipacei.com\\\/tr\\\/yaz-paketleri\\\/\"]}]},{\"@type\":\"ImageObject\",\"inLanguage\":\"tr\",\"@id\":\"https:\\\/\\\/ipacei.com\\\/tr\\\/yaz-paketleri\\\/#primaryimage\",\"url\":\"https:\\\/\\\/ipacei.com\\\/wp-content\\\/uploads\\\/2016\\\/04\\\/Sommerpaketaktion-Ipacei-Ko-300x274.jpg\",\"contentUrl\":\"https:\\\/\\\/ipacei.com\\\/wp-content\\\/uploads\\\/2016\\\/04\\\/Sommerpaketaktion-Ipacei-Ko-300x274.jpg\"},{\"@type\":\"BreadcrumbList\",\"@id\":\"https:\\\/\\\/ipacei.com\\\/tr\\\/yaz-paketleri\\\/#breadcrumb\",\"itemListElement\":[{\"@type\":\"ListItem\",\"position\":1,\"name\":\"Startseite\",\"item\":\"https:\\\/\\\/ipacei.com\\\/tr\\\/\"},{\"@type\":\"ListItem\",\"position\":2,\"name\":\"Hediye Setleri\"}]},{\"@type\":\"WebSite\",\"@id\":\"https:\\\/\\\/ipacei.com\\\/#website\",\"url\":\"https:\\\/\\\/ipacei.com\\\/\",\"name\":\"Wimpernserum Ipacei\",\"description\":\"Luxury Cosmetic Products for long lashes, longer hair, longer nails and more\",\"potentialAction\":[{\"@type\":\"SearchAction\",\"target\":{\"@type\":\"EntryPoint\",\"urlTemplate\":\"https:\\\/\\\/ipacei.com\\\/?s={search_term_string}\"},\"query-input\":{\"@type\":\"PropertyValueSpecification\",\"valueRequired\":true,\"valueName\":\"search_term_string\"}}],\"inLanguage\":\"tr\"}]}<\/script>\n<!-- \/ Yoast SEO plugin. -->","yoast_head_json":{"title":"Hediye Setleri - Wimpernserum Ipacei","robots":{"index":"index","follow":"follow","max-snippet":"max-snippet:-1","max-image-preview":"max-image-preview:large","max-video-preview":"max-video-preview:-1"},"canonical":"https:\/\/ipacei.com\/tr\/yaz-paketleri\/","og_locale":"tr_TR","og_type":"article","og_title":"Hediye Setleri - Wimpernserum Ipacei","og_description":"[vc_row][vc_column][vc_column_text] Ipacei hediye setleri! M\u00fckemmel sonu\u00e7lar almaya ba\u015flay\u0131n\u0131z! Ipacei art\u0131k T\u00fcrkiye`de! B\u00fcy\u00fck bir ilgi sonucu artik Ipacei`nin orjinal \u00fcr\u00fcnlerini direkt online sat\u0131\u015f sitemizden kredi kartiniz ile sat\u0131n alabilirsiniz! Ayn\u0131 hizmet ve ayn\u0131 kalitede! T\u00fcrkiye ici sipari\u015flerinizi mail yolu ile`da buradan mail yazarak sipari\u015f\u00a0verebilirsiniz: Ipacei Kontakt Sizlerde kirpiklerinizi, ka\u015flarinizi, saclarinizi ve t\u0131rnaklar\u0131n\u0131z\u0131 do\u011fal bir \u015fekilde uzat\u0131n\u0131z! [\/vc_column_text][\/vc_column][\/vc_row][vc_row][vc_column width=&#8221;1\/2&#8243;][vc_single_image image=&#8221;42375&#8243; img_size=&#8221;medium&#8221; title=&#8221;Kirpik, [&hellip;]","og_url":"https:\/\/ipacei.com\/tr\/yaz-paketleri\/","og_site_name":"Wimpernserum Ipacei","article_publisher":"https:\/\/de-de.facebook.com\/ipacei\/","article_modified_time":"2018-06-11T15:35:04+00:00","twitter_card":"summary_large_image","twitter_site":"@IPACEI","twitter_misc":{"Tahmini okuma s\u00fcresi":"3 dakika"},"schema":{"@context":"https:\/\/schema.org","@graph":[{"@type":"WebPage","@id":"https:\/\/ipacei.com\/tr\/yaz-paketleri\/","url":"https:\/\/ipacei.com\/tr\/yaz-paketleri\/","name":"Hediye Setleri - Wimpernserum Ipacei","isPartOf":{"@id":"https:\/\/ipacei.com\/#website"},"primaryImageOfPage":{"@id":"https:\/\/ipacei.com\/tr\/yaz-paketleri\/#primaryimage"},"image":{"@id":"https:\/\/ipacei.com\/tr\/yaz-paketleri\/#primaryimage"},"thumbnailUrl":"https:\/\/ipacei.com\/wp-content\/uploads\/2016\/04\/Sommerpaketaktion-Ipacei-Ko-300x274.jpg","datePublished":"2016-04-05T11:12:09+00:00","dateModified":"2018-06-11T15:35:04+00:00","breadcrumb":{"@id":"https:\/\/ipacei.com\/tr\/yaz-paketleri\/#breadcrumb"},"inLanguage":"tr","potentialAction":[{"@type":"ReadAction","target":["https:\/\/ipacei.com\/tr\/yaz-paketleri\/"]}]},{"@type":"ImageObject","inLanguage":"tr","@id":"https:\/\/ipacei.com\/tr\/yaz-paketleri\/#primaryimage","url":"https:\/\/ipacei.com\/wp-content\/uploads\/2016\/04\/Sommerpaketaktion-Ipacei-Ko-300x274.jpg","contentUrl":"https:\/\/ipacei.com\/wp-content\/uploads\/2016\/04\/Sommerpaketaktion-Ipacei-Ko-300x274.jpg"},{"@type":"BreadcrumbList","@id":"https:\/\/ipacei.com\/tr\/yaz-paketleri\/#breadcrumb","itemListElement":[{"@type":"ListItem","position":1,"name":"Startseite","item":"https:\/\/ipacei.com\/tr\/"},{"@type":"ListItem","position":2,"name":"Hediye Setleri"}]},{"@type":"WebSite","@id":"https:\/\/ipacei.com\/#website","url":"https:\/\/ipacei.com\/","name":"Wimpernserum Ipacei","description":"Luxury Cosmetic Products for long lashes, longer hair, longer nails and more","potentialAction":[{"@type":"SearchAction","target":{"@type":"EntryPoint","urlTemplate":"https:\/\/ipacei.com\/?s={search_term_string}"},"query-input":{"@type":"PropertyValueSpecification","valueRequired":true,"valueName":"search_term_string"}}],"inLanguage":"tr"}]}},"_links":{"self":[{"href":"https:\/\/ipacei.com\/tr\/wp-json\/wp\/v2\/pages\/36516","targetHints":{"allow":["GET"]}}],"collection":[{"href":"https:\/\/ipacei.com\/tr\/wp-json\/wp\/v2\/pages"}],"about":[{"href":"https:\/\/ipacei.com\/tr\/wp-json\/wp\/v2\/types\/page"}],"author":[{"embeddable":true,"href":"https:\/\/ipacei.com\/tr\/wp-json\/wp\/v2\/users\/2"}],"replies":[{"embeddable":true,"href":"https:\/\/ipacei.com\/tr\/wp-json\/wp\/v2\/comments?post=36516"}],"version-history":[{"count":3,"href":"https:\/\/ipacei.com\/tr\/wp-json\/wp\/v2\/pages\/36516\/revisions"}],"predecessor-version":[{"id":43975,"href":"https:\/\/ipacei.com\/tr\/wp-json\/wp\/v2\/pages\/36516\/revisions\/43975"}],"wp:attachment":[{"href":"https:\/\/ipacei.com\/tr\/wp-json\/wp\/v2\/media?parent=36516"}],"curies":[{"name":"wp","href":"https:\/\/api.w.org\/{rel}","templated":true}]}}