{"id":43275,"date":"2017-11-30T13:13:42","date_gmt":"2017-11-30T13:13:42","guid":{"rendered":"https:\/\/ipacei.com\/widerrufsbedingungen\/"},"modified":"2023-01-11T11:50:41","modified_gmt":"2023-01-11T11:50:41","slug":"widerrufsbedingungen","status":"publish","type":"page","link":"https:\/\/ipacei.com\/tr\/widerrufsbedingungen\/","title":{"rendered":"Widerrufsbedingungen"},"content":{"rendered":"<p>Seite 1 von 4<\/p>\n<p>www.ipacei.com und www.ipacei.de<br \/>\nWiderrufsformular<\/p>\n<p>\u00a76 Widerrufsrecht und Widerrufsbelehrung des Kunden als Verbraucher:<br \/>\nAnfang der Widerrufsbelehrung<br \/>\nWiderrufsrecht f\u00fcr Verbraucher<br \/>\nVerbrauchern steht ein Widerrufsrecht nach folgender Ma\u00dfgabe zu, wobei Verbraucher jede<br \/>\nnat\u00fcrliche Person ist, die ein Rechtsgesch\u00e4ft zu Zwecken abschlie\u00dft, die \u00fcberwiegend weder<br \/>\nihrer gewerblichen noch ihrer selbst\u00e4ndigen beruflichen T\u00e4tigkeit zugerechnet werden<br \/>\nk\u00f6nnen:<br \/>\nAnfang des Widerrufsrechts und erl\u00f6schen des Widerrufrechtes<br \/>\nSie haben das Recht, binnen vierzehn Tagen (14 Tagen) ohne Angabe von Gr\u00fcnden diesen<br \/>\nVertrag zu widerrufen.<br \/>\nDie Widerrufsfrist betr\u00e4gt vierzehn Tage, ab dem Tag, an dem Sie oder ein von Ihnen<br \/>\nbenannter Dritter, der nicht der Bef\u00f6rderer ist, die Waren in Besitz genommen haben bzw.<br \/>\nhat. Die zu widerrufende, gekaufte Ware darf dann bei Erhalt nicht ge\u00f6ffnet und nicht benutzt<br \/>\nwerden, sondern in Originalverpackung und im unbenutzten Zustand. Der Widerruf muss<br \/>\nkeine Begr\u00fcndung enthalten. Zur Fristwahrung gen\u00fcgt die rechtzeitige Absendung des<br \/>\nWiderrufs.<br \/>\nErl\u00f6schungsgr\u00fcnde des Widerrufes gelten f\u00fcr Kosmetikartikel und Arzneimittel, wie folgt:<br \/>\nEin Widerrufsrecht besteht nach \u00a7 312g Abs. 2 BGB u. a. nicht bei Vertr\u00e4gen zur Lieferung<br \/>\nvon Waren, die nicht vorgefertigt sind und f\u00fcr deren Herstellung eine individuelle Auswahl<br \/>\noder Bestimmung durch den Verbraucher ma\u00dfgeblich ist oder die eindeutig auf die<br \/>\npers\u00f6nlichen Bed\u00fcrfnisse des Verbrauchers zugeschnitten sind und es erlischt vorzeitig bei<br \/>\nVertr\u00e4gen zur Lieferung versiegelter Waren und die aus Gr\u00fcnden des Gesundheitsschutzes<br \/>\noder der Hygiene nicht zur R\u00fcckgabe geeignet sind, wenn ihre Verpackung (Gebrauchsspuren<br \/>\nder \u00d6ffnung der Verpackung) ge\u00f6ffnet oder Versiegelung nach der Lieferung entfernt wurde.<br \/>\nGefahren\u00fcbergang und Transportsch\u00e4den beim Annahmeverzug nach \u00a7 293<br \/>\n1. Die Gefahr des zuf\u00e4lligen Untergangs und der zuf\u00e4lligen Verschlechterung der Ware<br \/>\ngeht beim Versendungskauf mit der \u00dcbergabe der Kaufsache an den Kunden \u00fcber,<br \/>\nsofern der Kunde Verbraucher ist. Ist der Kunde Unternehmer, geht die Gefahr des<br \/>\nzuf\u00e4lligen Untergangs und der zuf\u00e4lligen Verschlechterung der Ware auf ihn \u00fcber,<br \/>\nsobald die Sendung an die f\u00fcr den Transport ausf\u00fchrende Person \u00fcbergeben worden<br \/>\nist. Der \u00dcbergabe steht es gleich, wenn der Kunde sich im Annahmeverzug befindet.<br \/>\nRechte und Pflichten die daraus resultieren:<br \/>\nDer K\u00e4ufer ist grunds\u00e4tzlich verpflichtet:<br \/>\n\u2013 zur rechtzeitigen Bezahlung in voller H\u00f6he des Artikels<br \/>\n\u2013 zur Abnahme des Artikels<br \/>\nSeite 2 von 4<\/p>\n<p>Der Verk\u00e4ufer ist verpflichtet:<br \/>\n\u2013 zur rechtzeitigen Lieferung des richtigen Artikels in Art, G\u00fcte und Beschaffenheit und ohne<br \/>\nM\u00e4ngel<br \/>\nAnnahmeverzug:<br \/>\nK\u00e4ufer geraten in Annahmeverzug, wenn sie die gelieferte Ware aus fahrl\u00e4ssigen oder gar<br \/>\nvors\u00e4tzlichen Gr\u00fcnden nicht annehmen.<br \/>\nDies kann von Bestehen auf Abnahme, Klage auf Schadenersatz wegen Neulieferung,<br \/>\nR\u00fccktritt vom Kaufvertrag oder vom Kunden gem\u00e4\u00df \u00a7304 BGB Ersatz der<br \/>\nMehraufwendungen verlangen, die der H\u00e4ndler f\u00fcr die erfolglose Lieferung sowie f\u00fcr die<br \/>\nAufbewahrung und Erhaltung der zu liefernden Ware machen musste. Gegen erneute<br \/>\nVersandkostenzahlung bei Annahmeverzug und R\u00fcckgang des Paketes (durch z.B. die<br \/>\nPoststelle) kann der H\u00e4ndler die Ware erneut senden und auf die Abnahme bestehen.<br \/>\nDie blo\u00dfe Verweigerung der Annahme stellt nach dem Gesetz keine wirksame Aus\u00fcbung des<br \/>\nWiderrufsrechts dar, so dass der Kaufvertrag seine G\u00fcltigkeit beh\u00e4lt. H\u00e4ndler (wir) haben<br \/>\ndaher auch weiterhin einen Anspruch auf Kaufpreiszahlung. Auch l\u00f6st eine einfache<br \/>\nR\u00fccksendung der Ware, ohne Erkl\u00e4rung des Widerrufes keinen Widerruf dar. Die<br \/>\nWiderrufsfrist kann somit nach 14 Tagen erl\u00f6schen, da der Widerruf explizit dem H\u00e4ndler<br \/>\n(uns) mitgeteilt werden muss, ohne Angabe von Gr\u00fcnden.<br \/>\nUm Ihr Widerrufsrecht auszu\u00fcben, m\u00fcssen Sie uns<\/p>\n<h4>Angaben gem\u00e4\u00df \u00a7 5 TMG:<\/h4>\n<table width=\"244\">\n<tbody>\n<tr>\n<td>IPK COSMETICS<\/td>\n<td><\/td>\n<\/tr>\n<tr>\n<td>Gesch\u00e4ftsf\u00fchrung:<br \/>\nIpek Tasoglu<\/td>\n<td><\/td>\n<\/tr>\n<\/tbody>\n<\/table>\n<table width=\"244\">\n<tbody>\n<tr>\n<td><\/td>\n<td><\/td>\n<\/tr>\n<tr>\n<td>Ipek Tasoglu IPK COSMETICS|Schiffer Stra\u00dfe 51 a, 76776 Neuburg<br \/>\nTelefon: 004972736313470Alle Kundenservice Anfragen bitte nur per E-Mail: contact(AT)ipacei.com<\/td>\n<\/tr>\n<\/tbody>\n<\/table>\n<p>oder<br \/>\nTelefonisch oder per E-Mail an: contact(AT)ipacei.com<br \/>\nmittels einer eindeutigen Erkl\u00e4rung (z.B. ein mit der Post versandter Brief per Einschreiben<br \/>\noder per E-Mail) \u00fcber Ihren Entschluss, diesen Vertrag zu widerrufen, informieren. Sie<br \/>\nk\u00f6nnen daf\u00fcr das beigef\u00fcgte Muster-Widerrufsformular verwenden\/kopieren. Es ist nicht<br \/>\nzwingend, beinhaltet allerdings alle erforderlichen Daten, die wir zur weiteren Bearbeitung<br \/>\nben\u00f6tigen, Sie k\u00f6nnen dies aber auch gerne separat erstellen (z.B. bei \u00dcbersendung per Mail,<br \/>\nsodass uns alle wichtigen Informationen zur Bearbeitung vorliegen).<br \/>\nWiderrufsfolgen<br \/>\nWenn Sie diesen Vertrag widerrufen, haben wir Ihnen alle Zahlungen, die wir von Ihnen<br \/>\nerhalten haben, unverz\u00fcglich bei Eintreffen der Warenretoure und sp\u00e4testens binnen vierzehn<br \/>\nTagen, ab dem Wareneingang komplett an Sie zur\u00fcckzuzahlen. F\u00fcr diese R\u00fcckzahlung<br \/>\nverwenden wir dasselbe Zahlungsmittel, das Sie bei der urspr\u00fcnglichen Transaktion eingesetzt<br \/>\nhaben, es fallen keine Entgelte f\u00fcr Sie an. Entgelte k\u00f6nnen bei missbr\u00e4uchlichen oder<br \/>\nvors\u00e4tzlichen PayPal Konflikter\u00f6ffnungen (Faller\u00f6ffnungen) und daraus resultierenden<br \/>\nBearbeitugnsgeb\u00fchren\/Aufwandsentsch\u00e4digungen anfallen, diese k\u00f6nnen an den Kunden zu<br \/>\nLasten gelegt werden. Bitte beachten Sie, dass der Kunde die unmittelbaren Kosten der<br \/>\nRetoure (der R\u00fccksendung der Waren) tr\u00e4gt.<br \/>\nSeite 3 von 4<\/p>\n<p>Wir k\u00f6nnen die R\u00fcckzahlung verweigern, bis wir die Waren wieder vollst\u00e4ndig<br \/>\nzur\u00fcckerhalten haben oder bis Sie den Nachweis erbracht haben, dass Sie die Waren<br \/>\nzur\u00fcckgesandt haben, je nachdem, welches der fr\u00fchere Zeitpunkt ist.<br \/>\nSie haben die Waren unverz\u00fcglich und in jedem Fall sp\u00e4testens binnen vierzehn Tagen ab<br \/>\ndem Tag, an dem Sie uns \u00fcber den Widerruf dieses Vertrages unterrichten, an uns<br \/>\nzur\u00fcckzusenden oder zu \u00fcbergeben. Die Frist ist gewahrt, wenn Sie die Waren vor Ablauf der<br \/>\nFrist von vierzehn Tagen absenden.<br \/>\nEnde der Widerrufsbelehrung<br \/>\n***************************************************************************<br \/>\n*************************<\/p>\n<p>\u00a77 Widerrufsformular<br \/>\nMuster-Widerrufsformular<br \/>\n(Wenn Sie den Vertrag widerrufen wollen, dann f\u00fcllen Sie bitte dieses Formular aus und<br \/>\nsenden Sie es zur\u00fcck.)<\/p>\n<p>Unternehmen IPK COSMETICS-Ipek Tasoglu<\/p>\n<h4>Angaben gem\u00e4\u00df \u00a7 5 TMG:<\/h4>\n<table width=\"244\">\n<tbody>\n<tr>\n<td>IPK COSMETICS<\/td>\n<td><\/td>\n<\/tr>\n<tr>\n<td>Gesch\u00e4ftsf\u00fchrung:<br \/>\nIpek Tasoglu<\/td>\n<td><\/td>\n<\/tr>\n<\/tbody>\n<\/table>\n<table width=\"244\">\n<tbody>\n<tr>\n<td><\/td>\n<td><\/td>\n<\/tr>\n<tr>\n<td>Ipek Tasoglu IPK COSMETICS|Schiffer Stra\u00dfe 51 a, 76776 Neuburg<br \/>\nTelefon: 004972736313470Per E-Mail: contact(AT)ipacei.com<\/td>\n<\/tr>\n<\/tbody>\n<\/table>\n<p>Hiermit widerrufe(n) ich\/wir den von mir\/uns abgeschlossenen Vertrag \u00fcber den Kauf der<br \/>\nfolgenden Waren<br \/>\n_____________________________________________________<br \/>\nBestellt am\/erhalten am<br \/>\n__________________<br \/>\nBestellnummer und Rechnungsnummer<br \/>\n_______________________________<br \/>\nName des\/der Verbraucher(s)<br \/>\nSeite 4 von 4<\/p>\n<p>_____________________________________________________<br \/>\nAnschrift des\/der Verbraucher(s)<br \/>\n_____________________________________________________<br \/>\nUnterschrift des\/der Verbraucher(s) (nur bei Mitteilung auf Papier)<br \/>\n__________________<br \/>\nDatum<br \/>\n__________________<\/p>\n","protected":false},"excerpt":{"rendered":"<p>Seite 1 von 4 www.ipacei.com und www.ipacei.de Widerrufsformular \u00a76 Widerrufsrecht und Widerrufsbelehrung des Kunden als Verbraucher: Anfang der Widerrufsbelehrung Widerrufsrecht f\u00fcr Verbraucher Verbrauchern steht ein Widerrufsrecht nach folgender Ma\u00dfgabe zu, wobei Verbraucher jede nat\u00fcrliche Person ist, die ein Rechtsgesch\u00e4ft zu Zwecken abschlie\u00dft, die \u00fcberwiegend weder ihrer gewerblichen noch ihrer selbst\u00e4ndigen beruflichen T\u00e4tigkeit zugerechnet werden k\u00f6nnen: Anfang des Widerrufsrechts und erl\u00f6schen [&hellip;]<\/p>\n","protected":false},"author":3,"featured_media":0,"parent":0,"menu_order":0,"comment_status":"closed","ping_status":"closed","template":"","meta":{"footnotes":""},"class_list":["post-43275","page","type-page","status-publish","hentry"],"yoast_head":"<!-- This site is optimized with the Yoast SEO plugin v27.4 - https:\/\/yoast.com\/product\/yoast-seo-wordpress\/ -->\n<title>Widerrufsbedingungen - Wimpernserum Ipacei<\/title>\n<meta name=\"robots\" content=\"index, follow, max-snippet:-1, max-image-preview:large, max-video-preview:-1\" \/>\n<link rel=\"canonical\" href=\"https:\/\/ipacei.com\/tr\/widerrufsbedingungen\/\" \/>\n<meta property=\"og:locale\" content=\"tr_TR\" \/>\n<meta property=\"og:type\" content=\"article\" \/>\n<meta property=\"og:title\" content=\"Widerrufsbedingungen - Wimpernserum Ipacei\" \/>\n<meta property=\"og:description\" content=\"Seite 1 von 4 www.ipacei.com und www.ipacei.de Widerrufsformular \u00a76 Widerrufsrecht und Widerrufsbelehrung des Kunden als Verbraucher: Anfang der Widerrufsbelehrung Widerrufsrecht f\u00fcr Verbraucher Verbrauchern steht ein Widerrufsrecht nach folgender Ma\u00dfgabe zu, wobei Verbraucher jede nat\u00fcrliche Person ist, die ein Rechtsgesch\u00e4ft zu Zwecken abschlie\u00dft, die \u00fcberwiegend weder ihrer gewerblichen noch ihrer selbst\u00e4ndigen beruflichen T\u00e4tigkeit zugerechnet werden k\u00f6nnen: Anfang des Widerrufsrechts und erl\u00f6schen [&hellip;]\" \/>\n<meta property=\"og:url\" content=\"https:\/\/ipacei.com\/tr\/widerrufsbedingungen\/\" \/>\n<meta property=\"og:site_name\" content=\"Wimpernserum Ipacei\" \/>\n<meta property=\"article:publisher\" content=\"https:\/\/de-de.facebook.com\/ipacei\/\" \/>\n<meta property=\"article:modified_time\" content=\"2023-01-11T11:50:41+00:00\" \/>\n<meta name=\"twitter:card\" content=\"summary_large_image\" \/>\n<meta name=\"twitter:site\" content=\"@IPACEI\" \/>\n<meta name=\"twitter:label1\" content=\"Tahmini okuma s\u00fcresi\" \/>\n\t<meta name=\"twitter:data1\" content=\"6 dakika\" \/>\n<script type=\"application\/ld+json\" class=\"yoast-schema-graph\">{\"@context\":\"https:\\\/\\\/schema.org\",\"@graph\":[{\"@type\":\"WebPage\",\"@id\":\"https:\\\/\\\/ipacei.com\\\/tr\\\/widerrufsbedingungen\\\/\",\"url\":\"https:\\\/\\\/ipacei.com\\\/tr\\\/widerrufsbedingungen\\\/\",\"name\":\"Widerrufsbedingungen - Wimpernserum Ipacei\",\"isPartOf\":{\"@id\":\"https:\\\/\\\/ipacei.com\\\/#website\"},\"datePublished\":\"2017-11-30T13:13:42+00:00\",\"dateModified\":\"2023-01-11T11:50:41+00:00\",\"breadcrumb\":{\"@id\":\"https:\\\/\\\/ipacei.com\\\/tr\\\/widerrufsbedingungen\\\/#breadcrumb\"},\"inLanguage\":\"tr\",\"potentialAction\":[{\"@type\":\"ReadAction\",\"target\":[\"https:\\\/\\\/ipacei.com\\\/tr\\\/widerrufsbedingungen\\\/\"]}]},{\"@type\":\"BreadcrumbList\",\"@id\":\"https:\\\/\\\/ipacei.com\\\/tr\\\/widerrufsbedingungen\\\/#breadcrumb\",\"itemListElement\":[{\"@type\":\"ListItem\",\"position\":1,\"name\":\"Startseite\",\"item\":\"https:\\\/\\\/ipacei.com\\\/tr\\\/\"},{\"@type\":\"ListItem\",\"position\":2,\"name\":\"Widerrufsbedingungen\"}]},{\"@type\":\"WebSite\",\"@id\":\"https:\\\/\\\/ipacei.com\\\/#website\",\"url\":\"https:\\\/\\\/ipacei.com\\\/\",\"name\":\"Wimpernserum Ipacei\",\"description\":\"Luxury Cosmetic Products for long lashes, longer hair, longer nails and more\",\"potentialAction\":[{\"@type\":\"SearchAction\",\"target\":{\"@type\":\"EntryPoint\",\"urlTemplate\":\"https:\\\/\\\/ipacei.com\\\/?s={search_term_string}\"},\"query-input\":{\"@type\":\"PropertyValueSpecification\",\"valueRequired\":true,\"valueName\":\"search_term_string\"}}],\"inLanguage\":\"tr\"}]}<\/script>\n<!-- \/ Yoast SEO plugin. -->","yoast_head_json":{"title":"Widerrufsbedingungen - Wimpernserum Ipacei","robots":{"index":"index","follow":"follow","max-snippet":"max-snippet:-1","max-image-preview":"max-image-preview:large","max-video-preview":"max-video-preview:-1"},"canonical":"https:\/\/ipacei.com\/tr\/widerrufsbedingungen\/","og_locale":"tr_TR","og_type":"article","og_title":"Widerrufsbedingungen - Wimpernserum Ipacei","og_description":"Seite 1 von 4 www.ipacei.com und www.ipacei.de Widerrufsformular \u00a76 Widerrufsrecht und Widerrufsbelehrung des Kunden als Verbraucher: Anfang der Widerrufsbelehrung Widerrufsrecht f\u00fcr Verbraucher Verbrauchern steht ein Widerrufsrecht nach folgender Ma\u00dfgabe zu, wobei Verbraucher jede nat\u00fcrliche Person ist, die ein Rechtsgesch\u00e4ft zu Zwecken abschlie\u00dft, die \u00fcberwiegend weder ihrer gewerblichen noch ihrer selbst\u00e4ndigen beruflichen T\u00e4tigkeit zugerechnet werden k\u00f6nnen: Anfang des Widerrufsrechts und erl\u00f6schen [&hellip;]","og_url":"https:\/\/ipacei.com\/tr\/widerrufsbedingungen\/","og_site_name":"Wimpernserum Ipacei","article_publisher":"https:\/\/de-de.facebook.com\/ipacei\/","article_modified_time":"2023-01-11T11:50:41+00:00","twitter_card":"summary_large_image","twitter_site":"@IPACEI","twitter_misc":{"Tahmini okuma s\u00fcresi":"6 dakika"},"schema":{"@context":"https:\/\/schema.org","@graph":[{"@type":"WebPage","@id":"https:\/\/ipacei.com\/tr\/widerrufsbedingungen\/","url":"https:\/\/ipacei.com\/tr\/widerrufsbedingungen\/","name":"Widerrufsbedingungen - Wimpernserum Ipacei","isPartOf":{"@id":"https:\/\/ipacei.com\/#website"},"datePublished":"2017-11-30T13:13:42+00:00","dateModified":"2023-01-11T11:50:41+00:00","breadcrumb":{"@id":"https:\/\/ipacei.com\/tr\/widerrufsbedingungen\/#breadcrumb"},"inLanguage":"tr","potentialAction":[{"@type":"ReadAction","target":["https:\/\/ipacei.com\/tr\/widerrufsbedingungen\/"]}]},{"@type":"BreadcrumbList","@id":"https:\/\/ipacei.com\/tr\/widerrufsbedingungen\/#breadcrumb","itemListElement":[{"@type":"ListItem","position":1,"name":"Startseite","item":"https:\/\/ipacei.com\/tr\/"},{"@type":"ListItem","position":2,"name":"Widerrufsbedingungen"}]},{"@type":"WebSite","@id":"https:\/\/ipacei.com\/#website","url":"https:\/\/ipacei.com\/","name":"Wimpernserum Ipacei","description":"Luxury Cosmetic Products for long lashes, longer hair, longer nails and more","potentialAction":[{"@type":"SearchAction","target":{"@type":"EntryPoint","urlTemplate":"https:\/\/ipacei.com\/?s={search_term_string}"},"query-input":{"@type":"PropertyValueSpecification","valueRequired":true,"valueName":"search_term_string"}}],"inLanguage":"tr"}]}},"_links":{"self":[{"href":"https:\/\/ipacei.com\/tr\/wp-json\/wp\/v2\/pages\/43275","targetHints":{"allow":["GET"]}}],"collection":[{"href":"https:\/\/ipacei.com\/tr\/wp-json\/wp\/v2\/pages"}],"about":[{"href":"https:\/\/ipacei.com\/tr\/wp-json\/wp\/v2\/types\/page"}],"author":[{"embeddable":true,"href":"https:\/\/ipacei.com\/tr\/wp-json\/wp\/v2\/users\/3"}],"replies":[{"embeddable":true,"href":"https:\/\/ipacei.com\/tr\/wp-json\/wp\/v2\/comments?post=43275"}],"version-history":[{"count":2,"href":"https:\/\/ipacei.com\/tr\/wp-json\/wp\/v2\/pages\/43275\/revisions"}],"predecessor-version":[{"id":46167,"href":"https:\/\/ipacei.com\/tr\/wp-json\/wp\/v2\/pages\/43275\/revisions\/46167"}],"wp:attachment":[{"href":"https:\/\/ipacei.com\/tr\/wp-json\/wp\/v2\/media?parent=43275"}],"curies":[{"name":"wp","href":"https:\/\/api.w.org\/{rel}","templated":true}]}}