{"id":44533,"date":"2019-01-30T01:42:51","date_gmt":"2019-01-30T01:42:51","guid":{"rendered":"https:\/\/ipacei.com\/kirpikler-gercekten-uzar-mi-ipacei-kirpik-serumu-ile-uzatmak\/"},"modified":"2019-01-30T01:42:54","modified_gmt":"2019-01-30T01:42:54","slug":"kirpikler-gercekten-uzar-mi-ipacei-kirpik-serumu-ile-uzatmak","status":"publish","type":"page","link":"https:\/\/ipacei.com\/tr\/kirpikler-gercekten-uzar-mi-ipacei-kirpik-serumu-ile-uzatmak\/","title":{"rendered":"Kirpikler gercekten uzar mi= Ipacei kirpik serumu ile uzatmak"},"content":{"rendered":"<p>[vc_row][vc_column][vc_custom_heading text=&#8221;Daha uzun ve dolgun, dogal kirpikler icin, Ipacei kas ve kirpik serumu&#8221; font_container=&#8221;tag:h2|text_align:center|color:%23f4387d&#8221; use_theme_fonts=&#8221;yes&#8221;][vc_single_image image=&#8221;42907&#8243; img_size=&#8221;300&#215;300&#8243; alignment=&#8221;center&#8221; style=&#8221;vc_box_border_circle&#8221; border_color=&#8221;pink&#8221; onclick=&#8221;link_image&#8221; title=&#8221;Kirpikler nasil uzar?&#8221;][vc_separator color=&#8221;pink&#8221; border_width=&#8221;2&#8243;][vc_column_text]<\/p>\n<h3><span style=\"color: #f20794;\">Daha uzun kirpikler elde edin &#8211; i\u015fte b\u00f6yle!<\/span><\/h3>\n<p>K\u0131sa kirpikleri uzatiyoruz! Foto\u011frafta g\u00f6rd\u00fcg\u00fcn\u00fcz (\u00fcst k\u0131s\u0131m) Ipacei kirpik serumunun\u00a09 hafta sonrasinda cekilmistir.<\/p>\n<p>G\u00fcnl\u00fck Ipacei kirpik ve ka\u015f uzatici serumu kullan\u0131m\u0131yla, kirpikler 3 hafta sonra g\u00f6r\u00fcn\u00fcr hale gelir. 8-12 hafta i\u00e7inde \u00e7ok daha uzun, daha yo\u011fun ve daha dolgun kirpiklere sahipsiniz. S\u00f6z veriyoruz!<\/p>\n<p>Uzun kirpikler elde etmenin bir\u00e7ok yolu oldu\u011fu i\u00e7in, i\u015fte bunlardan baz\u0131lar\u0131 ve daha sonra tam olarak tatmin edilmek \u00fczere iyi bir kirpik serumu sat\u0131n al\u0131rken nelere dikkat etmemizin gerekti\u011fi konusundaki kilit noktalar\u0131 payla\u015ficagiz sizler ile.<\/p>\n<p>Ayr\u0131ca kirpik serumunun nas\u0131l \u00e7al\u0131\u015ft\u0131\u011f\u0131n\u0131 ve kirpiklerin neden Ipacei kirpik serumu yard\u0131m\u0131 olmadan do\u011fal olarak arzu edece\u011fimiz gibi uzamadiginida g\u00f6sterecegiz.<\/p>\n<h4 id=\"tw-target-text\" class=\"tw-data-text tw-ta tw-text-small\" dir=\"ltr\" data-placeholder=\"\u00dcbersetzung\"><strong><span lang=\"tr\" style=\"color: #f20794;\" tabindex=\"0\">Uzun kirpiklerin neden bu kadar \u00f6nemli oldugunu ve kirpiklerimiz g\u00f6r\u00fcn\u00fcm\u00fcm\u00fczde nas\u0131l bir rol oynuyor? <\/span><\/strong><\/h4>\n<p class=\"tw-data-text tw-ta tw-text-small\" dir=\"ltr\" data-placeholder=\"\u00dcbersetzung\"><span lang=\"tr\" tabindex=\"0\">Y\u00fczdeki en \u00f6nemli &#8220;g\u00fczellik unsurlar\u0131&#8221; g\u00f6zler ve bunlara ba\u011fl\u0131 ka\u015flar ve kirpiklerdir. <\/span><\/p>\n<p class=\"tw-data-text tw-ta tw-text-small\" dir=\"ltr\" data-placeholder=\"\u00dcbersetzung\"><span lang=\"tr\" tabindex=\"0\">Profesyonelce makyaj yapabilirsiniz, ancak \u00e7ok az veya sadece k\u0131sa kirpikleriniz var ise, en iyi stil ve makyaj bile do\u011fru g\u00f6r\u00fcnmeyebilir.<\/span><\/p>\n<p class=\"tw-data-text tw-ta tw-text-small\" dir=\"ltr\" data-placeholder=\"\u00dcbersetzung\"><span lang=\"tr\" tabindex=\"0\">Eski M\u0131s\u0131r&#8217;da uzun ve kavisli kirpikler estetik belirtilerdeydi. Kirpiklerimizi \u0130sa&#8217;dan \u00f6nce 4000&#8217;den beri \u015fekillendiriyoruz.<br \/>\n<\/span><\/p>\n<p class=\"tw-data-text tw-ta tw-text-small\" dir=\"ltr\" data-placeholder=\"\u00dcbersetzung\"><span lang=\"tr\" tabindex=\"0\">G\u00f6r\u00fcnt\u00fcn\u00fcn \u00f6zellikle etkili olmas\u0131 i\u00e7in kirpiklerin uygun \u015fekilde dolgun ve uzun olmasi, daha g\u00fczel ve acik bir bakis icin \u00f6nemlidir. <\/span><\/p>\n<p class=\"tw-data-text tw-ta tw-text-small\" dir=\"ltr\" data-placeholder=\"\u00dcbersetzung\"><span lang=\"tr\" tabindex=\"0\">K\u0131sa ve seyrek kirpikler ile, g\u00f6z alici bir g\u00f6r\u00fcn\u00fcm elde etmek neredeyse imkans\u0131zd\u0131r. <\/span><\/p>\n<p class=\"tw-data-text tw-ta tw-text-small\" dir=\"ltr\" data-placeholder=\"\u00dcbersetzung\"><span lang=\"tr\" tabindex=\"0\">Kirpiklerimiz ayr\u0131ca g\u00f6zlerimizi koruma ve ayn\u0131 zamanda ka\u015flar\u0131m\u0131z\u0131nda, ka\u015f k\u0131llar\u0131 koruyucu i\u015flevini \u00fcstlenirler. <\/span><\/p>\n<p class=\"tw-data-text tw-ta tw-text-small\" dir=\"ltr\" data-placeholder=\"\u00dcbersetzung\"><span lang=\"tr\" tabindex=\"0\">T\u00fcyler kir, ter, su veya istenmeyen kal\u0131nt\u0131lar\u0131 g\u00f6zlerimizden uzak tutar. Sabah kalkt\u0131ktan sonra veya y\u00fczme havuzunda makyajs\u0131z, ama dolgun ve uzun kirpiklerle, kendimizi daha rahat hissediyoruz.<\/span><\/p>\n<h4 id=\"tw-target-text\" class=\"tw-data-text tw-ta tw-text-small\" dir=\"ltr\" data-placeholder=\"\u00dcbersetzung\"><span lang=\"tr\" style=\"color: #f20794;\" tabindex=\"0\">Neden kirpiklerimiz d\u00f6k\u00fcl\u00fcyor ve kirpikler sonsuz bir \u015fekilde uzayabilirler mi? <\/span><\/h4>\n<p class=\"tw-data-text tw-ta tw-text-small\" dir=\"ltr\" data-placeholder=\"\u00dcbersetzung\"><span lang=\"tr\" tabindex=\"0\">Her \u015feyden \u00f6nce, kirpikler sonsuza dek uzayamaz, her bir kirpik kendisini yenileyip sonunda d\u00f6k\u00fclmesi gerekmektedir, b\u00f6ylece yeni bir kirpik uzayabilir. <\/span><\/p>\n<p class=\"tw-data-text tw-ta tw-text-small\" dir=\"ltr\" data-placeholder=\"\u00dcbersetzung\"><span lang=\"tr\" tabindex=\"0\">Kirpiklerimiz yakla\u015f\u0131k 12 haftal\u0131k bir kirpik b\u00fcy\u00fcme d\u00f6ng\u00fcs\u00fcne dogadan sahiptir, bu dinlenme periyodu \/ son a\u015famadan sonrasi icin, kirpiklerimizi daha fazla, \u00f6rnek 3 sene boyunca uzatamayiz.<br \/>\n<\/span><\/p>\n<p dir=\"ltr\" data-placeholder=\"\u00dcbersetzung\"><span lang=\"tr\" tabindex=\"0\">Kirpiklerimizin dogadan gelen aslinda bir 12 haftalik uzama s\u00fcreci vardir, bizde kirpiklerimizin bu uzama s\u00fcrecini uzatip, 12 hafta boyunca, uzun ve dolgun tutmaya calisiyoruz, Ipacei kirpik serumunu g\u00fcnde bir kere kirpik diplerine uygulayip kullanarak. 12 hafta sonrasi (yani 3 ay sonra) Ipacei kirpik serumunu haftada sadece 2-3 kez uygulamaya devam ediyorsunuz ki, kirpikleriniz uzunlugunu ve dolgunulugunu hemen kayip etmesin diye.<\/span><\/p>\n<p dir=\"ltr\" data-placeholder=\"\u00dcbersetzung\"><span lang=\"tr\" tabindex=\"0\">Bir sise ise yaklasik 3-6 ay boyunca dayaniklidir.<\/span><\/p>\n<p class=\"tw-data-text tw-ta tw-text-small\" dir=\"ltr\" data-placeholder=\"\u00dcbersetzung\"><span lang=\"tr\" tabindex=\"0\">Fakat Ipacei kirpik serumunu kullanmayinca ve kullanmassaniz, kirpikler yaklasik 6 hafta sonrasi tekrar kendilerini yenilemeye baslar.<br \/>\n<\/span><\/p>\n<h3 class=\"tw-data-text tw-ta tw-text-small\" dir=\"ltr\" data-placeholder=\"\u00dcbersetzung\"><span style=\"color: #f20794;\"><strong><span lang=\"tr\" tabindex=\"0\">Kirpik b\u00fcy\u00fcme d\u00f6ng\u00fcs\u00fc olmasayd\u0131, kirpikler neye benzerdi? <\/span><\/strong><\/span><\/h3>\n<p class=\"tw-data-text tw-ta tw-text-small\" dir=\"ltr\" data-placeholder=\"\u00dcbersetzung\"><span lang=\"tr\" tabindex=\"0\">Kirpikler ka\u015flar\u0131m\u0131zdan yukariya dogru gecip, saclarimiz gibi uzardi, eminiz ki, bu da bizim isimize yaramazdi :-).<\/span><\/p>\n<p class=\"tw-data-text tw-ta tw-text-small\" dir=\"ltr\" data-placeholder=\"\u00dcbersetzung\"><span lang=\"tr\" tabindex=\"0\">Bu nedenle, kirpiklerin 3 ayl\u0131k b\u00fcy\u00fcme a\u015famas\u0131\/d\u00f6ng\u00fcs\u00fc oldu\u011fu i\u00e7in mutluyuz.\u00a0\u00a0<\/span><\/p>\n<p dir=\"ltr\" data-placeholder=\"\u00dcbersetzung\"><strong><span style=\"color: #f20794;\">Anlayis i\u00e7in: kirpiklerin 3 aylik evresi<\/span> <\/strong><\/p>\n<p dir=\"ltr\" data-placeholder=\"\u00dcbersetzung\">1. A\u015fama, anagen bebek kirpikler (aktif b\u00fcy\u00fcme evresi) 2 mm&#8217;ye kadar yakla\u015f\u0131k 25-30 g\u00fcnl\u00fckt\u00fcr (yakla\u015f\u0131k 4 hafta)<\/p>\n<p dir=\"ltr\" data-placeholder=\"\u00dcbersetzung\">2. Katagen asamasi, kirpikler (Ge\u00e7i\u015f s\u00fcresi) yakla\u015f\u0131k 30-60 g\u00fcnl\u00fckt\u00fcr (yakla\u015f\u0131k 8 hafta)<\/p>\n<p dir=\"ltr\" data-placeholder=\"\u00dcbersetzung\">3. Telojen asamasi, kirpikler (dinlenme s\u00fcresi) yakla\u015f\u0131k 60-90 g\u00fcn (yakla\u015f\u0131k 12 hafta)<\/p>\n<p><strong><span lang=\"tr\" style=\"color: #f70c92;\" tabindex=\"0\">\u00d6yleyse g\u00fczel, dolu ve uzun kirpikleri elde etmek i\u00e7in ne yapabiliriz? <\/span><\/strong><\/p>\n<p dir=\"ltr\" data-placeholder=\"\u00dcbersetzung\"><span lang=\"tr\" tabindex=\"0\">Do\u011fal kirpiklerin b\u00fcy\u00fcme faz\u0131n\u0131 uzatman\u0131n ve b\u00f6ylece Ipacei&#8217;den gelen iyi bir kirpik uzatma serumunu kullanmak ile, kirpik ve ka\u015flarimizida uzatabiliriz.<\/span><\/p>\n<h3 id=\"tw-target-text\" class=\"tw-data-text tw-ta tw-text-small\" dir=\"ltr\" data-placeholder=\"\u00dcbersetzung\"><strong><span lang=\"tr\" style=\"color: #f70c92;\" tabindex=\"0\">Kirpik serum al\u0131m\u0131 i\u00e7in \u00f6zet ve dip notlar!: <\/span><\/strong><\/h3>\n<p class=\"tw-data-text tw-ta tw-text-small\" dir=\"ltr\" data-placeholder=\"\u00dcbersetzung\"><span lang=\"tr\" tabindex=\"0\">Aktif i\u00e7erikleri ve genel i\u00e7eriklerini kontrol ediniz<\/span><\/p>\n<p dir=\"ltr\" data-placeholder=\"\u00dcbersetzung\">Kirpikleri uzatabilmek icin cok az sayida \u00fcr\u00fcn piyasada bulunmaktadir, dikkat etmeniz gereken icerikler, sadece yag karisimlari kirpikleri uzatmaz! Sadece besler veya kisa s\u00fcreligine bir parlaklik verir, l\u00fctfen kanmayiniz.<\/p>\n<p class=\"tw-data-text tw-ta tw-text-small\" dir=\"ltr\" data-placeholder=\"\u00dcbersetzung\"><span lang=\"tr\" tabindex=\"0\">Kac (ml), bir sise kac ay dayanir?<\/span><\/p>\n<p class=\"tw-data-text tw-ta tw-text-small\" dir=\"ltr\" data-placeholder=\"\u00dcbersetzung\"><span lang=\"tr\" tabindex=\"0\"> \u015eirket \/ \u00dcretici firma, nerede \u00fcretiliyor?\u00a0Yap\u0131m \u00fclkesi, Made in &#8230;? \u00a0\u00a0<\/span><\/p>\n<p class=\"tw-data-text tw-ta tw-text-small\" dir=\"ltr\" data-placeholder=\"\u00dcbersetzung\"><span lang=\"tr\" tabindex=\"0\">Ger\u00e7ek sonu\u00e7lar ve g\u00f6r\u00fc\u015fler! Fotograflar, gercek m\u00fcsteri g\u00f6r\u00fcsleri (Ipacei instagrama g\u00f6z atmanizi tavsiye ederiz)<\/span><\/p>\n<p class=\"tw-data-text tw-ta tw-text-small\" dir=\"ltr\" data-placeholder=\"\u00dcbersetzung\"><span lang=\"tr\" tabindex=\"0\">Ger\u00e7ek test konular\u0131n\u0131n \u00f6ncesi, kullanim asamasi ve sonras\u0131nin foto\u011fraflar\u0131 <\/span><\/p>\n<p class=\"tw-data-text tw-ta tw-text-small\" dir=\"ltr\" data-placeholder=\"\u00dcbersetzung\"><span lang=\"tr\" tabindex=\"0\">Yanl\u0131\u015f, websitelerinde k\u00fcnyesi olmayan ve google icin \u00f6zel yapilan kirpik test sayfalar\u0131ndan kacininiz, paranizi ve zamaninizi bosa harcamayiniz.<\/span><\/p>\n<p dir=\"ltr\" data-placeholder=\"\u00dcbersetzung\">Ipacei kirpik serumu 2014 den beri en y\u00fcksek kalitede Almanyada \u00fcretilmektedir, ayrica kirpiklerinizi \u00f6lcebilmeniz icin, \u00f6zel patentli bir tasarim gelistirmistir. Ipacei mezura \u00f6lc\u00fcs\u00fc.<\/p>\n<h4 class=\"tw-data-text tw-ta tw-text-small\" dir=\"ltr\" data-placeholder=\"\u00dcbersetzung\"><strong><span lang=\"tr\" style=\"color: #f70c92;\" tabindex=\"0\">Ipacei kirpik ve kas uzatici serumu ile ilk sonu\u00e7lar\u0131 ne zaman g\u00f6r\u00fcr\u00fcm? <\/span><\/strong><\/h4>\n<p class=\"tw-data-text tw-ta tw-text-small\" dir=\"ltr\" data-placeholder=\"\u00dcbersetzung\"><span lang=\"tr\" tabindex=\"0\">Daha uzun kirpikler ve ka\u015flar i\u00e7in, Ipacei kirpik ve ka\u015f uzatici serumu ila ilk sonuclar yaklasik 3-4 hafta sonrasi, g\u00f6z ile g\u00f6r\u00fcl\u00fcr inanilmaz uzun, dolgun kirpik ve ka\u015f sonuclari 8-12 hafta sonrasi g\u00f6r\u00fcnmektedir.<\/span><\/p>\n<p class=\"tw-data-text tw-ta tw-text-small\" dir=\"ltr\" data-placeholder=\"\u00dcbersetzung\"><span lang=\"tr\" tabindex=\"0\">Kirpik ve ka\u015f, kel noktalarda bile g\u00fczel, \u00e7ok uzun ve do\u011fal kirpiklere ve dolgun ka\u015flara sahip olabilirsiniz.<\/span><\/p>\n<p dir=\"ltr\" data-placeholder=\"\u00dcbersetzung\">Sizlerde Ipacei kirpik ve ka<span lang=\"tr\" tabindex=\"0\">\u015f uzatici serumunu deneyip, bize kirpik ve ka\u015flarinizin sonucunu, fotograflariniz ile birlikte yollayiniz.\u00a0<\/span><\/p>\n<p dir=\"ltr\" data-placeholder=\"\u00dcbersetzung\">Sevgiler<\/p>\n<p dir=\"ltr\" data-placeholder=\"\u00dcbersetzung\">Ipacei Team<\/p>\n<p dir=\"ltr\" data-placeholder=\"\u00dcbersetzung\">\n<p>[\/vc_column_text][vc_gallery type=&#8221;grid&#8221; images=&#8221;43003,42869&#8243; img_size=&#8221;large&#8221; title=&#8221;Ipacei kirpik serumu ile kirpiklerimizi uzatalim!&#8221;][vc_separator color=&#8221;pink&#8221; border_width=&#8221;2&#8243;][\/vc_column][\/vc_row]<\/p>\n","protected":false},"excerpt":{"rendered":"<p>[vc_row][vc_column][vc_custom_heading text=&#8221;Daha uzun ve dolgun, dogal kirpikler icin, Ipacei kas ve kirpik serumu&#8221; font_container=&#8221;tag:h2|text_align:center|color:%23f4387d&#8221; use_theme_fonts=&#8221;yes&#8221;][vc_single_image image=&#8221;42907&#8243; img_size=&#8221;300&#215;300&#8243; alignment=&#8221;center&#8221; style=&#8221;vc_box_border_circle&#8221; border_color=&#8221;pink&#8221; onclick=&#8221;link_image&#8221; title=&#8221;Kirpikler nasil uzar?&#8221;][vc_separator color=&#8221;pink&#8221; border_width=&#8221;2&#8243;][vc_column_text] Daha uzun kirpikler elde edin &#8211; i\u015fte b\u00f6yle! K\u0131sa kirpikleri uzatiyoruz! Foto\u011frafta g\u00f6rd\u00fcg\u00fcn\u00fcz (\u00fcst k\u0131s\u0131m) Ipacei kirpik serumunun\u00a09 hafta sonrasinda cekilmistir. G\u00fcnl\u00fck Ipacei kirpik ve ka\u015f uzatici serumu kullan\u0131m\u0131yla, kirpikler 3 hafta sonra g\u00f6r\u00fcn\u00fcr [&hellip;]<\/p>\n","protected":false},"author":2,"featured_media":0,"parent":0,"menu_order":0,"comment_status":"closed","ping_status":"closed","template":"","meta":{"footnotes":""},"class_list":["post-44533","page","type-page","status-publish","hentry"],"yoast_head":"<!-- This site is optimized with the Yoast SEO plugin v27.4 - https:\/\/yoast.com\/product\/yoast-seo-wordpress\/ -->\n<title>Kirpikler gercekten uzar mi= Ipacei kirpik serumu ile uzatmak - Wimpernserum Ipacei<\/title>\n<meta name=\"description\" content=\"en iyi kirpik serumu 2019 \u2714 kirpik serumu test 2019\u2714 kirpik uzatma y\u00f6ntemi! \u2714en iyi kirpik ve kas serumu ipacei\" \/>\n<meta name=\"robots\" content=\"index, follow, max-snippet:-1, max-image-preview:large, max-video-preview:-1\" \/>\n<link rel=\"canonical\" href=\"https:\/\/ipacei.com\/tr\/kirpikler-gercekten-uzar-mi-ipacei-kirpik-serumu-ile-uzatmak\/\" \/>\n<meta property=\"og:locale\" content=\"tr_TR\" \/>\n<meta property=\"og:type\" content=\"article\" \/>\n<meta property=\"og:title\" content=\"Kirpikler gercekten uzar mi= Ipacei kirpik serumu ile uzatmak - Wimpernserum Ipacei\" \/>\n<meta property=\"og:description\" content=\"en iyi kirpik serumu 2019 \u2714 kirpik serumu test 2019\u2714 kirpik uzatma y\u00f6ntemi! \u2714en iyi kirpik ve kas serumu ipacei\" \/>\n<meta property=\"og:url\" content=\"https:\/\/ipacei.com\/tr\/kirpikler-gercekten-uzar-mi-ipacei-kirpik-serumu-ile-uzatmak\/\" \/>\n<meta property=\"og:site_name\" content=\"Wimpernserum Ipacei\" \/>\n<meta property=\"article:publisher\" content=\"https:\/\/de-de.facebook.com\/ipacei\/\" \/>\n<meta property=\"article:modified_time\" content=\"2019-01-30T01:42:54+00:00\" \/>\n<meta name=\"twitter:card\" content=\"summary_large_image\" \/>\n<meta name=\"twitter:site\" content=\"@IPACEI\" \/>\n<meta name=\"twitter:label1\" content=\"Tahmini okuma s\u00fcresi\" \/>\n\t<meta name=\"twitter:data1\" content=\"5 dakika\" \/>\n<script type=\"application\/ld+json\" class=\"yoast-schema-graph\">{\"@context\":\"https:\\\/\\\/schema.org\",\"@graph\":[{\"@type\":\"WebPage\",\"@id\":\"https:\\\/\\\/ipacei.com\\\/tr\\\/kirpikler-gercekten-uzar-mi-ipacei-kirpik-serumu-ile-uzatmak\\\/\",\"url\":\"https:\\\/\\\/ipacei.com\\\/tr\\\/kirpikler-gercekten-uzar-mi-ipacei-kirpik-serumu-ile-uzatmak\\\/\",\"name\":\"Kirpikler gercekten uzar mi= Ipacei kirpik serumu ile uzatmak - Wimpernserum Ipacei\",\"isPartOf\":{\"@id\":\"https:\\\/\\\/ipacei.com\\\/#website\"},\"datePublished\":\"2019-01-30T01:42:51+00:00\",\"dateModified\":\"2019-01-30T01:42:54+00:00\",\"description\":\"en iyi kirpik serumu 2019 \u2714 kirpik serumu test 2019\u2714 kirpik uzatma y\u00f6ntemi! \u2714en iyi kirpik ve kas serumu ipacei\",\"breadcrumb\":{\"@id\":\"https:\\\/\\\/ipacei.com\\\/tr\\\/kirpikler-gercekten-uzar-mi-ipacei-kirpik-serumu-ile-uzatmak\\\/#breadcrumb\"},\"inLanguage\":\"tr\",\"potentialAction\":[{\"@type\":\"ReadAction\",\"target\":[\"https:\\\/\\\/ipacei.com\\\/tr\\\/kirpikler-gercekten-uzar-mi-ipacei-kirpik-serumu-ile-uzatmak\\\/\"]}]},{\"@type\":\"BreadcrumbList\",\"@id\":\"https:\\\/\\\/ipacei.com\\\/tr\\\/kirpikler-gercekten-uzar-mi-ipacei-kirpik-serumu-ile-uzatmak\\\/#breadcrumb\",\"itemListElement\":[{\"@type\":\"ListItem\",\"position\":1,\"name\":\"Startseite\",\"item\":\"https:\\\/\\\/ipacei.com\\\/tr\\\/\"},{\"@type\":\"ListItem\",\"position\":2,\"name\":\"Kirpikler gercekten uzar mi= Ipacei kirpik serumu ile uzatmak\"}]},{\"@type\":\"WebSite\",\"@id\":\"https:\\\/\\\/ipacei.com\\\/#website\",\"url\":\"https:\\\/\\\/ipacei.com\\\/\",\"name\":\"Wimpernserum Ipacei\",\"description\":\"Luxury Cosmetic Products for long lashes, longer hair, longer nails and more\",\"potentialAction\":[{\"@type\":\"SearchAction\",\"target\":{\"@type\":\"EntryPoint\",\"urlTemplate\":\"https:\\\/\\\/ipacei.com\\\/?s={search_term_string}\"},\"query-input\":{\"@type\":\"PropertyValueSpecification\",\"valueRequired\":true,\"valueName\":\"search_term_string\"}}],\"inLanguage\":\"tr\"}]}<\/script>\n<!-- \/ Yoast SEO plugin. -->","yoast_head_json":{"title":"Kirpikler gercekten uzar mi= Ipacei kirpik serumu ile uzatmak - Wimpernserum Ipacei","description":"en iyi kirpik serumu 2019 \u2714 kirpik serumu test 2019\u2714 kirpik uzatma y\u00f6ntemi! \u2714en iyi kirpik ve kas serumu ipacei","robots":{"index":"index","follow":"follow","max-snippet":"max-snippet:-1","max-image-preview":"max-image-preview:large","max-video-preview":"max-video-preview:-1"},"canonical":"https:\/\/ipacei.com\/tr\/kirpikler-gercekten-uzar-mi-ipacei-kirpik-serumu-ile-uzatmak\/","og_locale":"tr_TR","og_type":"article","og_title":"Kirpikler gercekten uzar mi= Ipacei kirpik serumu ile uzatmak - Wimpernserum Ipacei","og_description":"en iyi kirpik serumu 2019 \u2714 kirpik serumu test 2019\u2714 kirpik uzatma y\u00f6ntemi! \u2714en iyi kirpik ve kas serumu ipacei","og_url":"https:\/\/ipacei.com\/tr\/kirpikler-gercekten-uzar-mi-ipacei-kirpik-serumu-ile-uzatmak\/","og_site_name":"Wimpernserum Ipacei","article_publisher":"https:\/\/de-de.facebook.com\/ipacei\/","article_modified_time":"2019-01-30T01:42:54+00:00","twitter_card":"summary_large_image","twitter_site":"@IPACEI","twitter_misc":{"Tahmini okuma s\u00fcresi":"5 dakika"},"schema":{"@context":"https:\/\/schema.org","@graph":[{"@type":"WebPage","@id":"https:\/\/ipacei.com\/tr\/kirpikler-gercekten-uzar-mi-ipacei-kirpik-serumu-ile-uzatmak\/","url":"https:\/\/ipacei.com\/tr\/kirpikler-gercekten-uzar-mi-ipacei-kirpik-serumu-ile-uzatmak\/","name":"Kirpikler gercekten uzar mi= Ipacei kirpik serumu ile uzatmak - Wimpernserum Ipacei","isPartOf":{"@id":"https:\/\/ipacei.com\/#website"},"datePublished":"2019-01-30T01:42:51+00:00","dateModified":"2019-01-30T01:42:54+00:00","description":"en iyi kirpik serumu 2019 \u2714 kirpik serumu test 2019\u2714 kirpik uzatma y\u00f6ntemi! \u2714en iyi kirpik ve kas serumu ipacei","breadcrumb":{"@id":"https:\/\/ipacei.com\/tr\/kirpikler-gercekten-uzar-mi-ipacei-kirpik-serumu-ile-uzatmak\/#breadcrumb"},"inLanguage":"tr","potentialAction":[{"@type":"ReadAction","target":["https:\/\/ipacei.com\/tr\/kirpikler-gercekten-uzar-mi-ipacei-kirpik-serumu-ile-uzatmak\/"]}]},{"@type":"BreadcrumbList","@id":"https:\/\/ipacei.com\/tr\/kirpikler-gercekten-uzar-mi-ipacei-kirpik-serumu-ile-uzatmak\/#breadcrumb","itemListElement":[{"@type":"ListItem","position":1,"name":"Startseite","item":"https:\/\/ipacei.com\/tr\/"},{"@type":"ListItem","position":2,"name":"Kirpikler gercekten uzar mi= Ipacei kirpik serumu ile uzatmak"}]},{"@type":"WebSite","@id":"https:\/\/ipacei.com\/#website","url":"https:\/\/ipacei.com\/","name":"Wimpernserum Ipacei","description":"Luxury Cosmetic Products for long lashes, longer hair, longer nails and more","potentialAction":[{"@type":"SearchAction","target":{"@type":"EntryPoint","urlTemplate":"https:\/\/ipacei.com\/?s={search_term_string}"},"query-input":{"@type":"PropertyValueSpecification","valueRequired":true,"valueName":"search_term_string"}}],"inLanguage":"tr"}]}},"_links":{"self":[{"href":"https:\/\/ipacei.com\/tr\/wp-json\/wp\/v2\/pages\/44533","targetHints":{"allow":["GET"]}}],"collection":[{"href":"https:\/\/ipacei.com\/tr\/wp-json\/wp\/v2\/pages"}],"about":[{"href":"https:\/\/ipacei.com\/tr\/wp-json\/wp\/v2\/types\/page"}],"author":[{"embeddable":true,"href":"https:\/\/ipacei.com\/tr\/wp-json\/wp\/v2\/users\/2"}],"replies":[{"embeddable":true,"href":"https:\/\/ipacei.com\/tr\/wp-json\/wp\/v2\/comments?post=44533"}],"version-history":[{"count":4,"href":"https:\/\/ipacei.com\/tr\/wp-json\/wp\/v2\/pages\/44533\/revisions"}],"predecessor-version":[{"id":44537,"href":"https:\/\/ipacei.com\/tr\/wp-json\/wp\/v2\/pages\/44533\/revisions\/44537"}],"wp:attachment":[{"href":"https:\/\/ipacei.com\/tr\/wp-json\/wp\/v2\/media?parent=44533"}],"curies":[{"name":"wp","href":"https:\/\/api.w.org\/{rel}","templated":true}]}}