{"id":44540,"date":"2019-01-30T01:50:17","date_gmt":"2019-01-30T01:50:17","guid":{"rendered":"https:\/\/ipacei.com\/ipacei-24-ayar-altin-setleri-ve-yenilebilir-altin\/"},"modified":"2019-01-30T01:50:17","modified_gmt":"2019-01-30T01:50:17","slug":"ipacei-24-ayar-altin-setleri-ve-yenilebilir-altin","status":"publish","type":"page","link":"https:\/\/ipacei.com\/tr\/ipacei-24-ayar-altin-setleri-ve-yenilebilir-altin\/","title":{"rendered":"Ipacei 24 ayar altin setleri ve yenilebilir altin"},"content":{"rendered":"<h3 class=\"product_title entry-title\" style=\"text-align: center;\"><strong>Ipacei 24 ayar altin iceren \u00fcr\u00fcnler!<\/strong><\/h3>\n<h4 class=\"product_title entry-title\" style=\"text-align: center;\"><span lang=\"en\">\u00a0E175 sertifikali ve Almanyada \u00fcretilmektedir, gastronomi, kozmetik sekt\u00f6r\u00fcnde kullanilmaktadir<\/span><span lang=\"en\">.<\/span><\/h4>\n<h5 class=\"product_title entry-title\" style=\"text-align: center;\"><strong>1)\u00a0<\/strong>Yenilebilir 24 ayar saf altin yapraklari (10 ad.), 3l\u00fc set,\u00a0<strong>85,00 <\/strong><span class=\"woocommerce-Price-amount amount\"><span class=\"woocommerce-Price-currencySymbol\"><strong>\u20ac<\/strong><\/span><\/span><\/h5>\n<p><a href=\"https:\/\/ipacei.com\/tr\/produkt\/yenilebilir-24-ayar-saf-altin-yapraklari-10-ad-3er-set\/\"><span style=\"color: #f70295;\">https:\/\/ipacei.com\/tr\/produkt\/yenilebilir-24-ayar-saf-altin-yapraklari-10-ad-3er-set\/\u00a0<\/span><\/a><\/p>\n<p>&nbsp;<\/p>\n<p><img loading=\"lazy\" decoding=\"async\" class=\"size-medium wp-image-43864 aligncenter\" src=\"https:\/\/ipacei.com\/wp-content\/uploads\/2018\/04\/ipacei-rose-gold-cake-282x300.jpg\" alt=\"\" width=\"282\" height=\"300\" srcset=\"https:\/\/ipacei.com\/wp-content\/uploads\/2018\/04\/ipacei-rose-gold-cake-282x300.jpg 282w, https:\/\/ipacei.com\/wp-content\/uploads\/2018\/04\/ipacei-rose-gold-cake-768x818.jpg 768w, https:\/\/ipacei.com\/wp-content\/uploads\/2018\/04\/ipacei-rose-gold-cake-962x1024.jpg 962w, https:\/\/ipacei.com\/wp-content\/uploads\/2018\/04\/ipacei-rose-gold-cake-672x716.jpg 672w, https:\/\/ipacei.com\/wp-content\/uploads\/2018\/04\/ipacei-rose-gold-cake-1038x1105.jpg 1038w, https:\/\/ipacei.com\/wp-content\/uploads\/2018\/04\/ipacei-rose-gold-cake-600x639.jpg 600w, https:\/\/ipacei.com\/wp-content\/uploads\/2018\/04\/ipacei-rose-gold-cake.jpg 1080w\" sizes=\"auto, (max-width: 282px) 100vw, 282px\" \/><\/p>\n<hr \/>\n<h3 class=\"product_title entry-title\"><\/h3>\n<h3 class=\"product_title entry-title\" style=\"text-align: center;\"><strong>2)\u00a0<\/strong>Ipacei Facelifting yagi altinli, k\u00fcc\u00fck,\u00a0vegan, <span class=\"woocommerce-Price-amount amount\">24,00 <span class=\"woocommerce-Price-currencySymbol\">\u20ac<\/span><\/span><\/h3>\n<h5 style=\"text-align: center;\"><a href=\"https:\/\/ipacei.com\/tr\/produkt\/ipacei-facelifting-yagi-altinli-kuecuek\/\"><span style=\"color: #f70295;\">https:\/\/ipacei.com\/tr\/produkt\/ipacei-facelifting-yagi-altinli-kuecuek\/<\/span><\/a><\/h5>\n<p>&nbsp;<\/p>\n<p class=\"product_title entry-title\" style=\"text-align: center;\"><span style=\"color: #fa0584;\">\u00a0<\/span><img loading=\"lazy\" decoding=\"async\" class=\"alignnone size-medium wp-image-44475\" src=\"https:\/\/ipacei.com\/wp-content\/uploads\/2017\/10\/faceliftingoil-ipacei-goldmask-goldmaske-altinmaske-300x200.jpg\" alt=\"\" width=\"300\" height=\"200\" srcset=\"https:\/\/ipacei.com\/wp-content\/uploads\/2017\/10\/faceliftingoil-ipacei-goldmask-goldmaske-altinmaske-300x200.jpg 300w, https:\/\/ipacei.com\/wp-content\/uploads\/2017\/10\/faceliftingoil-ipacei-goldmask-goldmaske-altinmaske-768x512.jpg 768w, https:\/\/ipacei.com\/wp-content\/uploads\/2017\/10\/faceliftingoil-ipacei-goldmask-goldmaske-altinmaske-1024x683.jpg 1024w, https:\/\/ipacei.com\/wp-content\/uploads\/2017\/10\/faceliftingoil-ipacei-goldmask-goldmaske-altinmaske-672x448.jpg 672w, https:\/\/ipacei.com\/wp-content\/uploads\/2017\/10\/faceliftingoil-ipacei-goldmask-goldmaske-altinmaske-1038x692.jpg 1038w, https:\/\/ipacei.com\/wp-content\/uploads\/2017\/10\/faceliftingoil-ipacei-goldmask-goldmaske-altinmaske-600x400.jpg 600w, https:\/\/ipacei.com\/wp-content\/uploads\/2017\/10\/faceliftingoil-ipacei-goldmask-goldmaske-altinmaske.jpg 2000w\" sizes=\"auto, (max-width: 300px) 100vw, 300px\" \/><\/p>\n<hr \/>\n<h3 class=\"product_title entry-title\" style=\"text-align: center;\"><strong>3)\u00a0<\/strong>Ipacei Facelifting yagi altinli, b\u00fcy\u00fck vegan, <span class=\"woocommerce-Price-amount amount\">69,90 <span class=\"woocommerce-Price-currencySymbol\">\u20ac<br \/>\n<\/span><\/span><\/h3>\n<p style=\"text-align: center;\">\u00a0<span style=\"color: #f70295;\"><a style=\"color: #f70295;\" href=\"https:\/\/ipacei.com\/tr\/produkt\/ipacei-facelifting-yagi-altinli-bueyuek\/\">https:\/\/ipacei.com\/tr\/produkt\/ipacei-facelifting-yagi-altinli-bueyuek\/<\/a><\/span><\/p>\n<p>&nbsp;<\/p>\n<p><img loading=\"lazy\" decoding=\"async\" class=\"alignnone size-medium wp-image-44493 aligncenter\" src=\"https:\/\/ipacei.com\/wp-content\/uploads\/2017\/10\/facelifting-\u00f6l-ipacei-gold-1-1-300x200.jpg\" alt=\"\" width=\"300\" height=\"200\" srcset=\"https:\/\/ipacei.com\/wp-content\/uploads\/2017\/10\/facelifting-\u00f6l-ipacei-gold-1-1-300x200.jpg 300w, https:\/\/ipacei.com\/wp-content\/uploads\/2017\/10\/facelifting-\u00f6l-ipacei-gold-1-1-768x512.jpg 768w, https:\/\/ipacei.com\/wp-content\/uploads\/2017\/10\/facelifting-\u00f6l-ipacei-gold-1-1-1024x683.jpg 1024w, https:\/\/ipacei.com\/wp-content\/uploads\/2017\/10\/facelifting-\u00f6l-ipacei-gold-1-1-672x448.jpg 672w, https:\/\/ipacei.com\/wp-content\/uploads\/2017\/10\/facelifting-\u00f6l-ipacei-gold-1-1-1038x692.jpg 1038w, https:\/\/ipacei.com\/wp-content\/uploads\/2017\/10\/facelifting-\u00f6l-ipacei-gold-1-1-600x400.jpg 600w, https:\/\/ipacei.com\/wp-content\/uploads\/2017\/10\/facelifting-\u00f6l-ipacei-gold-1-1.jpg 2000w\" sizes=\"auto, (max-width: 300px) 100vw, 300px\" \/><\/p>\n<hr \/>\n<p>&nbsp;<\/p>\n<h3 class=\"product_title entry-title\" style=\"text-align: center;\"><strong>4)\u00a0<\/strong>Ipacei 24 ayar altinmaske seti<br \/>\nvegan, <span class=\"woocommerce-Price-amount amount\">159,00 <span class=\"woocommerce-Price-currencySymbol\">\u20ac<br \/>\n<\/span><\/span><\/h3>\n<p style=\"text-align: center;\"><span style=\"color: #f70295;\">\u00a0<a style=\"color: #f70295;\" href=\"https:\/\/ipacei.com\/tr\/produkt\/ipacei-24-ayar-altinmaske-seti\/\">https:\/\/ipacei.com\/tr\/produkt\/ipacei-24-ayar-altinmaske-seti\/<\/a><\/span><\/p>\n<p>&nbsp;<\/p>\n<p><img loading=\"lazy\" decoding=\"async\" class=\"alignnone size-medium wp-image-44499 aligncenter\" src=\"https:\/\/ipacei.com\/wp-content\/uploads\/2017\/10\/goldmaske-24-karat-essbaresgold-blattgold-altinmaske-altin-yenilebilir-goldmask-300x300.jpg\" alt=\"\" width=\"300\" height=\"300\" srcset=\"https:\/\/ipacei.com\/wp-content\/uploads\/2017\/10\/goldmaske-24-karat-essbaresgold-blattgold-altinmaske-altin-yenilebilir-goldmask-300x300.jpg 300w, https:\/\/ipacei.com\/wp-content\/uploads\/2017\/10\/goldmaske-24-karat-essbaresgold-blattgold-altinmaske-altin-yenilebilir-goldmask-150x150.jpg 150w, https:\/\/ipacei.com\/wp-content\/uploads\/2017\/10\/goldmaske-24-karat-essbaresgold-blattgold-altinmaske-altin-yenilebilir-goldmask-768x768.jpg 768w, https:\/\/ipacei.com\/wp-content\/uploads\/2017\/10\/goldmaske-24-karat-essbaresgold-blattgold-altinmaske-altin-yenilebilir-goldmask-1024x1024.jpg 1024w, https:\/\/ipacei.com\/wp-content\/uploads\/2017\/10\/goldmaske-24-karat-essbaresgold-blattgold-altinmaske-altin-yenilebilir-goldmask-672x672.jpg 672w, https:\/\/ipacei.com\/wp-content\/uploads\/2017\/10\/goldmaske-24-karat-essbaresgold-blattgold-altinmaske-altin-yenilebilir-goldmask-1038x1038.jpg 1038w, https:\/\/ipacei.com\/wp-content\/uploads\/2017\/10\/goldmaske-24-karat-essbaresgold-blattgold-altinmaske-altin-yenilebilir-goldmask-600x600.jpg 600w, https:\/\/ipacei.com\/wp-content\/uploads\/2017\/10\/goldmaske-24-karat-essbaresgold-blattgold-altinmaske-altin-yenilebilir-goldmask-100x100.jpg 100w, https:\/\/ipacei.com\/wp-content\/uploads\/2017\/10\/goldmaske-24-karat-essbaresgold-blattgold-altinmaske-altin-yenilebilir-goldmask.jpg 1080w\" sizes=\"auto, (max-width: 300px) 100vw, 300px\" \/><\/p>\n<h3 class=\"product_title entry-title\" style=\"text-align: center;\"><\/h3>\n<p>&nbsp;<\/p>\n","protected":false},"excerpt":{"rendered":"<p>Ipacei 24 ayar altin iceren \u00fcr\u00fcnler! \u00a0E175 sertifikali ve Almanyada \u00fcretilmektedir, gastronomi, kozmetik sekt\u00f6r\u00fcnde kullanilmaktadir. 1)\u00a0Yenilebilir 24 ayar saf altin yapraklari (10 ad.), 3l\u00fc set,\u00a085,00 \u20ac https:\/\/ipacei.com\/tr\/produkt\/yenilebilir-24-ayar-saf-altin-yapraklari-10-ad-3er-set\/\u00a0 &nbsp; 2)\u00a0Ipacei Facelifting yagi altinli, k\u00fcc\u00fck,\u00a0vegan, 24,00 \u20ac https:\/\/ipacei.com\/tr\/produkt\/ipacei-facelifting-yagi-altinli-kuecuek\/ &nbsp; \u00a0 3)\u00a0Ipacei Facelifting yagi altinli, b\u00fcy\u00fck vegan, 69,90 \u20ac \u00a0https:\/\/ipacei.com\/tr\/produkt\/ipacei-facelifting-yagi-altinli-bueyuek\/ &nbsp; &nbsp; 4)\u00a0Ipacei 24 ayar altinmaske seti vegan, 159,00 \u20ac \u00a0https:\/\/ipacei.com\/tr\/produkt\/ipacei-24-ayar-altinmaske-seti\/ &nbsp; &nbsp;<\/p>\n","protected":false},"author":2,"featured_media":0,"parent":0,"menu_order":0,"comment_status":"closed","ping_status":"closed","template":"","meta":{"footnotes":""},"class_list":["post-44540","page","type-page","status-publish","hentry"],"yoast_head":"<!-- This site is optimized with the Yoast SEO plugin v25.6 - https:\/\/yoast.com\/wordpress\/plugins\/seo\/ -->\n<title>Ipacei 24 ayar altin setleri ve yenilebilir altin - Wimpernserum Ipacei<\/title>\n<meta name=\"robots\" content=\"index, follow, max-snippet:-1, max-image-preview:large, max-video-preview:-1\" \/>\n<link rel=\"canonical\" href=\"https:\/\/ipacei.com\/tr\/ipacei-24-ayar-altin-setleri-ve-yenilebilir-altin\/\" \/>\n<meta property=\"og:locale\" content=\"tr_TR\" \/>\n<meta property=\"og:type\" content=\"article\" \/>\n<meta property=\"og:title\" content=\"Ipacei 24 ayar altin setleri ve yenilebilir altin - Wimpernserum Ipacei\" \/>\n<meta property=\"og:description\" content=\"Ipacei 24 ayar altin iceren \u00fcr\u00fcnler! \u00a0E175 sertifikali ve Almanyada \u00fcretilmektedir, gastronomi, kozmetik sekt\u00f6r\u00fcnde kullanilmaktadir. 1)\u00a0Yenilebilir 24 ayar saf altin yapraklari (10 ad.), 3l\u00fc set,\u00a085,00 \u20ac https:\/\/ipacei.com\/tr\/produkt\/yenilebilir-24-ayar-saf-altin-yapraklari-10-ad-3er-set\/\u00a0 &nbsp; 2)\u00a0Ipacei Facelifting yagi altinli, k\u00fcc\u00fck,\u00a0vegan, 24,00 \u20ac https:\/\/ipacei.com\/tr\/produkt\/ipacei-facelifting-yagi-altinli-kuecuek\/ &nbsp; \u00a0 3)\u00a0Ipacei Facelifting yagi altinli, b\u00fcy\u00fck vegan, 69,90 \u20ac \u00a0https:\/\/ipacei.com\/tr\/produkt\/ipacei-facelifting-yagi-altinli-bueyuek\/ &nbsp; &nbsp; 4)\u00a0Ipacei 24 ayar altinmaske seti vegan, 159,00 \u20ac \u00a0https:\/\/ipacei.com\/tr\/produkt\/ipacei-24-ayar-altinmaske-seti\/ &nbsp; &nbsp;\" \/>\n<meta property=\"og:url\" content=\"https:\/\/ipacei.com\/tr\/ipacei-24-ayar-altin-setleri-ve-yenilebilir-altin\/\" \/>\n<meta property=\"og:site_name\" content=\"Wimpernserum Ipacei\" \/>\n<meta property=\"article:publisher\" content=\"https:\/\/de-de.facebook.com\/ipacei\/\" \/>\n<meta property=\"og:image\" content=\"https:\/\/ipacei.com\/wp-content\/uploads\/2018\/04\/ipacei-rose-gold-cake.jpg\" \/>\n\t<meta property=\"og:image:width\" content=\"1080\" \/>\n\t<meta property=\"og:image:height\" content=\"1150\" \/>\n\t<meta property=\"og:image:type\" content=\"image\/jpeg\" \/>\n<meta name=\"twitter:card\" content=\"summary_large_image\" \/>\n<meta name=\"twitter:site\" content=\"@IPACEI\" \/>\n<script type=\"application\/ld+json\" class=\"yoast-schema-graph\">{\"@context\":\"https:\/\/schema.org\",\"@graph\":[{\"@type\":\"WebPage\",\"@id\":\"https:\/\/ipacei.com\/tr\/ipacei-24-ayar-altin-setleri-ve-yenilebilir-altin\/\",\"url\":\"https:\/\/ipacei.com\/tr\/ipacei-24-ayar-altin-setleri-ve-yenilebilir-altin\/\",\"name\":\"Ipacei 24 ayar altin setleri ve yenilebilir altin - Wimpernserum Ipacei\",\"isPartOf\":{\"@id\":\"https:\/\/ipacei.com\/#website\"},\"primaryImageOfPage\":{\"@id\":\"https:\/\/ipacei.com\/tr\/ipacei-24-ayar-altin-setleri-ve-yenilebilir-altin\/#primaryimage\"},\"image\":{\"@id\":\"https:\/\/ipacei.com\/tr\/ipacei-24-ayar-altin-setleri-ve-yenilebilir-altin\/#primaryimage\"},\"thumbnailUrl\":\"https:\/\/ipacei.com\/wp-content\/uploads\/2018\/04\/ipacei-rose-gold-cake-282x300.jpg\",\"datePublished\":\"2019-01-30T01:50:17+00:00\",\"breadcrumb\":{\"@id\":\"https:\/\/ipacei.com\/tr\/ipacei-24-ayar-altin-setleri-ve-yenilebilir-altin\/#breadcrumb\"},\"inLanguage\":\"tr\",\"potentialAction\":[{\"@type\":\"ReadAction\",\"target\":[\"https:\/\/ipacei.com\/tr\/ipacei-24-ayar-altin-setleri-ve-yenilebilir-altin\/\"]}]},{\"@type\":\"ImageObject\",\"inLanguage\":\"tr\",\"@id\":\"https:\/\/ipacei.com\/tr\/ipacei-24-ayar-altin-setleri-ve-yenilebilir-altin\/#primaryimage\",\"url\":\"https:\/\/ipacei.com\/wp-content\/uploads\/2018\/04\/ipacei-rose-gold-cake-282x300.jpg\",\"contentUrl\":\"https:\/\/ipacei.com\/wp-content\/uploads\/2018\/04\/ipacei-rose-gold-cake-282x300.jpg\"},{\"@type\":\"BreadcrumbList\",\"@id\":\"https:\/\/ipacei.com\/tr\/ipacei-24-ayar-altin-setleri-ve-yenilebilir-altin\/#breadcrumb\",\"itemListElement\":[{\"@type\":\"ListItem\",\"position\":1,\"name\":\"Startseite\",\"item\":\"https:\/\/ipacei.com\/tr\/\"},{\"@type\":\"ListItem\",\"position\":2,\"name\":\"Ipacei 24 ayar altin setleri ve yenilebilir altin\"}]},{\"@type\":\"WebSite\",\"@id\":\"https:\/\/ipacei.com\/#website\",\"url\":\"https:\/\/ipacei.com\/\",\"name\":\"Wimpernserum Ipacei\",\"description\":\"Luxury Cosmetic Products for long lashes, longer hair, longer nails and more\",\"potentialAction\":[{\"@type\":\"SearchAction\",\"target\":{\"@type\":\"EntryPoint\",\"urlTemplate\":\"https:\/\/ipacei.com\/?s={search_term_string}\"},\"query-input\":{\"@type\":\"PropertyValueSpecification\",\"valueRequired\":true,\"valueName\":\"search_term_string\"}}],\"inLanguage\":\"tr\"}]}<\/script>\n<!-- \/ Yoast SEO plugin. -->","yoast_head_json":{"title":"Ipacei 24 ayar altin setleri ve yenilebilir altin - Wimpernserum Ipacei","robots":{"index":"index","follow":"follow","max-snippet":"max-snippet:-1","max-image-preview":"max-image-preview:large","max-video-preview":"max-video-preview:-1"},"canonical":"https:\/\/ipacei.com\/tr\/ipacei-24-ayar-altin-setleri-ve-yenilebilir-altin\/","og_locale":"tr_TR","og_type":"article","og_title":"Ipacei 24 ayar altin setleri ve yenilebilir altin - Wimpernserum Ipacei","og_description":"Ipacei 24 ayar altin iceren \u00fcr\u00fcnler! \u00a0E175 sertifikali ve Almanyada \u00fcretilmektedir, gastronomi, kozmetik sekt\u00f6r\u00fcnde kullanilmaktadir. 1)\u00a0Yenilebilir 24 ayar saf altin yapraklari (10 ad.), 3l\u00fc set,\u00a085,00 \u20ac https:\/\/ipacei.com\/tr\/produkt\/yenilebilir-24-ayar-saf-altin-yapraklari-10-ad-3er-set\/\u00a0 &nbsp; 2)\u00a0Ipacei Facelifting yagi altinli, k\u00fcc\u00fck,\u00a0vegan, 24,00 \u20ac https:\/\/ipacei.com\/tr\/produkt\/ipacei-facelifting-yagi-altinli-kuecuek\/ &nbsp; \u00a0 3)\u00a0Ipacei Facelifting yagi altinli, b\u00fcy\u00fck vegan, 69,90 \u20ac \u00a0https:\/\/ipacei.com\/tr\/produkt\/ipacei-facelifting-yagi-altinli-bueyuek\/ &nbsp; &nbsp; 4)\u00a0Ipacei 24 ayar altinmaske seti vegan, 159,00 \u20ac \u00a0https:\/\/ipacei.com\/tr\/produkt\/ipacei-24-ayar-altinmaske-seti\/ &nbsp; &nbsp;","og_url":"https:\/\/ipacei.com\/tr\/ipacei-24-ayar-altin-setleri-ve-yenilebilir-altin\/","og_site_name":"Wimpernserum Ipacei","article_publisher":"https:\/\/de-de.facebook.com\/ipacei\/","og_image":[{"width":1080,"height":1150,"url":"https:\/\/ipacei.com\/wp-content\/uploads\/2018\/04\/ipacei-rose-gold-cake.jpg","type":"image\/jpeg"}],"twitter_card":"summary_large_image","twitter_site":"@IPACEI","schema":{"@context":"https:\/\/schema.org","@graph":[{"@type":"WebPage","@id":"https:\/\/ipacei.com\/tr\/ipacei-24-ayar-altin-setleri-ve-yenilebilir-altin\/","url":"https:\/\/ipacei.com\/tr\/ipacei-24-ayar-altin-setleri-ve-yenilebilir-altin\/","name":"Ipacei 24 ayar altin setleri ve yenilebilir altin - Wimpernserum Ipacei","isPartOf":{"@id":"https:\/\/ipacei.com\/#website"},"primaryImageOfPage":{"@id":"https:\/\/ipacei.com\/tr\/ipacei-24-ayar-altin-setleri-ve-yenilebilir-altin\/#primaryimage"},"image":{"@id":"https:\/\/ipacei.com\/tr\/ipacei-24-ayar-altin-setleri-ve-yenilebilir-altin\/#primaryimage"},"thumbnailUrl":"https:\/\/ipacei.com\/wp-content\/uploads\/2018\/04\/ipacei-rose-gold-cake-282x300.jpg","datePublished":"2019-01-30T01:50:17+00:00","breadcrumb":{"@id":"https:\/\/ipacei.com\/tr\/ipacei-24-ayar-altin-setleri-ve-yenilebilir-altin\/#breadcrumb"},"inLanguage":"tr","potentialAction":[{"@type":"ReadAction","target":["https:\/\/ipacei.com\/tr\/ipacei-24-ayar-altin-setleri-ve-yenilebilir-altin\/"]}]},{"@type":"ImageObject","inLanguage":"tr","@id":"https:\/\/ipacei.com\/tr\/ipacei-24-ayar-altin-setleri-ve-yenilebilir-altin\/#primaryimage","url":"https:\/\/ipacei.com\/wp-content\/uploads\/2018\/04\/ipacei-rose-gold-cake-282x300.jpg","contentUrl":"https:\/\/ipacei.com\/wp-content\/uploads\/2018\/04\/ipacei-rose-gold-cake-282x300.jpg"},{"@type":"BreadcrumbList","@id":"https:\/\/ipacei.com\/tr\/ipacei-24-ayar-altin-setleri-ve-yenilebilir-altin\/#breadcrumb","itemListElement":[{"@type":"ListItem","position":1,"name":"Startseite","item":"https:\/\/ipacei.com\/tr\/"},{"@type":"ListItem","position":2,"name":"Ipacei 24 ayar altin setleri ve yenilebilir altin"}]},{"@type":"WebSite","@id":"https:\/\/ipacei.com\/#website","url":"https:\/\/ipacei.com\/","name":"Wimpernserum Ipacei","description":"Luxury Cosmetic Products for long lashes, longer hair, longer nails and more","potentialAction":[{"@type":"SearchAction","target":{"@type":"EntryPoint","urlTemplate":"https:\/\/ipacei.com\/?s={search_term_string}"},"query-input":{"@type":"PropertyValueSpecification","valueRequired":true,"valueName":"search_term_string"}}],"inLanguage":"tr"}]}},"_links":{"self":[{"href":"https:\/\/ipacei.com\/tr\/wp-json\/wp\/v2\/pages\/44540","targetHints":{"allow":["GET"]}}],"collection":[{"href":"https:\/\/ipacei.com\/tr\/wp-json\/wp\/v2\/pages"}],"about":[{"href":"https:\/\/ipacei.com\/tr\/wp-json\/wp\/v2\/types\/page"}],"author":[{"embeddable":true,"href":"https:\/\/ipacei.com\/tr\/wp-json\/wp\/v2\/users\/2"}],"replies":[{"embeddable":true,"href":"https:\/\/ipacei.com\/tr\/wp-json\/wp\/v2\/comments?post=44540"}],"version-history":[{"count":0,"href":"https:\/\/ipacei.com\/tr\/wp-json\/wp\/v2\/pages\/44540\/revisions"}],"wp:attachment":[{"href":"https:\/\/ipacei.com\/tr\/wp-json\/wp\/v2\/media?parent=44540"}],"curies":[{"name":"wp","href":"https:\/\/api.w.org\/{rel}","templated":true}]}}