{"id":8106,"date":"2015-09-23T12:18:09","date_gmt":"2015-09-23T10:18:09","guid":{"rendered":"http:\/\/ipacei.de\/the-company-2\/"},"modified":"2017-12-01T18:27:28","modified_gmt":"2017-12-01T18:27:28","slug":"the-company-3","status":"publish","type":"page","link":"https:\/\/ipacei.com\/tr\/the-company-3\/","title":{"rendered":"\u015eirket hakk\u0131nda"},"content":{"rendered":"<p>[vc_row][vc_column][vc_single_image image=&#8221;42976&#8243; img_size=&#8221;full&#8221;][\/vc_column][\/vc_row][vc_row][vc_column width=&#8221;2\/3&#8243;][vc_column_text]<\/p>\n<h3 class=\"r\"><strong>\u015eIRKET HAKKINDA<\/strong><\/h3>\n<p>&nbsp;<\/p>\n<p><span style=\"color: #eb076d;\"><strong>IPK COSMETICS<\/strong><\/span> g\u00fczelligin ve yaraticiligin kesistigi noktada, hayalleri gerceklestirip ve yeni trendleri kesfedip, Almanyada kurulu kozmetik ve g\u00fczellik sirketidir.<\/p>\n<p>Mutlulugu arttiran \u00fcr\u00fcnlere erisimi kolaylastirmak, gezegenin g\u00fczelligini korumak i\u00e7in ve yenilik\u00e7i g\u00fcc\u00fcn\u00fc harekete ge\u00e7irmek icin, <strong><span style=\"color: #eb076d;\">IPAC\u00c8I<\/span><\/strong> kozmetik \u00fcr\u00fcnleri en y\u00fcksek uluslararasi kalite standartlarina g\u00f6re tasarlanmis ve Almanya ile Avusturyada \u00fcretilmektedir .<\/p>\n<h3 class=\"feature-title\">Hammadde kalitesi ve Doga ile Cevreye karsi saygi<\/h3>\n<div class=\"feature-text\">Hammade \u00fcretim s\u00fcrecinde, kalite standartlarina g\u00f6re s<span lang=\"tr\">\u0131k<\/span><span lang=\"tr\">\u0131 bir sekilde kontrol edilmektedir. \u00dcr\u00fcnlerimizde hayvan testleri yapilmamaktadir.<\/span><\/div>\n<div class=\"feature-text\">\n<h3 class=\"feature-title\">Kalite Y\u00f6netimi<\/h3>\n<div class=\"feature-text\">Kalite sistemlerimiz y\u00fcksek m\u00fcsteri memnuniyetini saglamak icin, s\u00fcrekli kontrol altindadir.<\/div>\n<div class=\"feature-text\">\n<h3 class=\"feature-title\">D\u00fcnya Sa\u011fl\u0131k \u00d6rg\u00fct\u00fc<\/h3>\n<div class=\"feature-text\">\n<div class=\"tw-swapa\"><span lang=\"tr\">Kozmetik \u00fcr\u00fcnlerimiz, D\u00fcnya Sa\u011fl\u0131k \u00d6rg\u00fct\u00fc (WHO) ile Avrupa Kozmetik Direktiflerin kurallarina uygun sekilde \u00fcretilmektedir. <\/span><\/div>\n<div class=\"tw-swapa\"><\/div>\n<\/div>\n<\/div>\n<\/div>\n<p><strong>Try it the IPAC\u00c8I Way!<\/strong><\/p>\n<p><span lang=\"tr\">IPK COSMETICS olarak, sonuc odakli<\/span> ve en k\u0131sa s\u00fcrede g\u00f6zle g\u00f6r\u00fcl\u00fcr sonuclar icin, kosmetik \u00fcr\u00fcnlerimizde<span lang=\"tr\"> aktif icerikler kullaniyoruz.<\/span><\/p>\n<p>&nbsp;<\/p>\n<p><span style=\"color: #f70a55;\"><strong>Do<span class=\"st\"><em>\u011f<\/em><\/span>al g\u00fczelli<span class=\"st\"><em>\u011f<\/em><\/span>ini ya<span class=\"st\"><em>\u015f<\/em><\/span>at!<\/strong><\/span>[\/vc_column_text][\/vc_column][vc_column width=&#8221;1\/3&#8243;][\/vc_column][\/vc_row]<\/p>\n","protected":false},"excerpt":{"rendered":"<p>[vc_row][vc_column][vc_single_image image=&#8221;42976&#8243; img_size=&#8221;full&#8221;][\/vc_column][\/vc_row][vc_row][vc_column width=&#8221;2\/3&#8243;][vc_column_text] \u015eIRKET HAKKINDA &nbsp; IPK COSMETICS g\u00fczelligin ve yaraticiligin kesistigi noktada, hayalleri gerceklestirip ve yeni trendleri kesfedip, Almanyada kurulu kozmetik ve g\u00fczellik sirketidir. Mutlulugu arttiran \u00fcr\u00fcnlere erisimi kolaylastirmak, gezegenin g\u00fczelligini korumak i\u00e7in ve yenilik\u00e7i g\u00fcc\u00fcn\u00fc harekete ge\u00e7irmek icin, IPAC\u00c8I kozmetik \u00fcr\u00fcnleri en y\u00fcksek uluslararasi kalite standartlarina g\u00f6re tasarlanmis ve Almanya ile Avusturyada \u00fcretilmektedir . Hammadde kalitesi ve [&hellip;]<\/p>\n","protected":false},"author":2,"featured_media":0,"parent":0,"menu_order":0,"comment_status":"closed","ping_status":"closed","template":"page-templates\/full-width.php","meta":{"footnotes":""},"class_list":["post-8106","page","type-page","status-publish","hentry"],"yoast_head":"<!-- This site is optimized with the Yoast SEO plugin v27.4 - https:\/\/yoast.com\/product\/yoast-seo-wordpress\/ -->\n<title>\u015eirket hakk\u0131nda - Wimpernserum Ipacei<\/title>\n<meta name=\"robots\" content=\"index, follow, max-snippet:-1, max-image-preview:large, max-video-preview:-1\" \/>\n<link rel=\"canonical\" href=\"https:\/\/ipacei.com\/tr\/the-company-3\/\" \/>\n<meta property=\"og:locale\" content=\"tr_TR\" \/>\n<meta property=\"og:type\" content=\"article\" \/>\n<meta property=\"og:title\" content=\"\u015eirket hakk\u0131nda - Wimpernserum Ipacei\" \/>\n<meta property=\"og:description\" content=\"[vc_row][vc_column][vc_single_image image=&#8221;42976&#8243; img_size=&#8221;full&#8221;][\/vc_column][\/vc_row][vc_row][vc_column width=&#8221;2\/3&#8243;][vc_column_text] \u015eIRKET HAKKINDA &nbsp; IPK COSMETICS g\u00fczelligin ve yaraticiligin kesistigi noktada, hayalleri gerceklestirip ve yeni trendleri kesfedip, Almanyada kurulu kozmetik ve g\u00fczellik sirketidir. Mutlulugu arttiran \u00fcr\u00fcnlere erisimi kolaylastirmak, gezegenin g\u00fczelligini korumak i\u00e7in ve yenilik\u00e7i g\u00fcc\u00fcn\u00fc harekete ge\u00e7irmek icin, IPAC\u00c8I kozmetik \u00fcr\u00fcnleri en y\u00fcksek uluslararasi kalite standartlarina g\u00f6re tasarlanmis ve Almanya ile Avusturyada \u00fcretilmektedir . Hammadde kalitesi ve [&hellip;]\" \/>\n<meta property=\"og:url\" content=\"https:\/\/ipacei.com\/tr\/the-company-3\/\" \/>\n<meta property=\"og:site_name\" content=\"Wimpernserum Ipacei\" \/>\n<meta property=\"article:publisher\" content=\"https:\/\/de-de.facebook.com\/ipacei\/\" \/>\n<meta property=\"article:modified_time\" content=\"2017-12-01T18:27:28+00:00\" \/>\n<meta name=\"twitter:card\" content=\"summary_large_image\" \/>\n<meta name=\"twitter:site\" content=\"@IPACEI\" \/>\n<meta name=\"twitter:label1\" content=\"Tahmini okuma s\u00fcresi\" \/>\n\t<meta name=\"twitter:data1\" content=\"1 dakika\" \/>\n<script type=\"application\/ld+json\" class=\"yoast-schema-graph\">{\"@context\":\"https:\\\/\\\/schema.org\",\"@graph\":[{\"@type\":\"WebPage\",\"@id\":\"https:\\\/\\\/ipacei.com\\\/tr\\\/the-company-3\\\/\",\"url\":\"https:\\\/\\\/ipacei.com\\\/tr\\\/the-company-3\\\/\",\"name\":\"\u015eirket hakk\u0131nda - Wimpernserum Ipacei\",\"isPartOf\":{\"@id\":\"https:\\\/\\\/ipacei.com\\\/#website\"},\"datePublished\":\"2015-09-23T10:18:09+00:00\",\"dateModified\":\"2017-12-01T18:27:28+00:00\",\"breadcrumb\":{\"@id\":\"https:\\\/\\\/ipacei.com\\\/tr\\\/the-company-3\\\/#breadcrumb\"},\"inLanguage\":\"tr\",\"potentialAction\":[{\"@type\":\"ReadAction\",\"target\":[\"https:\\\/\\\/ipacei.com\\\/tr\\\/the-company-3\\\/\"]}]},{\"@type\":\"BreadcrumbList\",\"@id\":\"https:\\\/\\\/ipacei.com\\\/tr\\\/the-company-3\\\/#breadcrumb\",\"itemListElement\":[{\"@type\":\"ListItem\",\"position\":1,\"name\":\"Startseite\",\"item\":\"https:\\\/\\\/ipacei.com\\\/tr\\\/\"},{\"@type\":\"ListItem\",\"position\":2,\"name\":\"\u015eirket hakk\u0131nda\"}]},{\"@type\":\"WebSite\",\"@id\":\"https:\\\/\\\/ipacei.com\\\/#website\",\"url\":\"https:\\\/\\\/ipacei.com\\\/\",\"name\":\"Wimpernserum Ipacei\",\"description\":\"Luxury Cosmetic Products for long lashes, longer hair, longer nails and more\",\"potentialAction\":[{\"@type\":\"SearchAction\",\"target\":{\"@type\":\"EntryPoint\",\"urlTemplate\":\"https:\\\/\\\/ipacei.com\\\/?s={search_term_string}\"},\"query-input\":{\"@type\":\"PropertyValueSpecification\",\"valueRequired\":true,\"valueName\":\"search_term_string\"}}],\"inLanguage\":\"tr\"}]}<\/script>\n<!-- \/ Yoast SEO plugin. -->","yoast_head_json":{"title":"\u015eirket hakk\u0131nda - Wimpernserum Ipacei","robots":{"index":"index","follow":"follow","max-snippet":"max-snippet:-1","max-image-preview":"max-image-preview:large","max-video-preview":"max-video-preview:-1"},"canonical":"https:\/\/ipacei.com\/tr\/the-company-3\/","og_locale":"tr_TR","og_type":"article","og_title":"\u015eirket hakk\u0131nda - Wimpernserum Ipacei","og_description":"[vc_row][vc_column][vc_single_image image=&#8221;42976&#8243; img_size=&#8221;full&#8221;][\/vc_column][\/vc_row][vc_row][vc_column width=&#8221;2\/3&#8243;][vc_column_text] \u015eIRKET HAKKINDA &nbsp; IPK COSMETICS g\u00fczelligin ve yaraticiligin kesistigi noktada, hayalleri gerceklestirip ve yeni trendleri kesfedip, Almanyada kurulu kozmetik ve g\u00fczellik sirketidir. Mutlulugu arttiran \u00fcr\u00fcnlere erisimi kolaylastirmak, gezegenin g\u00fczelligini korumak i\u00e7in ve yenilik\u00e7i g\u00fcc\u00fcn\u00fc harekete ge\u00e7irmek icin, IPAC\u00c8I kozmetik \u00fcr\u00fcnleri en y\u00fcksek uluslararasi kalite standartlarina g\u00f6re tasarlanmis ve Almanya ile Avusturyada \u00fcretilmektedir . Hammadde kalitesi ve [&hellip;]","og_url":"https:\/\/ipacei.com\/tr\/the-company-3\/","og_site_name":"Wimpernserum Ipacei","article_publisher":"https:\/\/de-de.facebook.com\/ipacei\/","article_modified_time":"2017-12-01T18:27:28+00:00","twitter_card":"summary_large_image","twitter_site":"@IPACEI","twitter_misc":{"Tahmini okuma s\u00fcresi":"1 dakika"},"schema":{"@context":"https:\/\/schema.org","@graph":[{"@type":"WebPage","@id":"https:\/\/ipacei.com\/tr\/the-company-3\/","url":"https:\/\/ipacei.com\/tr\/the-company-3\/","name":"\u015eirket hakk\u0131nda - Wimpernserum Ipacei","isPartOf":{"@id":"https:\/\/ipacei.com\/#website"},"datePublished":"2015-09-23T10:18:09+00:00","dateModified":"2017-12-01T18:27:28+00:00","breadcrumb":{"@id":"https:\/\/ipacei.com\/tr\/the-company-3\/#breadcrumb"},"inLanguage":"tr","potentialAction":[{"@type":"ReadAction","target":["https:\/\/ipacei.com\/tr\/the-company-3\/"]}]},{"@type":"BreadcrumbList","@id":"https:\/\/ipacei.com\/tr\/the-company-3\/#breadcrumb","itemListElement":[{"@type":"ListItem","position":1,"name":"Startseite","item":"https:\/\/ipacei.com\/tr\/"},{"@type":"ListItem","position":2,"name":"\u015eirket hakk\u0131nda"}]},{"@type":"WebSite","@id":"https:\/\/ipacei.com\/#website","url":"https:\/\/ipacei.com\/","name":"Wimpernserum Ipacei","description":"Luxury Cosmetic Products for long lashes, longer hair, longer nails and more","potentialAction":[{"@type":"SearchAction","target":{"@type":"EntryPoint","urlTemplate":"https:\/\/ipacei.com\/?s={search_term_string}"},"query-input":{"@type":"PropertyValueSpecification","valueRequired":true,"valueName":"search_term_string"}}],"inLanguage":"tr"}]}},"_links":{"self":[{"href":"https:\/\/ipacei.com\/tr\/wp-json\/wp\/v2\/pages\/8106","targetHints":{"allow":["GET"]}}],"collection":[{"href":"https:\/\/ipacei.com\/tr\/wp-json\/wp\/v2\/pages"}],"about":[{"href":"https:\/\/ipacei.com\/tr\/wp-json\/wp\/v2\/types\/page"}],"author":[{"embeddable":true,"href":"https:\/\/ipacei.com\/tr\/wp-json\/wp\/v2\/users\/2"}],"replies":[{"embeddable":true,"href":"https:\/\/ipacei.com\/tr\/wp-json\/wp\/v2\/comments?post=8106"}],"version-history":[{"count":3,"href":"https:\/\/ipacei.com\/tr\/wp-json\/wp\/v2\/pages\/8106\/revisions"}],"predecessor-version":[{"id":43315,"href":"https:\/\/ipacei.com\/tr\/wp-json\/wp\/v2\/pages\/8106\/revisions\/43315"}],"wp:attachment":[{"href":"https:\/\/ipacei.com\/tr\/wp-json\/wp\/v2\/media?parent=8106"}],"curies":[{"name":"wp","href":"https:\/\/api.w.org\/{rel}","templated":true}]}}