{"id":8580,"date":"2015-09-23T16:16:29","date_gmt":"2015-09-23T14:16:29","guid":{"rendered":"https:\/\/ipacei.com\/tr\/for-business\/"},"modified":"2020-12-13T22:17:36","modified_gmt":"2020-12-13T22:17:36","slug":"for-business-3","status":"publish","type":"page","link":"https:\/\/ipacei.com\/tr\/for-business-3\/","title":{"rendered":"Ipacei Partneri olun, Franchise, Bayilik, Distrib\u00fct\u00f6rl\u00fck"},"content":{"rendered":"<p>[vc_row][vc_column width=&#8221;1\/2&#8243;][vc_column_text]<\/p>\n<p style=\"text-align: center;\"><strong><img loading=\"lazy\" decoding=\"async\" class=\"alignnone size-medium wp-image-43849\" src=\"https:\/\/ipacei.com\/wp-content\/uploads\/2018\/04\/Ipacei-Kosmetikhaendler-Distributor-Kosmetikprodukte-Ksometikgrosshandel-Hersteller-300x197.jpg\" alt=\"\" width=\"300\" height=\"197\" \/><br \/>\nIpacei Partneri olun!<\/strong><strong>\u00a0<\/strong><\/p>\n<p class=\"tw-data-text tw-text-large XcVN5d tw-ta\" dir=\"ltr\" style=\"text-align: center;\" data-placeholder=\"\u00dcbersetzung\"><span lang=\"tr\">Franchise i\u00e7in \u00f6ncelikli ilgi alanlari:<br \/>\n-\u0130spanya<br \/>\n-Ingiltere<br \/>\n-\u0130talya<br \/>\n-Rusya<br \/>\n-Dubai<br \/>\n-Katar<br \/>\n-AMER\u0130KA B\u0130RLE\u015e\u0130K DEVLETLER\u0130 <\/span><\/p>\n<p class=\"tw-data-text tw-text-large XcVN5d tw-ta\" dir=\"ltr\" style=\"text-align: center;\" data-placeholder=\"\u00dcbersetzung\"><span lang=\"tr\">Di\u011fer \u00fclkelerle ilgileniyorsan\u0131z, l\u00fctfen bize \u00f6nceden ba\u015fka \u015firketlerle ortakl\u0131\u011f\u0131n olup olmad\u0131\u011f\u0131n\u0131 sorunuz.<\/span><\/p>\n<p>Ipacei Partneri\/Bayisi olarak m\u00fc\u015fterilerinizi etki g\u00f6steren Ipacei \u00fcr\u00fcnleri ile memnun ediniz.<\/p>\n<p>Bizimle \u00e7al\u0131\u015f\u0131p, Parf\u00fcmeri, G\u00fczellik Salonlar\u0131nda veya SPA tesislerinde Ipacei \u00fcr\u00fcnlerini sunup, k\u00e2rl\u0131 f\u0131rsatlar\u0131ndan yararlanabilirsiniz.<\/p>\n<p>Distrib\u00fct\u00f6r ve Partnerlerimizi \u00f6zel g\u00f6steri standlar\u0131, poster ve reklam malzemeleri ile birlikte desteklemekteyiz.<\/p>\n<p>Ilgileniyorsan\u0131z formu doldurunuz l\u00fctfen, en k\u0131sa s\u00fcrede Sizinle irtibata ge\u00e7ece\u011fiz.<\/p>\n<p><img loading=\"lazy\" decoding=\"async\" class=\"size-medium wp-image-38763 aligncenter\" src=\"https:\/\/ipacei.lvps92-51-131-154.dedicated.hosteurope.de\/wp-content\/uploads\/2015\/09\/Ipacei-Display-B2B-Distributor-Verkauf-240x300.jpg\" alt=\"\" width=\"240\" height=\"300\" srcset=\"https:\/\/ipacei.com\/wp-content\/uploads\/2015\/09\/Ipacei-Display-B2B-Distributor-Verkauf-240x300.jpg 240w, https:\/\/ipacei.com\/wp-content\/uploads\/2015\/09\/Ipacei-Display-B2B-Distributor-Verkauf-600x750.jpg 600w, https:\/\/ipacei.com\/wp-content\/uploads\/2015\/09\/Ipacei-Display-B2B-Distributor-Verkauf-672x840.jpg 672w, https:\/\/ipacei.com\/wp-content\/uploads\/2015\/09\/Ipacei-Display-B2B-Distributor-Verkauf.jpg 750w\" sizes=\"auto, (max-width: 240px) 100vw, 240px\" \/>[\/vc_column_text][\/vc_column][vc_column width=&#8221;1\/2&#8243;][vc_column_text]<\/p>\n<h4><strong>Mesaj yolu ile irtibata ge\u00e7iniz l\u00fctfen!<\/strong><\/h4>\n\n<div class=\"wpcf7 no-js\" id=\"wpcf7-f43596-o1\" lang=\"de-DE\" dir=\"ltr\" data-wpcf7-id=\"43596\">\n<div class=\"screen-reader-response\"><p role=\"status\" aria-live=\"polite\" aria-atomic=\"true\"><\/p> <ul><\/ul><\/div>\n<form action=\"\/tr\/wp-json\/wp\/v2\/pages\/8580#wpcf7-f43596-o1\" method=\"post\" class=\"wpcf7-form init\" aria-label=\"\u0130leti\u015fim Formu\" novalidate=\"novalidate\" data-status=\"init\">\n<fieldset class=\"hidden-fields-container\"><input type=\"hidden\" name=\"_wpcf7\" value=\"43596\" \/><input type=\"hidden\" name=\"_wpcf7_version\" value=\"6.1.5\" \/><input type=\"hidden\" name=\"_wpcf7_locale\" value=\"de_DE\" \/><input type=\"hidden\" name=\"_wpcf7_unit_tag\" value=\"wpcf7-f43596-o1\" \/><input type=\"hidden\" name=\"_wpcf7_container_post\" value=\"0\" \/><input type=\"hidden\" name=\"_wpcf7_posted_data_hash\" value=\"\" \/>\n<\/fieldset>\n<p>Is yeri adi *\n<\/p>\n<p><span class=\"wpcf7-form-control-wrap\" data-name=\"business-name\"><input size=\"40\" maxlength=\"400\" class=\"wpcf7-form-control wpcf7-text wpcf7-validates-as-required\" aria-required=\"true\" aria-invalid=\"false\" value=\"\" type=\"text\" name=\"business-name\" \/><\/span>\n<\/p>\n<p>Ilgili kisi*\n<\/p>\n<p><span class=\"wpcf7-form-control-wrap\" data-name=\"your-name\"><input size=\"40\" maxlength=\"400\" class=\"wpcf7-form-control wpcf7-text wpcf7-validates-as-required\" aria-required=\"true\" aria-invalid=\"false\" value=\"\" type=\"text\" name=\"your-name\" \/><\/span>\n<\/p>\n<p>Is yeri adresi *\n<\/p>\n<p><span class=\"wpcf7-form-control-wrap\" data-name=\"address\"><input size=\"40\" maxlength=\"400\" class=\"wpcf7-form-control wpcf7-text wpcf7-validates-as-required\" aria-required=\"true\" aria-invalid=\"false\" value=\"\" type=\"text\" name=\"address\" \/><\/span>\n<\/p>\n<p>Sehir\n<\/p>\n<p><span class=\"wpcf7-form-control-wrap\" data-name=\"city\"><input size=\"40\" maxlength=\"400\" class=\"wpcf7-form-control wpcf7-text\" aria-invalid=\"false\" value=\"\" type=\"text\" name=\"city\" \/><\/span>\n<\/p>\n<p>Postakodu\n<\/p>\n<p><span class=\"wpcf7-form-control-wrap\" data-name=\"zip\"><input size=\"40\" maxlength=\"400\" class=\"wpcf7-form-control wpcf7-text\" aria-invalid=\"false\" value=\"\" type=\"text\" name=\"zip\" \/><\/span>\n<\/p>\n<p>Telefonnumaraniz *\n<\/p>\n<p><span class=\"wpcf7-form-control-wrap\" data-name=\"telephone\"><input size=\"40\" maxlength=\"400\" class=\"wpcf7-form-control wpcf7-text wpcf7-validates-as-required\" aria-required=\"true\" aria-invalid=\"false\" value=\"\" type=\"text\" name=\"telephone\" \/><\/span>\n<\/p>\n<p>Websiteniz (var ise)\n<\/p>\n<p><span class=\"wpcf7-form-control-wrap\" data-name=\"website\"><input size=\"40\" maxlength=\"400\" class=\"wpcf7-form-control wpcf7-text\" aria-invalid=\"false\" value=\"\" type=\"text\" name=\"website\" \/><\/span>\n<\/p>\n<p>E-Mail adresiniz*\n<\/p>\n<p><span class=\"wpcf7-form-control-wrap\" data-name=\"your-email\"><input size=\"40\" maxlength=\"400\" class=\"wpcf7-form-control wpcf7-email wpcf7-validates-as-required wpcf7-text wpcf7-validates-as-email\" aria-required=\"true\" aria-invalid=\"false\" value=\"\" type=\"email\" name=\"your-email\" \/><\/span>\n<\/p>\n<p>L\u00fctfen isbirligi icin kisa detaylarla isteginiz iletiniz.*\n<\/p>\n<p>Hangi Ipacei \u00fcr\u00fcnleri satisa sunmak istediginizi ve satis nokta kanallarinizi yaziniz.<br \/>\n<span class=\"wpcf7-form-control-wrap\" data-name=\"your-message\"><textarea cols=\"40\" rows=\"10\" maxlength=\"2000\" class=\"wpcf7-form-control wpcf7-textarea wpcf7-validates-as-required\" aria-required=\"true\" aria-invalid=\"false\" name=\"your-message\"><\/textarea><\/span>\n<\/p>\n<p><input class=\"wpcf7-form-control wpcf7-submit has-spinner\" type=\"submit\" value=\"Iletiniz\" \/>\n<\/p><input type=\"hidden\" id=\"ct_checkjs_cf7_35f4a8d465e6e1edc05f3d8ab658c551\" name=\"ct_checkjs_cf7\" value=\"0\" \/><script >setTimeout(function(){var ct_input_name = \"ct_checkjs_cf7_35f4a8d465e6e1edc05f3d8ab658c551\";if (document.getElementById(ct_input_name) !== null) {var ct_input_value = document.getElementById(ct_input_name).value;document.getElementById(ct_input_name).value = document.getElementById(ct_input_name).value.replace(ct_input_value, 'eff6badb74e623af67104371a2f516bc24e6502e220cc346d1b52ed5fc2073c7');}}, 1000);<\/script><input\n                    class=\"apbct_special_field apbct_email_id__wp_contact_form_7\"\n                    name=\"apbct__email_id__wp_contact_form_7\"\n                    aria-label=\"apbct__label_id__wp_contact_form_7\"\n                    type=\"text\" size=\"30\" maxlength=\"200\" autocomplete=\"off\"\n                    value=\"\"\n                \/><div class=\"wpcf7-response-output\" aria-hidden=\"true\"><\/div>\n<\/form>\n<\/div>\n\n<p>[\/vc_column_text][\/vc_column][\/vc_row]<\/p>\n","protected":false},"excerpt":{"rendered":"<p>[vc_row][vc_column width=&#8221;1\/2&#8243;][vc_column_text] Ipacei Partneri olun!\u00a0 Franchise i\u00e7in \u00f6ncelikli ilgi alanlari: -\u0130spanya -Ingiltere -\u0130talya -Rusya -Dubai -Katar -AMER\u0130KA B\u0130RLE\u015e\u0130K DEVLETLER\u0130 Di\u011fer \u00fclkelerle ilgileniyorsan\u0131z, l\u00fctfen bize \u00f6nceden ba\u015fka \u015firketlerle ortakl\u0131\u011f\u0131n olup olmad\u0131\u011f\u0131n\u0131 sorunuz. Ipacei Partneri\/Bayisi olarak m\u00fc\u015fterilerinizi etki g\u00f6steren Ipacei \u00fcr\u00fcnleri ile memnun ediniz. Bizimle \u00e7al\u0131\u015f\u0131p, Parf\u00fcmeri, G\u00fczellik Salonlar\u0131nda veya SPA tesislerinde Ipacei \u00fcr\u00fcnlerini sunup, k\u00e2rl\u0131 f\u0131rsatlar\u0131ndan yararlanabilirsiniz. Distrib\u00fct\u00f6r ve Partnerlerimizi \u00f6zel [&hellip;]<\/p>\n","protected":false},"author":2,"featured_media":0,"parent":0,"menu_order":0,"comment_status":"closed","ping_status":"closed","template":"page-templates\/full-width.php","meta":{"footnotes":""},"class_list":["post-8580","page","type-page","status-publish","hentry"],"yoast_head":"<!-- This site is optimized with the Yoast SEO plugin v27.4 - https:\/\/yoast.com\/product\/yoast-seo-wordpress\/ -->\n<title>Ipacei Partneri olun, Franchise, Bayilik, Distrib\u00fct\u00f6rl\u00fck - Wimpernserum Ipacei<\/title>\n<meta name=\"description\" content=\"kozmetik satin alma, kozmetik satis, kozmetik toptanci, kozmetik satmak, kirpik serumu \u00fcreticisi, kozmetik \u00fcretici, sac uzatici, tirnak uzatma, kuaf\u00f6r malzeme satan yerler, g\u00fczellik merkezleri, g\u00fczellik salonlar, is teklifi, para kazanmak, ipacei distrib\u00fct\u00f6r olmak, franchise\" \/>\n<meta name=\"robots\" content=\"index, follow, max-snippet:-1, max-image-preview:large, max-video-preview:-1\" \/>\n<link rel=\"canonical\" href=\"https:\/\/ipacei.com\/tr\/for-business-3\/\" \/>\n<meta property=\"og:locale\" content=\"tr_TR\" \/>\n<meta property=\"og:type\" content=\"article\" \/>\n<meta property=\"og:title\" content=\"Ipacei Partneri olun, Franchise, Bayilik, Distrib\u00fct\u00f6rl\u00fck - Wimpernserum Ipacei\" \/>\n<meta property=\"og:description\" content=\"kozmetik satin alma, kozmetik satis, kozmetik toptanci, kozmetik satmak, kirpik serumu \u00fcreticisi, kozmetik \u00fcretici, sac uzatici, tirnak uzatma, kuaf\u00f6r malzeme satan yerler, g\u00fczellik merkezleri, g\u00fczellik salonlar, is teklifi, para kazanmak, ipacei distrib\u00fct\u00f6r olmak, franchise\" \/>\n<meta property=\"og:url\" content=\"https:\/\/ipacei.com\/tr\/for-business-3\/\" \/>\n<meta property=\"og:site_name\" content=\"Wimpernserum Ipacei\" \/>\n<meta property=\"article:publisher\" content=\"https:\/\/de-de.facebook.com\/ipacei\/\" \/>\n<meta property=\"article:modified_time\" content=\"2020-12-13T22:17:36+00:00\" \/>\n<meta property=\"og:image\" content=\"https:\/\/ipacei.com\/wp-content\/uploads\/2018\/04\/Ipacei-Kosmetikhaendler-Distributor-Kosmetikprodukte-Ksometikgrosshandel-Hersteller.jpg\" \/>\n\t<meta property=\"og:image:width\" content=\"3500\" \/>\n\t<meta property=\"og:image:height\" content=\"2300\" \/>\n\t<meta property=\"og:image:type\" content=\"image\/jpeg\" \/>\n<meta name=\"twitter:card\" content=\"summary_large_image\" \/>\n<meta name=\"twitter:site\" content=\"@IPACEI\" \/>\n<meta name=\"twitter:label1\" content=\"Tahmini okuma s\u00fcresi\" \/>\n\t<meta name=\"twitter:data1\" content=\"1 dakika\" \/>\n<script type=\"application\/ld+json\" class=\"yoast-schema-graph\">{\"@context\":\"https:\\\/\\\/schema.org\",\"@graph\":[{\"@type\":\"WebPage\",\"@id\":\"https:\\\/\\\/ipacei.com\\\/tr\\\/for-business-3\\\/\",\"url\":\"https:\\\/\\\/ipacei.com\\\/tr\\\/for-business-3\\\/\",\"name\":\"Ipacei Partneri olun, Franchise, Bayilik, Distrib\u00fct\u00f6rl\u00fck - Wimpernserum Ipacei\",\"isPartOf\":{\"@id\":\"https:\\\/\\\/ipacei.com\\\/#website\"},\"primaryImageOfPage\":{\"@id\":\"https:\\\/\\\/ipacei.com\\\/tr\\\/for-business-3\\\/#primaryimage\"},\"image\":{\"@id\":\"https:\\\/\\\/ipacei.com\\\/tr\\\/for-business-3\\\/#primaryimage\"},\"thumbnailUrl\":\"https:\\\/\\\/ipacei.com\\\/wp-content\\\/uploads\\\/2018\\\/04\\\/Ipacei-Kosmetikhaendler-Distributor-Kosmetikprodukte-Ksometikgrosshandel-Hersteller-300x197.jpg\",\"datePublished\":\"2015-09-23T14:16:29+00:00\",\"dateModified\":\"2020-12-13T22:17:36+00:00\",\"description\":\"kozmetik satin alma, kozmetik satis, kozmetik toptanci, kozmetik satmak, kirpik serumu \u00fcreticisi, kozmetik \u00fcretici, sac uzatici, tirnak uzatma, kuaf\u00f6r malzeme satan yerler, g\u00fczellik merkezleri, g\u00fczellik salonlar, is teklifi, para kazanmak, ipacei distrib\u00fct\u00f6r olmak, franchise\",\"breadcrumb\":{\"@id\":\"https:\\\/\\\/ipacei.com\\\/tr\\\/for-business-3\\\/#breadcrumb\"},\"inLanguage\":\"tr\",\"potentialAction\":[{\"@type\":\"ReadAction\",\"target\":[\"https:\\\/\\\/ipacei.com\\\/tr\\\/for-business-3\\\/\"]}]},{\"@type\":\"ImageObject\",\"inLanguage\":\"tr\",\"@id\":\"https:\\\/\\\/ipacei.com\\\/tr\\\/for-business-3\\\/#primaryimage\",\"url\":\"https:\\\/\\\/ipacei.com\\\/wp-content\\\/uploads\\\/2018\\\/04\\\/Ipacei-Kosmetikhaendler-Distributor-Kosmetikprodukte-Ksometikgrosshandel-Hersteller-300x197.jpg\",\"contentUrl\":\"https:\\\/\\\/ipacei.com\\\/wp-content\\\/uploads\\\/2018\\\/04\\\/Ipacei-Kosmetikhaendler-Distributor-Kosmetikprodukte-Ksometikgrosshandel-Hersteller-300x197.jpg\"},{\"@type\":\"BreadcrumbList\",\"@id\":\"https:\\\/\\\/ipacei.com\\\/tr\\\/for-business-3\\\/#breadcrumb\",\"itemListElement\":[{\"@type\":\"ListItem\",\"position\":1,\"name\":\"Startseite\",\"item\":\"https:\\\/\\\/ipacei.com\\\/tr\\\/\"},{\"@type\":\"ListItem\",\"position\":2,\"name\":\"Ipacei Partneri olun, Franchise, Bayilik, Distrib\u00fct\u00f6rl\u00fck\"}]},{\"@type\":\"WebSite\",\"@id\":\"https:\\\/\\\/ipacei.com\\\/#website\",\"url\":\"https:\\\/\\\/ipacei.com\\\/\",\"name\":\"Wimpernserum Ipacei\",\"description\":\"Luxury Cosmetic Products for long lashes, longer hair, longer nails and more\",\"potentialAction\":[{\"@type\":\"SearchAction\",\"target\":{\"@type\":\"EntryPoint\",\"urlTemplate\":\"https:\\\/\\\/ipacei.com\\\/?s={search_term_string}\"},\"query-input\":{\"@type\":\"PropertyValueSpecification\",\"valueRequired\":true,\"valueName\":\"search_term_string\"}}],\"inLanguage\":\"tr\"}]}<\/script>\n<!-- \/ Yoast SEO plugin. -->","yoast_head_json":{"title":"Ipacei Partneri olun, Franchise, Bayilik, Distrib\u00fct\u00f6rl\u00fck - Wimpernserum Ipacei","description":"kozmetik satin alma, kozmetik satis, kozmetik toptanci, kozmetik satmak, kirpik serumu \u00fcreticisi, kozmetik \u00fcretici, sac uzatici, tirnak uzatma, kuaf\u00f6r malzeme satan yerler, g\u00fczellik merkezleri, g\u00fczellik salonlar, is teklifi, para kazanmak, ipacei distrib\u00fct\u00f6r olmak, franchise","robots":{"index":"index","follow":"follow","max-snippet":"max-snippet:-1","max-image-preview":"max-image-preview:large","max-video-preview":"max-video-preview:-1"},"canonical":"https:\/\/ipacei.com\/tr\/for-business-3\/","og_locale":"tr_TR","og_type":"article","og_title":"Ipacei Partneri olun, Franchise, Bayilik, Distrib\u00fct\u00f6rl\u00fck - Wimpernserum Ipacei","og_description":"kozmetik satin alma, kozmetik satis, kozmetik toptanci, kozmetik satmak, kirpik serumu \u00fcreticisi, kozmetik \u00fcretici, sac uzatici, tirnak uzatma, kuaf\u00f6r malzeme satan yerler, g\u00fczellik merkezleri, g\u00fczellik salonlar, is teklifi, para kazanmak, ipacei distrib\u00fct\u00f6r olmak, franchise","og_url":"https:\/\/ipacei.com\/tr\/for-business-3\/","og_site_name":"Wimpernserum Ipacei","article_publisher":"https:\/\/de-de.facebook.com\/ipacei\/","article_modified_time":"2020-12-13T22:17:36+00:00","og_image":[{"width":3500,"height":2300,"url":"https:\/\/ipacei.com\/wp-content\/uploads\/2018\/04\/Ipacei-Kosmetikhaendler-Distributor-Kosmetikprodukte-Ksometikgrosshandel-Hersteller.jpg","type":"image\/jpeg"}],"twitter_card":"summary_large_image","twitter_site":"@IPACEI","twitter_misc":{"Tahmini okuma s\u00fcresi":"1 dakika"},"schema":{"@context":"https:\/\/schema.org","@graph":[{"@type":"WebPage","@id":"https:\/\/ipacei.com\/tr\/for-business-3\/","url":"https:\/\/ipacei.com\/tr\/for-business-3\/","name":"Ipacei Partneri olun, Franchise, Bayilik, Distrib\u00fct\u00f6rl\u00fck - Wimpernserum Ipacei","isPartOf":{"@id":"https:\/\/ipacei.com\/#website"},"primaryImageOfPage":{"@id":"https:\/\/ipacei.com\/tr\/for-business-3\/#primaryimage"},"image":{"@id":"https:\/\/ipacei.com\/tr\/for-business-3\/#primaryimage"},"thumbnailUrl":"https:\/\/ipacei.com\/wp-content\/uploads\/2018\/04\/Ipacei-Kosmetikhaendler-Distributor-Kosmetikprodukte-Ksometikgrosshandel-Hersteller-300x197.jpg","datePublished":"2015-09-23T14:16:29+00:00","dateModified":"2020-12-13T22:17:36+00:00","description":"kozmetik satin alma, kozmetik satis, kozmetik toptanci, kozmetik satmak, kirpik serumu \u00fcreticisi, kozmetik \u00fcretici, sac uzatici, tirnak uzatma, kuaf\u00f6r malzeme satan yerler, g\u00fczellik merkezleri, g\u00fczellik salonlar, is teklifi, para kazanmak, ipacei distrib\u00fct\u00f6r olmak, franchise","breadcrumb":{"@id":"https:\/\/ipacei.com\/tr\/for-business-3\/#breadcrumb"},"inLanguage":"tr","potentialAction":[{"@type":"ReadAction","target":["https:\/\/ipacei.com\/tr\/for-business-3\/"]}]},{"@type":"ImageObject","inLanguage":"tr","@id":"https:\/\/ipacei.com\/tr\/for-business-3\/#primaryimage","url":"https:\/\/ipacei.com\/wp-content\/uploads\/2018\/04\/Ipacei-Kosmetikhaendler-Distributor-Kosmetikprodukte-Ksometikgrosshandel-Hersteller-300x197.jpg","contentUrl":"https:\/\/ipacei.com\/wp-content\/uploads\/2018\/04\/Ipacei-Kosmetikhaendler-Distributor-Kosmetikprodukte-Ksometikgrosshandel-Hersteller-300x197.jpg"},{"@type":"BreadcrumbList","@id":"https:\/\/ipacei.com\/tr\/for-business-3\/#breadcrumb","itemListElement":[{"@type":"ListItem","position":1,"name":"Startseite","item":"https:\/\/ipacei.com\/tr\/"},{"@type":"ListItem","position":2,"name":"Ipacei Partneri olun, Franchise, Bayilik, Distrib\u00fct\u00f6rl\u00fck"}]},{"@type":"WebSite","@id":"https:\/\/ipacei.com\/#website","url":"https:\/\/ipacei.com\/","name":"Wimpernserum Ipacei","description":"Luxury Cosmetic Products for long lashes, longer hair, longer nails and more","potentialAction":[{"@type":"SearchAction","target":{"@type":"EntryPoint","urlTemplate":"https:\/\/ipacei.com\/?s={search_term_string}"},"query-input":{"@type":"PropertyValueSpecification","valueRequired":true,"valueName":"search_term_string"}}],"inLanguage":"tr"}]}},"_links":{"self":[{"href":"https:\/\/ipacei.com\/tr\/wp-json\/wp\/v2\/pages\/8580","targetHints":{"allow":["GET"]}}],"collection":[{"href":"https:\/\/ipacei.com\/tr\/wp-json\/wp\/v2\/pages"}],"about":[{"href":"https:\/\/ipacei.com\/tr\/wp-json\/wp\/v2\/types\/page"}],"author":[{"embeddable":true,"href":"https:\/\/ipacei.com\/tr\/wp-json\/wp\/v2\/users\/2"}],"replies":[{"embeddable":true,"href":"https:\/\/ipacei.com\/tr\/wp-json\/wp\/v2\/comments?post=8580"}],"version-history":[{"count":6,"href":"https:\/\/ipacei.com\/tr\/wp-json\/wp\/v2\/pages\/8580\/revisions"}],"predecessor-version":[{"id":45388,"href":"https:\/\/ipacei.com\/tr\/wp-json\/wp\/v2\/pages\/8580\/revisions\/45388"}],"wp:attachment":[{"href":"https:\/\/ipacei.com\/tr\/wp-json\/wp\/v2\/media?parent=8580"}],"curies":[{"name":"wp","href":"https:\/\/api.w.org\/{rel}","templated":true}]}}