{"id":8617,"date":"2015-11-09T15:35:24","date_gmt":"2015-11-09T14:35:24","guid":{"rendered":"https:\/\/ipacei.com\/tr\/?page_id=8617"},"modified":"2015-11-09T15:35:24","modified_gmt":"2015-11-09T14:35:24","slug":"ueruen-portfoeyue","status":"publish","type":"page","link":"https:\/\/ipacei.com\/tr\/ueruen-portfoeyue\/","title":{"rendered":"\u00dcr\u00fcn Portf\u00f6y\u00fc"},"content":{"rendered":"<h3>\u00dcr\u00fcn Portf\u00f6y\u00fc<\/h3>\n<p><span style=\"color: #f70295;\">Tirnaklari 2-3 haftada sertlestirip uzatan 5in1 IPAC\u00c8I ULTRA G\u00dcCL\u00dc TIRNAK UZATICIMIZ<\/span>! Elmas parcaciklari iceren tirnak uzatimizin 5in1 \u00f6zellikleri: ince ve kirilgan tirnaklar i\u00e7indir!<\/p>\n<ol>\n<li><span style=\"color: #f70295;\">G\u00fc\u00e7lendirilmesi<\/span> (uzamada yardimci)<\/li>\n<li><span style=\"color: #f70295;\">Esneklik<\/span> (yirtilmaya karsi koruma)<\/li>\n<li><span style=\"color: #f70295;\">Baz Oje<\/span><\/li>\n<li><span style=\"color: #f70295;\">Top Coat<\/span> (Finish Oje)<\/li>\n<li><span style=\"color: #f70295;\">French Look<\/span> (2 katta French Manik\u00fcr\u00fc)<\/li>\n<\/ol>\n<p><span style=\"color: #f70295;\">Kirpik ve ka\u015flari 4 haftada uzatan IPAC\u00c8 ULTRA G\u00dcCL\u00dc KIRPIK VE KAS UZATICI SERUMUMUZ<\/span>!<\/p>\n<p>Kirpik ve ka\u015f t\u00fcylerin do\u011fal, g\u00fcr ve m\u00fcthis bir uzama sa\u011flar! 4 hafta sonra sonu\u00e7lar g\u00f6r\u00fcn\u00fcr hale gelir. 5-8 haftal\u0131k bir s\u00fcre boyunca g\u00fcnl\u00fck olarak kulland\u0131ktan sonra, g\u00f6zle g\u00f6r\u00fcl\u00fcr % 45-70 aras\u0131 ba\u015far\u0131l\u0131 bir etki g\u00f6stermeye ba\u015flar.<\/p>\n<p><span style=\"color: #f70295;\">Saclari 3 ayda 6-9 cm arasi uzatan ve bir kac dakika icersinde g\u00fcrl\u00fck ve hacimlik veren IPAC\u00c8I SAC UZATICI TONIGI<\/span>! Silikon veya Paraben icermez!<\/p>\n<p>Yumusacik eller ve v\u00fcc\u00fct icin, \u00f6zellikle <span style=\"color: #f70295;\">akilli telefon kullanicilari ve sabirsiz olanlar icin \u00fcretilmis olan IPAC\u00c8I TATLI EL VE V\u00dcC\u00dcT KREMIMIZ<\/span>!<\/p>\n<p>Tatli kokusu ile 20 saniye icerisinde emici etkisini g\u00f6stererek herkesi kendisine bagliyor. H\u0131zl\u0131 emici IPAC\u00c8I ULTRA TATLI el kremi, \u00f6zellikle ak\u0131ll\u0131 telefon kullan\u0131c\u0131lar\u0131, sab\u0131rs\u0131z olanlar,\u00a0ofis calisanlari, bayanlar, erkekler ve cocuklar icinde uygundur. Silikon veya Paraben icermez!<\/p>\n<p><span style=\"color: #f70295;\"><strong>Try it the IPAC\u00c8I Way!<\/strong><\/span><\/p>\n<p>&nbsp;<\/p>\n","protected":false},"excerpt":{"rendered":"<p>\u00dcr\u00fcn Portf\u00f6y\u00fc Tirnaklari 2-3 haftada sertlestirip uzatan 5in1 IPAC\u00c8I ULTRA G\u00dcCL\u00dc TIRNAK UZATICIMIZ! Elmas parcaciklari iceren tirnak uzatimizin 5in1 \u00f6zellikleri: ince ve kirilgan tirnaklar i\u00e7indir! G\u00fc\u00e7lendirilmesi (uzamada yardimci) Esneklik (yirtilmaya karsi koruma) Baz Oje Top Coat (Finish Oje) French Look (2 katta French Manik\u00fcr\u00fc) Kirpik ve ka\u015flari 4 haftada uzatan IPAC\u00c8 ULTRA G\u00dcCL\u00dc KIRPIK VE KAS UZATICI SERUMUMUZ! Kirpik ve [&hellip;]<\/p>\n","protected":false},"author":2,"featured_media":0,"parent":0,"menu_order":0,"comment_status":"closed","ping_status":"closed","template":"","meta":{"footnotes":""},"class_list":["post-8617","page","type-page","status-publish","hentry"],"yoast_head":"<!-- This site is optimized with the Yoast SEO plugin v25.6 - https:\/\/yoast.com\/wordpress\/plugins\/seo\/ -->\n<title>\u00dcr\u00fcn Portf\u00f6y\u00fc - Wimpernserum Ipacei<\/title>\n<meta name=\"robots\" content=\"index, follow, max-snippet:-1, max-image-preview:large, max-video-preview:-1\" \/>\n<link rel=\"canonical\" href=\"https:\/\/ipacei.com\/tr\/ueruen-portfoeyue\/\" \/>\n<meta property=\"og:locale\" content=\"tr_TR\" \/>\n<meta property=\"og:type\" content=\"article\" \/>\n<meta property=\"og:title\" content=\"\u00dcr\u00fcn Portf\u00f6y\u00fc - Wimpernserum Ipacei\" \/>\n<meta property=\"og:description\" content=\"\u00dcr\u00fcn Portf\u00f6y\u00fc Tirnaklari 2-3 haftada sertlestirip uzatan 5in1 IPAC\u00c8I ULTRA G\u00dcCL\u00dc TIRNAK UZATICIMIZ! Elmas parcaciklari iceren tirnak uzatimizin 5in1 \u00f6zellikleri: ince ve kirilgan tirnaklar i\u00e7indir! G\u00fc\u00e7lendirilmesi (uzamada yardimci) Esneklik (yirtilmaya karsi koruma) Baz Oje Top Coat (Finish Oje) French Look (2 katta French Manik\u00fcr\u00fc) Kirpik ve ka\u015flari 4 haftada uzatan IPAC\u00c8 ULTRA G\u00dcCL\u00dc KIRPIK VE KAS UZATICI SERUMUMUZ! Kirpik ve [&hellip;]\" \/>\n<meta property=\"og:url\" content=\"https:\/\/ipacei.com\/tr\/ueruen-portfoeyue\/\" \/>\n<meta property=\"og:site_name\" content=\"Wimpernserum Ipacei\" \/>\n<meta property=\"article:publisher\" content=\"https:\/\/de-de.facebook.com\/ipacei\/\" \/>\n<meta name=\"twitter:card\" content=\"summary_large_image\" \/>\n<meta name=\"twitter:site\" content=\"@IPACEI\" \/>\n<meta name=\"twitter:label1\" content=\"Tahmini okuma s\u00fcresi\" \/>\n\t<meta name=\"twitter:data1\" content=\"1 dakika\" \/>\n<script type=\"application\/ld+json\" class=\"yoast-schema-graph\">{\"@context\":\"https:\/\/schema.org\",\"@graph\":[{\"@type\":\"WebPage\",\"@id\":\"https:\/\/ipacei.com\/tr\/ueruen-portfoeyue\/\",\"url\":\"https:\/\/ipacei.com\/tr\/ueruen-portfoeyue\/\",\"name\":\"\u00dcr\u00fcn Portf\u00f6y\u00fc - Wimpernserum Ipacei\",\"isPartOf\":{\"@id\":\"https:\/\/ipacei.com\/#website\"},\"datePublished\":\"2015-11-09T14:35:24+00:00\",\"breadcrumb\":{\"@id\":\"https:\/\/ipacei.com\/tr\/ueruen-portfoeyue\/#breadcrumb\"},\"inLanguage\":\"tr\",\"potentialAction\":[{\"@type\":\"ReadAction\",\"target\":[\"https:\/\/ipacei.com\/tr\/ueruen-portfoeyue\/\"]}]},{\"@type\":\"BreadcrumbList\",\"@id\":\"https:\/\/ipacei.com\/tr\/ueruen-portfoeyue\/#breadcrumb\",\"itemListElement\":[{\"@type\":\"ListItem\",\"position\":1,\"name\":\"Startseite\",\"item\":\"https:\/\/ipacei.com\/tr\/\"},{\"@type\":\"ListItem\",\"position\":2,\"name\":\"\u00dcr\u00fcn Portf\u00f6y\u00fc\"}]},{\"@type\":\"WebSite\",\"@id\":\"https:\/\/ipacei.com\/#website\",\"url\":\"https:\/\/ipacei.com\/\",\"name\":\"Wimpernserum Ipacei\",\"description\":\"Luxury Cosmetic Products for long lashes, longer hair, longer nails and more\",\"potentialAction\":[{\"@type\":\"SearchAction\",\"target\":{\"@type\":\"EntryPoint\",\"urlTemplate\":\"https:\/\/ipacei.com\/?s={search_term_string}\"},\"query-input\":{\"@type\":\"PropertyValueSpecification\",\"valueRequired\":true,\"valueName\":\"search_term_string\"}}],\"inLanguage\":\"tr\"}]}<\/script>\n<!-- \/ Yoast SEO plugin. -->","yoast_head_json":{"title":"\u00dcr\u00fcn Portf\u00f6y\u00fc - Wimpernserum Ipacei","robots":{"index":"index","follow":"follow","max-snippet":"max-snippet:-1","max-image-preview":"max-image-preview:large","max-video-preview":"max-video-preview:-1"},"canonical":"https:\/\/ipacei.com\/tr\/ueruen-portfoeyue\/","og_locale":"tr_TR","og_type":"article","og_title":"\u00dcr\u00fcn Portf\u00f6y\u00fc - Wimpernserum Ipacei","og_description":"\u00dcr\u00fcn Portf\u00f6y\u00fc Tirnaklari 2-3 haftada sertlestirip uzatan 5in1 IPAC\u00c8I ULTRA G\u00dcCL\u00dc TIRNAK UZATICIMIZ! Elmas parcaciklari iceren tirnak uzatimizin 5in1 \u00f6zellikleri: ince ve kirilgan tirnaklar i\u00e7indir! G\u00fc\u00e7lendirilmesi (uzamada yardimci) Esneklik (yirtilmaya karsi koruma) Baz Oje Top Coat (Finish Oje) French Look (2 katta French Manik\u00fcr\u00fc) Kirpik ve ka\u015flari 4 haftada uzatan IPAC\u00c8 ULTRA G\u00dcCL\u00dc KIRPIK VE KAS UZATICI SERUMUMUZ! Kirpik ve [&hellip;]","og_url":"https:\/\/ipacei.com\/tr\/ueruen-portfoeyue\/","og_site_name":"Wimpernserum Ipacei","article_publisher":"https:\/\/de-de.facebook.com\/ipacei\/","twitter_card":"summary_large_image","twitter_site":"@IPACEI","twitter_misc":{"Tahmini okuma s\u00fcresi":"1 dakika"},"schema":{"@context":"https:\/\/schema.org","@graph":[{"@type":"WebPage","@id":"https:\/\/ipacei.com\/tr\/ueruen-portfoeyue\/","url":"https:\/\/ipacei.com\/tr\/ueruen-portfoeyue\/","name":"\u00dcr\u00fcn Portf\u00f6y\u00fc - Wimpernserum Ipacei","isPartOf":{"@id":"https:\/\/ipacei.com\/#website"},"datePublished":"2015-11-09T14:35:24+00:00","breadcrumb":{"@id":"https:\/\/ipacei.com\/tr\/ueruen-portfoeyue\/#breadcrumb"},"inLanguage":"tr","potentialAction":[{"@type":"ReadAction","target":["https:\/\/ipacei.com\/tr\/ueruen-portfoeyue\/"]}]},{"@type":"BreadcrumbList","@id":"https:\/\/ipacei.com\/tr\/ueruen-portfoeyue\/#breadcrumb","itemListElement":[{"@type":"ListItem","position":1,"name":"Startseite","item":"https:\/\/ipacei.com\/tr\/"},{"@type":"ListItem","position":2,"name":"\u00dcr\u00fcn Portf\u00f6y\u00fc"}]},{"@type":"WebSite","@id":"https:\/\/ipacei.com\/#website","url":"https:\/\/ipacei.com\/","name":"Wimpernserum Ipacei","description":"Luxury Cosmetic Products for long lashes, longer hair, longer nails and more","potentialAction":[{"@type":"SearchAction","target":{"@type":"EntryPoint","urlTemplate":"https:\/\/ipacei.com\/?s={search_term_string}"},"query-input":{"@type":"PropertyValueSpecification","valueRequired":true,"valueName":"search_term_string"}}],"inLanguage":"tr"}]}},"_links":{"self":[{"href":"https:\/\/ipacei.com\/tr\/wp-json\/wp\/v2\/pages\/8617","targetHints":{"allow":["GET"]}}],"collection":[{"href":"https:\/\/ipacei.com\/tr\/wp-json\/wp\/v2\/pages"}],"about":[{"href":"https:\/\/ipacei.com\/tr\/wp-json\/wp\/v2\/types\/page"}],"author":[{"embeddable":true,"href":"https:\/\/ipacei.com\/tr\/wp-json\/wp\/v2\/users\/2"}],"replies":[{"embeddable":true,"href":"https:\/\/ipacei.com\/tr\/wp-json\/wp\/v2\/comments?post=8617"}],"version-history":[{"count":0,"href":"https:\/\/ipacei.com\/tr\/wp-json\/wp\/v2\/pages\/8617\/revisions"}],"wp:attachment":[{"href":"https:\/\/ipacei.com\/tr\/wp-json\/wp\/v2\/media?parent=8617"}],"curies":[{"name":"wp","href":"https:\/\/api.w.org\/{rel}","templated":true}]}}