{"id":8679,"date":"2015-09-23T17:27:35","date_gmt":"2015-09-23T15:27:35","guid":{"rendered":"https:\/\/ipacei.com\/tr\/bloggers\/"},"modified":"2021-04-04T16:47:02","modified_gmt":"2021-04-04T16:47:02","slug":"bloggers-3","status":"publish","type":"page","link":"https:\/\/ipacei.com\/tr\/bloggers-3\/","title":{"rendered":"Blogger\/Ipacei Yazari ol!"},"content":{"rendered":"<p style=\"text-align: center;\">YouTube`da V-logun veya kendine ait \u00f6zel Blogun var ve bizim ile birlikte mi calismak istiyorsun? Veya Ipacei Yazar<span lang=\"tr\">\u0131<\/span> mi olmak istiyorsun?<\/p>\n<p><a href=\"https:\/\/ipacei.com\/wp-content\/uploads\/2015\/11\/IMG_20150919_101318.jpg\"><img loading=\"lazy\" decoding=\"async\" class=\" wp-image-45672 aligncenter\" src=\"https:\/\/ipacei.com\/wp-content\/uploads\/2021\/04\/20210404_150558-300x285.jpg\" alt=\"\" width=\"313\" height=\"297\" srcset=\"https:\/\/ipacei.com\/wp-content\/uploads\/2021\/04\/20210404_150558-300x285.jpg 300w, https:\/\/ipacei.com\/wp-content\/uploads\/2021\/04\/20210404_150558-1024x972.jpg 1024w, https:\/\/ipacei.com\/wp-content\/uploads\/2021\/04\/20210404_150558-768x729.jpg 768w, https:\/\/ipacei.com\/wp-content\/uploads\/2021\/04\/20210404_150558-672x638.jpg 672w, https:\/\/ipacei.com\/wp-content\/uploads\/2021\/04\/20210404_150558-1038x985.jpg 1038w, https:\/\/ipacei.com\/wp-content\/uploads\/2021\/04\/20210404_150558-600x569.jpg 600w, https:\/\/ipacei.com\/wp-content\/uploads\/2021\/04\/20210404_150558.jpg 1080w\" sizes=\"auto, (max-width: 313px) 100vw, 313px\" \/><\/a><\/p>\n<p id=\"tw-target-text\" class=\"tw-data-text tw-text-large XcVN5d tw-ta\" dir=\"ltr\" style=\"text-align: center;\" data-placeholder=\"\u00dcbersetzung\"><span lang=\"tr\"><span style=\"color: #f7078b;\"><strong>Ipacei yazarlar\u0131 i\u00e7in: <\/strong><\/span><br \/>Ger\u00e7ek bir Ipacei kozmetik yazar\u0131 ol<br \/><br \/>T\u00fcm m\u00fc\u015fterilerimize, \u00f6zellikle \u00fcr\u00fcnlerimizi d\u00fczenli olarak kullanan Ipaceiyaner olan m\u00fc\u015fterilerimize. <\/span><\/p>\n<p class=\"tw-data-text tw-text-large XcVN5d tw-ta\" dir=\"ltr\" style=\"text-align: center;\" data-placeholder=\"\u00dcbersetzung\"><span lang=\"tr\"><br \/><strong>Ipacei \u00fcr\u00fcnlerini uzun s\u00fcredir mi kullan\u0131yorsunuz? <\/strong><br \/>\u00dcr\u00fcnlerimiz gibi ger\u00e7ekmis? Ozaman yazmaya basla. <br \/><br \/>Bizim i\u00e7in 200 veya 200 bin takip\u00e7inizin olmas\u0131 veya hi\u00e7 blogunuz olmamas\u0131 \u00f6nemli de\u011fil, 18 ya\u015f\u0131ndan b\u00fcy\u00fck olman\u0131z \u00f6nemlidir, 18 ya\u015f\u0131n alt\u0131nda ebeveynlerin onay beyan\u0131 yeterlidir. <br \/><br \/><strong>Peki senin icin hediyemiz nedir?: <\/strong><br \/>\u00d6ncelikle sosyal medya kanallar\u0131nda ve Ipacei web sitesinde bir platform hazir edecegiz. <br \/><br \/><strong>80 TL kupon kodu + t\u00fcm Ipacei \u00fcr\u00fcnlerinde % 40 indirim<\/strong> \ud83d\ude0c <\/span><\/p>\n<p class=\"tw-data-text tw-text-large XcVN5d tw-ta\" dir=\"ltr\" style=\"text-align: center;\" data-placeholder=\"\u00dcbersetzung\"><span lang=\"tr\"><strong>Ne yapman gerekiyor? <\/strong><br \/><br \/>Foto\u011frafini cekip, Ipacei \u00fcr\u00fcn\u00fcn\u00fcn etkilerini g\u00f6ster veya bir video ile birlikte yazmaya basla. \u00d6nce \/ sonra foto\u011frafi en iyisidir. Y\u00fcz\u00fcn\u00fcz\u00fc tan\u0131nmaz hale getirebilirsiniz. <br \/><br \/><strong>Nas\u0131l \u00fcye oluyorsunuz? <\/strong><br \/>Basliga IPACEI YAZARI i\u00e7eren bir e-posta yaz\u0131n ve size \u00f6rnek bir sayfa g\u00f6nderelim. <br \/>Bize \u00fcr\u00fcnle ilgili neyi be\u011fendi\u011finizi s\u00f6yleyin. \u0130yi e\u011flenceler! <br \/><br \/><strong><span style=\"color: #f7078b;\">Blog yazarlar\u0131 \/ Ipacei el\u00e7ileri i\u00e7in: <\/span><\/strong><br \/>O halde l\u00fctfen kendinizi k\u0131saca e-posta ile tan\u0131t\u0131n ve bize sosyal medya \/ web sitelenizi \/ blog \/ YouTube sayfalar\u0131n\u0131zdan bahsedin. Gerekirse sizinle ileti\u015fime ge\u00e7mekten memnuniyet duyar\u0131z.<\/span><\/p>\n<p><a href=\"https:\/\/ipacei.com\/wp-content\/uploads\/2015\/11\/IMG_20150919_101318.jpg\"><img loading=\"lazy\" decoding=\"async\" class=\"wp-image-8447 aligncenter\" src=\"https:\/\/ipacei.com\/wp-content\/uploads\/2015\/11\/IMG_20150919_101318-300x300.jpg\" alt=\"IMG_20150919_101318\" width=\"300\" height=\"300\" \/><\/a><\/p>\n<div class=\"wpb_column vc_column_container vc_col-sm-6\">\n<div class=\"vc_column-inner \">\n<div class=\"wpb_wrapper\">\n<div class=\"kleo_text_column wpb_content_element \">\n<div class=\"wpb_wrapper\" style=\"text-align: right;\"><a href=\"https:\/\/ipacei.com\/tr\/shop\/\"><span style=\"color: #f70084;\"><strong>\u00a0IPACEI SHOP<\/strong><\/span><\/a><\/div>\n<\/div>\n<\/div>\n<\/div>\n<\/div>\n\n\n<p><\/p>\n","protected":false},"excerpt":{"rendered":"<p>YouTube`da V-logun veya kendine ait \u00f6zel Blogun var ve bizim ile birlikte mi calismak istiyorsun? Veya Ipacei Yazar\u0131 mi olmak istiyorsun? Ipacei yazarlar\u0131 i\u00e7in: Ger\u00e7ek bir Ipacei kozmetik yazar\u0131 ol T\u00fcm m\u00fc\u015fterilerimize, \u00f6zellikle \u00fcr\u00fcnlerimizi d\u00fczenli olarak kullanan Ipaceiyaner olan m\u00fc\u015fterilerimize. Ipacei \u00fcr\u00fcnlerini uzun s\u00fcredir mi kullan\u0131yorsunuz? \u00dcr\u00fcnlerimiz gibi ger\u00e7ekmis? Ozaman yazmaya basla. Bizim i\u00e7in 200 veya 200 bin takip\u00e7inizin olmas\u0131 [&hellip;]<\/p>\n","protected":false},"author":2,"featured_media":0,"parent":0,"menu_order":0,"comment_status":"closed","ping_status":"closed","template":"page-templates\/full-width.php","meta":{"footnotes":""},"class_list":["post-8679","page","type-page","status-publish","hentry"],"yoast_head":"<!-- This site is optimized with the Yoast SEO plugin v27.4 - https:\/\/yoast.com\/product\/yoast-seo-wordpress\/ -->\n<title>Blogger\/Ipacei Yazari ol! - Wimpernserum Ipacei<\/title>\n<meta name=\"robots\" content=\"index, follow, max-snippet:-1, max-image-preview:large, max-video-preview:-1\" \/>\n<link rel=\"canonical\" href=\"https:\/\/ipacei.com\/tr\/bloggers-3\/\" \/>\n<meta property=\"og:locale\" content=\"tr_TR\" \/>\n<meta property=\"og:type\" content=\"article\" \/>\n<meta property=\"og:title\" content=\"Blogger\/Ipacei Yazari ol! - Wimpernserum Ipacei\" \/>\n<meta property=\"og:description\" content=\"YouTube`da V-logun veya kendine ait \u00f6zel Blogun var ve bizim ile birlikte mi calismak istiyorsun? Veya Ipacei Yazar\u0131 mi olmak istiyorsun? Ipacei yazarlar\u0131 i\u00e7in: Ger\u00e7ek bir Ipacei kozmetik yazar\u0131 ol T\u00fcm m\u00fc\u015fterilerimize, \u00f6zellikle \u00fcr\u00fcnlerimizi d\u00fczenli olarak kullanan Ipaceiyaner olan m\u00fc\u015fterilerimize. Ipacei \u00fcr\u00fcnlerini uzun s\u00fcredir mi kullan\u0131yorsunuz? \u00dcr\u00fcnlerimiz gibi ger\u00e7ekmis? Ozaman yazmaya basla. Bizim i\u00e7in 200 veya 200 bin takip\u00e7inizin olmas\u0131 [&hellip;]\" \/>\n<meta property=\"og:url\" content=\"https:\/\/ipacei.com\/tr\/bloggers-3\/\" \/>\n<meta property=\"og:site_name\" content=\"Wimpernserum Ipacei\" \/>\n<meta property=\"article:publisher\" content=\"https:\/\/de-de.facebook.com\/ipacei\/\" \/>\n<meta property=\"article:modified_time\" content=\"2021-04-04T16:47:02+00:00\" \/>\n<meta property=\"og:image\" content=\"https:\/\/ipacei.com\/wp-content\/uploads\/2021\/04\/20210404_150558-300x285.jpg\" \/>\n<meta name=\"twitter:card\" content=\"summary_large_image\" \/>\n<meta name=\"twitter:site\" content=\"@IPACEI\" \/>\n<meta name=\"twitter:label1\" content=\"Tahmini okuma s\u00fcresi\" \/>\n\t<meta name=\"twitter:data1\" content=\"2 dakika\" \/>\n<script type=\"application\/ld+json\" class=\"yoast-schema-graph\">{\"@context\":\"https:\\\/\\\/schema.org\",\"@graph\":[{\"@type\":\"WebPage\",\"@id\":\"https:\\\/\\\/ipacei.com\\\/tr\\\/bloggers-3\\\/\",\"url\":\"https:\\\/\\\/ipacei.com\\\/tr\\\/bloggers-3\\\/\",\"name\":\"Blogger\\\/Ipacei Yazari ol! - Wimpernserum Ipacei\",\"isPartOf\":{\"@id\":\"https:\\\/\\\/ipacei.com\\\/#website\"},\"primaryImageOfPage\":{\"@id\":\"https:\\\/\\\/ipacei.com\\\/tr\\\/bloggers-3\\\/#primaryimage\"},\"image\":{\"@id\":\"https:\\\/\\\/ipacei.com\\\/tr\\\/bloggers-3\\\/#primaryimage\"},\"thumbnailUrl\":\"https:\\\/\\\/ipacei.com\\\/wp-content\\\/uploads\\\/2021\\\/04\\\/20210404_150558-300x285.jpg\",\"datePublished\":\"2015-09-23T15:27:35+00:00\",\"dateModified\":\"2021-04-04T16:47:02+00:00\",\"breadcrumb\":{\"@id\":\"https:\\\/\\\/ipacei.com\\\/tr\\\/bloggers-3\\\/#breadcrumb\"},\"inLanguage\":\"tr\",\"potentialAction\":[{\"@type\":\"ReadAction\",\"target\":[\"https:\\\/\\\/ipacei.com\\\/tr\\\/bloggers-3\\\/\"]}]},{\"@type\":\"ImageObject\",\"inLanguage\":\"tr\",\"@id\":\"https:\\\/\\\/ipacei.com\\\/tr\\\/bloggers-3\\\/#primaryimage\",\"url\":\"https:\\\/\\\/ipacei.com\\\/wp-content\\\/uploads\\\/2021\\\/04\\\/20210404_150558-300x285.jpg\",\"contentUrl\":\"https:\\\/\\\/ipacei.com\\\/wp-content\\\/uploads\\\/2021\\\/04\\\/20210404_150558-300x285.jpg\"},{\"@type\":\"BreadcrumbList\",\"@id\":\"https:\\\/\\\/ipacei.com\\\/tr\\\/bloggers-3\\\/#breadcrumb\",\"itemListElement\":[{\"@type\":\"ListItem\",\"position\":1,\"name\":\"Startseite\",\"item\":\"https:\\\/\\\/ipacei.com\\\/tr\\\/\"},{\"@type\":\"ListItem\",\"position\":2,\"name\":\"Blogger\\\/Ipacei Yazari ol!\"}]},{\"@type\":\"WebSite\",\"@id\":\"https:\\\/\\\/ipacei.com\\\/#website\",\"url\":\"https:\\\/\\\/ipacei.com\\\/\",\"name\":\"Wimpernserum Ipacei\",\"description\":\"Luxury Cosmetic Products for long lashes, longer hair, longer nails and more\",\"potentialAction\":[{\"@type\":\"SearchAction\",\"target\":{\"@type\":\"EntryPoint\",\"urlTemplate\":\"https:\\\/\\\/ipacei.com\\\/?s={search_term_string}\"},\"query-input\":{\"@type\":\"PropertyValueSpecification\",\"valueRequired\":true,\"valueName\":\"search_term_string\"}}],\"inLanguage\":\"tr\"}]}<\/script>\n<!-- \/ Yoast SEO plugin. -->","yoast_head_json":{"title":"Blogger\/Ipacei Yazari ol! - Wimpernserum Ipacei","robots":{"index":"index","follow":"follow","max-snippet":"max-snippet:-1","max-image-preview":"max-image-preview:large","max-video-preview":"max-video-preview:-1"},"canonical":"https:\/\/ipacei.com\/tr\/bloggers-3\/","og_locale":"tr_TR","og_type":"article","og_title":"Blogger\/Ipacei Yazari ol! - Wimpernserum Ipacei","og_description":"YouTube`da V-logun veya kendine ait \u00f6zel Blogun var ve bizim ile birlikte mi calismak istiyorsun? Veya Ipacei Yazar\u0131 mi olmak istiyorsun? Ipacei yazarlar\u0131 i\u00e7in: Ger\u00e7ek bir Ipacei kozmetik yazar\u0131 ol T\u00fcm m\u00fc\u015fterilerimize, \u00f6zellikle \u00fcr\u00fcnlerimizi d\u00fczenli olarak kullanan Ipaceiyaner olan m\u00fc\u015fterilerimize. Ipacei \u00fcr\u00fcnlerini uzun s\u00fcredir mi kullan\u0131yorsunuz? \u00dcr\u00fcnlerimiz gibi ger\u00e7ekmis? Ozaman yazmaya basla. Bizim i\u00e7in 200 veya 200 bin takip\u00e7inizin olmas\u0131 [&hellip;]","og_url":"https:\/\/ipacei.com\/tr\/bloggers-3\/","og_site_name":"Wimpernserum Ipacei","article_publisher":"https:\/\/de-de.facebook.com\/ipacei\/","article_modified_time":"2021-04-04T16:47:02+00:00","og_image":[{"url":"https:\/\/ipacei.com\/wp-content\/uploads\/2021\/04\/20210404_150558-300x285.jpg","type":"","width":"","height":""}],"twitter_card":"summary_large_image","twitter_site":"@IPACEI","twitter_misc":{"Tahmini okuma s\u00fcresi":"2 dakika"},"schema":{"@context":"https:\/\/schema.org","@graph":[{"@type":"WebPage","@id":"https:\/\/ipacei.com\/tr\/bloggers-3\/","url":"https:\/\/ipacei.com\/tr\/bloggers-3\/","name":"Blogger\/Ipacei Yazari ol! - Wimpernserum Ipacei","isPartOf":{"@id":"https:\/\/ipacei.com\/#website"},"primaryImageOfPage":{"@id":"https:\/\/ipacei.com\/tr\/bloggers-3\/#primaryimage"},"image":{"@id":"https:\/\/ipacei.com\/tr\/bloggers-3\/#primaryimage"},"thumbnailUrl":"https:\/\/ipacei.com\/wp-content\/uploads\/2021\/04\/20210404_150558-300x285.jpg","datePublished":"2015-09-23T15:27:35+00:00","dateModified":"2021-04-04T16:47:02+00:00","breadcrumb":{"@id":"https:\/\/ipacei.com\/tr\/bloggers-3\/#breadcrumb"},"inLanguage":"tr","potentialAction":[{"@type":"ReadAction","target":["https:\/\/ipacei.com\/tr\/bloggers-3\/"]}]},{"@type":"ImageObject","inLanguage":"tr","@id":"https:\/\/ipacei.com\/tr\/bloggers-3\/#primaryimage","url":"https:\/\/ipacei.com\/wp-content\/uploads\/2021\/04\/20210404_150558-300x285.jpg","contentUrl":"https:\/\/ipacei.com\/wp-content\/uploads\/2021\/04\/20210404_150558-300x285.jpg"},{"@type":"BreadcrumbList","@id":"https:\/\/ipacei.com\/tr\/bloggers-3\/#breadcrumb","itemListElement":[{"@type":"ListItem","position":1,"name":"Startseite","item":"https:\/\/ipacei.com\/tr\/"},{"@type":"ListItem","position":2,"name":"Blogger\/Ipacei Yazari ol!"}]},{"@type":"WebSite","@id":"https:\/\/ipacei.com\/#website","url":"https:\/\/ipacei.com\/","name":"Wimpernserum Ipacei","description":"Luxury Cosmetic Products for long lashes, longer hair, longer nails and more","potentialAction":[{"@type":"SearchAction","target":{"@type":"EntryPoint","urlTemplate":"https:\/\/ipacei.com\/?s={search_term_string}"},"query-input":{"@type":"PropertyValueSpecification","valueRequired":true,"valueName":"search_term_string"}}],"inLanguage":"tr"}]}},"_links":{"self":[{"href":"https:\/\/ipacei.com\/tr\/wp-json\/wp\/v2\/pages\/8679","targetHints":{"allow":["GET"]}}],"collection":[{"href":"https:\/\/ipacei.com\/tr\/wp-json\/wp\/v2\/pages"}],"about":[{"href":"https:\/\/ipacei.com\/tr\/wp-json\/wp\/v2\/types\/page"}],"author":[{"embeddable":true,"href":"https:\/\/ipacei.com\/tr\/wp-json\/wp\/v2\/users\/2"}],"replies":[{"embeddable":true,"href":"https:\/\/ipacei.com\/tr\/wp-json\/wp\/v2\/comments?post=8679"}],"version-history":[{"count":6,"href":"https:\/\/ipacei.com\/tr\/wp-json\/wp\/v2\/pages\/8679\/revisions"}],"predecessor-version":[{"id":45676,"href":"https:\/\/ipacei.com\/tr\/wp-json\/wp\/v2\/pages\/8679\/revisions\/45676"}],"wp:attachment":[{"href":"https:\/\/ipacei.com\/tr\/wp-json\/wp\/v2\/media?parent=8679"}],"curies":[{"name":"wp","href":"https:\/\/api.w.org\/{rel}","templated":true}]}}