{"id":9312,"date":"2016-01-08T06:39:54","date_gmt":"2016-01-08T05:39:54","guid":{"rendered":"https:\/\/ipacei.com\/tr\/faq-zahlungsbedingungen-lieferzeit\/"},"modified":"2024-09-20T02:09:09","modified_gmt":"2024-09-20T02:09:09","slug":"faq-zahlungsbedingungen-lieferzeit-3","status":"publish","type":"page","link":"https:\/\/ipacei.com\/tr\/faq-zahlungsbedingungen-lieferzeit-3\/","title":{"rendered":"FAQ-\u00d6deme Sekli, Teslim S\u00fcresi"},"content":{"rendered":"<h3><strong>FAQ IPACEI-\u00d6deme Sekli, Teslim S\u00fcresi<\/strong><\/h3>\n<div id=\"tw-target-text-container\" class=\"tw-ta-container tw-nfl\">\n<h4 class=\"tw-data-text tw-text-large tw-ta\" dir=\"ltr\" data-placeholder=\"\u00dcbersetzung\"><span lang=\"tr\" tabindex=\"0\"><span style=\"color: #ff0000;\">G\u00dcNCEL teslimat s\u00fcreleri: <\/span><\/span><\/h4>\n<\/div>\n<h5><span style=\"text-decoration: underline;\"><strong><span style=\"color: #f0027d; text-decoration: underline;\">Kabul edilen \u00f6deme y\u00f6ntemleri:<\/span> <\/strong><\/span><br \/>\n1. PayPal ile h\u0131zl\u0131 bir \u015fekilde \u00f6deme veya Kreid Karti ile \u00f6deme<br \/>\n2. Dogrudan Banka havale yolu ile hesabimiza \u00f6deme<\/h5>\n<h5><span style=\"text-decoration: underline; color: #f0027d;\"> <strong>\u00d6deme al\u0131nd\u0131ktan sonra teslim s\u00fcreleri:<\/strong><\/span><br \/>\n1. Almanya i\u00e7i: \u00d6deme sonrasi, genellikle 6 i\u015f g\u00fcn\u00fc i\u00e7inde teslim edilir<br \/>\n2. Almanya d\u0131\u015f\u0131nda, Avrupa ici: Kargo 6 i\u015f g\u00fcn\u00fc i\u00e7inde haz\u0131rlanacakt\u0131r, teslim s\u00fcresi 10-13 i\u015f g\u00fcn\u00fcne kadar s\u00fcrebilir<br \/>\n3. Avrupa d\u0131\u015f\u0131: Kargo 6 i\u015f g\u00fcn\u00fc i\u00e7inde haz\u0131rlanacakt\u0131r, teslim s\u00fcresi 21 i\u015f g\u00fcn\u00fcne kadar s\u00fcrebilir<\/h5>\n<h5><span style=\"color: #f0027d;\"><u>Teslimat servisi:<\/u> <\/span><br \/>\nDHL ve Alman Postasi taraf\u0131ndan g\u00f6nderilmektedir<\/h5>\n<h5><strong><span style=\"text-decoration: underline; color: #fa0768;\">G\u00f6nderme masraflari:<\/span><\/strong><br \/>\nAlmanya ici: 4,90 \u20ac<br \/>\nAlmanya disi: 14,90 \u20ac =1 Kg (her yeni 1 Kg icin ayriyetten 6,90\u20ac hesaplanmaktadir Nisan 2024)<\/h5>\n<h5>Gizlilik Politikas\u0131 ve genel i\u015f \u015fartlar\u0131 ve ko\u015fullar\u0131 hakk\u0131nda ayr\u0131nt\u0131l\u0131 bilgiler i\u00e7in l\u00fctfen diger sayfalarimiza bakiniz. Sorular\u0131n\u0131z i\u00e7in ileti\u015fim formu arac\u0131l\u0131\u011f\u0131yla bize ula\u015f\u0131labilirsiniz.<\/h5>\n<h5><em>Siparisiniz kargoya verildikten sonra, adres degisikligi m\u00fcmk\u00fcn degildir. Bilgilerinizi l\u00fctfen titizlikle kontrol ediniz.<\/em><\/h5>\n<h5><em>Paketiniz takip numaraniz ile birlikte yollanmaktadir irtibat icin her zaman mail adresimizden yazabilirsiniz. 24 ile 48 icerisinde Size geri d\u00f6n\u00fcs saglanacaktir.<br \/>\n<\/em><\/h5>\n","protected":false},"excerpt":{"rendered":"<p>FAQ IPACEI-\u00d6deme Sekli, Teslim S\u00fcresi G\u00dcNCEL teslimat s\u00fcreleri: Kabul edilen \u00f6deme y\u00f6ntemleri: 1. PayPal ile h\u0131zl\u0131 bir \u015fekilde \u00f6deme veya Kreid Karti ile \u00f6deme 2. Dogrudan Banka havale yolu ile hesabimiza \u00f6deme \u00d6deme al\u0131nd\u0131ktan sonra teslim s\u00fcreleri: 1. Almanya i\u00e7i: \u00d6deme sonrasi, genellikle 6 i\u015f g\u00fcn\u00fc i\u00e7inde teslim edilir 2. Almanya d\u0131\u015f\u0131nda, Avrupa ici: Kargo 6 i\u015f g\u00fcn\u00fc i\u00e7inde haz\u0131rlanacakt\u0131r, [&hellip;]<\/p>\n","protected":false},"author":2,"featured_media":0,"parent":0,"menu_order":0,"comment_status":"closed","ping_status":"closed","template":"","meta":{"footnotes":""},"class_list":["post-9312","page","type-page","status-publish","hentry"],"yoast_head":"<!-- This site is optimized with the Yoast SEO plugin v27.4 - https:\/\/yoast.com\/product\/yoast-seo-wordpress\/ -->\n<title>FAQ-\u00d6deme Sekli, Teslim S\u00fcresi - Wimpernserum Ipacei<\/title>\n<meta name=\"robots\" content=\"index, follow, max-snippet:-1, max-image-preview:large, max-video-preview:-1\" \/>\n<link rel=\"canonical\" href=\"https:\/\/ipacei.com\/tr\/faq-zahlungsbedingungen-lieferzeit-3\/\" \/>\n<meta property=\"og:locale\" content=\"tr_TR\" \/>\n<meta property=\"og:type\" content=\"article\" \/>\n<meta property=\"og:title\" content=\"FAQ-\u00d6deme Sekli, Teslim S\u00fcresi - Wimpernserum Ipacei\" \/>\n<meta property=\"og:description\" content=\"FAQ IPACEI-\u00d6deme Sekli, Teslim S\u00fcresi G\u00dcNCEL teslimat s\u00fcreleri: Kabul edilen \u00f6deme y\u00f6ntemleri: 1. PayPal ile h\u0131zl\u0131 bir \u015fekilde \u00f6deme veya Kreid Karti ile \u00f6deme 2. Dogrudan Banka havale yolu ile hesabimiza \u00f6deme \u00d6deme al\u0131nd\u0131ktan sonra teslim s\u00fcreleri: 1. Almanya i\u00e7i: \u00d6deme sonrasi, genellikle 6 i\u015f g\u00fcn\u00fc i\u00e7inde teslim edilir 2. Almanya d\u0131\u015f\u0131nda, Avrupa ici: Kargo 6 i\u015f g\u00fcn\u00fc i\u00e7inde haz\u0131rlanacakt\u0131r, [&hellip;]\" \/>\n<meta property=\"og:url\" content=\"https:\/\/ipacei.com\/tr\/faq-zahlungsbedingungen-lieferzeit-3\/\" \/>\n<meta property=\"og:site_name\" content=\"Wimpernserum Ipacei\" \/>\n<meta property=\"article:publisher\" content=\"https:\/\/de-de.facebook.com\/ipacei\/\" \/>\n<meta property=\"article:modified_time\" content=\"2024-09-20T02:09:09+00:00\" \/>\n<meta name=\"twitter:card\" content=\"summary_large_image\" \/>\n<meta name=\"twitter:site\" content=\"@IPACEI\" \/>\n<meta name=\"twitter:label1\" content=\"Tahmini okuma s\u00fcresi\" \/>\n\t<meta name=\"twitter:data1\" content=\"1 dakika\" \/>\n<script type=\"application\/ld+json\" class=\"yoast-schema-graph\">{\"@context\":\"https:\\\/\\\/schema.org\",\"@graph\":[{\"@type\":\"WebPage\",\"@id\":\"https:\\\/\\\/ipacei.com\\\/tr\\\/faq-zahlungsbedingungen-lieferzeit-3\\\/\",\"url\":\"https:\\\/\\\/ipacei.com\\\/tr\\\/faq-zahlungsbedingungen-lieferzeit-3\\\/\",\"name\":\"FAQ-\u00d6deme Sekli, Teslim S\u00fcresi - Wimpernserum Ipacei\",\"isPartOf\":{\"@id\":\"https:\\\/\\\/ipacei.com\\\/#website\"},\"datePublished\":\"2016-01-08T05:39:54+00:00\",\"dateModified\":\"2024-09-20T02:09:09+00:00\",\"breadcrumb\":{\"@id\":\"https:\\\/\\\/ipacei.com\\\/tr\\\/faq-zahlungsbedingungen-lieferzeit-3\\\/#breadcrumb\"},\"inLanguage\":\"tr\",\"potentialAction\":[{\"@type\":\"ReadAction\",\"target\":[\"https:\\\/\\\/ipacei.com\\\/tr\\\/faq-zahlungsbedingungen-lieferzeit-3\\\/\"]}]},{\"@type\":\"BreadcrumbList\",\"@id\":\"https:\\\/\\\/ipacei.com\\\/tr\\\/faq-zahlungsbedingungen-lieferzeit-3\\\/#breadcrumb\",\"itemListElement\":[{\"@type\":\"ListItem\",\"position\":1,\"name\":\"Startseite\",\"item\":\"https:\\\/\\\/ipacei.com\\\/tr\\\/\"},{\"@type\":\"ListItem\",\"position\":2,\"name\":\"FAQ-\u00d6deme Sekli, Teslim S\u00fcresi\"}]},{\"@type\":\"WebSite\",\"@id\":\"https:\\\/\\\/ipacei.com\\\/#website\",\"url\":\"https:\\\/\\\/ipacei.com\\\/\",\"name\":\"Wimpernserum Ipacei\",\"description\":\"Luxury Cosmetic Products for long lashes, longer hair, longer nails and more\",\"potentialAction\":[{\"@type\":\"SearchAction\",\"target\":{\"@type\":\"EntryPoint\",\"urlTemplate\":\"https:\\\/\\\/ipacei.com\\\/?s={search_term_string}\"},\"query-input\":{\"@type\":\"PropertyValueSpecification\",\"valueRequired\":true,\"valueName\":\"search_term_string\"}}],\"inLanguage\":\"tr\"}]}<\/script>\n<!-- \/ Yoast SEO plugin. -->","yoast_head_json":{"title":"FAQ-\u00d6deme Sekli, Teslim S\u00fcresi - Wimpernserum Ipacei","robots":{"index":"index","follow":"follow","max-snippet":"max-snippet:-1","max-image-preview":"max-image-preview:large","max-video-preview":"max-video-preview:-1"},"canonical":"https:\/\/ipacei.com\/tr\/faq-zahlungsbedingungen-lieferzeit-3\/","og_locale":"tr_TR","og_type":"article","og_title":"FAQ-\u00d6deme Sekli, Teslim S\u00fcresi - Wimpernserum Ipacei","og_description":"FAQ IPACEI-\u00d6deme Sekli, Teslim S\u00fcresi G\u00dcNCEL teslimat s\u00fcreleri: Kabul edilen \u00f6deme y\u00f6ntemleri: 1. PayPal ile h\u0131zl\u0131 bir \u015fekilde \u00f6deme veya Kreid Karti ile \u00f6deme 2. Dogrudan Banka havale yolu ile hesabimiza \u00f6deme \u00d6deme al\u0131nd\u0131ktan sonra teslim s\u00fcreleri: 1. Almanya i\u00e7i: \u00d6deme sonrasi, genellikle 6 i\u015f g\u00fcn\u00fc i\u00e7inde teslim edilir 2. Almanya d\u0131\u015f\u0131nda, Avrupa ici: Kargo 6 i\u015f g\u00fcn\u00fc i\u00e7inde haz\u0131rlanacakt\u0131r, [&hellip;]","og_url":"https:\/\/ipacei.com\/tr\/faq-zahlungsbedingungen-lieferzeit-3\/","og_site_name":"Wimpernserum Ipacei","article_publisher":"https:\/\/de-de.facebook.com\/ipacei\/","article_modified_time":"2024-09-20T02:09:09+00:00","twitter_card":"summary_large_image","twitter_site":"@IPACEI","twitter_misc":{"Tahmini okuma s\u00fcresi":"1 dakika"},"schema":{"@context":"https:\/\/schema.org","@graph":[{"@type":"WebPage","@id":"https:\/\/ipacei.com\/tr\/faq-zahlungsbedingungen-lieferzeit-3\/","url":"https:\/\/ipacei.com\/tr\/faq-zahlungsbedingungen-lieferzeit-3\/","name":"FAQ-\u00d6deme Sekli, Teslim S\u00fcresi - Wimpernserum Ipacei","isPartOf":{"@id":"https:\/\/ipacei.com\/#website"},"datePublished":"2016-01-08T05:39:54+00:00","dateModified":"2024-09-20T02:09:09+00:00","breadcrumb":{"@id":"https:\/\/ipacei.com\/tr\/faq-zahlungsbedingungen-lieferzeit-3\/#breadcrumb"},"inLanguage":"tr","potentialAction":[{"@type":"ReadAction","target":["https:\/\/ipacei.com\/tr\/faq-zahlungsbedingungen-lieferzeit-3\/"]}]},{"@type":"BreadcrumbList","@id":"https:\/\/ipacei.com\/tr\/faq-zahlungsbedingungen-lieferzeit-3\/#breadcrumb","itemListElement":[{"@type":"ListItem","position":1,"name":"Startseite","item":"https:\/\/ipacei.com\/tr\/"},{"@type":"ListItem","position":2,"name":"FAQ-\u00d6deme Sekli, Teslim S\u00fcresi"}]},{"@type":"WebSite","@id":"https:\/\/ipacei.com\/#website","url":"https:\/\/ipacei.com\/","name":"Wimpernserum Ipacei","description":"Luxury Cosmetic Products for long lashes, longer hair, longer nails and more","potentialAction":[{"@type":"SearchAction","target":{"@type":"EntryPoint","urlTemplate":"https:\/\/ipacei.com\/?s={search_term_string}"},"query-input":{"@type":"PropertyValueSpecification","valueRequired":true,"valueName":"search_term_string"}}],"inLanguage":"tr"}]}},"_links":{"self":[{"href":"https:\/\/ipacei.com\/tr\/wp-json\/wp\/v2\/pages\/9312","targetHints":{"allow":["GET"]}}],"collection":[{"href":"https:\/\/ipacei.com\/tr\/wp-json\/wp\/v2\/pages"}],"about":[{"href":"https:\/\/ipacei.com\/tr\/wp-json\/wp\/v2\/types\/page"}],"author":[{"embeddable":true,"href":"https:\/\/ipacei.com\/tr\/wp-json\/wp\/v2\/users\/2"}],"replies":[{"embeddable":true,"href":"https:\/\/ipacei.com\/tr\/wp-json\/wp\/v2\/comments?post=9312"}],"version-history":[{"count":16,"href":"https:\/\/ipacei.com\/tr\/wp-json\/wp\/v2\/pages\/9312\/revisions"}],"predecessor-version":[{"id":46484,"href":"https:\/\/ipacei.com\/tr\/wp-json\/wp\/v2\/pages\/9312\/revisions\/46484"}],"wp:attachment":[{"href":"https:\/\/ipacei.com\/tr\/wp-json\/wp\/v2\/media?parent=9312"}],"curies":[{"name":"wp","href":"https:\/\/api.w.org\/{rel}","templated":true}]}}