{"id":42663,"date":"2017-10-26T16:13:18","date_gmt":"2017-10-26T16:13:18","guid":{"rendered":"https:\/\/ipacei.lvps92-51-131-154.dedicated.hosteurope.de\/produkt\/smartphone-userlar-icin-el-ve-vuecuet-kremi\/"},"modified":"2018-06-11T15:38:03","modified_gmt":"2018-06-11T15:38:03","slug":"smartphone-userlar-icin-el-ve-vuecuet-kremi","status":"publish","type":"product","link":"https:\/\/ipacei.com\/tr\/produkt\/smartphone-userlar-icin-el-ve-vuecuet-kremi\/","title":{"rendered":"Smartphone Userlar icin El ve V\u00fcc\u00fct Kremi"},"content":{"rendered":"<p><strong><span style=\"color: #fa0a92;\">IPAC\u00c8I ULTRA TATLI\u00a0 el ve v\u00fcc\u00fct kremi (100 ml\/<\/span><span lang=\"tr\"><span style=\"color: #fa0a92;\">bir y\u0131la kadar kullan\u0131labilir)<\/span><br \/>\n<\/span><\/strong>ak\u0131ll\u0131 telefon kullan\u0131c\u0131lar\u0131 icin \u00fcretilmistir ve 20 saniye icerisinde emici etkisini g\u00f6stermektedir!<\/p>\n<p>&nbsp;<\/p>\n<h2 style=\"text-align: center;\"><span style=\"color: #fa059c;\"><strong>Ipacei art<span class=\"_Tgc\">\u0131<\/span>k T\u00fcrkiye`de!<\/strong><\/span><\/h2>\n<p style=\"text-align: center;\">B\u00fcy\u00fck bir ilgi sonucu artik Ipacei`nin orjinal \u00fcr\u00fcnlerini direkt online sat<span class=\"_Tgc\">\u0131\u015f<\/span> sitemizden kredi kartiniz ile sat<span class=\"_Tgc\">\u0131<\/span>n alabilirsiniz!<br \/>\nAyn<span class=\"_Tgc\">\u0131<\/span> hizmet ve ayn<span class=\"_Tgc\">\u0131<\/span> kalitede! T\u00fcrkiye ici sipari<span class=\"_Tgc\">\u015f<\/span>lerinizi mail yolu ile`da buradan mail yazarak sipari<span class=\"_Tgc\">\u015f\u00a0<\/span>verebilirsiniz:<\/p>\n<p style=\"text-align: center;\"><a href=\"https:\/\/ipacei.com\/tr\/iletisim\/\"><span style=\"color: #fa059c;\"><b>Ipacei Kontakt<\/b><\/span><\/a><\/p>\n<p style=\"text-align: center;\">Sizlerde kirpiklerinizi, ka<span class=\"_Tgc\">\u015f<\/span>larinizi, saclarinizi ve t<span class=\"_Tgc\">\u0131<\/span>rnaklar<span class=\"_Tgc\">\u0131<\/span>n<span class=\"_Tgc\">\u0131<\/span>z<span class=\"_Tgc\">\u0131<\/span> do<span class=\"_Tgc\">\u011f<\/span>al bir <span class=\"_Tgc\">\u015f<\/span>ekilde uzat<span class=\"_Tgc\">\u0131<\/span>n<span class=\"_Tgc\">\u0131<\/span>z!<\/p>\n<p>&nbsp;<\/p>\n<p>IPAC\u00c8I ULTRA TATLI el kremi jojoba ya\u011f\u0131 ve Pro Vitamin B5 ile ipeksi, p\u00fcr\u00fczs\u00fcz bir cilt verir.<br \/>\nAk\u0131ll\u0131 telefon kullan\u0131c\u0131lar\u0131, ofis calisanlari, bayanlar, erkekler, cocuklar, herkes icin uygundur!<\/p>\n<p>Paraben veya silikon icermez!<\/p>\n<p>100 ml olan teknolojik pompa sayesinde, dozajlamas\u0131 ile m\u00fckemmel bir se\u00e7imdir.<\/p>\n","protected":false},"excerpt":{"rendered":"<p>IPAC\u00c8I ULTRA SWEET hand cream with Jojoba Oil and Pro Vitamin B5 for silky and shiny hands!<\/p>\n","protected":false},"featured_media":42383,"comment_status":"open","ping_status":"closed","template":"","meta":[],"class_list":{"0":"post-42663","1":"product","2":"type-product","3":"status-publish","4":"has-post-thumbnail","6":"product_cat-ipacei","8":"first","9":"instock","10":"taxable","11":"shipping-taxable","12":"purchasable","13":"product-type-simple"},"yoast_head":"<!-- This site is optimized with the Yoast SEO plugin v25.6 - https:\/\/yoast.com\/wordpress\/plugins\/seo\/ -->\n<title>Smartphone Userlar icin El ve V\u00fcc\u00fct Kremi - Wimpernserum Ipacei<\/title>\n<meta name=\"robots\" content=\"index, follow, max-snippet:-1, max-image-preview:large, max-video-preview:-1\" \/>\n<link rel=\"canonical\" href=\"https:\/\/ipacei.com\/tr\/produkt\/smartphone-userlar-icin-el-ve-vuecuet-kremi\/\" \/>\n<meta property=\"og:locale\" content=\"tr_TR\" \/>\n<meta property=\"og:type\" content=\"article\" \/>\n<meta property=\"og:title\" content=\"Smartphone Userlar icin El ve V\u00fcc\u00fct Kremi - Wimpernserum Ipacei\" \/>\n<meta property=\"og:description\" content=\"IPAC\u00c8I ULTRA SWEET hand cream with Jojoba Oil and Pro Vitamin B5 for silky and shiny hands!\" \/>\n<meta property=\"og:url\" content=\"https:\/\/ipacei.com\/tr\/produkt\/smartphone-userlar-icin-el-ve-vuecuet-kremi\/\" \/>\n<meta property=\"og:site_name\" content=\"Wimpernserum Ipacei\" \/>\n<meta property=\"article:publisher\" content=\"https:\/\/de-de.facebook.com\/ipacei\/\" \/>\n<meta property=\"article:modified_time\" content=\"2018-06-11T15:38:03+00:00\" \/>\n<meta property=\"og:image\" content=\"https:\/\/ipacei.com\/wp-content\/uploads\/2017\/10\/Ipacei-Smartphone-User-Hand.gif\" \/>\n\t<meta property=\"og:image:width\" content=\"400\" \/>\n\t<meta property=\"og:image:height\" content=\"267\" \/>\n\t<meta property=\"og:image:type\" content=\"image\/gif\" \/>\n<meta name=\"twitter:card\" content=\"summary_large_image\" \/>\n<meta name=\"twitter:site\" content=\"@IPACEI\" \/>\n<meta name=\"twitter:label1\" content=\"Tahmini okuma s\u00fcresi\" \/>\n\t<meta name=\"twitter:data1\" content=\"1 dakika\" \/>\n<script type=\"application\/ld+json\" class=\"yoast-schema-graph\">{\"@context\":\"https:\/\/schema.org\",\"@graph\":[{\"@type\":\"WebPage\",\"@id\":\"https:\/\/ipacei.com\/tr\/produkt\/smartphone-userlar-icin-el-ve-vuecuet-kremi\/\",\"url\":\"https:\/\/ipacei.com\/tr\/produkt\/smartphone-userlar-icin-el-ve-vuecuet-kremi\/\",\"name\":\"Smartphone Userlar icin El ve V\u00fcc\u00fct Kremi - Wimpernserum Ipacei\",\"isPartOf\":{\"@id\":\"https:\/\/ipacei.com\/#website\"},\"primaryImageOfPage\":{\"@id\":\"https:\/\/ipacei.com\/tr\/produkt\/smartphone-userlar-icin-el-ve-vuecuet-kremi\/#primaryimage\"},\"image\":{\"@id\":\"https:\/\/ipacei.com\/tr\/produkt\/smartphone-userlar-icin-el-ve-vuecuet-kremi\/#primaryimage\"},\"thumbnailUrl\":\"https:\/\/ipacei.com\/wp-content\/uploads\/2017\/10\/Ipacei-Smartphone-User-Hand.gif\",\"datePublished\":\"2017-10-26T16:13:18+00:00\",\"dateModified\":\"2018-06-11T15:38:03+00:00\",\"breadcrumb\":{\"@id\":\"https:\/\/ipacei.com\/tr\/produkt\/smartphone-userlar-icin-el-ve-vuecuet-kremi\/#breadcrumb\"},\"inLanguage\":\"tr\",\"potentialAction\":[{\"@type\":\"ReadAction\",\"target\":[\"https:\/\/ipacei.com\/tr\/produkt\/smartphone-userlar-icin-el-ve-vuecuet-kremi\/\"]}]},{\"@type\":\"ImageObject\",\"inLanguage\":\"tr\",\"@id\":\"https:\/\/ipacei.com\/tr\/produkt\/smartphone-userlar-icin-el-ve-vuecuet-kremi\/#primaryimage\",\"url\":\"https:\/\/ipacei.com\/wp-content\/uploads\/2017\/10\/Ipacei-Smartphone-User-Hand.gif\",\"contentUrl\":\"https:\/\/ipacei.com\/wp-content\/uploads\/2017\/10\/Ipacei-Smartphone-User-Hand.gif\",\"width\":400,\"height\":267},{\"@type\":\"BreadcrumbList\",\"@id\":\"https:\/\/ipacei.com\/tr\/produkt\/smartphone-userlar-icin-el-ve-vuecuet-kremi\/#breadcrumb\",\"itemListElement\":[{\"@type\":\"ListItem\",\"position\":1,\"name\":\"Startseite\",\"item\":\"https:\/\/ipacei.com\/tr\/\"},{\"@type\":\"ListItem\",\"position\":2,\"name\":\"Shop\",\"item\":\"https:\/\/ipacei.com\/tr\/shop\/\"},{\"@type\":\"ListItem\",\"position\":3,\"name\":\"Smartphone Userlar icin El ve V\u00fcc\u00fct Kremi\"}]},{\"@type\":\"WebSite\",\"@id\":\"https:\/\/ipacei.com\/#website\",\"url\":\"https:\/\/ipacei.com\/\",\"name\":\"Wimpernserum Ipacei\",\"description\":\"Luxury Cosmetic Products for long lashes, longer hair, longer nails and more\",\"potentialAction\":[{\"@type\":\"SearchAction\",\"target\":{\"@type\":\"EntryPoint\",\"urlTemplate\":\"https:\/\/ipacei.com\/?s={search_term_string}\"},\"query-input\":{\"@type\":\"PropertyValueSpecification\",\"valueRequired\":true,\"valueName\":\"search_term_string\"}}],\"inLanguage\":\"tr\"}]}<\/script>\n<!-- \/ Yoast SEO plugin. -->","yoast_head_json":{"title":"Smartphone Userlar icin El ve V\u00fcc\u00fct Kremi - Wimpernserum Ipacei","robots":{"index":"index","follow":"follow","max-snippet":"max-snippet:-1","max-image-preview":"max-image-preview:large","max-video-preview":"max-video-preview:-1"},"canonical":"https:\/\/ipacei.com\/tr\/produkt\/smartphone-userlar-icin-el-ve-vuecuet-kremi\/","og_locale":"tr_TR","og_type":"article","og_title":"Smartphone Userlar icin El ve V\u00fcc\u00fct Kremi - Wimpernserum Ipacei","og_description":"IPAC\u00c8I ULTRA SWEET hand cream with Jojoba Oil and Pro Vitamin B5 for silky and shiny hands!","og_url":"https:\/\/ipacei.com\/tr\/produkt\/smartphone-userlar-icin-el-ve-vuecuet-kremi\/","og_site_name":"Wimpernserum Ipacei","article_publisher":"https:\/\/de-de.facebook.com\/ipacei\/","article_modified_time":"2018-06-11T15:38:03+00:00","og_image":[{"width":400,"height":267,"url":"https:\/\/ipacei.com\/wp-content\/uploads\/2017\/10\/Ipacei-Smartphone-User-Hand.gif","type":"image\/gif"}],"twitter_card":"summary_large_image","twitter_site":"@IPACEI","twitter_misc":{"Tahmini okuma s\u00fcresi":"1 dakika"},"schema":{"@context":"https:\/\/schema.org","@graph":[{"@type":"WebPage","@id":"https:\/\/ipacei.com\/tr\/produkt\/smartphone-userlar-icin-el-ve-vuecuet-kremi\/","url":"https:\/\/ipacei.com\/tr\/produkt\/smartphone-userlar-icin-el-ve-vuecuet-kremi\/","name":"Smartphone Userlar icin El ve V\u00fcc\u00fct Kremi - Wimpernserum Ipacei","isPartOf":{"@id":"https:\/\/ipacei.com\/#website"},"primaryImageOfPage":{"@id":"https:\/\/ipacei.com\/tr\/produkt\/smartphone-userlar-icin-el-ve-vuecuet-kremi\/#primaryimage"},"image":{"@id":"https:\/\/ipacei.com\/tr\/produkt\/smartphone-userlar-icin-el-ve-vuecuet-kremi\/#primaryimage"},"thumbnailUrl":"https:\/\/ipacei.com\/wp-content\/uploads\/2017\/10\/Ipacei-Smartphone-User-Hand.gif","datePublished":"2017-10-26T16:13:18+00:00","dateModified":"2018-06-11T15:38:03+00:00","breadcrumb":{"@id":"https:\/\/ipacei.com\/tr\/produkt\/smartphone-userlar-icin-el-ve-vuecuet-kremi\/#breadcrumb"},"inLanguage":"tr","potentialAction":[{"@type":"ReadAction","target":["https:\/\/ipacei.com\/tr\/produkt\/smartphone-userlar-icin-el-ve-vuecuet-kremi\/"]}]},{"@type":"ImageObject","inLanguage":"tr","@id":"https:\/\/ipacei.com\/tr\/produkt\/smartphone-userlar-icin-el-ve-vuecuet-kremi\/#primaryimage","url":"https:\/\/ipacei.com\/wp-content\/uploads\/2017\/10\/Ipacei-Smartphone-User-Hand.gif","contentUrl":"https:\/\/ipacei.com\/wp-content\/uploads\/2017\/10\/Ipacei-Smartphone-User-Hand.gif","width":400,"height":267},{"@type":"BreadcrumbList","@id":"https:\/\/ipacei.com\/tr\/produkt\/smartphone-userlar-icin-el-ve-vuecuet-kremi\/#breadcrumb","itemListElement":[{"@type":"ListItem","position":1,"name":"Startseite","item":"https:\/\/ipacei.com\/tr\/"},{"@type":"ListItem","position":2,"name":"Shop","item":"https:\/\/ipacei.com\/tr\/shop\/"},{"@type":"ListItem","position":3,"name":"Smartphone Userlar icin El ve V\u00fcc\u00fct Kremi"}]},{"@type":"WebSite","@id":"https:\/\/ipacei.com\/#website","url":"https:\/\/ipacei.com\/","name":"Wimpernserum Ipacei","description":"Luxury Cosmetic Products for long lashes, longer hair, longer nails and more","potentialAction":[{"@type":"SearchAction","target":{"@type":"EntryPoint","urlTemplate":"https:\/\/ipacei.com\/?s={search_term_string}"},"query-input":{"@type":"PropertyValueSpecification","valueRequired":true,"valueName":"search_term_string"}}],"inLanguage":"tr"}]}},"_links":{"self":[{"href":"https:\/\/ipacei.com\/tr\/wp-json\/wp\/v2\/product\/42663","targetHints":{"allow":["GET"]}}],"collection":[{"href":"https:\/\/ipacei.com\/tr\/wp-json\/wp\/v2\/product"}],"about":[{"href":"https:\/\/ipacei.com\/tr\/wp-json\/wp\/v2\/types\/product"}],"replies":[{"embeddable":true,"href":"https:\/\/ipacei.com\/tr\/wp-json\/wp\/v2\/comments?post=42663"}],"wp:featuredmedia":[{"embeddable":true,"href":"https:\/\/ipacei.com\/tr\/wp-json\/wp\/v2\/media\/42383"}],"wp:attachment":[{"href":"https:\/\/ipacei.com\/tr\/wp-json\/wp\/v2\/media?parent=42663"}],"curies":[{"name":"wp","href":"https:\/\/api.w.org\/{rel}","templated":true}]}}