{"id":42704,"date":"2017-10-26T16:13:17","date_gmt":"2017-10-26T16:13:17","guid":{"rendered":"https:\/\/ipacei.lvps92-51-131-154.dedicated.hosteurope.de\/produkt\/argan-sac-suet-bombasi\/"},"modified":"2018-06-11T15:39:29","modified_gmt":"2018-06-11T15:39:29","slug":"argan-sac-suet-bombasi","status":"publish","type":"product","link":"https:\/\/ipacei.com\/tr\/produkt\/argan-sac-suet-bombasi\/","title":{"rendered":"Argan Sa\u00e7 S\u00fct Bombas\u0131"},"content":{"rendered":"<p><span style=\"color: #fa0799;\"><strong>Ipacei L\u00fcks Argan Sa\u00e7 S\u00fct Bombas\u0131<\/strong><\/span><br \/>\n(Kullanma dayan\u0131kl\u0131\u011f\u0131, uygulamaya ba\u011fl\u0131 olarak 2-6 ay\/100 ml)<\/p>\n<p>&nbsp;<\/p>\n<h2 style=\"text-align: center;\"><span style=\"color: #fa059c;\"><strong>Ipacei art<span class=\"_Tgc\">\u0131<\/span>k T\u00fcrkiye`de!<\/strong><\/span><\/h2>\n<p style=\"text-align: center;\">B\u00fcy\u00fck bir ilgi sonucu artik Ipacei`nin orjinal \u00fcr\u00fcnlerini direkt online sat<span class=\"_Tgc\">\u0131\u015f<\/span> sitemizden kredi kartiniz ile sat<span class=\"_Tgc\">\u0131<\/span>n alabilirsiniz!<br \/>\nAyn<span class=\"_Tgc\">\u0131<\/span> hizmet ve ayn<span class=\"_Tgc\">\u0131<\/span> kalitede! T\u00fcrkiye ici sipari<span class=\"_Tgc\">\u015f<\/span>lerinizi mail yolu ile`da buradan mail yazarak sipari<span class=\"_Tgc\">\u015f\u00a0<\/span>verebilirsiniz:<\/p>\n<p style=\"text-align: center;\"><a href=\"https:\/\/ipacei.com\/tr\/iletisim\/\"><span style=\"color: #fa059c;\"><b>Ipacei Kontakt<\/b><\/span><\/a><\/p>\n<p style=\"text-align: center;\">Sizlerde kirpiklerinizi, ka<span class=\"_Tgc\">\u015f<\/span>larinizi, saclarinizi ve t<span class=\"_Tgc\">\u0131<\/span>rnaklar<span class=\"_Tgc\">\u0131<\/span>n<span class=\"_Tgc\">\u0131<\/span>z<span class=\"_Tgc\">\u0131<\/span> do<span class=\"_Tgc\">\u011f<\/span>al bir <span class=\"_Tgc\">\u015f<\/span>ekilde uzat<span class=\"_Tgc\">\u0131<\/span>n<span class=\"_Tgc\">\u0131<\/span>z!<\/p>\n<p>&nbsp;<\/p>\n<p><strong><span style=\"color: #fa0799;\">Etkisi:<\/span> <\/strong>Ipacei L\u00fcks Argan Sa\u00e7 S\u00fct Bombas\u0131 iki tabakadan olu\u015fan sa\u00e7 canland\u0131r\u0131c\u0131 k\u00fcrd\u00fcr.<\/p>\n<p>Boyadan hasar g\u00f6rm\u00fcs, kuru ve kimyasallardan y\u0131pranm\u0131s sa\u00e7lara nem ve besleyip, parlakl\u0131k verir. Fasdan gelen gercek Argan Yag\u0131n\u0131 i\u00e7erir, y\u00fcksek oranda doymam\u0131\u015f ya\u011f asitleri, tokoferol, antioksidanlardan birlesen \u00f6zel sac k\u00fcr\u00fcd\u00fcr. Bu kombinasyon sayesinde, koruma ve sa\u00e7 besleyici \u00f6zelliklerini kafa derisinde ve sa\u00e7 \u00fczerinde g\u00f6stermektedir.<\/p>\n<p><span style=\"color: #fa0799;\"><strong>Uygulama:<\/strong><\/span> Ipacei Argan Sa\u00e7 S\u00fct Bombas\u0131n\u0131 iyice \u00e7alkalay\u0131n\u0131z ve (\u0131slak veya kuru)sa\u00e7lar\u0131n\u0131za uygulay\u0131n\u0131z. Gerekirse tarayarak \u015fekillendirin.<\/p>\n<p>Bak\u0131m olarak haftada bir kac kez uygulay\u0131n\u0131z.<\/p>\n<p><strong><span style=\"color: #fa0799;\">Hangi t\u00fcr sa\u00e7lar i\u00e7in uygundur ve faydalar\u0131 nelerdir?<\/span><\/strong><\/p>\n<ul>\n<li>T\u00fcm sa\u00e7 tipleri i\u00e7in<\/li>\n<li>Sa\u00e7 sekillendirmede yard\u0131mc\u0131<\/li>\n<li>U\u00e7an ve elektrikli sa\u00e7lar i\u00e7indir<\/li>\n<li>Cok kuru, boyal\u0131 ve y\u0131pranm\u0131s sa\u00e7lar i\u00e7in<\/li>\n<li>Kullan\u0131\u015fl\u0131<\/li>\n<li>Nemlendirir ve canland\u0131r\u0131r<\/li>\n<li>K\u0131v\u0131rc\u0131k ve inat\u00e7\u0131 sa\u00e7lar i\u00e7in uygundur<\/li>\n<li>Yumu\u015fakl\u0131k etkisi<\/li>\n<\/ul>\n<h5><span style=\"color: #fa0799;\"><strong>Ho\u015f ve ferahlat\u0131c\u0131, limon kokusu ile!<\/strong><\/span><\/h5>\n","protected":false},"excerpt":{"rendered":"<p>Ipacei L\u00fcks Argan Sa\u00e7 S\u00fct Bombas\u0131 (Kullanma dayan\u0131kl\u0131\u011f\u0131, uygulamaya ba\u011fl\u0131 olarak 2-6 ay\/100 ml) &nbsp; Ipacei art\u0131k T\u00fcrkiye`de! B\u00fcy\u00fck bir ilgi sonucu artik Ipacei`nin orjinal \u00fcr\u00fcnlerini direkt online sat\u0131\u015f sitemizden kredi kartiniz ile sat\u0131n alabilirsiniz! Ayn\u0131 hizmet ve ayn\u0131 kalitede! T\u00fcrkiye ici sipari\u015flerinizi mail yolu ile`da buradan mail yazarak sipari\u015f\u00a0verebilirsiniz: Ipacei Kontakt Sizlerde kirpiklerinizi, ka\u015flarinizi, saclarinizi ve t\u0131rnaklar\u0131n\u0131z\u0131 do\u011fal bir [&hellip;]<\/p>\n","protected":false},"featured_media":42379,"comment_status":"open","ping_status":"closed","template":"","meta":[],"class_list":{"0":"post-42704","1":"product","2":"type-product","3":"status-publish","4":"has-post-thumbnail","6":"product_cat-ipacei","8":"first","9":"instock","10":"taxable","11":"shipping-taxable","12":"purchasable","13":"product-type-simple"},"yoast_head":"<!-- This site is optimized with the Yoast SEO plugin v27.4 - https:\/\/yoast.com\/product\/yoast-seo-wordpress\/ -->\n<title>Argan Sa\u00e7 S\u00fct Bombas\u0131 - Wimpernserum Ipacei<\/title>\n<meta name=\"robots\" content=\"index, follow, max-snippet:-1, max-image-preview:large, max-video-preview:-1\" \/>\n<link rel=\"canonical\" href=\"https:\/\/ipacei.com\/tr\/produkt\/argan-sac-suet-bombasi\/\" \/>\n<meta property=\"og:locale\" content=\"tr_TR\" \/>\n<meta property=\"og:type\" content=\"article\" \/>\n<meta property=\"og:title\" content=\"Argan Sa\u00e7 S\u00fct Bombas\u0131 - Wimpernserum Ipacei\" \/>\n<meta property=\"og:description\" content=\"Ipacei L\u00fcks Argan Sa\u00e7 S\u00fct Bombas\u0131 (Kullanma dayan\u0131kl\u0131\u011f\u0131, uygulamaya ba\u011fl\u0131 olarak 2-6 ay\/100 ml) &nbsp; Ipacei art\u0131k T\u00fcrkiye`de! B\u00fcy\u00fck bir ilgi sonucu artik Ipacei`nin orjinal \u00fcr\u00fcnlerini direkt online sat\u0131\u015f sitemizden kredi kartiniz ile sat\u0131n alabilirsiniz! Ayn\u0131 hizmet ve ayn\u0131 kalitede! T\u00fcrkiye ici sipari\u015flerinizi mail yolu ile`da buradan mail yazarak sipari\u015f\u00a0verebilirsiniz: Ipacei Kontakt Sizlerde kirpiklerinizi, ka\u015flarinizi, saclarinizi ve t\u0131rnaklar\u0131n\u0131z\u0131 do\u011fal bir [&hellip;]\" \/>\n<meta property=\"og:url\" content=\"https:\/\/ipacei.com\/tr\/produkt\/argan-sac-suet-bombasi\/\" \/>\n<meta property=\"og:site_name\" content=\"Wimpernserum Ipacei\" \/>\n<meta property=\"article:publisher\" content=\"https:\/\/de-de.facebook.com\/ipacei\/\" \/>\n<meta property=\"article:modified_time\" content=\"2018-06-11T15:39:29+00:00\" \/>\n<meta property=\"og:image\" content=\"https:\/\/ipacei.com\/wp-content\/uploads\/2017\/10\/Ipacei-Luxury-argan-hair-milk-bomb-original-maroccan-argan-hair-bomb-Haarkur-Bombe-1.jpg\" \/>\n\t<meta property=\"og:image:width\" content=\"1080\" \/>\n\t<meta property=\"og:image:height\" content=\"1235\" \/>\n\t<meta property=\"og:image:type\" content=\"image\/jpeg\" \/>\n<meta name=\"twitter:card\" content=\"summary_large_image\" \/>\n<meta name=\"twitter:site\" content=\"@IPACEI\" \/>\n<meta name=\"twitter:label1\" content=\"Tahmini okuma s\u00fcresi\" \/>\n\t<meta name=\"twitter:data1\" content=\"1 dakika\" \/>\n<script type=\"application\/ld+json\" class=\"yoast-schema-graph\">{\"@context\":\"https:\\\/\\\/schema.org\",\"@graph\":[{\"@type\":\"WebPage\",\"@id\":\"https:\\\/\\\/ipacei.com\\\/tr\\\/produkt\\\/argan-sac-suet-bombasi\\\/\",\"url\":\"https:\\\/\\\/ipacei.com\\\/tr\\\/produkt\\\/argan-sac-suet-bombasi\\\/\",\"name\":\"Argan Sa\u00e7 S\u00fct Bombas\u0131 - Wimpernserum Ipacei\",\"isPartOf\":{\"@id\":\"https:\\\/\\\/ipacei.com\\\/#website\"},\"primaryImageOfPage\":{\"@id\":\"https:\\\/\\\/ipacei.com\\\/tr\\\/produkt\\\/argan-sac-suet-bombasi\\\/#primaryimage\"},\"image\":{\"@id\":\"https:\\\/\\\/ipacei.com\\\/tr\\\/produkt\\\/argan-sac-suet-bombasi\\\/#primaryimage\"},\"thumbnailUrl\":\"https:\\\/\\\/ipacei.com\\\/wp-content\\\/uploads\\\/2017\\\/10\\\/Ipacei-Luxury-argan-hair-milk-bomb-original-maroccan-argan-hair-bomb-Haarkur-Bombe-1.jpg\",\"datePublished\":\"2017-10-26T16:13:17+00:00\",\"dateModified\":\"2018-06-11T15:39:29+00:00\",\"breadcrumb\":{\"@id\":\"https:\\\/\\\/ipacei.com\\\/tr\\\/produkt\\\/argan-sac-suet-bombasi\\\/#breadcrumb\"},\"inLanguage\":\"tr\",\"potentialAction\":[{\"@type\":\"ReadAction\",\"target\":[\"https:\\\/\\\/ipacei.com\\\/tr\\\/produkt\\\/argan-sac-suet-bombasi\\\/\"]}]},{\"@type\":\"ImageObject\",\"inLanguage\":\"tr\",\"@id\":\"https:\\\/\\\/ipacei.com\\\/tr\\\/produkt\\\/argan-sac-suet-bombasi\\\/#primaryimage\",\"url\":\"https:\\\/\\\/ipacei.com\\\/wp-content\\\/uploads\\\/2017\\\/10\\\/Ipacei-Luxury-argan-hair-milk-bomb-original-maroccan-argan-hair-bomb-Haarkur-Bombe-1.jpg\",\"contentUrl\":\"https:\\\/\\\/ipacei.com\\\/wp-content\\\/uploads\\\/2017\\\/10\\\/Ipacei-Luxury-argan-hair-milk-bomb-original-maroccan-argan-hair-bomb-Haarkur-Bombe-1.jpg\",\"width\":1080,\"height\":1235},{\"@type\":\"BreadcrumbList\",\"@id\":\"https:\\\/\\\/ipacei.com\\\/tr\\\/produkt\\\/argan-sac-suet-bombasi\\\/#breadcrumb\",\"itemListElement\":[{\"@type\":\"ListItem\",\"position\":1,\"name\":\"Startseite\",\"item\":\"https:\\\/\\\/ipacei.com\\\/tr\\\/\"},{\"@type\":\"ListItem\",\"position\":2,\"name\":\"Shop\",\"item\":\"https:\\\/\\\/ipacei.com\\\/tr\\\/shop\\\/\"},{\"@type\":\"ListItem\",\"position\":3,\"name\":\"Argan Sa\u00e7 S\u00fct Bombas\u0131\"}]},{\"@type\":\"WebSite\",\"@id\":\"https:\\\/\\\/ipacei.com\\\/#website\",\"url\":\"https:\\\/\\\/ipacei.com\\\/\",\"name\":\"Wimpernserum Ipacei\",\"description\":\"Luxury Cosmetic Products for long lashes, longer hair, longer nails and more\",\"potentialAction\":[{\"@type\":\"SearchAction\",\"target\":{\"@type\":\"EntryPoint\",\"urlTemplate\":\"https:\\\/\\\/ipacei.com\\\/?s={search_term_string}\"},\"query-input\":{\"@type\":\"PropertyValueSpecification\",\"valueRequired\":true,\"valueName\":\"search_term_string\"}}],\"inLanguage\":\"tr\"}]}<\/script>\n<!-- \/ Yoast SEO plugin. -->","yoast_head_json":{"title":"Argan Sa\u00e7 S\u00fct Bombas\u0131 - Wimpernserum Ipacei","robots":{"index":"index","follow":"follow","max-snippet":"max-snippet:-1","max-image-preview":"max-image-preview:large","max-video-preview":"max-video-preview:-1"},"canonical":"https:\/\/ipacei.com\/tr\/produkt\/argan-sac-suet-bombasi\/","og_locale":"tr_TR","og_type":"article","og_title":"Argan Sa\u00e7 S\u00fct Bombas\u0131 - Wimpernserum Ipacei","og_description":"Ipacei L\u00fcks Argan Sa\u00e7 S\u00fct Bombas\u0131 (Kullanma dayan\u0131kl\u0131\u011f\u0131, uygulamaya ba\u011fl\u0131 olarak 2-6 ay\/100 ml) &nbsp; Ipacei art\u0131k T\u00fcrkiye`de! B\u00fcy\u00fck bir ilgi sonucu artik Ipacei`nin orjinal \u00fcr\u00fcnlerini direkt online sat\u0131\u015f sitemizden kredi kartiniz ile sat\u0131n alabilirsiniz! Ayn\u0131 hizmet ve ayn\u0131 kalitede! T\u00fcrkiye ici sipari\u015flerinizi mail yolu ile`da buradan mail yazarak sipari\u015f\u00a0verebilirsiniz: Ipacei Kontakt Sizlerde kirpiklerinizi, ka\u015flarinizi, saclarinizi ve t\u0131rnaklar\u0131n\u0131z\u0131 do\u011fal bir [&hellip;]","og_url":"https:\/\/ipacei.com\/tr\/produkt\/argan-sac-suet-bombasi\/","og_site_name":"Wimpernserum Ipacei","article_publisher":"https:\/\/de-de.facebook.com\/ipacei\/","article_modified_time":"2018-06-11T15:39:29+00:00","og_image":[{"width":1080,"height":1235,"url":"https:\/\/ipacei.com\/wp-content\/uploads\/2017\/10\/Ipacei-Luxury-argan-hair-milk-bomb-original-maroccan-argan-hair-bomb-Haarkur-Bombe-1.jpg","type":"image\/jpeg"}],"twitter_card":"summary_large_image","twitter_site":"@IPACEI","twitter_misc":{"Tahmini okuma s\u00fcresi":"1 dakika"},"schema":{"@context":"https:\/\/schema.org","@graph":[{"@type":"WebPage","@id":"https:\/\/ipacei.com\/tr\/produkt\/argan-sac-suet-bombasi\/","url":"https:\/\/ipacei.com\/tr\/produkt\/argan-sac-suet-bombasi\/","name":"Argan Sa\u00e7 S\u00fct Bombas\u0131 - Wimpernserum Ipacei","isPartOf":{"@id":"https:\/\/ipacei.com\/#website"},"primaryImageOfPage":{"@id":"https:\/\/ipacei.com\/tr\/produkt\/argan-sac-suet-bombasi\/#primaryimage"},"image":{"@id":"https:\/\/ipacei.com\/tr\/produkt\/argan-sac-suet-bombasi\/#primaryimage"},"thumbnailUrl":"https:\/\/ipacei.com\/wp-content\/uploads\/2017\/10\/Ipacei-Luxury-argan-hair-milk-bomb-original-maroccan-argan-hair-bomb-Haarkur-Bombe-1.jpg","datePublished":"2017-10-26T16:13:17+00:00","dateModified":"2018-06-11T15:39:29+00:00","breadcrumb":{"@id":"https:\/\/ipacei.com\/tr\/produkt\/argan-sac-suet-bombasi\/#breadcrumb"},"inLanguage":"tr","potentialAction":[{"@type":"ReadAction","target":["https:\/\/ipacei.com\/tr\/produkt\/argan-sac-suet-bombasi\/"]}]},{"@type":"ImageObject","inLanguage":"tr","@id":"https:\/\/ipacei.com\/tr\/produkt\/argan-sac-suet-bombasi\/#primaryimage","url":"https:\/\/ipacei.com\/wp-content\/uploads\/2017\/10\/Ipacei-Luxury-argan-hair-milk-bomb-original-maroccan-argan-hair-bomb-Haarkur-Bombe-1.jpg","contentUrl":"https:\/\/ipacei.com\/wp-content\/uploads\/2017\/10\/Ipacei-Luxury-argan-hair-milk-bomb-original-maroccan-argan-hair-bomb-Haarkur-Bombe-1.jpg","width":1080,"height":1235},{"@type":"BreadcrumbList","@id":"https:\/\/ipacei.com\/tr\/produkt\/argan-sac-suet-bombasi\/#breadcrumb","itemListElement":[{"@type":"ListItem","position":1,"name":"Startseite","item":"https:\/\/ipacei.com\/tr\/"},{"@type":"ListItem","position":2,"name":"Shop","item":"https:\/\/ipacei.com\/tr\/shop\/"},{"@type":"ListItem","position":3,"name":"Argan Sa\u00e7 S\u00fct Bombas\u0131"}]},{"@type":"WebSite","@id":"https:\/\/ipacei.com\/#website","url":"https:\/\/ipacei.com\/","name":"Wimpernserum Ipacei","description":"Luxury Cosmetic Products for long lashes, longer hair, longer nails and more","potentialAction":[{"@type":"SearchAction","target":{"@type":"EntryPoint","urlTemplate":"https:\/\/ipacei.com\/?s={search_term_string}"},"query-input":{"@type":"PropertyValueSpecification","valueRequired":true,"valueName":"search_term_string"}}],"inLanguage":"tr"}]}},"_links":{"self":[{"href":"https:\/\/ipacei.com\/tr\/wp-json\/wp\/v2\/product\/42704","targetHints":{"allow":["GET"]}}],"collection":[{"href":"https:\/\/ipacei.com\/tr\/wp-json\/wp\/v2\/product"}],"about":[{"href":"https:\/\/ipacei.com\/tr\/wp-json\/wp\/v2\/types\/product"}],"replies":[{"embeddable":true,"href":"https:\/\/ipacei.com\/tr\/wp-json\/wp\/v2\/comments?post=42704"}],"wp:featuredmedia":[{"embeddable":true,"href":"https:\/\/ipacei.com\/tr\/wp-json\/wp\/v2\/media\/42379"}],"wp:attachment":[{"href":"https:\/\/ipacei.com\/tr\/wp-json\/wp\/v2\/media?parent=42704"}],"curies":[{"name":"wp","href":"https:\/\/api.w.org\/{rel}","templated":true}]}}