{"id":42738,"date":"2017-10-26T16:13:17","date_gmt":"2017-10-26T16:13:17","guid":{"rendered":"https:\/\/ipacei.lvps92-51-131-154.dedicated.hosteurope.de\/produkt\/kirpik-kas-ve-tirnak-uzatici-seti-2-ueruen\/"},"modified":"2018-06-11T15:40:02","modified_gmt":"2018-06-11T15:40:02","slug":"kirpik-kas-ve-tirnak-uzatici-seti-2-ueruen","status":"publish","type":"product","link":"https:\/\/ipacei.com\/tr\/produkt\/kirpik-kas-ve-tirnak-uzatici-seti-2-ueruen\/","title":{"rendered":"Kirpik, Kas ve Tirnak Uzatici Seti, 2 \u00dcr\u00fcn"},"content":{"rendered":"<h3 data-reactid=\".1.1.0.0.2.1.0.0\"><span style=\"color: #f50093;\"><strong>IPAC\u00c8I <\/strong><strong>Kirpik, Kas ve Tirnak Uzatici Seti, 2 \u00fcr\u00fcn<\/strong><br \/>\n<\/span><\/h3>\n<h4><span style=\"color: #f50093;\" data-reactid=\".1.1.0.0.2.1.0.0.1\">Kirpik ve Kas Uzatici Serum<br \/>\nTirnak Uzatici ve Sertlestirici<\/span><\/h4>\n<p>2 \u00dcr\u00fcn!<\/p>\n<h2 style=\"text-align: center;\"><span style=\"color: #fa059c;\"><strong>Ipacei art<span class=\"_Tgc\">\u0131<\/span>k T\u00fcrkiye`de!<\/strong><\/span><\/h2>\n<p style=\"text-align: center;\">B\u00fcy\u00fck bir ilgi sonucu artik Ipacei`nin orjinal \u00fcr\u00fcnlerini direkt online sat<span class=\"_Tgc\">\u0131\u015f<\/span> sitemizden kredi kartiniz ile sat<span class=\"_Tgc\">\u0131<\/span>n alabilirsiniz!<br \/>\nAyn<span class=\"_Tgc\">\u0131<\/span> hizmet ve ayn<span class=\"_Tgc\">\u0131<\/span> kalitede! T\u00fcrkiye ici sipari<span class=\"_Tgc\">\u015f<\/span>lerinizi mail yolu ile`da buradan mail yazarak sipari<span class=\"_Tgc\">\u015f\u00a0<\/span>verebilirsiniz:<\/p>\n<p style=\"text-align: center;\"><a href=\"https:\/\/ipacei.com\/tr\/iletisim\/\"><span style=\"color: #fa059c;\"><b>Ipacei Kontakt<\/b><\/span><\/a><\/p>\n<p style=\"text-align: center;\">Sizlerde kirpiklerinizi, ka<span class=\"_Tgc\">\u015f<\/span>larinizi, saclarinizi ve t<span class=\"_Tgc\">\u0131<\/span>rnaklar<span class=\"_Tgc\">\u0131<\/span>n<span class=\"_Tgc\">\u0131<\/span>z<span class=\"_Tgc\">\u0131<\/span> do<span class=\"_Tgc\">\u011f<\/span>al bir <span class=\"_Tgc\">\u015f<\/span>ekilde uzat<span class=\"_Tgc\">\u0131<\/span>n<span class=\"_Tgc\">\u0131<\/span>z!<\/p>\n<p data-reactid=\".1.1.0.0.2.1.0.0\"><span data-reactid=\".1.1.0.0.2.1.0.0.1\">Sette iki adet Ipacei Kozmetik \u00fcr\u00fcnleri orijinal boyutta bulunmaktadir.<\/span><\/p>\n<p data-reactid=\".1.1.0.0.2.1.0.0\">Ipacei Kirpik ve Kas Uzatici Serum, daha uzun kirpik ve kaslar icin. Ayriyetten Ipacei Tirnak Uzatici, daha uzun ve sert tirnaklar icin.<\/p>\n<h6 data-reactid=\".1.1.0.0.2.1.0.0\">Kuponlar bu promosyon ile maalesef gecerli degildir. Resimde g\u00f6rm\u00fcs oldugunuz hediye kutusu sadece Baslangic ile Allround Setinde bulunmaktadir.<\/h6>\n","protected":false},"excerpt":{"rendered":"<p>IPAC\u00c8I Kirpik, Kas ve Tirnak Uzatici Seti, 2 \u00fcr\u00fcn Kirpik ve Kas Uzatici Serum Tirnak Uzatici ve Sertlestirici 2 \u00dcr\u00fcn! Ipacei art\u0131k T\u00fcrkiye`de! B\u00fcy\u00fck bir ilgi sonucu artik Ipacei`nin orjinal \u00fcr\u00fcnlerini direkt online sat\u0131\u015f sitemizden kredi kartiniz ile sat\u0131n alabilirsiniz! Ayn\u0131 hizmet ve ayn\u0131 kalitede! T\u00fcrkiye ici sipari\u015flerinizi mail yolu ile`da buradan mail yazarak sipari\u015f\u00a0verebilirsiniz: Ipacei Kontakt Sizlerde kirpiklerinizi, ka\u015flarinizi, [&hellip;]<\/p>\n","protected":false},"featured_media":42375,"comment_status":"open","ping_status":"closed","template":"","meta":[],"class_list":{"0":"post-42738","1":"product","2":"type-product","3":"status-publish","4":"has-post-thumbnail","6":"product_cat-ipacei","7":"product_tag-eyelashes-serum-brows-augenbrauenserum-bestes-wimpernserum-ipacei-langewimpern-vollewimpern-kirpikuzatici-kasuzatici-kirpikserumu-kasserumu-laengere-wimpern-wimpern-wachsen-lassen-tr","9":"first","10":"instock","11":"taxable","12":"shipping-taxable","13":"purchasable","14":"product-type-simple"},"yoast_head":"<!-- This site is optimized with the Yoast SEO plugin v27.4 - https:\/\/yoast.com\/product\/yoast-seo-wordpress\/ -->\n<title>Kirpik, Kas ve Tirnak Uzatici Seti, 2 \u00dcr\u00fcn - Wimpernserum Ipacei<\/title>\n<meta name=\"robots\" content=\"index, follow, max-snippet:-1, max-image-preview:large, max-video-preview:-1\" \/>\n<link rel=\"canonical\" href=\"https:\/\/ipacei.com\/tr\/produkt\/kirpik-kas-ve-tirnak-uzatici-seti-2-ueruen\/\" \/>\n<meta property=\"og:locale\" content=\"tr_TR\" \/>\n<meta property=\"og:type\" content=\"article\" \/>\n<meta property=\"og:title\" content=\"Kirpik, Kas ve Tirnak Uzatici Seti, 2 \u00dcr\u00fcn - Wimpernserum Ipacei\" \/>\n<meta property=\"og:description\" content=\"IPAC\u00c8I Kirpik, Kas ve Tirnak Uzatici Seti, 2 \u00fcr\u00fcn Kirpik ve Kas Uzatici Serum Tirnak Uzatici ve Sertlestirici 2 \u00dcr\u00fcn! Ipacei art\u0131k T\u00fcrkiye`de! B\u00fcy\u00fck bir ilgi sonucu artik Ipacei`nin orjinal \u00fcr\u00fcnlerini direkt online sat\u0131\u015f sitemizden kredi kartiniz ile sat\u0131n alabilirsiniz! Ayn\u0131 hizmet ve ayn\u0131 kalitede! T\u00fcrkiye ici sipari\u015flerinizi mail yolu ile`da buradan mail yazarak sipari\u015f\u00a0verebilirsiniz: Ipacei Kontakt Sizlerde kirpiklerinizi, ka\u015flarinizi, [&hellip;]\" \/>\n<meta property=\"og:url\" content=\"https:\/\/ipacei.com\/tr\/produkt\/kirpik-kas-ve-tirnak-uzatici-seti-2-ueruen\/\" \/>\n<meta property=\"og:site_name\" content=\"Wimpernserum Ipacei\" \/>\n<meta property=\"article:publisher\" content=\"https:\/\/de-de.facebook.com\/ipacei\/\" \/>\n<meta property=\"article:modified_time\" content=\"2018-06-11T15:40:02+00:00\" \/>\n<meta property=\"og:image\" content=\"https:\/\/ipacei.com\/wp-content\/uploads\/2017\/10\/Geschenkset-kosmetik-Wimpernserum-und-Nagelhaerter-Ipacei-300x300.jpg\" \/>\n\t<meta property=\"og:image:width\" content=\"300\" \/>\n\t<meta property=\"og:image:height\" content=\"300\" \/>\n\t<meta property=\"og:image:type\" content=\"image\/jpeg\" \/>\n<meta name=\"twitter:card\" content=\"summary_large_image\" \/>\n<meta name=\"twitter:site\" content=\"@IPACEI\" \/>\n<meta name=\"twitter:label1\" content=\"Tahmini okuma s\u00fcresi\" \/>\n\t<meta name=\"twitter:data1\" content=\"1 dakika\" \/>\n<script type=\"application\/ld+json\" class=\"yoast-schema-graph\">{\"@context\":\"https:\\\/\\\/schema.org\",\"@graph\":[{\"@type\":\"WebPage\",\"@id\":\"https:\\\/\\\/ipacei.com\\\/tr\\\/produkt\\\/kirpik-kas-ve-tirnak-uzatici-seti-2-ueruen\\\/\",\"url\":\"https:\\\/\\\/ipacei.com\\\/tr\\\/produkt\\\/kirpik-kas-ve-tirnak-uzatici-seti-2-ueruen\\\/\",\"name\":\"Kirpik, Kas ve Tirnak Uzatici Seti, 2 \u00dcr\u00fcn - Wimpernserum Ipacei\",\"isPartOf\":{\"@id\":\"https:\\\/\\\/ipacei.com\\\/#website\"},\"primaryImageOfPage\":{\"@id\":\"https:\\\/\\\/ipacei.com\\\/tr\\\/produkt\\\/kirpik-kas-ve-tirnak-uzatici-seti-2-ueruen\\\/#primaryimage\"},\"image\":{\"@id\":\"https:\\\/\\\/ipacei.com\\\/tr\\\/produkt\\\/kirpik-kas-ve-tirnak-uzatici-seti-2-ueruen\\\/#primaryimage\"},\"thumbnailUrl\":\"https:\\\/\\\/ipacei.com\\\/wp-content\\\/uploads\\\/2017\\\/10\\\/Geschenkset-kosmetik-Wimpernserum-und-Nagelhaerter-Ipacei-300x300.jpg\",\"datePublished\":\"2017-10-26T16:13:17+00:00\",\"dateModified\":\"2018-06-11T15:40:02+00:00\",\"breadcrumb\":{\"@id\":\"https:\\\/\\\/ipacei.com\\\/tr\\\/produkt\\\/kirpik-kas-ve-tirnak-uzatici-seti-2-ueruen\\\/#breadcrumb\"},\"inLanguage\":\"tr\",\"potentialAction\":[{\"@type\":\"ReadAction\",\"target\":[\"https:\\\/\\\/ipacei.com\\\/tr\\\/produkt\\\/kirpik-kas-ve-tirnak-uzatici-seti-2-ueruen\\\/\"]}]},{\"@type\":\"ImageObject\",\"inLanguage\":\"tr\",\"@id\":\"https:\\\/\\\/ipacei.com\\\/tr\\\/produkt\\\/kirpik-kas-ve-tirnak-uzatici-seti-2-ueruen\\\/#primaryimage\",\"url\":\"https:\\\/\\\/ipacei.com\\\/wp-content\\\/uploads\\\/2017\\\/10\\\/Geschenkset-kosmetik-Wimpernserum-und-Nagelhaerter-Ipacei-300x300.jpg\",\"contentUrl\":\"https:\\\/\\\/ipacei.com\\\/wp-content\\\/uploads\\\/2017\\\/10\\\/Geschenkset-kosmetik-Wimpernserum-und-Nagelhaerter-Ipacei-300x300.jpg\",\"width\":300,\"height\":300},{\"@type\":\"BreadcrumbList\",\"@id\":\"https:\\\/\\\/ipacei.com\\\/tr\\\/produkt\\\/kirpik-kas-ve-tirnak-uzatici-seti-2-ueruen\\\/#breadcrumb\",\"itemListElement\":[{\"@type\":\"ListItem\",\"position\":1,\"name\":\"Startseite\",\"item\":\"https:\\\/\\\/ipacei.com\\\/tr\\\/\"},{\"@type\":\"ListItem\",\"position\":2,\"name\":\"Shop\",\"item\":\"https:\\\/\\\/ipacei.com\\\/tr\\\/shop\\\/\"},{\"@type\":\"ListItem\",\"position\":3,\"name\":\"Kirpik, Kas ve Tirnak Uzatici Seti, 2 \u00dcr\u00fcn\"}]},{\"@type\":\"WebSite\",\"@id\":\"https:\\\/\\\/ipacei.com\\\/#website\",\"url\":\"https:\\\/\\\/ipacei.com\\\/\",\"name\":\"Wimpernserum Ipacei\",\"description\":\"Luxury Cosmetic Products for long lashes, longer hair, longer nails and more\",\"potentialAction\":[{\"@type\":\"SearchAction\",\"target\":{\"@type\":\"EntryPoint\",\"urlTemplate\":\"https:\\\/\\\/ipacei.com\\\/?s={search_term_string}\"},\"query-input\":{\"@type\":\"PropertyValueSpecification\",\"valueRequired\":true,\"valueName\":\"search_term_string\"}}],\"inLanguage\":\"tr\"}]}<\/script>\n<!-- \/ Yoast SEO plugin. -->","yoast_head_json":{"title":"Kirpik, Kas ve Tirnak Uzatici Seti, 2 \u00dcr\u00fcn - Wimpernserum Ipacei","robots":{"index":"index","follow":"follow","max-snippet":"max-snippet:-1","max-image-preview":"max-image-preview:large","max-video-preview":"max-video-preview:-1"},"canonical":"https:\/\/ipacei.com\/tr\/produkt\/kirpik-kas-ve-tirnak-uzatici-seti-2-ueruen\/","og_locale":"tr_TR","og_type":"article","og_title":"Kirpik, Kas ve Tirnak Uzatici Seti, 2 \u00dcr\u00fcn - Wimpernserum Ipacei","og_description":"IPAC\u00c8I Kirpik, Kas ve Tirnak Uzatici Seti, 2 \u00fcr\u00fcn Kirpik ve Kas Uzatici Serum Tirnak Uzatici ve Sertlestirici 2 \u00dcr\u00fcn! Ipacei art\u0131k T\u00fcrkiye`de! B\u00fcy\u00fck bir ilgi sonucu artik Ipacei`nin orjinal \u00fcr\u00fcnlerini direkt online sat\u0131\u015f sitemizden kredi kartiniz ile sat\u0131n alabilirsiniz! Ayn\u0131 hizmet ve ayn\u0131 kalitede! T\u00fcrkiye ici sipari\u015flerinizi mail yolu ile`da buradan mail yazarak sipari\u015f\u00a0verebilirsiniz: Ipacei Kontakt Sizlerde kirpiklerinizi, ka\u015flarinizi, [&hellip;]","og_url":"https:\/\/ipacei.com\/tr\/produkt\/kirpik-kas-ve-tirnak-uzatici-seti-2-ueruen\/","og_site_name":"Wimpernserum Ipacei","article_publisher":"https:\/\/de-de.facebook.com\/ipacei\/","article_modified_time":"2018-06-11T15:40:02+00:00","og_image":[{"width":300,"height":300,"url":"https:\/\/ipacei.com\/wp-content\/uploads\/2017\/10\/Geschenkset-kosmetik-Wimpernserum-und-Nagelhaerter-Ipacei-300x300.jpg","type":"image\/jpeg"}],"twitter_card":"summary_large_image","twitter_site":"@IPACEI","twitter_misc":{"Tahmini okuma s\u00fcresi":"1 dakika"},"schema":{"@context":"https:\/\/schema.org","@graph":[{"@type":"WebPage","@id":"https:\/\/ipacei.com\/tr\/produkt\/kirpik-kas-ve-tirnak-uzatici-seti-2-ueruen\/","url":"https:\/\/ipacei.com\/tr\/produkt\/kirpik-kas-ve-tirnak-uzatici-seti-2-ueruen\/","name":"Kirpik, Kas ve Tirnak Uzatici Seti, 2 \u00dcr\u00fcn - Wimpernserum Ipacei","isPartOf":{"@id":"https:\/\/ipacei.com\/#website"},"primaryImageOfPage":{"@id":"https:\/\/ipacei.com\/tr\/produkt\/kirpik-kas-ve-tirnak-uzatici-seti-2-ueruen\/#primaryimage"},"image":{"@id":"https:\/\/ipacei.com\/tr\/produkt\/kirpik-kas-ve-tirnak-uzatici-seti-2-ueruen\/#primaryimage"},"thumbnailUrl":"https:\/\/ipacei.com\/wp-content\/uploads\/2017\/10\/Geschenkset-kosmetik-Wimpernserum-und-Nagelhaerter-Ipacei-300x300.jpg","datePublished":"2017-10-26T16:13:17+00:00","dateModified":"2018-06-11T15:40:02+00:00","breadcrumb":{"@id":"https:\/\/ipacei.com\/tr\/produkt\/kirpik-kas-ve-tirnak-uzatici-seti-2-ueruen\/#breadcrumb"},"inLanguage":"tr","potentialAction":[{"@type":"ReadAction","target":["https:\/\/ipacei.com\/tr\/produkt\/kirpik-kas-ve-tirnak-uzatici-seti-2-ueruen\/"]}]},{"@type":"ImageObject","inLanguage":"tr","@id":"https:\/\/ipacei.com\/tr\/produkt\/kirpik-kas-ve-tirnak-uzatici-seti-2-ueruen\/#primaryimage","url":"https:\/\/ipacei.com\/wp-content\/uploads\/2017\/10\/Geschenkset-kosmetik-Wimpernserum-und-Nagelhaerter-Ipacei-300x300.jpg","contentUrl":"https:\/\/ipacei.com\/wp-content\/uploads\/2017\/10\/Geschenkset-kosmetik-Wimpernserum-und-Nagelhaerter-Ipacei-300x300.jpg","width":300,"height":300},{"@type":"BreadcrumbList","@id":"https:\/\/ipacei.com\/tr\/produkt\/kirpik-kas-ve-tirnak-uzatici-seti-2-ueruen\/#breadcrumb","itemListElement":[{"@type":"ListItem","position":1,"name":"Startseite","item":"https:\/\/ipacei.com\/tr\/"},{"@type":"ListItem","position":2,"name":"Shop","item":"https:\/\/ipacei.com\/tr\/shop\/"},{"@type":"ListItem","position":3,"name":"Kirpik, Kas ve Tirnak Uzatici Seti, 2 \u00dcr\u00fcn"}]},{"@type":"WebSite","@id":"https:\/\/ipacei.com\/#website","url":"https:\/\/ipacei.com\/","name":"Wimpernserum Ipacei","description":"Luxury Cosmetic Products for long lashes, longer hair, longer nails and more","potentialAction":[{"@type":"SearchAction","target":{"@type":"EntryPoint","urlTemplate":"https:\/\/ipacei.com\/?s={search_term_string}"},"query-input":{"@type":"PropertyValueSpecification","valueRequired":true,"valueName":"search_term_string"}}],"inLanguage":"tr"}]}},"_links":{"self":[{"href":"https:\/\/ipacei.com\/tr\/wp-json\/wp\/v2\/product\/42738","targetHints":{"allow":["GET"]}}],"collection":[{"href":"https:\/\/ipacei.com\/tr\/wp-json\/wp\/v2\/product"}],"about":[{"href":"https:\/\/ipacei.com\/tr\/wp-json\/wp\/v2\/types\/product"}],"replies":[{"embeddable":true,"href":"https:\/\/ipacei.com\/tr\/wp-json\/wp\/v2\/comments?post=42738"}],"wp:featuredmedia":[{"embeddable":true,"href":"https:\/\/ipacei.com\/tr\/wp-json\/wp\/v2\/media\/42375"}],"wp:attachment":[{"href":"https:\/\/ipacei.com\/tr\/wp-json\/wp\/v2\/media?parent=42738"}],"curies":[{"name":"wp","href":"https:\/\/api.w.org\/{rel}","templated":true}]}}