{"id":42806,"date":"2017-10-26T16:13:17","date_gmt":"2017-10-26T16:13:17","guid":{"rendered":"https:\/\/ipacei.lvps92-51-131-154.dedicated.hosteurope.de\/produkt\/kirpik-ve-kas-uzatici-serum\/"},"modified":"2020-05-12T09:40:23","modified_gmt":"2020-05-12T09:40:23","slug":"kirpik-ve-kas-uzatici-serum","status":"publish","type":"product","link":"https:\/\/ipacei.com\/tr\/produkt\/kirpik-ve-kas-uzatici-serum\/","title":{"rendered":"Kirpik ve ka\u015f uzatici serum"},"content":{"rendered":"<p><span style=\"color: #fa0785;\"><strong>IPAC\u00c8I ULTRA STRONG vegan kirpik ve ka\u015f uzat\u0131c\u0131 serum (3ml)<br \/>\nBir \u015fi\u015fe 3-6 aylik kullan\u0131m icin<\/strong><\/span><\/p>\n<p><strong>\u00a0<\/strong><\/p>\n<h2 style=\"text-align: center;\"><span style=\"color: #fa059c;\"><strong>Ipacei art<span class=\"_Tgc\">\u0131<\/span>k T\u00fcrkiye`de!<\/strong><\/span><\/h2>\n<p style=\"text-align: center;\">B\u00fcy\u00fck bir ilgi sonucu artik Ipacei`nin orjinal \u00fcr\u00fcnlerini direkt online sat<span class=\"_Tgc\">\u0131\u015f<\/span> sitemizden kredi kartiniz ile sat<span class=\"_Tgc\">\u0131<\/span>n alabilirsiniz!<br \/>\nAyn<span class=\"_Tgc\">\u0131<\/span> hizmet ve ayn<span class=\"_Tgc\">\u0131<\/span> kalitede! T\u00fcrkiye ici sipari<span class=\"_Tgc\">\u015f<\/span>lerinizi mail yolu ile`da buradan mail yazarak sipari<span class=\"_Tgc\">\u015f\u00a0<\/span>verebilirsiniz:<\/p>\n<p style=\"text-align: center;\"><a href=\"https:\/\/ipacei.com\/tr\/iletisim\/\"><span style=\"color: #fa059c;\"><b>Ipacei Kontakt<\/b><\/span><\/a><\/p>\n<p style=\"text-align: center;\">Sizlerde kirpiklerinizi, ka<span class=\"_Tgc\">\u015f<\/span>larinizi, saclarinizi ve t<span class=\"_Tgc\">\u0131<\/span>rnaklar<span class=\"_Tgc\">\u0131<\/span>n<span class=\"_Tgc\">\u0131<\/span>z<span class=\"_Tgc\">\u0131<\/span> do<span class=\"_Tgc\">\u011f<\/span>al bir <span class=\"_Tgc\">\u015f<\/span>ekilde uzat<span class=\"_Tgc\">\u0131<\/span>n<span class=\"_Tgc\">\u0131<\/span>z!<\/p>\n<h5><strong>Ayni hizmet ve ayni kalite!<\/strong><\/h5>\n<p><span style=\"color: #fa0785;\"><strong>En iyi kirpik ve ka\u015f uzatici serumu 2015, 2016, 2017, 2018, 2019&amp;2020!<\/strong><\/span><\/p>\n<p><img loading=\"lazy\" decoding=\"async\" class=\"alignnone wp-image-43507\" src=\"https:\/\/ipacei.com\/wp-content\/uploads\/2018\/01\/wimpernserum-erfahrungen-vorher-nachher-Januar-2018-Ipacei-wimpern-wachsen-lassen-gutes-und-guenstiges-wimpernserum-300x300.jpg\" alt=\"\" width=\"154\" height=\"154\" srcset=\"https:\/\/ipacei.com\/wp-content\/uploads\/2018\/01\/wimpernserum-erfahrungen-vorher-nachher-Januar-2018-Ipacei-wimpern-wachsen-lassen-gutes-und-guenstiges-wimpernserum-300x300.jpg 300w, https:\/\/ipacei.com\/wp-content\/uploads\/2018\/01\/wimpernserum-erfahrungen-vorher-nachher-Januar-2018-Ipacei-wimpern-wachsen-lassen-gutes-und-guenstiges-wimpernserum-100x100.jpg 100w, https:\/\/ipacei.com\/wp-content\/uploads\/2018\/01\/wimpernserum-erfahrungen-vorher-nachher-Januar-2018-Ipacei-wimpern-wachsen-lassen-gutes-und-guenstiges-wimpernserum-600x600.jpg 600w, https:\/\/ipacei.com\/wp-content\/uploads\/2018\/01\/wimpernserum-erfahrungen-vorher-nachher-Januar-2018-Ipacei-wimpern-wachsen-lassen-gutes-und-guenstiges-wimpernserum-150x150.jpg 150w, https:\/\/ipacei.com\/wp-content\/uploads\/2018\/01\/wimpernserum-erfahrungen-vorher-nachher-Januar-2018-Ipacei-wimpern-wachsen-lassen-gutes-und-guenstiges-wimpernserum-768x768.jpg 768w, https:\/\/ipacei.com\/wp-content\/uploads\/2018\/01\/wimpernserum-erfahrungen-vorher-nachher-Januar-2018-Ipacei-wimpern-wachsen-lassen-gutes-und-guenstiges-wimpernserum-672x672.jpg 672w, https:\/\/ipacei.com\/wp-content\/uploads\/2018\/01\/wimpernserum-erfahrungen-vorher-nachher-Januar-2018-Ipacei-wimpern-wachsen-lassen-gutes-und-guenstiges-wimpernserum.jpg 979w\" sizes=\"auto, (max-width: 154px) 100vw, 154px\" \/><br \/>\n<strong style=\"color: #f7077f;\">Resimdeki sonuc Ipacei ile 8 hafta sonra!<br \/>\nDaha fazlasi @ipacei instagram`da!<\/strong><\/p>\n<p>Kirpik ve ka\u015f t\u00fcylerin do\u011fal, g\u00fcr ve sonuna kadar uzamasini sa\u011flar, 4 hafta sonra!<\/p>\n<p>Ilk sonuclar 3-4 hafta icerisinde, extrem uzun kirpik ve kaslar 8-12 hafta sonra!<\/p>\n<p>IPAC\u00c8I ULTRA STRONG kirpik ve ka\u015f uzat\u0131c\u0131 serumu, g\u00fczel ve \u0131\u015f\u0131lt\u0131l\u0131 g\u00f6zlerin temelidir.<\/p>\n<p>Kirpikler fiziksel g\u00fczelli\u011fin bir i\u015fareti olarak g\u00f6r\u00fcl\u00fcr, ne kadar uzun ve ne kadar k\u0131vr\u0131k olursa o kadar \u00e7ekici oldu\u011fu d\u00fc\u015f\u00fcn\u00fcl\u00fcr. Uzun, dolgun ve g\u00fczel kirpiklerin s\u0131rr\u0131 5-8 haftada IPAC\u00c8I ULTRA STRONG kirpik ve ka\u015f uzat\u0131c\u0131 serumu ile.<\/p>\n<p><span style=\"color: #fa0785;\"><strong>\u00d6l\u00e7\u00fcm\u00fcz ne icindir?<\/strong><\/span><br \/>\n\u00d6LC VE RESIM CEK! \u00d6l\u00e7\u00fcy\u00fc kirpiklerinize dayay\u0131p resminizi ilk g\u00fcnden itibaren \u00e7ekiniz! Tarih at\u0131n\u0131z, ok ile i\u015faretleyin ve kirpiklerinizin uzunlugunu hafta bir kez\u00a0 devaml\u0131 kontrol ediniz!<br \/>\nUzad\u0131klarini ve g\u00fcrlestiklerini g\u00f6rebilecek ve hatta \u00f6lcebilirsiniz!<\/p>\n<p><span style=\"color: #fa0785;\"><strong>Ger\u00e7ekten kirpiklerimi\/ ka\u015flar\u0131m\u0131 uzat\u0131r m\u0131?<\/strong><\/span><\/p>\n<p>T\u00fcm \u00fcr\u00fcnlerimizi devaml\u0131 test etmekteyiz ve etkin maddeler kullanarak kirpiklerimizin\/ka\u015flar\u0131m\u0131z\u0131n uzamas\u0131n\u0131 ba\u015fard\u0131k.<br \/>\n\u00d6nceki ve sonraki foto\u011fraflara g\u00f6z at\u0131n\u0131z!<\/p>\n<p><span style=\"color: #fa0785;\"><strong>Ne kadar \u00e7abuk uzarlar?<\/strong><\/span><\/p>\n<p>2-3 hafta sonra sonu\u00e7lar g\u00f6r\u00fcn\u00fcr hale gelir.<br \/>\n5-12 haftal\u0131k bir s\u00fcre boyunca g\u00fcnl\u00fck olarak kulland\u0131ktan sonra, g\u00f6zle g\u00f6r\u00fcl\u00fcr % 45-70 aras\u0131 ba\u015far\u0131l\u0131 bir etki g\u00f6stermeye ba\u015flar. En son uzama noktasi ise 12 haftadir ve en m\u00fckemmel g\u00f6r\u00fcnt\u00fc ozaman yakalarsiniz!<\/p>\n<p><img loading=\"lazy\" decoding=\"async\" class=\"alignnone wp-image-43526\" src=\"https:\/\/ipacei.com\/wp-content\/uploads\/2018\/01\/welches-wimpernserum-wirkt-gut-und-guenstig-ipacei-vorher-nachher-lashes-enhancer-wimpernbooster-300x300.jpg\" alt=\"\" width=\"200\" height=\"200\" srcset=\"https:\/\/ipacei.com\/wp-content\/uploads\/2018\/01\/welches-wimpernserum-wirkt-gut-und-guenstig-ipacei-vorher-nachher-lashes-enhancer-wimpernbooster-300x300.jpg 300w, https:\/\/ipacei.com\/wp-content\/uploads\/2018\/01\/welches-wimpernserum-wirkt-gut-und-guenstig-ipacei-vorher-nachher-lashes-enhancer-wimpernbooster-100x100.jpg 100w, https:\/\/ipacei.com\/wp-content\/uploads\/2018\/01\/welches-wimpernserum-wirkt-gut-und-guenstig-ipacei-vorher-nachher-lashes-enhancer-wimpernbooster-600x600.jpg 600w, https:\/\/ipacei.com\/wp-content\/uploads\/2018\/01\/welches-wimpernserum-wirkt-gut-und-guenstig-ipacei-vorher-nachher-lashes-enhancer-wimpernbooster-150x150.jpg 150w, https:\/\/ipacei.com\/wp-content\/uploads\/2018\/01\/welches-wimpernserum-wirkt-gut-und-guenstig-ipacei-vorher-nachher-lashes-enhancer-wimpernbooster-768x768.jpg 768w, https:\/\/ipacei.com\/wp-content\/uploads\/2018\/01\/welches-wimpernserum-wirkt-gut-und-guenstig-ipacei-vorher-nachher-lashes-enhancer-wimpernbooster-1024x1024.jpg 1024w, https:\/\/ipacei.com\/wp-content\/uploads\/2018\/01\/welches-wimpernserum-wirkt-gut-und-guenstig-ipacei-vorher-nachher-lashes-enhancer-wimpernbooster-672x672.jpg 672w, https:\/\/ipacei.com\/wp-content\/uploads\/2018\/01\/welches-wimpernserum-wirkt-gut-und-guenstig-ipacei-vorher-nachher-lashes-enhancer-wimpernbooster-1038x1038.jpg 1038w, https:\/\/ipacei.com\/wp-content\/uploads\/2018\/01\/welches-wimpernserum-wirkt-gut-und-guenstig-ipacei-vorher-nachher-lashes-enhancer-wimpernbooster.jpg 1080w\" sizes=\"auto, (max-width: 200px) 100vw, 200px\" \/><\/p>\n<p><span style=\"color: #fa0785;\"><strong>Etki:<\/strong><\/span><br \/>\nEtkili form\u00fcl\u00fc IC* (kirpik ve ka\u015f uzatici) ve Panthenol-Peptidekomplex sayesinde,<br \/>\nkirpik ve ka\u015f t\u00fcylerin do\u011fal, g\u00fcr ve sonuna kadar uzamasini sa\u011flar.<\/p>\n<p><span style=\"color: #fa0785;\"><strong>IPAC\u00c8I ULTRA STRONG kirpik ve ka\u015f uzat\u0131c\u0131 serumunu <\/strong><\/span><br \/>\n<span style=\"color: #fa0785;\"><strong>haftada sadece 2-3 kez kullansam?<\/strong><\/span><\/p>\n<p>G\u00f6zle g\u00f6r\u00fcn\u00fcr bir sonu\u00e7 i\u00e7in mutlaka g\u00fcnde bir kez,<br \/>\nsabah veya ak\u015fam\u00a0 IPAC\u00c8I ULTRA STRONG EYE LASHES GROWTH SERUMUNU kullan\u0131n\u0131z.<br \/>\n5-8 haftal\u0131k bir s\u00fcre boyunca g\u00fcnl\u00fck olarak kulland\u0131ktan sonra, g\u00f6zle g\u00f6r\u00fcl\u00fcr, % 45-70 aras\u0131 ba\u015far\u0131l\u0131 bir etki g\u00f6stermeye ba\u015flar.<br \/>\nKirpiklerimizin maksimum b\u00fcy\u00fcme s\u00fcresi ise 12 haftaya kadard\u0131r.<br \/>\nTatmin edici sonu\u00e7 al\u0131nd\u0131\u011f\u0131nda, bak\u0131m ve uzunlu\u011funu korumak i\u00e7in haftada 2-3 kez arasi uygulamaya devam ediniz.<\/p>\n<p><span style=\"color: #fa0785;\"><strong>Nasil uygulayabilirim?<\/strong><\/span><\/p>\n<p>G\u00f6zlerinizi ve ka\u015flar\u0131n\u0131z\u0131 temizledikten sonra, g\u00fcnde bir kez, sabah veya ak\u015fam IPAC\u00c8I ULTRA STRONG EYE LASHES AND BROWS GROWTH SERUMUNU kullan\u0131n\u0131z.<br \/>\nGenellikle 5-8 hafta sonra, muthe\u015fem sonu\u00e7lar elde edilmi\u015ftir.<\/p>\n<p><span style=\"color: #fa0785;\"><strong>Kirpikler i\u00e7in uygulama:<\/strong><\/span><\/p>\n<p>IPAC\u00c8I ULTRA STRONG EYE LASHES AND BROWS GROWTH SERUMUNU kullan\u0131\u015fl\u0131 aplikat\u00f6r\u00fc ile, temiz ve kuru olan kirpiklerinizin diplerine, Eyeliner kullanir gibi bir \u00e7izgi \u00e7ekiniz. Serumu kirpik k\u00f6klerine s\u00fcr\u00fcn\u00fcz, g\u00f6z ile veya g\u00f6z kapaklariniz ile temas etmemesi gerekir, dikkatlice davran\u0131n\u0131z.\u00a0 K\u0131sa bir kuruma s\u00fcrecini bekledikten sonra, makyaj\u0131n\u0131z\u0131 veya cilt bak\u0131m \u00fcr\u00fcnlerinizi kullanabilirsiniz. Iyice \u00e7alkalay\u0131n\u0131z!<\/p>\n<p id=\"tw-target-text\" class=\"tw-data-text vk_txt tw-ta tw-text-small\" dir=\"ltr\" data-placeholder=\"\u00dcbersetzung\"><span lang=\"tr\">1. G\u00f6zkapaginizi temizleyip durulayiniz<br \/>\n2. Kirpik uzatici serumu sadece hafifce kirpik diplerine (k\u00f6k\u00fcne) s\u00fcr\u00fcn\u00fcz, g\u00f6zkapagi ile ve cildiniz ile temas etmemesi gerekmektedir<br \/>\n3. Hafif\u00e7e g\u00f6zlerininizi a\u00e7\u0131k tutup, serumun kurumasini bekleyiniz<br \/>\n<\/span><\/p>\n<p><span style=\"color: #fa0785;\"><strong>Ka\u015flar i\u00e7in uygulama:<\/strong><\/span><\/p>\n<p>Ka\u015flar\u0131n\u0131z\u0131n g\u00fcrle\u015fmesini istedginiz b\u00f6lgelere IPAC\u00c8I ULTRA STRONG EYE LASHES GROWTH AND BROWS SERUMUNU g\u00fcnde bir kez uygulayin. B\u00fcy\u00fcmesini te\u015fvik etmek istedi\u011finiz ka\u015f \u00fczerindeki sa\u00e7 k\u00f6kleri veya ka\u015f aralar\u0131ndaki kel noktalara s\u00fcr\u00fcn\u00fcz. Iyice \u00e7alkalay\u0131n\u0131z!<\/p>\n<p><span style=\"color: #fa0785;\"><strong>Iyi kullan\u0131mlar!<\/strong><\/span><\/p>\n<p><span style=\"color: #fa0785;\"><strong>Uyumluluk ve dikkat edilmesi gerekenler:<\/strong><\/span><\/p>\n<p>IPAC\u00c8I ULTRA EYE LASHES GROWTH SERUM sadece \u00fcstte belirtilmi\u015f olan b\u00f6lgelerde, kirpik diplerine (g\u00f6z kapak \u00fcst\u00fc, g\u00f6z kapak alt\u0131) ve ka\u015flara Eyeliner \u015feklinde kullan\u0131n\u0131z.<br \/>\nG\u00fcnes\/Solarium \u00f6ncesi, acik yara \u00fczerine kullanmayiniz ve mukoza yollari ile temas etmemesine \u00f6zen g\u00f6sterin.<br \/>\nSerumun g\u00f6z ile temas aninda, derhal g\u00f6z\u00fcn\u00fcz\u00fc y\u0131kay\u0131n\u0131z.<br \/>\nRahatsiz edici madde veya alerjik reaksiyon aninda, hemen tedaviyi durdurunuz, gerekir ise bir doktora danisin.<br \/>\nGenel olarak: Alman pazarinda bulunan t\u00fcm etki g\u00f6steren kirpik ve ka\u015f serumlar\u0131 i\u00e7in ge\u00e7erlidir, 18 ya\u015f\u0131ndan itibaren tavsiye edilir, belirtilen ya\u015f s\u0131n\u0131r\u0131n alt\u0131nda kullanilmamalidir. \u00c7ocuklardan uzak tutunuz ve ula\u015famayacaklar\u0131 yerlerde saklay\u0131n\u0131z. Kemoterapi s\u0131ras\u0131nda, emziren bayanlar ve hamilelik sirasinda kullanilmamasi gerekir. Alpoecia (ve tedavi g\u00f6renler) ile ilgili gerekli arastirmalar bulunmamaktadir, doktorunuza danisiniz. G\u00f6zle temas etmemesi gereklidir. Cilt tahsisi bir durumunda uygulamayi birakiniz. Prostaglandin tabanli g\u00f6z damlalari ile tedavide kullanmayiniz.<\/p>\n<p>Icerikler www.codecheck.info sayfasinda mevcuttur:<br \/>\nhttp:\/\/www.codecheck.info\/kosmetik_koerperpflege\/dekorative_kosmetik\/augen\/id_1512436623\/Ipacei_Wimpernserum_vegan.pro<\/p>\n","protected":false},"excerpt":{"rendered":"<p>PAC\u00c8I ULTRA STRONG EYE LASHES AND BROWS GROWTH SERUM is the secret for longer, darker and conditioned lashes in 5-8 weeks. Lashes and eyes are seen as a sign of physical beauty, the longer and more volume they have, the more attractive are they.<\/p>\n","protected":false},"featured_media":45382,"comment_status":"open","ping_status":"closed","template":"","meta":[],"class_list":{"0":"post-42806","1":"product","2":"type-product","3":"status-publish","4":"has-post-thumbnail","6":"product_cat-ipacei","7":"product_tag-en-iyi-kirpik-serumu-2019","8":"product_tag-en-iyi-kirpik-serumu-2020","9":"product_tag-en-iyi-kirpik-uzatici-tr","10":"product_tag-en-iyi-kirpik-uzatici","11":"product_tag-eyelashes-serum-brows-augenbrauenserum-bestes-wimpernserum-ipacei-langewimpern-vollewimpern-kirpikuzatici-kasuzatici-kirpikserumu-kasserumu-laengere-wimpern-wimpern-wachsen-lassen-tr","12":"product_tag-gutes-und-guenstiges-wimpernserum-tr","13":"product_tag-kirpik-serumu","14":"product_tag-kirpik-serumu-oencesi-sonrasi","15":"product_tag-kirpik-uzatici","16":"product_tag-lange-wimpern-bekommen-mit-ipacei-tr","17":"product_tag-lash-enhancer-tr","18":"product_tag-lashes-growth-tr","19":"product_tag-lashes-serum-tr","20":"product_tag-veganes-wimpernserum-tr","21":"product_tag-welches-wimpernserum-hilft-wirklich-tr","22":"product_tag-wimpernserum-tr","23":"product_tag-wimpernserum-erfahrungen-2019-tr","24":"product_tag-wimpernserum-guenstig-und-gut-tr","25":"product_tag-wimpernserum-gut-tr","26":"product_tag-wimpernserum-vegan-tr","27":"product_tag-wimpernserum-vorher-nachher-tr","28":"product_tag-wimpernserumtest-tr","30":"first","31":"instock","32":"taxable","33":"shipping-taxable","34":"purchasable","35":"product-type-simple"},"yoast_head":"<!-- This site is optimized with the Yoast SEO plugin v25.6 - https:\/\/yoast.com\/wordpress\/plugins\/seo\/ -->\n<title>en iyi kirpik serumu 2019<\/title>\n<meta name=\"description\" content=\"en iyi kirpik serumu 2019\" \/>\n<meta name=\"robots\" content=\"index, follow, max-snippet:-1, max-image-preview:large, max-video-preview:-1\" \/>\n<link rel=\"canonical\" href=\"https:\/\/ipacei.com\/tr\/produkt\/kirpik-ve-kas-uzatici-serum\/\" \/>\n<meta property=\"og:locale\" content=\"tr_TR\" \/>\n<meta property=\"og:type\" content=\"article\" \/>\n<meta property=\"og:title\" content=\"en iyi kirpik serumu 2019\" \/>\n<meta property=\"og:description\" content=\"en iyi kirpik serumu 2019\" \/>\n<meta property=\"og:url\" content=\"https:\/\/ipacei.com\/tr\/produkt\/kirpik-ve-kas-uzatici-serum\/\" \/>\n<meta property=\"og:site_name\" content=\"Wimpernserum Ipacei\" \/>\n<meta property=\"article:publisher\" content=\"https:\/\/de-de.facebook.com\/ipacei\/\" \/>\n<meta property=\"article:modified_time\" content=\"2020-05-12T09:40:23+00:00\" \/>\n<meta property=\"og:image\" content=\"https:\/\/ipacei.com\/wp-content\/uploads\/2017\/10\/bestes-wimpernserum-test-erfahrungen-lange-wimpern-bekommen-mit-ipacei.jpg\" \/>\n\t<meta property=\"og:image:width\" content=\"400\" \/>\n\t<meta property=\"og:image:height\" content=\"400\" \/>\n\t<meta property=\"og:image:type\" content=\"image\/jpeg\" \/>\n<meta name=\"twitter:card\" content=\"summary_large_image\" \/>\n<meta name=\"twitter:site\" content=\"@IPACEI\" \/>\n<meta name=\"twitter:label1\" content=\"Tahmini okuma s\u00fcresi\" \/>\n\t<meta name=\"twitter:data1\" content=\"4 dakika\" \/>\n<script type=\"application\/ld+json\" class=\"yoast-schema-graph\">{\"@context\":\"https:\/\/schema.org\",\"@graph\":[{\"@type\":\"WebPage\",\"@id\":\"https:\/\/ipacei.com\/tr\/produkt\/kirpik-ve-kas-uzatici-serum\/\",\"url\":\"https:\/\/ipacei.com\/tr\/produkt\/kirpik-ve-kas-uzatici-serum\/\",\"name\":\"en iyi kirpik serumu 2019\",\"isPartOf\":{\"@id\":\"https:\/\/ipacei.com\/#website\"},\"primaryImageOfPage\":{\"@id\":\"https:\/\/ipacei.com\/tr\/produkt\/kirpik-ve-kas-uzatici-serum\/#primaryimage\"},\"image\":{\"@id\":\"https:\/\/ipacei.com\/tr\/produkt\/kirpik-ve-kas-uzatici-serum\/#primaryimage\"},\"thumbnailUrl\":\"https:\/\/ipacei.com\/wp-content\/uploads\/2017\/10\/bestes-wimpernserum-test-erfahrungen-lange-wimpern-bekommen-mit-ipacei.jpg\",\"datePublished\":\"2017-10-26T16:13:17+00:00\",\"dateModified\":\"2020-05-12T09:40:23+00:00\",\"description\":\"en iyi kirpik serumu 2019\",\"breadcrumb\":{\"@id\":\"https:\/\/ipacei.com\/tr\/produkt\/kirpik-ve-kas-uzatici-serum\/#breadcrumb\"},\"inLanguage\":\"tr\",\"potentialAction\":[{\"@type\":\"ReadAction\",\"target\":[\"https:\/\/ipacei.com\/tr\/produkt\/kirpik-ve-kas-uzatici-serum\/\"]}]},{\"@type\":\"ImageObject\",\"inLanguage\":\"tr\",\"@id\":\"https:\/\/ipacei.com\/tr\/produkt\/kirpik-ve-kas-uzatici-serum\/#primaryimage\",\"url\":\"https:\/\/ipacei.com\/wp-content\/uploads\/2017\/10\/bestes-wimpernserum-test-erfahrungen-lange-wimpern-bekommen-mit-ipacei.jpg\",\"contentUrl\":\"https:\/\/ipacei.com\/wp-content\/uploads\/2017\/10\/bestes-wimpernserum-test-erfahrungen-lange-wimpern-bekommen-mit-ipacei.jpg\",\"width\":400,\"height\":400},{\"@type\":\"BreadcrumbList\",\"@id\":\"https:\/\/ipacei.com\/tr\/produkt\/kirpik-ve-kas-uzatici-serum\/#breadcrumb\",\"itemListElement\":[{\"@type\":\"ListItem\",\"position\":1,\"name\":\"Startseite\",\"item\":\"https:\/\/ipacei.com\/tr\/\"},{\"@type\":\"ListItem\",\"position\":2,\"name\":\"Shop\",\"item\":\"https:\/\/ipacei.com\/tr\/shop\/\"},{\"@type\":\"ListItem\",\"position\":3,\"name\":\"Kirpik ve ka\u015f uzatici serum\"}]},{\"@type\":\"WebSite\",\"@id\":\"https:\/\/ipacei.com\/#website\",\"url\":\"https:\/\/ipacei.com\/\",\"name\":\"Wimpernserum Ipacei\",\"description\":\"Luxury Cosmetic Products for long lashes, longer hair, longer nails and more\",\"potentialAction\":[{\"@type\":\"SearchAction\",\"target\":{\"@type\":\"EntryPoint\",\"urlTemplate\":\"https:\/\/ipacei.com\/?s={search_term_string}\"},\"query-input\":{\"@type\":\"PropertyValueSpecification\",\"valueRequired\":true,\"valueName\":\"search_term_string\"}}],\"inLanguage\":\"tr\"}]}<\/script>\n<!-- \/ Yoast SEO plugin. -->","yoast_head_json":{"title":"en iyi kirpik serumu 2019","description":"en iyi kirpik serumu 2019","robots":{"index":"index","follow":"follow","max-snippet":"max-snippet:-1","max-image-preview":"max-image-preview:large","max-video-preview":"max-video-preview:-1"},"canonical":"https:\/\/ipacei.com\/tr\/produkt\/kirpik-ve-kas-uzatici-serum\/","og_locale":"tr_TR","og_type":"article","og_title":"en iyi kirpik serumu 2019","og_description":"en iyi kirpik serumu 2019","og_url":"https:\/\/ipacei.com\/tr\/produkt\/kirpik-ve-kas-uzatici-serum\/","og_site_name":"Wimpernserum Ipacei","article_publisher":"https:\/\/de-de.facebook.com\/ipacei\/","article_modified_time":"2020-05-12T09:40:23+00:00","og_image":[{"width":400,"height":400,"url":"https:\/\/ipacei.com\/wp-content\/uploads\/2017\/10\/bestes-wimpernserum-test-erfahrungen-lange-wimpern-bekommen-mit-ipacei.jpg","type":"image\/jpeg"}],"twitter_card":"summary_large_image","twitter_site":"@IPACEI","twitter_misc":{"Tahmini okuma s\u00fcresi":"4 dakika"},"schema":{"@context":"https:\/\/schema.org","@graph":[{"@type":"WebPage","@id":"https:\/\/ipacei.com\/tr\/produkt\/kirpik-ve-kas-uzatici-serum\/","url":"https:\/\/ipacei.com\/tr\/produkt\/kirpik-ve-kas-uzatici-serum\/","name":"en iyi kirpik serumu 2019","isPartOf":{"@id":"https:\/\/ipacei.com\/#website"},"primaryImageOfPage":{"@id":"https:\/\/ipacei.com\/tr\/produkt\/kirpik-ve-kas-uzatici-serum\/#primaryimage"},"image":{"@id":"https:\/\/ipacei.com\/tr\/produkt\/kirpik-ve-kas-uzatici-serum\/#primaryimage"},"thumbnailUrl":"https:\/\/ipacei.com\/wp-content\/uploads\/2017\/10\/bestes-wimpernserum-test-erfahrungen-lange-wimpern-bekommen-mit-ipacei.jpg","datePublished":"2017-10-26T16:13:17+00:00","dateModified":"2020-05-12T09:40:23+00:00","description":"en iyi kirpik serumu 2019","breadcrumb":{"@id":"https:\/\/ipacei.com\/tr\/produkt\/kirpik-ve-kas-uzatici-serum\/#breadcrumb"},"inLanguage":"tr","potentialAction":[{"@type":"ReadAction","target":["https:\/\/ipacei.com\/tr\/produkt\/kirpik-ve-kas-uzatici-serum\/"]}]},{"@type":"ImageObject","inLanguage":"tr","@id":"https:\/\/ipacei.com\/tr\/produkt\/kirpik-ve-kas-uzatici-serum\/#primaryimage","url":"https:\/\/ipacei.com\/wp-content\/uploads\/2017\/10\/bestes-wimpernserum-test-erfahrungen-lange-wimpern-bekommen-mit-ipacei.jpg","contentUrl":"https:\/\/ipacei.com\/wp-content\/uploads\/2017\/10\/bestes-wimpernserum-test-erfahrungen-lange-wimpern-bekommen-mit-ipacei.jpg","width":400,"height":400},{"@type":"BreadcrumbList","@id":"https:\/\/ipacei.com\/tr\/produkt\/kirpik-ve-kas-uzatici-serum\/#breadcrumb","itemListElement":[{"@type":"ListItem","position":1,"name":"Startseite","item":"https:\/\/ipacei.com\/tr\/"},{"@type":"ListItem","position":2,"name":"Shop","item":"https:\/\/ipacei.com\/tr\/shop\/"},{"@type":"ListItem","position":3,"name":"Kirpik ve ka\u015f uzatici serum"}]},{"@type":"WebSite","@id":"https:\/\/ipacei.com\/#website","url":"https:\/\/ipacei.com\/","name":"Wimpernserum Ipacei","description":"Luxury Cosmetic Products for long lashes, longer hair, longer nails and more","potentialAction":[{"@type":"SearchAction","target":{"@type":"EntryPoint","urlTemplate":"https:\/\/ipacei.com\/?s={search_term_string}"},"query-input":{"@type":"PropertyValueSpecification","valueRequired":true,"valueName":"search_term_string"}}],"inLanguage":"tr"}]}},"_links":{"self":[{"href":"https:\/\/ipacei.com\/tr\/wp-json\/wp\/v2\/product\/42806","targetHints":{"allow":["GET"]}}],"collection":[{"href":"https:\/\/ipacei.com\/tr\/wp-json\/wp\/v2\/product"}],"about":[{"href":"https:\/\/ipacei.com\/tr\/wp-json\/wp\/v2\/types\/product"}],"replies":[{"embeddable":true,"href":"https:\/\/ipacei.com\/tr\/wp-json\/wp\/v2\/comments?post=42806"}],"wp:featuredmedia":[{"embeddable":true,"href":"https:\/\/ipacei.com\/tr\/wp-json\/wp\/v2\/media\/45382"}],"wp:attachment":[{"href":"https:\/\/ipacei.com\/tr\/wp-json\/wp\/v2\/media?parent=42806"}],"curies":[{"name":"wp","href":"https:\/\/api.w.org\/{rel}","templated":true}]}}