{"id":42808,"date":"2017-10-26T16:13:17","date_gmt":"2017-10-26T16:13:17","guid":{"rendered":"https:\/\/ipacei.lvps92-51-131-154.dedicated.hosteurope.de\/produkt\/ultra-gueclue-tirnak-uzatici\/"},"modified":"2018-06-11T15:40:54","modified_gmt":"2018-06-11T15:40:54","slug":"ultra-gueclue-tirnak-uzatici","status":"publish","type":"product","link":"https:\/\/ipacei.com\/tr\/produkt\/ultra-gueclue-tirnak-uzatici\/","title":{"rendered":"Ultra G\u00fccl\u00fc Tirnak Uzatici"},"content":{"rendered":"<p><span style=\"color: #f7028d;\"><strong>IPAC\u00c8I ULTRA G\u00dcCL\u00dc elmas tirnak sertlestirici (8ml) 8 aydan fazla kullanilabilir<\/strong><\/span><br \/>\n2-3 hafta i\u00e7erisinde g\u00fccl\u00fc ve uzun tirnaklar icin (elmas parcaciklar ile)<\/p>\n<h2 style=\"text-align: center;\"><span style=\"color: #fa059c;\"><strong>Ipacei art<span class=\"_Tgc\">\u0131<\/span>k T\u00fcrkiye`de!<\/strong><\/span><\/h2>\n<p style=\"text-align: center;\">B\u00fcy\u00fck bir ilgi sonucu artik Ipacei`nin orjinal \u00fcr\u00fcnlerini direkt online sat<span class=\"_Tgc\">\u0131\u015f<\/span> sitemizden kredi kartiniz ile sat<span class=\"_Tgc\">\u0131<\/span>n alabilirsiniz!<br \/>\nAyn<span class=\"_Tgc\">\u0131<\/span> hizmet ve ayn<span class=\"_Tgc\">\u0131<\/span> kalitede! T\u00fcrkiye ici sipari<span class=\"_Tgc\">\u015f<\/span>lerinizi mail yolu ile`da buradan mail yazarak sipari<span class=\"_Tgc\">\u015f\u00a0<\/span>verebilirsiniz:<\/p>\n<p style=\"text-align: center;\"><a href=\"https:\/\/ipacei.com\/tr\/iletisim\/\"><span style=\"color: #fa059c;\"><b>Ipacei Kontakt<\/b><\/span><\/a><\/p>\n<p style=\"text-align: center;\">Sizlerde kirpiklerinizi, ka<span class=\"_Tgc\">\u015f<\/span>larinizi, saclarinizi ve t<span class=\"_Tgc\">\u0131<\/span>rnaklar<span class=\"_Tgc\">\u0131<\/span>n<span class=\"_Tgc\">\u0131<\/span>z<span class=\"_Tgc\">\u0131<\/span> do<span class=\"_Tgc\">\u011f<\/span>al bir <span class=\"_Tgc\">\u015f<\/span>ekilde uzat<span class=\"_Tgc\">\u0131<\/span>n<span class=\"_Tgc\">\u0131<\/span>z!<\/p>\n<p>&nbsp;<\/p>\n<p><strong><span style=\"color: #f7028d;\">\u00d6LC VE RESIM CEK!<\/span><br \/>\n<\/strong><br \/>\n\u00d6l\u00e7\u00fcy\u00fc tirnaklariniza dayay\u0131p resminizi ilk g\u00fcnden itibaren \u00e7ekiniz! Ok ile i\u015faretleyin ve tirnaklarinizin 2-3 hafta i\u00e7erisinde devaml\u0131 kontrol ediniz! Uzad\u0131klarini ve sertlestiklerini g\u00f6receksiniz.<\/p>\n<p><span style=\"color: #f7028d;\"><strong>5in1 \u00d6zellikleri:<\/strong><\/span><\/p>\n<p>1. G\u00fc\u00e7lendirilmesi (uzamada yardimci)<br \/>\n2. Esneklik (yirtilmaya karsi koruma)<br \/>\n3. Baz Oje<br \/>\n4. Finish Oje<br \/>\n5. French Look<\/p>\n<p><span style=\"color: #f7028d;\"><strong>Uygulama<\/strong><\/span><\/p>\n<p>1. G\u00fcn: Ilk kati s\u00fcr\u00fcn\u00fcz<br \/>\n2. G\u00fcn: Ikinci kati s\u00fcr\u00fcn\u00fcz<br \/>\n3. G\u00fcn: Eski katmanlari \u00e7ikartip, bakimi tekrarlayiniz.<\/p>\n<p>Bakim tedavisi 2-3 hafta i\u00e7indir. G\u00fc\u00e7l\u00fc ve uzun tirnaklarinizi korumak i\u00e7in, baz olarak haftada iki kez kullaniniz.<\/p>\n<p><em>\u00a0<\/em><\/p>\n","protected":false},"excerpt":{"rendered":"<p>IPAC\u00c8I ULTRA STRONG diamond nail hardener stronger and longer nails in 2-3 weeks<\/p>\n","protected":false},"featured_media":42353,"comment_status":"open","ping_status":"closed","template":"","meta":[],"class_list":{"0":"post-42808","1":"product","2":"type-product","3":"status-publish","4":"has-post-thumbnail","6":"product_cat-ipacei","7":"product_tag-fuer-bruechige-und-duenne-naegel-tr","8":"product_tag-laengere-naegel-tr","9":"product_tag-naegel-wachsen-lassen-tr","10":"product_tag-nagelhaerter-2016-tr","11":"product_tag-nagelhaerter-ipacei-tr","12":"product_tag-nailhardener-ipacei-tr","13":"product_tag-starke-und-feste-naegel-tr","15":"first","16":"instock","17":"taxable","18":"shipping-taxable","19":"purchasable","20":"product-type-simple"},"yoast_head":"<!-- This site is optimized with the Yoast SEO plugin v27.4 - https:\/\/yoast.com\/product\/yoast-seo-wordpress\/ -->\n<title>Ultra G\u00fccl\u00fc Tirnak Uzatici - Wimpernserum Ipacei<\/title>\n<meta name=\"robots\" content=\"index, follow, max-snippet:-1, max-image-preview:large, max-video-preview:-1\" \/>\n<link rel=\"canonical\" href=\"https:\/\/ipacei.com\/tr\/produkt\/ultra-gueclue-tirnak-uzatici\/\" \/>\n<meta property=\"og:locale\" content=\"tr_TR\" \/>\n<meta property=\"og:type\" content=\"article\" \/>\n<meta property=\"og:title\" content=\"Ultra G\u00fccl\u00fc Tirnak Uzatici - Wimpernserum Ipacei\" \/>\n<meta property=\"og:description\" content=\"IPAC\u00c8I ULTRA STRONG diamond nail hardener stronger and longer nails in 2-3 weeks\" \/>\n<meta property=\"og:url\" content=\"https:\/\/ipacei.com\/tr\/produkt\/ultra-gueclue-tirnak-uzatici\/\" \/>\n<meta property=\"og:site_name\" content=\"Wimpernserum Ipacei\" \/>\n<meta property=\"article:publisher\" content=\"https:\/\/de-de.facebook.com\/ipacei\/\" \/>\n<meta property=\"article:modified_time\" content=\"2018-06-11T15:40:54+00:00\" \/>\n<meta property=\"og:image\" content=\"https:\/\/ipacei.com\/wp-content\/uploads\/2017\/10\/nagelhaerter2017-Schoene-Naegel-Langenaegel-Fre-600x600.jpg\" \/>\n\t<meta property=\"og:image:width\" content=\"600\" \/>\n\t<meta property=\"og:image:height\" content=\"600\" \/>\n\t<meta property=\"og:image:type\" content=\"image\/jpeg\" \/>\n<meta name=\"twitter:card\" content=\"summary_large_image\" \/>\n<meta name=\"twitter:site\" content=\"@IPACEI\" \/>\n<meta name=\"twitter:label1\" content=\"Tahmini okuma s\u00fcresi\" \/>\n\t<meta name=\"twitter:data1\" content=\"1 dakika\" \/>\n<script type=\"application\/ld+json\" class=\"yoast-schema-graph\">{\"@context\":\"https:\\\/\\\/schema.org\",\"@graph\":[{\"@type\":\"WebPage\",\"@id\":\"https:\\\/\\\/ipacei.com\\\/tr\\\/produkt\\\/ultra-gueclue-tirnak-uzatici\\\/\",\"url\":\"https:\\\/\\\/ipacei.com\\\/tr\\\/produkt\\\/ultra-gueclue-tirnak-uzatici\\\/\",\"name\":\"Ultra G\u00fccl\u00fc Tirnak Uzatici - Wimpernserum Ipacei\",\"isPartOf\":{\"@id\":\"https:\\\/\\\/ipacei.com\\\/#website\"},\"primaryImageOfPage\":{\"@id\":\"https:\\\/\\\/ipacei.com\\\/tr\\\/produkt\\\/ultra-gueclue-tirnak-uzatici\\\/#primaryimage\"},\"image\":{\"@id\":\"https:\\\/\\\/ipacei.com\\\/tr\\\/produkt\\\/ultra-gueclue-tirnak-uzatici\\\/#primaryimage\"},\"thumbnailUrl\":\"https:\\\/\\\/ipacei.com\\\/wp-content\\\/uploads\\\/2017\\\/10\\\/nagelhaerter2017-Schoene-Naegel-Langenaegel-Fre-600x600.jpg\",\"datePublished\":\"2017-10-26T16:13:17+00:00\",\"dateModified\":\"2018-06-11T15:40:54+00:00\",\"breadcrumb\":{\"@id\":\"https:\\\/\\\/ipacei.com\\\/tr\\\/produkt\\\/ultra-gueclue-tirnak-uzatici\\\/#breadcrumb\"},\"inLanguage\":\"tr\",\"potentialAction\":[{\"@type\":\"ReadAction\",\"target\":[\"https:\\\/\\\/ipacei.com\\\/tr\\\/produkt\\\/ultra-gueclue-tirnak-uzatici\\\/\"]}]},{\"@type\":\"ImageObject\",\"inLanguage\":\"tr\",\"@id\":\"https:\\\/\\\/ipacei.com\\\/tr\\\/produkt\\\/ultra-gueclue-tirnak-uzatici\\\/#primaryimage\",\"url\":\"https:\\\/\\\/ipacei.com\\\/wp-content\\\/uploads\\\/2017\\\/10\\\/nagelhaerter2017-Schoene-Naegel-Langenaegel-Fre-600x600.jpg\",\"contentUrl\":\"https:\\\/\\\/ipacei.com\\\/wp-content\\\/uploads\\\/2017\\\/10\\\/nagelhaerter2017-Schoene-Naegel-Langenaegel-Fre-600x600.jpg\",\"width\":600,\"height\":600},{\"@type\":\"BreadcrumbList\",\"@id\":\"https:\\\/\\\/ipacei.com\\\/tr\\\/produkt\\\/ultra-gueclue-tirnak-uzatici\\\/#breadcrumb\",\"itemListElement\":[{\"@type\":\"ListItem\",\"position\":1,\"name\":\"Startseite\",\"item\":\"https:\\\/\\\/ipacei.com\\\/tr\\\/\"},{\"@type\":\"ListItem\",\"position\":2,\"name\":\"Shop\",\"item\":\"https:\\\/\\\/ipacei.com\\\/tr\\\/shop\\\/\"},{\"@type\":\"ListItem\",\"position\":3,\"name\":\"Ultra G\u00fccl\u00fc Tirnak Uzatici\"}]},{\"@type\":\"WebSite\",\"@id\":\"https:\\\/\\\/ipacei.com\\\/#website\",\"url\":\"https:\\\/\\\/ipacei.com\\\/\",\"name\":\"Wimpernserum Ipacei\",\"description\":\"Luxury Cosmetic Products for long lashes, longer hair, longer nails and more\",\"potentialAction\":[{\"@type\":\"SearchAction\",\"target\":{\"@type\":\"EntryPoint\",\"urlTemplate\":\"https:\\\/\\\/ipacei.com\\\/?s={search_term_string}\"},\"query-input\":{\"@type\":\"PropertyValueSpecification\",\"valueRequired\":true,\"valueName\":\"search_term_string\"}}],\"inLanguage\":\"tr\"}]}<\/script>\n<!-- \/ Yoast SEO plugin. -->","yoast_head_json":{"title":"Ultra G\u00fccl\u00fc Tirnak Uzatici - Wimpernserum Ipacei","robots":{"index":"index","follow":"follow","max-snippet":"max-snippet:-1","max-image-preview":"max-image-preview:large","max-video-preview":"max-video-preview:-1"},"canonical":"https:\/\/ipacei.com\/tr\/produkt\/ultra-gueclue-tirnak-uzatici\/","og_locale":"tr_TR","og_type":"article","og_title":"Ultra G\u00fccl\u00fc Tirnak Uzatici - Wimpernserum Ipacei","og_description":"IPAC\u00c8I ULTRA STRONG diamond nail hardener stronger and longer nails in 2-3 weeks","og_url":"https:\/\/ipacei.com\/tr\/produkt\/ultra-gueclue-tirnak-uzatici\/","og_site_name":"Wimpernserum Ipacei","article_publisher":"https:\/\/de-de.facebook.com\/ipacei\/","article_modified_time":"2018-06-11T15:40:54+00:00","og_image":[{"width":600,"height":600,"url":"https:\/\/ipacei.com\/wp-content\/uploads\/2017\/10\/nagelhaerter2017-Schoene-Naegel-Langenaegel-Fre-600x600.jpg","type":"image\/jpeg"}],"twitter_card":"summary_large_image","twitter_site":"@IPACEI","twitter_misc":{"Tahmini okuma s\u00fcresi":"1 dakika"},"schema":{"@context":"https:\/\/schema.org","@graph":[{"@type":"WebPage","@id":"https:\/\/ipacei.com\/tr\/produkt\/ultra-gueclue-tirnak-uzatici\/","url":"https:\/\/ipacei.com\/tr\/produkt\/ultra-gueclue-tirnak-uzatici\/","name":"Ultra G\u00fccl\u00fc Tirnak Uzatici - Wimpernserum Ipacei","isPartOf":{"@id":"https:\/\/ipacei.com\/#website"},"primaryImageOfPage":{"@id":"https:\/\/ipacei.com\/tr\/produkt\/ultra-gueclue-tirnak-uzatici\/#primaryimage"},"image":{"@id":"https:\/\/ipacei.com\/tr\/produkt\/ultra-gueclue-tirnak-uzatici\/#primaryimage"},"thumbnailUrl":"https:\/\/ipacei.com\/wp-content\/uploads\/2017\/10\/nagelhaerter2017-Schoene-Naegel-Langenaegel-Fre-600x600.jpg","datePublished":"2017-10-26T16:13:17+00:00","dateModified":"2018-06-11T15:40:54+00:00","breadcrumb":{"@id":"https:\/\/ipacei.com\/tr\/produkt\/ultra-gueclue-tirnak-uzatici\/#breadcrumb"},"inLanguage":"tr","potentialAction":[{"@type":"ReadAction","target":["https:\/\/ipacei.com\/tr\/produkt\/ultra-gueclue-tirnak-uzatici\/"]}]},{"@type":"ImageObject","inLanguage":"tr","@id":"https:\/\/ipacei.com\/tr\/produkt\/ultra-gueclue-tirnak-uzatici\/#primaryimage","url":"https:\/\/ipacei.com\/wp-content\/uploads\/2017\/10\/nagelhaerter2017-Schoene-Naegel-Langenaegel-Fre-600x600.jpg","contentUrl":"https:\/\/ipacei.com\/wp-content\/uploads\/2017\/10\/nagelhaerter2017-Schoene-Naegel-Langenaegel-Fre-600x600.jpg","width":600,"height":600},{"@type":"BreadcrumbList","@id":"https:\/\/ipacei.com\/tr\/produkt\/ultra-gueclue-tirnak-uzatici\/#breadcrumb","itemListElement":[{"@type":"ListItem","position":1,"name":"Startseite","item":"https:\/\/ipacei.com\/tr\/"},{"@type":"ListItem","position":2,"name":"Shop","item":"https:\/\/ipacei.com\/tr\/shop\/"},{"@type":"ListItem","position":3,"name":"Ultra G\u00fccl\u00fc Tirnak Uzatici"}]},{"@type":"WebSite","@id":"https:\/\/ipacei.com\/#website","url":"https:\/\/ipacei.com\/","name":"Wimpernserum Ipacei","description":"Luxury Cosmetic Products for long lashes, longer hair, longer nails and more","potentialAction":[{"@type":"SearchAction","target":{"@type":"EntryPoint","urlTemplate":"https:\/\/ipacei.com\/?s={search_term_string}"},"query-input":{"@type":"PropertyValueSpecification","valueRequired":true,"valueName":"search_term_string"}}],"inLanguage":"tr"}]}},"_links":{"self":[{"href":"https:\/\/ipacei.com\/tr\/wp-json\/wp\/v2\/product\/42808","targetHints":{"allow":["GET"]}}],"collection":[{"href":"https:\/\/ipacei.com\/tr\/wp-json\/wp\/v2\/product"}],"about":[{"href":"https:\/\/ipacei.com\/tr\/wp-json\/wp\/v2\/types\/product"}],"replies":[{"embeddable":true,"href":"https:\/\/ipacei.com\/tr\/wp-json\/wp\/v2\/comments?post=42808"}],"wp:featuredmedia":[{"embeddable":true,"href":"https:\/\/ipacei.com\/tr\/wp-json\/wp\/v2\/media\/42353"}],"wp:attachment":[{"href":"https:\/\/ipacei.com\/tr\/wp-json\/wp\/v2\/media?parent=42808"}],"curies":[{"name":"wp","href":"https:\/\/api.w.org\/{rel}","templated":true}]}}