{"id":42813,"date":"2017-10-27T19:38:12","date_gmt":"2017-10-27T19:38:12","guid":{"rendered":"https:\/\/ipacei.lvps92-51-131-154.dedicated.hosteurope.de\/produkt\/lueks-argan-yagi-moroccanoil\/"},"modified":"2018-06-11T15:36:53","modified_gmt":"2018-06-11T15:36:53","slug":"lueks-argan-yagi-moroccanoil","status":"publish","type":"product","link":"https:\/\/ipacei.com\/tr\/produkt\/lueks-argan-yagi-moroccanoil\/","title":{"rendered":"L\u00fcks Argan Ya\u011f\u0131 Moroccanoil"},"content":{"rendered":"<p><span style=\"color: #f70080;\"><strong>Ipacei L\u00fcks Argan Ya\u011f\u0131 (Moroccanoil)<br \/>\n<\/strong><\/span><strong><span style=\"color: #f70080;\">Fas\u0131n (Morocco) ger\u00e7ek Argan Ya\u011f\u0131ndan elde edilmi\u015ftir<\/span><\/strong><\/p>\n<p><strong><br \/>\n<\/strong>\u0130peksi ve parlak sa\u00e7lar i\u00e7in<br \/>\n(Kullanma dayan\u0131kl\u0131\u011f\u0131, uygulamaya ba\u011fl\u0131 olarak 2-3 ay\/30 ml)<\/p>\n<h2 style=\"text-align: center;\"><span style=\"color: #fa059c;\"><strong>Ipacei art<span class=\"_Tgc\">\u0131<\/span>k T\u00fcrkiye`de!<\/strong><\/span><\/h2>\n<p style=\"text-align: center;\">B\u00fcy\u00fck bir ilgi sonucu artik Ipacei`nin orjinal \u00fcr\u00fcnlerini direkt online sat<span class=\"_Tgc\">\u0131\u015f<\/span> sitemizden kredi kartiniz ile sat<span class=\"_Tgc\">\u0131<\/span>n alabilirsiniz!<br \/>\nAyn<span class=\"_Tgc\">\u0131<\/span> hizmet ve ayn<span class=\"_Tgc\">\u0131<\/span> kalitede! T\u00fcrkiye ici sipari<span class=\"_Tgc\">\u015f<\/span>lerinizi mail yolu ile`da buradan mail yazarak sipari<span class=\"_Tgc\">\u015f\u00a0<\/span>verebilirsiniz:<\/p>\n<p style=\"text-align: center;\"><a href=\"https:\/\/ipacei.com\/tr\/iletisim\/\"><span style=\"color: #fa059c;\"><b>Ipacei Kontakt<\/b><\/span><\/a><\/p>\n<p style=\"text-align: center;\">Sizlerde kirpiklerinizi, ka<span class=\"_Tgc\">\u015f<\/span>larinizi, saclarinizi ve t<span class=\"_Tgc\">\u0131<\/span>rnaklar<span class=\"_Tgc\">\u0131<\/span>n<span class=\"_Tgc\">\u0131<\/span>z<span class=\"_Tgc\">\u0131<\/span> do<span class=\"_Tgc\">\u011f<\/span>al bir <span class=\"_Tgc\">\u015f<\/span>ekilde uzat<span class=\"_Tgc\">\u0131<\/span>n<span class=\"_Tgc\">\u0131<\/span>z!<\/p>\n<p>&nbsp;<\/p>\n<p>&nbsp;<\/p>\n<p>Alkol, renklendiriciler veya koruyucu maddeler i\u00e7ermemektedir<\/p>\n<p><span style=\"color: #f70080;\"><strong>Etkisi:<\/strong><\/span> Ipacei L\u00fcx Argan Ya\u011f\u0131 m\u00fckemmel bir sa\u00e7 bak\u0131m\u0131d\u0131r. Cok kuru, hasarl\u0131, mat, donuk sa\u00e7lar ve y\u0131pranm\u0131\u015f sa\u00e7lar i\u00e7indir. Di\u011fer Argan Ya\u011flar\u0131ndan farkl\u0131, sa\u00e7\u0131n\u0131za uygulad\u0131\u011f\u0131n\u0131zda ya\u011fl\u0131k hissi b\u0131rakmaz aksine y\u0131pranm\u0131s sa\u00e7lar\u0131 besler. Ipacei Argan Ya\u011f\u0131 e\u015fsiz form\u00fcl\u00fc sayesinde kuru sa\u00e7lara, nem, parlakl\u0131k ve esneklik verir.<\/p>\n<p><span style=\"color: #f70080;\"><strong>Uygulama: <\/strong><\/span>Islak veya kuru sa\u00e7 u\u00e7lar\u0131na (g\u00fcnl\u00fck i\u00e7in uygundur) masaj yaparak 2-3 damla alarak s\u00fcr\u00fcn\u00fcz, iste\u011fe ba\u011fli hafifcede tarayabilirsiniz.<\/p>\n<p><strong><span style=\"color: #f70080;\">Hangi t\u00fcr sa\u00e7lar i\u00e7in uygundur ve faydalar\u0131 nelerdir?<\/span><\/strong><\/p>\n<ul>\n<li>T\u00fcm sa\u00e7 tipleri i\u00e7in<\/li>\n<li>B\u00f6l\u00fcnm\u00fc\u015f sa\u00e7 u\u00e7lar\u0131 ve ince sa\u00e7lar i\u00e7in<\/li>\n<li>\u00d6zellikle donuk ve k\u0131r\u0131lm\u0131\u015f sa\u00e7lar i\u00e7in<\/li>\n<li>Parlakl\u0131k ve yumusaklik verir<\/li>\n<li>K\u0131r\u0131lgan sa\u00e7lara ve renginize canl\u0131l\u0131k verir<\/li>\n<li>Per\u00fck, sa\u00e7 kaynaklar\u0131 ve <em>dolanm\u0131\u015f <\/em>sa\u00e7lar\u0131 c\u00f6zer<\/li>\n<li>K\u0131v\u0131rc\u0131k sa\u00e7lar i\u00e7inde uygundur<\/li>\n<\/ul>\n<h5><span style=\"color: #f70080;\">Fas\u0131n ger\u00e7ek Argan Ya\u011f\u0131 nadir ve de\u011ferlidir. \u00d6zellikle elle uzun ve zahmetli i\u015flemde elde edildi\u011fi icin, s\u0131v\u0131 alt\u0131n olarakta adland\u0131r\u0131l\u0131r.<\/span><br \/>\n<span style=\"color: #f70080;\"><strong>Argan Ya\u011f\u0131nin normalde tipik sert kokusu, \u00f6zel esanslarla zenginle\u015ftirilip, Ipacei L\u00fcks Argan Ya\u011f\u0131nin muhte\u015fem kokusu ba\u011f\u0131ml\u0131l\u0131k yapmaktadir!<\/strong><\/span><\/h5>\n","protected":false},"excerpt":{"rendered":"<p>Ipacei L\u00fcks Argan Ya\u011f\u0131 (Moroccanoil) Fas\u0131n (Morocco) ger\u00e7ek Argan Ya\u011f\u0131ndan elde edilmi\u015ftir \u0130peksi ve parlak sa\u00e7lar i\u00e7in (Kullanma dayan\u0131kl\u0131\u011f\u0131, uygulamaya ba\u011fl\u0131 olarak 2-3 ay\/30 ml) Ipacei art\u0131k T\u00fcrkiye`de! B\u00fcy\u00fck bir ilgi sonucu artik Ipacei`nin orjinal \u00fcr\u00fcnlerini direkt online sat\u0131\u015f sitemizden kredi kartiniz ile sat\u0131n alabilirsiniz! Ayn\u0131 hizmet ve ayn\u0131 kalitede! T\u00fcrkiye ici sipari\u015flerinizi mail yolu ile`da buradan mail yazarak sipari\u015f\u00a0verebilirsiniz: [&hellip;]<\/p>\n","protected":false},"featured_media":42377,"comment_status":"open","ping_status":"closed","template":"","meta":[],"class_list":{"0":"post-42813","1":"product","2":"type-product","3":"status-publish","4":"has-post-thumbnail","6":"product_cat-ipacei","8":"first","9":"instock","10":"taxable","11":"shipping-taxable","12":"purchasable","13":"product-type-simple"},"yoast_head":"<!-- This site is optimized with the Yoast SEO plugin v25.6 - https:\/\/yoast.com\/wordpress\/plugins\/seo\/ -->\n<title>L\u00fcks Argan Ya\u011f\u0131 Moroccanoil - Wimpernserum Ipacei<\/title>\n<meta name=\"robots\" content=\"index, follow, max-snippet:-1, max-image-preview:large, max-video-preview:-1\" \/>\n<link rel=\"canonical\" href=\"https:\/\/ipacei.com\/tr\/produkt\/lueks-argan-yagi-moroccanoil\/\" \/>\n<meta property=\"og:locale\" content=\"tr_TR\" \/>\n<meta property=\"og:type\" content=\"article\" \/>\n<meta property=\"og:title\" content=\"L\u00fcks Argan Ya\u011f\u0131 Moroccanoil - Wimpernserum Ipacei\" \/>\n<meta property=\"og:description\" content=\"Ipacei L\u00fcks Argan Ya\u011f\u0131 (Moroccanoil) Fas\u0131n (Morocco) ger\u00e7ek Argan Ya\u011f\u0131ndan elde edilmi\u015ftir \u0130peksi ve parlak sa\u00e7lar i\u00e7in (Kullanma dayan\u0131kl\u0131\u011f\u0131, uygulamaya ba\u011fl\u0131 olarak 2-3 ay\/30 ml) Ipacei art\u0131k T\u00fcrkiye`de! B\u00fcy\u00fck bir ilgi sonucu artik Ipacei`nin orjinal \u00fcr\u00fcnlerini direkt online sat\u0131\u015f sitemizden kredi kartiniz ile sat\u0131n alabilirsiniz! Ayn\u0131 hizmet ve ayn\u0131 kalitede! T\u00fcrkiye ici sipari\u015flerinizi mail yolu ile`da buradan mail yazarak sipari\u015f\u00a0verebilirsiniz: [&hellip;]\" \/>\n<meta property=\"og:url\" content=\"https:\/\/ipacei.com\/tr\/produkt\/lueks-argan-yagi-moroccanoil\/\" \/>\n<meta property=\"og:site_name\" content=\"Wimpernserum Ipacei\" \/>\n<meta property=\"article:publisher\" content=\"https:\/\/de-de.facebook.com\/ipacei\/\" \/>\n<meta property=\"article:modified_time\" content=\"2018-06-11T15:36:53+00:00\" \/>\n<meta property=\"og:image\" content=\"https:\/\/ipacei.com\/wp-content\/uploads\/2017\/10\/argan-oil-white.jpg\" \/>\n\t<meta property=\"og:image:width\" content=\"750\" \/>\n\t<meta property=\"og:image:height\" content=\"750\" \/>\n\t<meta property=\"og:image:type\" content=\"image\/jpeg\" \/>\n<meta name=\"twitter:card\" content=\"summary_large_image\" \/>\n<meta name=\"twitter:site\" content=\"@IPACEI\" \/>\n<meta name=\"twitter:label1\" content=\"Tahmini okuma s\u00fcresi\" \/>\n\t<meta name=\"twitter:data1\" content=\"2 dakika\" \/>\n<script type=\"application\/ld+json\" class=\"yoast-schema-graph\">{\"@context\":\"https:\/\/schema.org\",\"@graph\":[{\"@type\":\"WebPage\",\"@id\":\"https:\/\/ipacei.com\/tr\/produkt\/lueks-argan-yagi-moroccanoil\/\",\"url\":\"https:\/\/ipacei.com\/tr\/produkt\/lueks-argan-yagi-moroccanoil\/\",\"name\":\"L\u00fcks Argan Ya\u011f\u0131 Moroccanoil - Wimpernserum Ipacei\",\"isPartOf\":{\"@id\":\"https:\/\/ipacei.com\/#website\"},\"primaryImageOfPage\":{\"@id\":\"https:\/\/ipacei.com\/tr\/produkt\/lueks-argan-yagi-moroccanoil\/#primaryimage\"},\"image\":{\"@id\":\"https:\/\/ipacei.com\/tr\/produkt\/lueks-argan-yagi-moroccanoil\/#primaryimage\"},\"thumbnailUrl\":\"https:\/\/ipacei.com\/wp-content\/uploads\/2017\/10\/argan-oil-white.jpg\",\"datePublished\":\"2017-10-27T19:38:12+00:00\",\"dateModified\":\"2018-06-11T15:36:53+00:00\",\"breadcrumb\":{\"@id\":\"https:\/\/ipacei.com\/tr\/produkt\/lueks-argan-yagi-moroccanoil\/#breadcrumb\"},\"inLanguage\":\"tr\",\"potentialAction\":[{\"@type\":\"ReadAction\",\"target\":[\"https:\/\/ipacei.com\/tr\/produkt\/lueks-argan-yagi-moroccanoil\/\"]}]},{\"@type\":\"ImageObject\",\"inLanguage\":\"tr\",\"@id\":\"https:\/\/ipacei.com\/tr\/produkt\/lueks-argan-yagi-moroccanoil\/#primaryimage\",\"url\":\"https:\/\/ipacei.com\/wp-content\/uploads\/2017\/10\/argan-oil-white.jpg\",\"contentUrl\":\"https:\/\/ipacei.com\/wp-content\/uploads\/2017\/10\/argan-oil-white.jpg\",\"width\":750,\"height\":750},{\"@type\":\"BreadcrumbList\",\"@id\":\"https:\/\/ipacei.com\/tr\/produkt\/lueks-argan-yagi-moroccanoil\/#breadcrumb\",\"itemListElement\":[{\"@type\":\"ListItem\",\"position\":1,\"name\":\"Startseite\",\"item\":\"https:\/\/ipacei.com\/tr\/\"},{\"@type\":\"ListItem\",\"position\":2,\"name\":\"Shop\",\"item\":\"https:\/\/ipacei.com\/tr\/shop\/\"},{\"@type\":\"ListItem\",\"position\":3,\"name\":\"L\u00fcks Argan Ya\u011f\u0131 Moroccanoil\"}]},{\"@type\":\"WebSite\",\"@id\":\"https:\/\/ipacei.com\/#website\",\"url\":\"https:\/\/ipacei.com\/\",\"name\":\"Wimpernserum Ipacei\",\"description\":\"Luxury Cosmetic Products for long lashes, longer hair, longer nails and more\",\"potentialAction\":[{\"@type\":\"SearchAction\",\"target\":{\"@type\":\"EntryPoint\",\"urlTemplate\":\"https:\/\/ipacei.com\/?s={search_term_string}\"},\"query-input\":{\"@type\":\"PropertyValueSpecification\",\"valueRequired\":true,\"valueName\":\"search_term_string\"}}],\"inLanguage\":\"tr\"}]}<\/script>\n<!-- \/ Yoast SEO plugin. -->","yoast_head_json":{"title":"L\u00fcks Argan Ya\u011f\u0131 Moroccanoil - Wimpernserum Ipacei","robots":{"index":"index","follow":"follow","max-snippet":"max-snippet:-1","max-image-preview":"max-image-preview:large","max-video-preview":"max-video-preview:-1"},"canonical":"https:\/\/ipacei.com\/tr\/produkt\/lueks-argan-yagi-moroccanoil\/","og_locale":"tr_TR","og_type":"article","og_title":"L\u00fcks Argan Ya\u011f\u0131 Moroccanoil - Wimpernserum Ipacei","og_description":"Ipacei L\u00fcks Argan Ya\u011f\u0131 (Moroccanoil) Fas\u0131n (Morocco) ger\u00e7ek Argan Ya\u011f\u0131ndan elde edilmi\u015ftir \u0130peksi ve parlak sa\u00e7lar i\u00e7in (Kullanma dayan\u0131kl\u0131\u011f\u0131, uygulamaya ba\u011fl\u0131 olarak 2-3 ay\/30 ml) Ipacei art\u0131k T\u00fcrkiye`de! B\u00fcy\u00fck bir ilgi sonucu artik Ipacei`nin orjinal \u00fcr\u00fcnlerini direkt online sat\u0131\u015f sitemizden kredi kartiniz ile sat\u0131n alabilirsiniz! Ayn\u0131 hizmet ve ayn\u0131 kalitede! T\u00fcrkiye ici sipari\u015flerinizi mail yolu ile`da buradan mail yazarak sipari\u015f\u00a0verebilirsiniz: [&hellip;]","og_url":"https:\/\/ipacei.com\/tr\/produkt\/lueks-argan-yagi-moroccanoil\/","og_site_name":"Wimpernserum Ipacei","article_publisher":"https:\/\/de-de.facebook.com\/ipacei\/","article_modified_time":"2018-06-11T15:36:53+00:00","og_image":[{"width":750,"height":750,"url":"https:\/\/ipacei.com\/wp-content\/uploads\/2017\/10\/argan-oil-white.jpg","type":"image\/jpeg"}],"twitter_card":"summary_large_image","twitter_site":"@IPACEI","twitter_misc":{"Tahmini okuma s\u00fcresi":"2 dakika"},"schema":{"@context":"https:\/\/schema.org","@graph":[{"@type":"WebPage","@id":"https:\/\/ipacei.com\/tr\/produkt\/lueks-argan-yagi-moroccanoil\/","url":"https:\/\/ipacei.com\/tr\/produkt\/lueks-argan-yagi-moroccanoil\/","name":"L\u00fcks Argan Ya\u011f\u0131 Moroccanoil - Wimpernserum Ipacei","isPartOf":{"@id":"https:\/\/ipacei.com\/#website"},"primaryImageOfPage":{"@id":"https:\/\/ipacei.com\/tr\/produkt\/lueks-argan-yagi-moroccanoil\/#primaryimage"},"image":{"@id":"https:\/\/ipacei.com\/tr\/produkt\/lueks-argan-yagi-moroccanoil\/#primaryimage"},"thumbnailUrl":"https:\/\/ipacei.com\/wp-content\/uploads\/2017\/10\/argan-oil-white.jpg","datePublished":"2017-10-27T19:38:12+00:00","dateModified":"2018-06-11T15:36:53+00:00","breadcrumb":{"@id":"https:\/\/ipacei.com\/tr\/produkt\/lueks-argan-yagi-moroccanoil\/#breadcrumb"},"inLanguage":"tr","potentialAction":[{"@type":"ReadAction","target":["https:\/\/ipacei.com\/tr\/produkt\/lueks-argan-yagi-moroccanoil\/"]}]},{"@type":"ImageObject","inLanguage":"tr","@id":"https:\/\/ipacei.com\/tr\/produkt\/lueks-argan-yagi-moroccanoil\/#primaryimage","url":"https:\/\/ipacei.com\/wp-content\/uploads\/2017\/10\/argan-oil-white.jpg","contentUrl":"https:\/\/ipacei.com\/wp-content\/uploads\/2017\/10\/argan-oil-white.jpg","width":750,"height":750},{"@type":"BreadcrumbList","@id":"https:\/\/ipacei.com\/tr\/produkt\/lueks-argan-yagi-moroccanoil\/#breadcrumb","itemListElement":[{"@type":"ListItem","position":1,"name":"Startseite","item":"https:\/\/ipacei.com\/tr\/"},{"@type":"ListItem","position":2,"name":"Shop","item":"https:\/\/ipacei.com\/tr\/shop\/"},{"@type":"ListItem","position":3,"name":"L\u00fcks Argan Ya\u011f\u0131 Moroccanoil"}]},{"@type":"WebSite","@id":"https:\/\/ipacei.com\/#website","url":"https:\/\/ipacei.com\/","name":"Wimpernserum Ipacei","description":"Luxury Cosmetic Products for long lashes, longer hair, longer nails and more","potentialAction":[{"@type":"SearchAction","target":{"@type":"EntryPoint","urlTemplate":"https:\/\/ipacei.com\/?s={search_term_string}"},"query-input":{"@type":"PropertyValueSpecification","valueRequired":true,"valueName":"search_term_string"}}],"inLanguage":"tr"}]}},"_links":{"self":[{"href":"https:\/\/ipacei.com\/tr\/wp-json\/wp\/v2\/product\/42813","targetHints":{"allow":["GET"]}}],"collection":[{"href":"https:\/\/ipacei.com\/tr\/wp-json\/wp\/v2\/product"}],"about":[{"href":"https:\/\/ipacei.com\/tr\/wp-json\/wp\/v2\/types\/product"}],"replies":[{"embeddable":true,"href":"https:\/\/ipacei.com\/tr\/wp-json\/wp\/v2\/comments?post=42813"}],"wp:featuredmedia":[{"embeddable":true,"href":"https:\/\/ipacei.com\/tr\/wp-json\/wp\/v2\/media\/42377"}],"wp:attachment":[{"href":"https:\/\/ipacei.com\/tr\/wp-json\/wp\/v2\/media?parent=42813"}],"curies":[{"name":"wp","href":"https:\/\/api.w.org\/{rel}","templated":true}]}}