{"id":42816,"date":"2017-10-27T19:35:58","date_gmt":"2017-10-27T19:35:58","guid":{"rendered":"https:\/\/ipacei.lvps92-51-131-154.dedicated.hosteurope.de\/produkt\/sac-uzatici-tonik\/"},"modified":"2018-06-11T15:37:29","modified_gmt":"2018-06-11T15:37:29","slug":"sac-uzatici-tonik","status":"publish","type":"product","link":"https:\/\/ipacei.com\/tr\/produkt\/sac-uzatici-tonik\/","title":{"rendered":"Sac Uzatici Tonik"},"content":{"rendered":"<p><span style=\"color: #f20597;\"><strong>IPAC\u00c8I SA\u00c7 UZATICI TONIGI saclari 4 ayda 6-9 cm uzatabilir ve bir kac dakika icerisinde hacimlik ver g\u00fcrl\u00fck verir!<\/strong><\/span><br \/>\n<strong>\u00a0<\/strong><\/p>\n<h2 style=\"text-align: center;\"><span style=\"color: #fa059c;\"><strong>Ipacei art<span class=\"_Tgc\">\u0131<\/span>k T\u00fcrkiye`de!<\/strong><\/span><\/h2>\n<p style=\"text-align: center;\">B\u00fcy\u00fck bir ilgi sonucu artik Ipacei`nin orjinal \u00fcr\u00fcnlerini direkt online sat<span class=\"_Tgc\">\u0131\u015f<\/span> sitemizden kredi kartiniz ile sat<span class=\"_Tgc\">\u0131<\/span>n alabilirsiniz!<br \/>\nAyn<span class=\"_Tgc\">\u0131<\/span> hizmet ve ayn<span class=\"_Tgc\">\u0131<\/span> kalitede! T\u00fcrkiye ici sipari<span class=\"_Tgc\">\u015f<\/span>lerinizi mail yolu ile`da buradan mail yazarak sipari<span class=\"_Tgc\">\u015f\u00a0<\/span>verebilirsiniz:<\/p>\n<p style=\"text-align: center;\"><a href=\"https:\/\/ipacei.com\/tr\/iletisim\/\"><span style=\"color: #fa059c;\"><b>Ipacei Kontakt<\/b><\/span><\/a><\/p>\n<p style=\"text-align: center;\">Sizlerde kirpiklerinizi, ka<span class=\"_Tgc\">\u015f<\/span>larinizi, saclarinizi ve t<span class=\"_Tgc\">\u0131<\/span>rnaklar<span class=\"_Tgc\">\u0131<\/span>n<span class=\"_Tgc\">\u0131<\/span>z<span class=\"_Tgc\">\u0131<\/span> do<span class=\"_Tgc\">\u011f<\/span>al bir <span class=\"_Tgc\">\u015f<\/span>ekilde uzat<span class=\"_Tgc\">\u0131<\/span>n<span class=\"_Tgc\">\u0131<\/span>z!<\/p>\n<p><span style=\"color: #f20597;\"><strong>Sa\u00e7 Tedavi etkisi:<\/strong><\/span> Sa\u00e7lar\u0131n\u0131z\u0131n daha g\u00fczel ve hacimli uzamas\u0131n\u0131 te\u015fvik eder ve yeni cilt katmanlar\u0131n\u0131n olu\u015fumunu uyar\u0131r. Kepege karsi, ince, kuru sa\u00e7lar ve kafa derisi ka\u015f\u0131nt\u0131s\u0131na kar\u015f\u0131 etki eder.<br \/>\nParabensiz! Silikonsuz!<\/p>\n<p><span style=\"color: #f20597;\"><strong>Incerikler: <\/strong><\/span>Propolis, kafein kompleksleri, biyotin, niyasinamid kompleksileri, hu\u015f, pantenol, \u0131s\u0131rgan, yosun, papatya \u00f6zleri ve daha fazla etki g\u00f6steren icerikler.<\/p>\n<p><strong><span style=\"color: #f20597;\">Sa\u00e7 Bak\u0131m Uygulamas\u0131:<\/span> <\/strong>Kuru veya islak kafa derisine, boya s\u00fcrer gibi, \u00f6nden arkaya dogru s\u00fcr\u00fcn\u00fcz, 4-7 kez arasi. Ardindan 2-3 dakika boyunca, parmaklariniz ve tarak\/Teezer yardimi ile kuruyana kadar masaj yapiniz. G\u00fcnde bir kez, sabah, \u00f6glen veya aksam uygulay\u0131n\u0131z. Durulamay\u0131n\u0131z!<br \/>\nUygulamadan sonra sa\u00e7lar\u0131n\u0131z\u0131 taray\u0131p, parmaklariniz ile sekil vererek hava atabilirsiniz!<\/p>\n<p>4 aylik sac tedavisi icin, 2 adet IPAC\u00c8I sac uzatici tonigini \u00f6neriyoruz.<\/p>\n<p><span style=\"color: #f20597;\"><strong>Not:<\/strong><\/span> <span lang=\"tr\">Uzun zamandir asiri derecede cok fazla sa\u00e7 kaybediyor iseniz veya sa\u00e7 d\u00f6k\u00fclmesinin farkli bir nedeni oldugundan \u015f\u00fcphe ediyor iseniz, kendi ilginiz ve\u00a0netle\u015ftirmek icin, g\u00fcvendi\u011finiz bir doktora danisin l\u00fctfen. Nedenin hormonel veya neye ba\u011fl\u0131 olup olmad\u0131\u011f\u0131n\u0131 \u00f6grenmek icin. G\u00fcnl\u00fck yakla\u015f\u0131k 100 sac kaybi normaldir.<\/span><\/p>\n","protected":false},"excerpt":{"rendered":"<p>IPAC\u00c8I LONG HAIR ACTIVATOR for stronger and mega volume hairs!<\/p>\n<p>&nbsp;<\/p>\n","protected":false},"featured_media":42371,"comment_status":"open","ping_status":"closed","template":"","meta":[],"class_list":{"0":"post-42816","1":"product","2":"type-product","3":"status-publish","4":"has-post-thumbnail","6":"product_cat-ipacei","8":"first","9":"instock","10":"taxable","11":"shipping-taxable","12":"purchasable","13":"product-type-simple"},"yoast_head":"<!-- This site is optimized with the Yoast SEO plugin v27.4 - https:\/\/yoast.com\/product\/yoast-seo-wordpress\/ -->\n<title>Sac Uzatici Tonik - Wimpernserum Ipacei<\/title>\n<meta name=\"robots\" content=\"index, follow, max-snippet:-1, max-image-preview:large, max-video-preview:-1\" \/>\n<link rel=\"canonical\" href=\"https:\/\/ipacei.com\/tr\/produkt\/sac-uzatici-tonik\/\" \/>\n<meta property=\"og:locale\" content=\"tr_TR\" \/>\n<meta property=\"og:type\" content=\"article\" \/>\n<meta property=\"og:title\" content=\"Sac Uzatici Tonik - Wimpernserum Ipacei\" \/>\n<meta property=\"og:description\" content=\"IPAC\u00c8I LONG HAIR ACTIVATOR for stronger and mega volume hairs! &nbsp;\" \/>\n<meta property=\"og:url\" content=\"https:\/\/ipacei.com\/tr\/produkt\/sac-uzatici-tonik\/\" \/>\n<meta property=\"og:site_name\" content=\"Wimpernserum Ipacei\" \/>\n<meta property=\"article:publisher\" content=\"https:\/\/de-de.facebook.com\/ipacei\/\" \/>\n<meta property=\"article:modified_time\" content=\"2018-06-11T15:37:29+00:00\" \/>\n<meta property=\"og:image\" content=\"https:\/\/ipacei.com\/wp-content\/uploads\/2017\/10\/Haare-Braun-Volumen-Hairgoa.jpg\" \/>\n\t<meta property=\"og:image:width\" content=\"3840\" \/>\n\t<meta property=\"og:image:height\" content=\"5760\" \/>\n\t<meta property=\"og:image:type\" content=\"image\/jpeg\" \/>\n<meta name=\"twitter:card\" content=\"summary_large_image\" \/>\n<meta name=\"twitter:site\" content=\"@IPACEI\" \/>\n<meta name=\"twitter:label1\" content=\"Tahmini okuma s\u00fcresi\" \/>\n\t<meta name=\"twitter:data1\" content=\"1 dakika\" \/>\n<script type=\"application\/ld+json\" class=\"yoast-schema-graph\">{\"@context\":\"https:\\\/\\\/schema.org\",\"@graph\":[{\"@type\":\"WebPage\",\"@id\":\"https:\\\/\\\/ipacei.com\\\/tr\\\/produkt\\\/sac-uzatici-tonik\\\/\",\"url\":\"https:\\\/\\\/ipacei.com\\\/tr\\\/produkt\\\/sac-uzatici-tonik\\\/\",\"name\":\"Sac Uzatici Tonik - Wimpernserum Ipacei\",\"isPartOf\":{\"@id\":\"https:\\\/\\\/ipacei.com\\\/#website\"},\"primaryImageOfPage\":{\"@id\":\"https:\\\/\\\/ipacei.com\\\/tr\\\/produkt\\\/sac-uzatici-tonik\\\/#primaryimage\"},\"image\":{\"@id\":\"https:\\\/\\\/ipacei.com\\\/tr\\\/produkt\\\/sac-uzatici-tonik\\\/#primaryimage\"},\"thumbnailUrl\":\"https:\\\/\\\/ipacei.com\\\/wp-content\\\/uploads\\\/2017\\\/10\\\/Haare-Braun-Volumen-Hairgoa.jpg\",\"datePublished\":\"2017-10-27T19:35:58+00:00\",\"dateModified\":\"2018-06-11T15:37:29+00:00\",\"breadcrumb\":{\"@id\":\"https:\\\/\\\/ipacei.com\\\/tr\\\/produkt\\\/sac-uzatici-tonik\\\/#breadcrumb\"},\"inLanguage\":\"tr\",\"potentialAction\":[{\"@type\":\"ReadAction\",\"target\":[\"https:\\\/\\\/ipacei.com\\\/tr\\\/produkt\\\/sac-uzatici-tonik\\\/\"]}]},{\"@type\":\"ImageObject\",\"inLanguage\":\"tr\",\"@id\":\"https:\\\/\\\/ipacei.com\\\/tr\\\/produkt\\\/sac-uzatici-tonik\\\/#primaryimage\",\"url\":\"https:\\\/\\\/ipacei.com\\\/wp-content\\\/uploads\\\/2017\\\/10\\\/Haare-Braun-Volumen-Hairgoa.jpg\",\"contentUrl\":\"https:\\\/\\\/ipacei.com\\\/wp-content\\\/uploads\\\/2017\\\/10\\\/Haare-Braun-Volumen-Hairgoa.jpg\",\"width\":3840,\"height\":5760},{\"@type\":\"BreadcrumbList\",\"@id\":\"https:\\\/\\\/ipacei.com\\\/tr\\\/produkt\\\/sac-uzatici-tonik\\\/#breadcrumb\",\"itemListElement\":[{\"@type\":\"ListItem\",\"position\":1,\"name\":\"Startseite\",\"item\":\"https:\\\/\\\/ipacei.com\\\/tr\\\/\"},{\"@type\":\"ListItem\",\"position\":2,\"name\":\"Shop\",\"item\":\"https:\\\/\\\/ipacei.com\\\/tr\\\/shop\\\/\"},{\"@type\":\"ListItem\",\"position\":3,\"name\":\"Sac Uzatici Tonik\"}]},{\"@type\":\"WebSite\",\"@id\":\"https:\\\/\\\/ipacei.com\\\/#website\",\"url\":\"https:\\\/\\\/ipacei.com\\\/\",\"name\":\"Wimpernserum Ipacei\",\"description\":\"Luxury Cosmetic Products for long lashes, longer hair, longer nails and more\",\"potentialAction\":[{\"@type\":\"SearchAction\",\"target\":{\"@type\":\"EntryPoint\",\"urlTemplate\":\"https:\\\/\\\/ipacei.com\\\/?s={search_term_string}\"},\"query-input\":{\"@type\":\"PropertyValueSpecification\",\"valueRequired\":true,\"valueName\":\"search_term_string\"}}],\"inLanguage\":\"tr\"}]}<\/script>\n<!-- \/ Yoast SEO plugin. -->","yoast_head_json":{"title":"Sac Uzatici Tonik - Wimpernserum Ipacei","robots":{"index":"index","follow":"follow","max-snippet":"max-snippet:-1","max-image-preview":"max-image-preview:large","max-video-preview":"max-video-preview:-1"},"canonical":"https:\/\/ipacei.com\/tr\/produkt\/sac-uzatici-tonik\/","og_locale":"tr_TR","og_type":"article","og_title":"Sac Uzatici Tonik - Wimpernserum Ipacei","og_description":"IPAC\u00c8I LONG HAIR ACTIVATOR for stronger and mega volume hairs! &nbsp;","og_url":"https:\/\/ipacei.com\/tr\/produkt\/sac-uzatici-tonik\/","og_site_name":"Wimpernserum Ipacei","article_publisher":"https:\/\/de-de.facebook.com\/ipacei\/","article_modified_time":"2018-06-11T15:37:29+00:00","og_image":[{"width":3840,"height":5760,"url":"https:\/\/ipacei.com\/wp-content\/uploads\/2017\/10\/Haare-Braun-Volumen-Hairgoa.jpg","type":"image\/jpeg"}],"twitter_card":"summary_large_image","twitter_site":"@IPACEI","twitter_misc":{"Tahmini okuma s\u00fcresi":"1 dakika"},"schema":{"@context":"https:\/\/schema.org","@graph":[{"@type":"WebPage","@id":"https:\/\/ipacei.com\/tr\/produkt\/sac-uzatici-tonik\/","url":"https:\/\/ipacei.com\/tr\/produkt\/sac-uzatici-tonik\/","name":"Sac Uzatici Tonik - Wimpernserum Ipacei","isPartOf":{"@id":"https:\/\/ipacei.com\/#website"},"primaryImageOfPage":{"@id":"https:\/\/ipacei.com\/tr\/produkt\/sac-uzatici-tonik\/#primaryimage"},"image":{"@id":"https:\/\/ipacei.com\/tr\/produkt\/sac-uzatici-tonik\/#primaryimage"},"thumbnailUrl":"https:\/\/ipacei.com\/wp-content\/uploads\/2017\/10\/Haare-Braun-Volumen-Hairgoa.jpg","datePublished":"2017-10-27T19:35:58+00:00","dateModified":"2018-06-11T15:37:29+00:00","breadcrumb":{"@id":"https:\/\/ipacei.com\/tr\/produkt\/sac-uzatici-tonik\/#breadcrumb"},"inLanguage":"tr","potentialAction":[{"@type":"ReadAction","target":["https:\/\/ipacei.com\/tr\/produkt\/sac-uzatici-tonik\/"]}]},{"@type":"ImageObject","inLanguage":"tr","@id":"https:\/\/ipacei.com\/tr\/produkt\/sac-uzatici-tonik\/#primaryimage","url":"https:\/\/ipacei.com\/wp-content\/uploads\/2017\/10\/Haare-Braun-Volumen-Hairgoa.jpg","contentUrl":"https:\/\/ipacei.com\/wp-content\/uploads\/2017\/10\/Haare-Braun-Volumen-Hairgoa.jpg","width":3840,"height":5760},{"@type":"BreadcrumbList","@id":"https:\/\/ipacei.com\/tr\/produkt\/sac-uzatici-tonik\/#breadcrumb","itemListElement":[{"@type":"ListItem","position":1,"name":"Startseite","item":"https:\/\/ipacei.com\/tr\/"},{"@type":"ListItem","position":2,"name":"Shop","item":"https:\/\/ipacei.com\/tr\/shop\/"},{"@type":"ListItem","position":3,"name":"Sac Uzatici Tonik"}]},{"@type":"WebSite","@id":"https:\/\/ipacei.com\/#website","url":"https:\/\/ipacei.com\/","name":"Wimpernserum Ipacei","description":"Luxury Cosmetic Products for long lashes, longer hair, longer nails and more","potentialAction":[{"@type":"SearchAction","target":{"@type":"EntryPoint","urlTemplate":"https:\/\/ipacei.com\/?s={search_term_string}"},"query-input":{"@type":"PropertyValueSpecification","valueRequired":true,"valueName":"search_term_string"}}],"inLanguage":"tr"}]}},"_links":{"self":[{"href":"https:\/\/ipacei.com\/tr\/wp-json\/wp\/v2\/product\/42816","targetHints":{"allow":["GET"]}}],"collection":[{"href":"https:\/\/ipacei.com\/tr\/wp-json\/wp\/v2\/product"}],"about":[{"href":"https:\/\/ipacei.com\/tr\/wp-json\/wp\/v2\/types\/product"}],"replies":[{"embeddable":true,"href":"https:\/\/ipacei.com\/tr\/wp-json\/wp\/v2\/comments?post=42816"}],"wp:featuredmedia":[{"embeddable":true,"href":"https:\/\/ipacei.com\/tr\/wp-json\/wp\/v2\/media\/42371"}],"wp:attachment":[{"href":"https:\/\/ipacei.com\/tr\/wp-json\/wp\/v2\/media?parent=42816"}],"curies":[{"name":"wp","href":"https:\/\/api.w.org\/{rel}","templated":true}]}}