{"id":44282,"date":"2018-11-26T02:05:19","date_gmt":"2018-11-26T02:05:19","guid":{"rendered":"https:\/\/ipacei.com\/produkt\/the-new-age-silk-cream-vegane-gesichtscreme-cream-the-blanc-en-soie\/"},"modified":"2020-01-21T23:09:29","modified_gmt":"2020-01-21T23:09:29","slug":"the-new-age-silk-cream-gesichtscreme-cream-the-blanc-en-soie","status":"publish","type":"product","link":"https:\/\/ipacei.com\/tr\/produkt\/the-new-age-silk-cream-gesichtscreme-cream-the-blanc-en-soie\/","title":{"rendered":"The New Age Silk Cream -Ipek y\u00fcz kremi, cream th\u00e9 blanc en soie"},"content":{"rendered":"<p><span style=\"color: #f514b1;\"><strong>Ipacei, Ipek y\u00fcz kremi,<br \/>\ncream th\u00e9 blanc en soie\u00a0\u00a0<\/strong><\/span><\/p>\n<p>THE NEW AGE Silk Cream KISS MY SKIN<\/p>\n<p class=\"tw-data-text tw-ta tw-text-small\" dir=\"ltr\" data-placeholder=\"\u00dcbersetzung\"><span lang=\"tr\">Beyaz \u00e7ay, shea ya\u011f\u0131 ve ipek proteinleri iceren, yeni y\u00fcz kremi, ipek gibi kadifemsi, yumu\u015facik bir cilt i\u00e7in ve\u00a0 makyaj \u00f6ncesi icin tasarlanmistir. <\/span><\/p>\n<p class=\"tw-data-text tw-ta tw-text-small\" dir=\"ltr\" data-placeholder=\"\u00dcbersetzung\"><span lang=\"tr\">Cildi yumu\u015fatmak ve yeniden canland\u0131rmak i\u00e7in ipek proteinleri, shea ya\u011f\u0131, beyaz \u00e7ay ekstresi ve do\u011fal ya\u011flar kullan\u0131larak rejenere ihtiya\u00e7 duyan ciltler i\u00e7in \u00f6zel olarak form\u00fcle edilmi\u015ftir. <\/span><\/p>\n<p class=\"tw-data-text tw-ta tw-text-small\" dir=\"ltr\" data-placeholder=\"\u00dcbersetzung\"><span lang=\"tr\">Esneklik vitamin kompleksi taraf\u0131ndan geli\u015ftirilir ve ipeksi, kadifemsi bir cilt hissi yarat\u0131r. <\/span><\/p>\n<p class=\"tw-data-text tw-ta tw-text-small\" dir=\"ltr\" data-placeholder=\"\u00dcbersetzung\"><span lang=\"tr\">Makyaj \u00f6ncesinde, g\u00fcnd\u00fcz ve gece kremi olarak uygundur. Saglikli cilt tipleri i\u00e7in uygundur. <\/span><\/p>\n<p class=\"tw-data-text tw-ta tw-text-small\" dir=\"ltr\" data-placeholder=\"\u00dcbersetzung\"><span lang=\"tr\">\u00c7ok iyi tolere edilir, pH derecesi yakla\u015f\u0131k 5.5-6&#8217;d\u0131r. <\/span><\/p>\n<p class=\"tw-data-text tw-ta tw-text-small\" dir=\"ltr\" data-placeholder=\"\u00dcbersetzung\"><span lang=\"tr\">50 ml, hijyenik, \u015feffaf- g\u00fcm\u00fc\u015f renkli havas\u0131z pompa \u015fi\u015fesinde ekonomik bir dozlama sa\u011flar. <\/span><\/p>\n<p class=\"tw-data-text tw-ta tw-text-small\" dir=\"ltr\" data-placeholder=\"\u00dcbersetzung\"><span lang=\"tr\">Mineral ya\u011flar, silikon ya\u011flar, paraben i\u00e7ermez.<\/span><\/p>\n<p>Highest Quality-MADE IN GERMANY<\/p>\n<p>&nbsp;<\/p>\n<h6><span style=\"color: #f514b1;\"><strong>Ipacei Ipek kremi, cream th\u00e9 blanc en soie<br \/>\n<\/strong><\/span><em>Ingredients\/icerikler: AQUA (WATER); CAPRYLIC\/CAPRIC TRIGLYCERIDE; CETEARYL ALCOHOL; PROPYLENE GLYCOL; SHEA<\/em><br \/>\n<em>BUTTER ( BUTYROSPERMUM PARKII BUTTER); ISOPROPYL MYRISTATE; SUNFLOWER (HELIANTHUS ANNUS)<\/em><br \/>\n<em>SEED OIL; CETYL PALMITATE; SUCROSE STEARATE; SERICIN; CAMELIA SINENSIS LEAF EXTRACT; GLYCERIN; PEANUT<\/em><br \/>\n<em>(ARACHIS HYPOGAEA) OIL; RETINYL PALMITATE; TOCOPHERYL ACETATE; PANTHENOL; SODIUM CETEARYL<\/em><br \/>\n<em>SULFATE; GLYCERYL LINOLEATE; HYDROLYZED CASEIN; ASCORBYL PALMITATE; ETHYLHEXYLGLYCERIN; PARFUM<\/em><br \/>\n<em>(FRAGRANCE); TETRA- SODIUM GLUTAMATE DIACETATE; GLYCERYL LINOLENATE; CITRIC ACID; SODIUM HYDROXIDE;<\/em><br \/>\n<em>SODIUM PHOSPHATE; POTASSIUM CHLORIDE; TOCOPHEROL; LECITHIN; PHENOXYETHANOL; POTASSIUM SORBATE<\/em><\/h6>\n","protected":false},"excerpt":{"rendered":"<p>Ipacei, Ipek y\u00fcz kremi, cream th\u00e9 blanc en soie\u00a0\u00a0 THE NEW AGE Silk Cream KISS MY SKIN Beyaz \u00e7ay, shea ya\u011f\u0131 ve ipek proteinleri iceren, yeni y\u00fcz kremi, ipek gibi kadifemsi, yumu\u015facik bir cilt i\u00e7in ve\u00a0 makyaj \u00f6ncesi icin tasarlanmistir. Cildi yumu\u015fatmak ve yeniden canland\u0131rmak i\u00e7in ipek proteinleri, shea ya\u011f\u0131, beyaz \u00e7ay ekstresi ve do\u011fal ya\u011flar kullan\u0131larak rejenere ihtiya\u00e7 duyan [&hellip;]<\/p>\n","protected":false},"featured_media":44406,"comment_status":"closed","ping_status":"closed","template":"","meta":[],"class_list":{"0":"post-44282","1":"product","2":"type-product","3":"status-publish","4":"has-post-thumbnail","6":"product_cat-ipacei","7":"product_tag-collagen-tr","8":"product_tag-gesichtscreme-tr","9":"product_tag-hyaluron-tr","11":"first","12":"instock","13":"sale","14":"taxable","15":"shipping-taxable","16":"purchasable","17":"product-type-simple"},"yoast_head":"<!-- This site is optimized with the Yoast SEO plugin v27.4 - https:\/\/yoast.com\/product\/yoast-seo-wordpress\/ -->\n<title>The New Age Silk Cream -Ipek y\u00fcz kremi, cream th\u00e9 blanc en soie - Wimpernserum Ipacei<\/title>\n<meta name=\"robots\" content=\"index, follow, max-snippet:-1, max-image-preview:large, max-video-preview:-1\" \/>\n<link rel=\"canonical\" href=\"https:\/\/ipacei.com\/tr\/produkt\/the-new-age-silk-cream-gesichtscreme-cream-the-blanc-en-soie\/\" \/>\n<meta property=\"og:locale\" content=\"tr_TR\" \/>\n<meta property=\"og:type\" content=\"article\" \/>\n<meta property=\"og:title\" content=\"The New Age Silk Cream -Ipek y\u00fcz kremi, cream th\u00e9 blanc en soie - Wimpernserum Ipacei\" \/>\n<meta property=\"og:description\" content=\"Ipacei, Ipek y\u00fcz kremi, cream th\u00e9 blanc en soie\u00a0\u00a0 THE NEW AGE Silk Cream KISS MY SKIN Beyaz \u00e7ay, shea ya\u011f\u0131 ve ipek proteinleri iceren, yeni y\u00fcz kremi, ipek gibi kadifemsi, yumu\u015facik bir cilt i\u00e7in ve\u00a0 makyaj \u00f6ncesi icin tasarlanmistir. Cildi yumu\u015fatmak ve yeniden canland\u0131rmak i\u00e7in ipek proteinleri, shea ya\u011f\u0131, beyaz \u00e7ay ekstresi ve do\u011fal ya\u011flar kullan\u0131larak rejenere ihtiya\u00e7 duyan [&hellip;]\" \/>\n<meta property=\"og:url\" content=\"https:\/\/ipacei.com\/tr\/produkt\/the-new-age-silk-cream-gesichtscreme-cream-the-blanc-en-soie\/\" \/>\n<meta property=\"og:site_name\" content=\"Wimpernserum Ipacei\" \/>\n<meta property=\"article:publisher\" content=\"https:\/\/de-de.facebook.com\/ipacei\/\" \/>\n<meta property=\"article:modified_time\" content=\"2020-01-21T23:09:29+00:00\" \/>\n<meta property=\"og:image\" content=\"https:\/\/ipacei.com\/wp-content\/uploads\/2018\/11\/ipacei-gesichtscreme-kiss-my-skin-the-new-age-silk-weisser-tee.jpg\" \/>\n\t<meta property=\"og:image:width\" content=\"1067\" \/>\n\t<meta property=\"og:image:height\" content=\"1037\" \/>\n\t<meta property=\"og:image:type\" content=\"image\/jpeg\" \/>\n<meta name=\"twitter:card\" content=\"summary_large_image\" \/>\n<meta name=\"twitter:site\" content=\"@IPACEI\" \/>\n<meta name=\"twitter:label1\" content=\"Tahmini okuma s\u00fcresi\" \/>\n\t<meta name=\"twitter:data1\" content=\"1 dakika\" \/>\n<script type=\"application\/ld+json\" class=\"yoast-schema-graph\">{\"@context\":\"https:\\\/\\\/schema.org\",\"@graph\":[{\"@type\":\"WebPage\",\"@id\":\"https:\\\/\\\/ipacei.com\\\/tr\\\/produkt\\\/the-new-age-silk-cream-gesichtscreme-cream-the-blanc-en-soie\\\/\",\"url\":\"https:\\\/\\\/ipacei.com\\\/tr\\\/produkt\\\/the-new-age-silk-cream-gesichtscreme-cream-the-blanc-en-soie\\\/\",\"name\":\"The New Age Silk Cream -Ipek y\u00fcz kremi, cream th\u00e9 blanc en soie - Wimpernserum Ipacei\",\"isPartOf\":{\"@id\":\"https:\\\/\\\/ipacei.com\\\/#website\"},\"primaryImageOfPage\":{\"@id\":\"https:\\\/\\\/ipacei.com\\\/tr\\\/produkt\\\/the-new-age-silk-cream-gesichtscreme-cream-the-blanc-en-soie\\\/#primaryimage\"},\"image\":{\"@id\":\"https:\\\/\\\/ipacei.com\\\/tr\\\/produkt\\\/the-new-age-silk-cream-gesichtscreme-cream-the-blanc-en-soie\\\/#primaryimage\"},\"thumbnailUrl\":\"https:\\\/\\\/ipacei.com\\\/wp-content\\\/uploads\\\/2018\\\/11\\\/ipacei-gesichtscreme-kiss-my-skin-the-new-age-silk-weisser-tee.jpg\",\"datePublished\":\"2018-11-26T02:05:19+00:00\",\"dateModified\":\"2020-01-21T23:09:29+00:00\",\"breadcrumb\":{\"@id\":\"https:\\\/\\\/ipacei.com\\\/tr\\\/produkt\\\/the-new-age-silk-cream-gesichtscreme-cream-the-blanc-en-soie\\\/#breadcrumb\"},\"inLanguage\":\"tr\",\"potentialAction\":[{\"@type\":\"ReadAction\",\"target\":[\"https:\\\/\\\/ipacei.com\\\/tr\\\/produkt\\\/the-new-age-silk-cream-gesichtscreme-cream-the-blanc-en-soie\\\/\"]}]},{\"@type\":\"ImageObject\",\"inLanguage\":\"tr\",\"@id\":\"https:\\\/\\\/ipacei.com\\\/tr\\\/produkt\\\/the-new-age-silk-cream-gesichtscreme-cream-the-blanc-en-soie\\\/#primaryimage\",\"url\":\"https:\\\/\\\/ipacei.com\\\/wp-content\\\/uploads\\\/2018\\\/11\\\/ipacei-gesichtscreme-kiss-my-skin-the-new-age-silk-weisser-tee.jpg\",\"contentUrl\":\"https:\\\/\\\/ipacei.com\\\/wp-content\\\/uploads\\\/2018\\\/11\\\/ipacei-gesichtscreme-kiss-my-skin-the-new-age-silk-weisser-tee.jpg\",\"width\":1067,\"height\":1037},{\"@type\":\"BreadcrumbList\",\"@id\":\"https:\\\/\\\/ipacei.com\\\/tr\\\/produkt\\\/the-new-age-silk-cream-gesichtscreme-cream-the-blanc-en-soie\\\/#breadcrumb\",\"itemListElement\":[{\"@type\":\"ListItem\",\"position\":1,\"name\":\"Startseite\",\"item\":\"https:\\\/\\\/ipacei.com\\\/tr\\\/\"},{\"@type\":\"ListItem\",\"position\":2,\"name\":\"Shop\",\"item\":\"https:\\\/\\\/ipacei.com\\\/tr\\\/shop\\\/\"},{\"@type\":\"ListItem\",\"position\":3,\"name\":\"The New Age Silk Cream -Ipek y\u00fcz kremi, cream th\u00e9 blanc en soie\"}]},{\"@type\":\"WebSite\",\"@id\":\"https:\\\/\\\/ipacei.com\\\/#website\",\"url\":\"https:\\\/\\\/ipacei.com\\\/\",\"name\":\"Wimpernserum Ipacei\",\"description\":\"Luxury Cosmetic Products for long lashes, longer hair, longer nails and more\",\"potentialAction\":[{\"@type\":\"SearchAction\",\"target\":{\"@type\":\"EntryPoint\",\"urlTemplate\":\"https:\\\/\\\/ipacei.com\\\/?s={search_term_string}\"},\"query-input\":{\"@type\":\"PropertyValueSpecification\",\"valueRequired\":true,\"valueName\":\"search_term_string\"}}],\"inLanguage\":\"tr\"}]}<\/script>\n<!-- \/ Yoast SEO plugin. -->","yoast_head_json":{"title":"The New Age Silk Cream -Ipek y\u00fcz kremi, cream th\u00e9 blanc en soie - Wimpernserum Ipacei","robots":{"index":"index","follow":"follow","max-snippet":"max-snippet:-1","max-image-preview":"max-image-preview:large","max-video-preview":"max-video-preview:-1"},"canonical":"https:\/\/ipacei.com\/tr\/produkt\/the-new-age-silk-cream-gesichtscreme-cream-the-blanc-en-soie\/","og_locale":"tr_TR","og_type":"article","og_title":"The New Age Silk Cream -Ipek y\u00fcz kremi, cream th\u00e9 blanc en soie - Wimpernserum Ipacei","og_description":"Ipacei, Ipek y\u00fcz kremi, cream th\u00e9 blanc en soie\u00a0\u00a0 THE NEW AGE Silk Cream KISS MY SKIN Beyaz \u00e7ay, shea ya\u011f\u0131 ve ipek proteinleri iceren, yeni y\u00fcz kremi, ipek gibi kadifemsi, yumu\u015facik bir cilt i\u00e7in ve\u00a0 makyaj \u00f6ncesi icin tasarlanmistir. Cildi yumu\u015fatmak ve yeniden canland\u0131rmak i\u00e7in ipek proteinleri, shea ya\u011f\u0131, beyaz \u00e7ay ekstresi ve do\u011fal ya\u011flar kullan\u0131larak rejenere ihtiya\u00e7 duyan [&hellip;]","og_url":"https:\/\/ipacei.com\/tr\/produkt\/the-new-age-silk-cream-gesichtscreme-cream-the-blanc-en-soie\/","og_site_name":"Wimpernserum Ipacei","article_publisher":"https:\/\/de-de.facebook.com\/ipacei\/","article_modified_time":"2020-01-21T23:09:29+00:00","og_image":[{"width":1067,"height":1037,"url":"https:\/\/ipacei.com\/wp-content\/uploads\/2018\/11\/ipacei-gesichtscreme-kiss-my-skin-the-new-age-silk-weisser-tee.jpg","type":"image\/jpeg"}],"twitter_card":"summary_large_image","twitter_site":"@IPACEI","twitter_misc":{"Tahmini okuma s\u00fcresi":"1 dakika"},"schema":{"@context":"https:\/\/schema.org","@graph":[{"@type":"WebPage","@id":"https:\/\/ipacei.com\/tr\/produkt\/the-new-age-silk-cream-gesichtscreme-cream-the-blanc-en-soie\/","url":"https:\/\/ipacei.com\/tr\/produkt\/the-new-age-silk-cream-gesichtscreme-cream-the-blanc-en-soie\/","name":"The New Age Silk Cream -Ipek y\u00fcz kremi, cream th\u00e9 blanc en soie - Wimpernserum Ipacei","isPartOf":{"@id":"https:\/\/ipacei.com\/#website"},"primaryImageOfPage":{"@id":"https:\/\/ipacei.com\/tr\/produkt\/the-new-age-silk-cream-gesichtscreme-cream-the-blanc-en-soie\/#primaryimage"},"image":{"@id":"https:\/\/ipacei.com\/tr\/produkt\/the-new-age-silk-cream-gesichtscreme-cream-the-blanc-en-soie\/#primaryimage"},"thumbnailUrl":"https:\/\/ipacei.com\/wp-content\/uploads\/2018\/11\/ipacei-gesichtscreme-kiss-my-skin-the-new-age-silk-weisser-tee.jpg","datePublished":"2018-11-26T02:05:19+00:00","dateModified":"2020-01-21T23:09:29+00:00","breadcrumb":{"@id":"https:\/\/ipacei.com\/tr\/produkt\/the-new-age-silk-cream-gesichtscreme-cream-the-blanc-en-soie\/#breadcrumb"},"inLanguage":"tr","potentialAction":[{"@type":"ReadAction","target":["https:\/\/ipacei.com\/tr\/produkt\/the-new-age-silk-cream-gesichtscreme-cream-the-blanc-en-soie\/"]}]},{"@type":"ImageObject","inLanguage":"tr","@id":"https:\/\/ipacei.com\/tr\/produkt\/the-new-age-silk-cream-gesichtscreme-cream-the-blanc-en-soie\/#primaryimage","url":"https:\/\/ipacei.com\/wp-content\/uploads\/2018\/11\/ipacei-gesichtscreme-kiss-my-skin-the-new-age-silk-weisser-tee.jpg","contentUrl":"https:\/\/ipacei.com\/wp-content\/uploads\/2018\/11\/ipacei-gesichtscreme-kiss-my-skin-the-new-age-silk-weisser-tee.jpg","width":1067,"height":1037},{"@type":"BreadcrumbList","@id":"https:\/\/ipacei.com\/tr\/produkt\/the-new-age-silk-cream-gesichtscreme-cream-the-blanc-en-soie\/#breadcrumb","itemListElement":[{"@type":"ListItem","position":1,"name":"Startseite","item":"https:\/\/ipacei.com\/tr\/"},{"@type":"ListItem","position":2,"name":"Shop","item":"https:\/\/ipacei.com\/tr\/shop\/"},{"@type":"ListItem","position":3,"name":"The New Age Silk Cream -Ipek y\u00fcz kremi, cream th\u00e9 blanc en soie"}]},{"@type":"WebSite","@id":"https:\/\/ipacei.com\/#website","url":"https:\/\/ipacei.com\/","name":"Wimpernserum Ipacei","description":"Luxury Cosmetic Products for long lashes, longer hair, longer nails and more","potentialAction":[{"@type":"SearchAction","target":{"@type":"EntryPoint","urlTemplate":"https:\/\/ipacei.com\/?s={search_term_string}"},"query-input":{"@type":"PropertyValueSpecification","valueRequired":true,"valueName":"search_term_string"}}],"inLanguage":"tr"}]}},"_links":{"self":[{"href":"https:\/\/ipacei.com\/tr\/wp-json\/wp\/v2\/product\/44282","targetHints":{"allow":["GET"]}}],"collection":[{"href":"https:\/\/ipacei.com\/tr\/wp-json\/wp\/v2\/product"}],"about":[{"href":"https:\/\/ipacei.com\/tr\/wp-json\/wp\/v2\/types\/product"}],"replies":[{"embeddable":true,"href":"https:\/\/ipacei.com\/tr\/wp-json\/wp\/v2\/comments?post=44282"}],"wp:featuredmedia":[{"embeddable":true,"href":"https:\/\/ipacei.com\/tr\/wp-json\/wp\/v2\/media\/44406"}],"wp:attachment":[{"href":"https:\/\/ipacei.com\/tr\/wp-json\/wp\/v2\/media?parent=44282"}],"curies":[{"name":"wp","href":"https:\/\/api.w.org\/{rel}","templated":true}]}}