{"id":44292,"date":"2018-11-26T02:35:33","date_gmt":"2018-11-26T02:35:33","guid":{"rendered":"https:\/\/ipacei.com\/produkt\/tester-vegan-ipek-yuez-kremi-cream-the-blanc-en-soie\/"},"modified":"2018-12-17T17:01:30","modified_gmt":"2018-12-17T17:01:30","slug":"tester-ipek-yuez-kremi-cream-the-blanc-en-soie","status":"publish","type":"product","link":"https:\/\/ipacei.com\/tr\/produkt\/tester-ipek-yuez-kremi-cream-the-blanc-en-soie\/","title":{"rendered":"Tester \u2013 Ipek y\u00fcz kremi, cream th\u00e9 blanc en soie"},"content":{"rendered":"<p><span style=\"color: #ed0c6d;\"><strong>Ipacei, Ipek y\u00fcz kremi,<br \/>\ncream th\u00e9 blanc en soie\u00a0\u00a0<\/strong><\/span><\/p>\n<p>THE NEW AGE Silk Cream KISS MY SKIN<\/p>\n<p class=\"tw-data-text tw-ta tw-text-small\" dir=\"ltr\" data-placeholder=\"\u00dcbersetzung\"><span lang=\"tr\">Beyaz \u00e7ay, shea ya\u011f\u0131 ve ipek proteinleri iceren, yeni y\u00fcz kremi, ayr\u0131ca, ipek gibi kadifemsi, yumu\u015facik bir cilt i\u00e7in ve\u00a0 makyaj \u00f6ncesi icin tasarlanmistir.<\/span><\/p>\n<p class=\"tw-data-text tw-ta tw-text-small\" dir=\"ltr\" data-placeholder=\"\u00dcbersetzung\"><span lang=\"tr\">Cildi yumu\u015fatmak ve yeniden canland\u0131rmak i\u00e7in vegan ipek proteinleri, shea ya\u011f\u0131, beyaz \u00e7ay ekstresi ve do\u011fal ya\u011flar kullan\u0131larak rejenere ihtiya\u00e7 duyan ciltler i\u00e7in \u00f6zel olarak form\u00fcle edilmi\u015ftir.<\/span><\/p>\n<p class=\"tw-data-text tw-ta tw-text-small\" dir=\"ltr\" data-placeholder=\"\u00dcbersetzung\"><span lang=\"tr\">Esneklik vitamin kompleksi taraf\u0131ndan geli\u015ftirilir ve ipeksi, kadifemsi bir cilt hissi yarat\u0131r.<\/span><\/p>\n<p class=\"tw-data-text tw-ta tw-text-small\" dir=\"ltr\" data-placeholder=\"\u00dcbersetzung\"><span lang=\"tr\">Makyaj \u00f6ncesinde, g\u00fcnd\u00fcz ve gece kremi olarak uygundur. Saglikli cilt tipleri i\u00e7in uygundur.<\/span><\/p>\n<p class=\"tw-data-text tw-ta tw-text-small\" dir=\"ltr\" data-placeholder=\"\u00dcbersetzung\"><span lang=\"tr\">\u00c7ok iyi tolere edilir, pH derecesi yakla\u015f\u0131k 5.5-6\u2019d\u0131r.<br \/>\nTester 3 ml.<\/span><\/p>\n<h6 dir=\"ltr\" data-placeholder=\"\u00dcbersetzung\"><\/h6>\n<h6 dir=\"ltr\" data-placeholder=\"\u00dcbersetzung\"><em><strong>Ipacei Ipek kremi, cream th\u00e9 blanc en soie<br \/>\n<\/strong>Ingredients\/icerikler: AQUA (WATER); CAPRYLIC\/CAPRIC TRIGLYCERIDE; CETEARYL ALCOHOL; PROPYLENE GLYCOL; SHEA<\/em><br \/>\n<em>BUTTER ( BUTYROSPERMUM PARKII BUTTER); ISOPROPYL MYRISTATE; SUNFLOWER (HELIANTHUS ANNUS)<\/em><br \/>\n<em>SEED OIL; CETYL PALMITATE; SUCROSE STEARATE; SERICIN; CAMELIA SINENSIS LEAF EXTRACT; GLYCERIN; PEANUT<\/em><br \/>\n<em>(ARACHIS HYPOGAEA) OIL; RETINYL PALMITATE; TOCOPHERYL ACETATE; PANTHENOL; SODIUM CETEARYL<\/em><br \/>\n<em>SULFATE; GLYCERYL LINOLEATE; HYDROLYZED CASEIN; ASCORBYL PALMITATE; ETHYLHEXYLGLYCERIN; PARFUM<\/em><br \/>\n<em>(FRAGRANCE); TETRA- SODIUM GLUTAMATE DIACETATE; GLYCERYL LINOLENATE; CITRIC ACID; SODIUM HYDROXIDE;<\/em><br \/>\n<em>SODIUM PHOSPHATE; POTASSIUM CHLORIDE; TOCOPHEROL; LECITHIN; PHENOXYETHANOL; POTASSIUM SORBATE<\/em><\/h6>\n","protected":false},"excerpt":{"rendered":"<p>Ipacei, Ipek y\u00fcz kremi, cream th\u00e9 blanc en soie\u00a0\u00a0 THE NEW AGE Silk Cream KISS MY SKIN Beyaz \u00e7ay, shea ya\u011f\u0131 ve ipek proteinleri iceren, yeni y\u00fcz kremi, ayr\u0131ca, ipek gibi kadifemsi, yumu\u015facik bir cilt i\u00e7in ve\u00a0 makyaj \u00f6ncesi icin tasarlanmistir. Cildi yumu\u015fatmak ve yeniden canland\u0131rmak i\u00e7in vegan ipek proteinleri, shea ya\u011f\u0131, beyaz \u00e7ay ekstresi ve do\u011fal ya\u011flar kullan\u0131larak rejenere [&hellip;]<\/p>\n","protected":false},"featured_media":44403,"comment_status":"closed","ping_status":"closed","template":"","meta":[],"class_list":{"0":"post-44292","1":"product","2":"type-product","3":"status-publish","4":"has-post-thumbnail","6":"product_cat-ipacei","8":"first","9":"instock","10":"taxable","11":"shipping-taxable","12":"purchasable","13":"product-type-simple"},"yoast_head":"<!-- This site is optimized with the Yoast SEO plugin v25.6 - https:\/\/yoast.com\/wordpress\/plugins\/seo\/ -->\n<title>Tester \u2013 Ipek y\u00fcz kremi, cream th\u00e9 blanc en soie - Wimpernserum Ipacei<\/title>\n<meta name=\"description\" content=\"Speziell f\u00fcr die regenerationsbed\u00fcrftige Haut unter Verwendung von Seidenproteinen, Sheabutter, wei\u00dfem Tee Extrakt und Natur\u00f6len entwickelt., um die Haut zu beruhigen und zu regenerieren.\" \/>\n<meta name=\"robots\" content=\"index, follow, max-snippet:-1, max-image-preview:large, max-video-preview:-1\" \/>\n<link rel=\"canonical\" href=\"https:\/\/ipacei.com\/tr\/produkt\/tester-ipek-yuez-kremi-cream-the-blanc-en-soie\/\" \/>\n<meta property=\"og:locale\" content=\"tr_TR\" \/>\n<meta property=\"og:type\" content=\"article\" \/>\n<meta property=\"og:title\" content=\"Tester \u2013 Ipek y\u00fcz kremi, cream th\u00e9 blanc en soie - Wimpernserum Ipacei\" \/>\n<meta property=\"og:description\" content=\"Speziell f\u00fcr die regenerationsbed\u00fcrftige Haut unter Verwendung von Seidenproteinen, Sheabutter, wei\u00dfem Tee Extrakt und Natur\u00f6len entwickelt., um die Haut zu beruhigen und zu regenerieren.\" \/>\n<meta property=\"og:url\" content=\"https:\/\/ipacei.com\/tr\/produkt\/tester-ipek-yuez-kremi-cream-the-blanc-en-soie\/\" \/>\n<meta property=\"og:site_name\" content=\"Wimpernserum Ipacei\" \/>\n<meta property=\"article:publisher\" content=\"https:\/\/de-de.facebook.com\/ipacei\/\" \/>\n<meta property=\"article:modified_time\" content=\"2018-12-17T17:01:30+00:00\" \/>\n<meta property=\"og:image\" content=\"https:\/\/ipacei.com\/wp-content\/uploads\/2018\/11\/ipacei-creme-the-new-age-silk-cream.jpg\" \/>\n\t<meta property=\"og:image:width\" content=\"1080\" \/>\n\t<meta property=\"og:image:height\" content=\"1920\" \/>\n\t<meta property=\"og:image:type\" content=\"image\/jpeg\" \/>\n<meta name=\"twitter:card\" content=\"summary_large_image\" \/>\n<meta name=\"twitter:site\" content=\"@IPACEI\" \/>\n<meta name=\"twitter:label1\" content=\"Tahmini okuma s\u00fcresi\" \/>\n\t<meta name=\"twitter:data1\" content=\"1 dakika\" \/>\n<script type=\"application\/ld+json\" class=\"yoast-schema-graph\">{\"@context\":\"https:\/\/schema.org\",\"@graph\":[{\"@type\":\"WebPage\",\"@id\":\"https:\/\/ipacei.com\/tr\/produkt\/tester-ipek-yuez-kremi-cream-the-blanc-en-soie\/\",\"url\":\"https:\/\/ipacei.com\/tr\/produkt\/tester-ipek-yuez-kremi-cream-the-blanc-en-soie\/\",\"name\":\"Tester \u2013 Ipek y\u00fcz kremi, cream th\u00e9 blanc en soie - Wimpernserum Ipacei\",\"isPartOf\":{\"@id\":\"https:\/\/ipacei.com\/#website\"},\"primaryImageOfPage\":{\"@id\":\"https:\/\/ipacei.com\/tr\/produkt\/tester-ipek-yuez-kremi-cream-the-blanc-en-soie\/#primaryimage\"},\"image\":{\"@id\":\"https:\/\/ipacei.com\/tr\/produkt\/tester-ipek-yuez-kremi-cream-the-blanc-en-soie\/#primaryimage\"},\"thumbnailUrl\":\"https:\/\/ipacei.com\/wp-content\/uploads\/2018\/11\/ipacei-creme-the-new-age-silk-cream.jpg\",\"datePublished\":\"2018-11-26T02:35:33+00:00\",\"dateModified\":\"2018-12-17T17:01:30+00:00\",\"description\":\"Speziell f\u00fcr die regenerationsbed\u00fcrftige Haut unter Verwendung von Seidenproteinen, Sheabutter, wei\u00dfem Tee Extrakt und Natur\u00f6len entwickelt., um die Haut zu beruhigen und zu regenerieren.\",\"breadcrumb\":{\"@id\":\"https:\/\/ipacei.com\/tr\/produkt\/tester-ipek-yuez-kremi-cream-the-blanc-en-soie\/#breadcrumb\"},\"inLanguage\":\"tr\",\"potentialAction\":[{\"@type\":\"ReadAction\",\"target\":[\"https:\/\/ipacei.com\/tr\/produkt\/tester-ipek-yuez-kremi-cream-the-blanc-en-soie\/\"]}]},{\"@type\":\"ImageObject\",\"inLanguage\":\"tr\",\"@id\":\"https:\/\/ipacei.com\/tr\/produkt\/tester-ipek-yuez-kremi-cream-the-blanc-en-soie\/#primaryimage\",\"url\":\"https:\/\/ipacei.com\/wp-content\/uploads\/2018\/11\/ipacei-creme-the-new-age-silk-cream.jpg\",\"contentUrl\":\"https:\/\/ipacei.com\/wp-content\/uploads\/2018\/11\/ipacei-creme-the-new-age-silk-cream.jpg\",\"width\":1080,\"height\":1920},{\"@type\":\"BreadcrumbList\",\"@id\":\"https:\/\/ipacei.com\/tr\/produkt\/tester-ipek-yuez-kremi-cream-the-blanc-en-soie\/#breadcrumb\",\"itemListElement\":[{\"@type\":\"ListItem\",\"position\":1,\"name\":\"Startseite\",\"item\":\"https:\/\/ipacei.com\/tr\/\"},{\"@type\":\"ListItem\",\"position\":2,\"name\":\"Shop\",\"item\":\"https:\/\/ipacei.com\/tr\/shop\/\"},{\"@type\":\"ListItem\",\"position\":3,\"name\":\"Tester \u2013 Ipek y\u00fcz kremi, cream th\u00e9 blanc en soie\"}]},{\"@type\":\"WebSite\",\"@id\":\"https:\/\/ipacei.com\/#website\",\"url\":\"https:\/\/ipacei.com\/\",\"name\":\"Wimpernserum Ipacei\",\"description\":\"Luxury Cosmetic Products for long lashes, longer hair, longer nails and more\",\"potentialAction\":[{\"@type\":\"SearchAction\",\"target\":{\"@type\":\"EntryPoint\",\"urlTemplate\":\"https:\/\/ipacei.com\/?s={search_term_string}\"},\"query-input\":{\"@type\":\"PropertyValueSpecification\",\"valueRequired\":true,\"valueName\":\"search_term_string\"}}],\"inLanguage\":\"tr\"}]}<\/script>\n<!-- \/ Yoast SEO plugin. -->","yoast_head_json":{"title":"Tester \u2013 Ipek y\u00fcz kremi, cream th\u00e9 blanc en soie - Wimpernserum Ipacei","description":"Speziell f\u00fcr die regenerationsbed\u00fcrftige Haut unter Verwendung von Seidenproteinen, Sheabutter, wei\u00dfem Tee Extrakt und Natur\u00f6len entwickelt., um die Haut zu beruhigen und zu regenerieren.","robots":{"index":"index","follow":"follow","max-snippet":"max-snippet:-1","max-image-preview":"max-image-preview:large","max-video-preview":"max-video-preview:-1"},"canonical":"https:\/\/ipacei.com\/tr\/produkt\/tester-ipek-yuez-kremi-cream-the-blanc-en-soie\/","og_locale":"tr_TR","og_type":"article","og_title":"Tester \u2013 Ipek y\u00fcz kremi, cream th\u00e9 blanc en soie - Wimpernserum Ipacei","og_description":"Speziell f\u00fcr die regenerationsbed\u00fcrftige Haut unter Verwendung von Seidenproteinen, Sheabutter, wei\u00dfem Tee Extrakt und Natur\u00f6len entwickelt., um die Haut zu beruhigen und zu regenerieren.","og_url":"https:\/\/ipacei.com\/tr\/produkt\/tester-ipek-yuez-kremi-cream-the-blanc-en-soie\/","og_site_name":"Wimpernserum Ipacei","article_publisher":"https:\/\/de-de.facebook.com\/ipacei\/","article_modified_time":"2018-12-17T17:01:30+00:00","og_image":[{"width":1080,"height":1920,"url":"https:\/\/ipacei.com\/wp-content\/uploads\/2018\/11\/ipacei-creme-the-new-age-silk-cream.jpg","type":"image\/jpeg"}],"twitter_card":"summary_large_image","twitter_site":"@IPACEI","twitter_misc":{"Tahmini okuma s\u00fcresi":"1 dakika"},"schema":{"@context":"https:\/\/schema.org","@graph":[{"@type":"WebPage","@id":"https:\/\/ipacei.com\/tr\/produkt\/tester-ipek-yuez-kremi-cream-the-blanc-en-soie\/","url":"https:\/\/ipacei.com\/tr\/produkt\/tester-ipek-yuez-kremi-cream-the-blanc-en-soie\/","name":"Tester \u2013 Ipek y\u00fcz kremi, cream th\u00e9 blanc en soie - Wimpernserum Ipacei","isPartOf":{"@id":"https:\/\/ipacei.com\/#website"},"primaryImageOfPage":{"@id":"https:\/\/ipacei.com\/tr\/produkt\/tester-ipek-yuez-kremi-cream-the-blanc-en-soie\/#primaryimage"},"image":{"@id":"https:\/\/ipacei.com\/tr\/produkt\/tester-ipek-yuez-kremi-cream-the-blanc-en-soie\/#primaryimage"},"thumbnailUrl":"https:\/\/ipacei.com\/wp-content\/uploads\/2018\/11\/ipacei-creme-the-new-age-silk-cream.jpg","datePublished":"2018-11-26T02:35:33+00:00","dateModified":"2018-12-17T17:01:30+00:00","description":"Speziell f\u00fcr die regenerationsbed\u00fcrftige Haut unter Verwendung von Seidenproteinen, Sheabutter, wei\u00dfem Tee Extrakt und Natur\u00f6len entwickelt., um die Haut zu beruhigen und zu regenerieren.","breadcrumb":{"@id":"https:\/\/ipacei.com\/tr\/produkt\/tester-ipek-yuez-kremi-cream-the-blanc-en-soie\/#breadcrumb"},"inLanguage":"tr","potentialAction":[{"@type":"ReadAction","target":["https:\/\/ipacei.com\/tr\/produkt\/tester-ipek-yuez-kremi-cream-the-blanc-en-soie\/"]}]},{"@type":"ImageObject","inLanguage":"tr","@id":"https:\/\/ipacei.com\/tr\/produkt\/tester-ipek-yuez-kremi-cream-the-blanc-en-soie\/#primaryimage","url":"https:\/\/ipacei.com\/wp-content\/uploads\/2018\/11\/ipacei-creme-the-new-age-silk-cream.jpg","contentUrl":"https:\/\/ipacei.com\/wp-content\/uploads\/2018\/11\/ipacei-creme-the-new-age-silk-cream.jpg","width":1080,"height":1920},{"@type":"BreadcrumbList","@id":"https:\/\/ipacei.com\/tr\/produkt\/tester-ipek-yuez-kremi-cream-the-blanc-en-soie\/#breadcrumb","itemListElement":[{"@type":"ListItem","position":1,"name":"Startseite","item":"https:\/\/ipacei.com\/tr\/"},{"@type":"ListItem","position":2,"name":"Shop","item":"https:\/\/ipacei.com\/tr\/shop\/"},{"@type":"ListItem","position":3,"name":"Tester \u2013 Ipek y\u00fcz kremi, cream th\u00e9 blanc en soie"}]},{"@type":"WebSite","@id":"https:\/\/ipacei.com\/#website","url":"https:\/\/ipacei.com\/","name":"Wimpernserum Ipacei","description":"Luxury Cosmetic Products for long lashes, longer hair, longer nails and more","potentialAction":[{"@type":"SearchAction","target":{"@type":"EntryPoint","urlTemplate":"https:\/\/ipacei.com\/?s={search_term_string}"},"query-input":{"@type":"PropertyValueSpecification","valueRequired":true,"valueName":"search_term_string"}}],"inLanguage":"tr"}]}},"_links":{"self":[{"href":"https:\/\/ipacei.com\/tr\/wp-json\/wp\/v2\/product\/44292","targetHints":{"allow":["GET"]}}],"collection":[{"href":"https:\/\/ipacei.com\/tr\/wp-json\/wp\/v2\/product"}],"about":[{"href":"https:\/\/ipacei.com\/tr\/wp-json\/wp\/v2\/types\/product"}],"replies":[{"embeddable":true,"href":"https:\/\/ipacei.com\/tr\/wp-json\/wp\/v2\/comments?post=44292"}],"wp:featuredmedia":[{"embeddable":true,"href":"https:\/\/ipacei.com\/tr\/wp-json\/wp\/v2\/media\/44403"}],"wp:attachment":[{"href":"https:\/\/ipacei.com\/tr\/wp-json\/wp\/v2\/media?parent=44292"}],"curies":[{"name":"wp","href":"https:\/\/api.w.org\/{rel}","templated":true}]}}