{"id":44298,"date":"2018-11-26T03:08:29","date_gmt":"2018-11-26T03:08:29","guid":{"rendered":"https:\/\/ipacei.com\/produkt\/ipacei-collagen-und-hyaluron-vliesmaske-2er-set\/"},"modified":"2018-12-17T16:06:33","modified_gmt":"2018-12-17T16:06:33","slug":"ipacei-collagen-und-hyaluron-vliesmaske-2er-set","status":"publish","type":"product","link":"https:\/\/ipacei.com\/tr\/produkt\/ipacei-collagen-und-hyaluron-vliesmaske-2er-set\/","title":{"rendered":"Ipacei kollajen ve hiyal\u00fcron maskesi, 2 adet"},"content":{"rendered":"<p class=\"tw-data-text tw-ta tw-text-small\" dir=\"ltr\" data-placeholder=\"\u00dcbersetzung\"><span style=\"color: #f5026b;\"><strong><span lang=\"tr\">Ipacei anti-aging kollajen ve hyaluron maskesi<\/span><\/strong><\/span><\/p>\n<p class=\"tw-data-text tw-ta tw-text-small\" dir=\"ltr\" data-placeholder=\"\u00dcbersetzung\"><span lang=\"tr\">2 adet!<\/span><\/p>\n<p dir=\"ltr\" data-placeholder=\"\u00dcbersetzung\">T\u00fckenmistir! Yeni mevcut tarihi 30.01.2018!<\/p>\n<p class=\"tw-data-text tw-ta tw-text-small\" dir=\"ltr\" data-placeholder=\"\u00dcbersetzung\"><span lang=\"tr\">Ana aktif icerikleri: aloe vera, kollajen, hiyal\u00fcron, pantenol, allantoin.<\/span><\/p>\n<p class=\"tw-data-text tw-ta tw-text-small\" dir=\"ltr\" data-placeholder=\"\u00dcbersetzung\"><span lang=\"tr\">Yo\u011fun nemlendirici, esnek bir cilt hissi verir ve cilt elastikiyetini artt\u0131rabilir.<\/span><\/p>\n<p id=\"tw-target-text\" class=\"tw-data-text tw-ta tw-text-small\" dir=\"ltr\" data-placeholder=\"\u00dcbersetzung\"><span lang=\"tr\">Haftada bir kez y\u00fcz bak\u0131m\u0131 olarak, temiz y\u00fcz\u00fcn\u00fcze hafifce modelleyerek uygulayiniz. <\/span><\/p>\n<p class=\"tw-data-text tw-ta tw-text-small\" dir=\"ltr\" data-placeholder=\"\u00dcbersetzung\"><span lang=\"tr\">Yakla\u015f\u0131k 25 dakika bekletin, y\u0131kamay\u0131n, daha sonrasi Ipacei Ipek kremini masaj yaparak uygulay\u0131niz.<\/span><\/p>\n<p class=\"tw-data-text tw-ta tw-text-small\" dir=\"ltr\" data-placeholder=\"\u00dcbersetzung\"><span lang=\"tr\">Mineral ya\u011flar, silikon ya\u011flar\u0131, parabenler ve PEG\u2019ler i\u00e7ermez. 25g \/ 0.9oz<\/span><\/p>\n","protected":false},"excerpt":{"rendered":"<p>Ipacei anti-aging kollajen ve hyaluron maskesi 2 adet! T\u00fckenmistir! Yeni mevcut tarihi 30.01.2018! Ana aktif icerikleri: aloe vera, kollajen, hiyal\u00fcron, pantenol, allantoin. Yo\u011fun nemlendirici, esnek bir cilt hissi verir ve cilt elastikiyetini artt\u0131rabilir. Haftada bir kez y\u00fcz bak\u0131m\u0131 olarak, temiz y\u00fcz\u00fcn\u00fcze hafifce modelleyerek uygulayiniz. Yakla\u015f\u0131k 25 dakika bekletin, y\u0131kamay\u0131n, daha sonrasi Ipacei Ipek kremini masaj yaparak uygulay\u0131niz. Mineral ya\u011flar, silikon [&hellip;]<\/p>\n","protected":false},"featured_media":44296,"comment_status":"closed","ping_status":"closed","template":"","meta":[],"class_list":{"0":"post-44298","1":"product","2":"type-product","3":"status-publish","4":"has-post-thumbnail","6":"product_cat-ipacei","7":"product_tag-collagen-tr","8":"product_tag-falten-tr","9":"product_tag-feuchtigkeit-tr","10":"product_tag-gesichtscreme-tr","11":"product_tag-hyaluron-tr","12":"product_tag-reife-haut-tr","13":"product_tag-trockene-haut-tr","14":"product_tag-vliesmaske-tr","16":"first","17":"instock","18":"taxable","19":"shipping-taxable","20":"purchasable","21":"product-type-simple"},"yoast_head":"<!-- This site is optimized with the Yoast SEO plugin v25.6 - https:\/\/yoast.com\/wordpress\/plugins\/seo\/ -->\n<title>Ipacei kollajen ve hiyal\u00fcron maskesi, 2 adet - Wimpernserum Ipacei<\/title>\n<meta name=\"robots\" content=\"index, follow, max-snippet:-1, max-image-preview:large, max-video-preview:-1\" \/>\n<link rel=\"canonical\" href=\"https:\/\/ipacei.com\/tr\/produkt\/ipacei-collagen-und-hyaluron-vliesmaske-2er-set\/\" \/>\n<meta property=\"og:locale\" content=\"tr_TR\" \/>\n<meta property=\"og:type\" content=\"article\" \/>\n<meta property=\"og:title\" content=\"Ipacei kollajen ve hiyal\u00fcron maskesi, 2 adet - Wimpernserum Ipacei\" \/>\n<meta property=\"og:description\" content=\"Ipacei anti-aging kollajen ve hyaluron maskesi 2 adet! T\u00fckenmistir! Yeni mevcut tarihi 30.01.2018! Ana aktif icerikleri: aloe vera, kollajen, hiyal\u00fcron, pantenol, allantoin. Yo\u011fun nemlendirici, esnek bir cilt hissi verir ve cilt elastikiyetini artt\u0131rabilir. Haftada bir kez y\u00fcz bak\u0131m\u0131 olarak, temiz y\u00fcz\u00fcn\u00fcze hafifce modelleyerek uygulayiniz. Yakla\u015f\u0131k 25 dakika bekletin, y\u0131kamay\u0131n, daha sonrasi Ipacei Ipek kremini masaj yaparak uygulay\u0131niz. Mineral ya\u011flar, silikon [&hellip;]\" \/>\n<meta property=\"og:url\" content=\"https:\/\/ipacei.com\/tr\/produkt\/ipacei-collagen-und-hyaluron-vliesmaske-2er-set\/\" \/>\n<meta property=\"og:site_name\" content=\"Wimpernserum Ipacei\" \/>\n<meta property=\"article:publisher\" content=\"https:\/\/de-de.facebook.com\/ipacei\/\" \/>\n<meta property=\"article:modified_time\" content=\"2018-12-17T16:06:33+00:00\" \/>\n<meta property=\"og:image\" content=\"https:\/\/ipacei.com\/wp-content\/uploads\/2018\/11\/20181118_183344.jpg\" \/>\n\t<meta property=\"og:image:width\" content=\"2268\" \/>\n\t<meta property=\"og:image:height\" content=\"4032\" \/>\n\t<meta property=\"og:image:type\" content=\"image\/jpeg\" \/>\n<meta name=\"twitter:card\" content=\"summary_large_image\" \/>\n<meta name=\"twitter:site\" content=\"@IPACEI\" \/>\n<script type=\"application\/ld+json\" class=\"yoast-schema-graph\">{\"@context\":\"https:\/\/schema.org\",\"@graph\":[{\"@type\":\"WebPage\",\"@id\":\"https:\/\/ipacei.com\/tr\/produkt\/ipacei-collagen-und-hyaluron-vliesmaske-2er-set\/\",\"url\":\"https:\/\/ipacei.com\/tr\/produkt\/ipacei-collagen-und-hyaluron-vliesmaske-2er-set\/\",\"name\":\"Ipacei kollajen ve hiyal\u00fcron maskesi, 2 adet - Wimpernserum Ipacei\",\"isPartOf\":{\"@id\":\"https:\/\/ipacei.com\/#website\"},\"primaryImageOfPage\":{\"@id\":\"https:\/\/ipacei.com\/tr\/produkt\/ipacei-collagen-und-hyaluron-vliesmaske-2er-set\/#primaryimage\"},\"image\":{\"@id\":\"https:\/\/ipacei.com\/tr\/produkt\/ipacei-collagen-und-hyaluron-vliesmaske-2er-set\/#primaryimage\"},\"thumbnailUrl\":\"https:\/\/ipacei.com\/wp-content\/uploads\/2018\/11\/20181118_183344.jpg\",\"datePublished\":\"2018-11-26T03:08:29+00:00\",\"dateModified\":\"2018-12-17T16:06:33+00:00\",\"breadcrumb\":{\"@id\":\"https:\/\/ipacei.com\/tr\/produkt\/ipacei-collagen-und-hyaluron-vliesmaske-2er-set\/#breadcrumb\"},\"inLanguage\":\"tr\",\"potentialAction\":[{\"@type\":\"ReadAction\",\"target\":[\"https:\/\/ipacei.com\/tr\/produkt\/ipacei-collagen-und-hyaluron-vliesmaske-2er-set\/\"]}]},{\"@type\":\"ImageObject\",\"inLanguage\":\"tr\",\"@id\":\"https:\/\/ipacei.com\/tr\/produkt\/ipacei-collagen-und-hyaluron-vliesmaske-2er-set\/#primaryimage\",\"url\":\"https:\/\/ipacei.com\/wp-content\/uploads\/2018\/11\/20181118_183344.jpg\",\"contentUrl\":\"https:\/\/ipacei.com\/wp-content\/uploads\/2018\/11\/20181118_183344.jpg\",\"width\":2268,\"height\":4032},{\"@type\":\"BreadcrumbList\",\"@id\":\"https:\/\/ipacei.com\/tr\/produkt\/ipacei-collagen-und-hyaluron-vliesmaske-2er-set\/#breadcrumb\",\"itemListElement\":[{\"@type\":\"ListItem\",\"position\":1,\"name\":\"Startseite\",\"item\":\"https:\/\/ipacei.com\/tr\/\"},{\"@type\":\"ListItem\",\"position\":2,\"name\":\"Shop\",\"item\":\"https:\/\/ipacei.com\/tr\/shop\/\"},{\"@type\":\"ListItem\",\"position\":3,\"name\":\"Ipacei kollajen ve hiyal\u00fcron maskesi, 2 adet\"}]},{\"@type\":\"WebSite\",\"@id\":\"https:\/\/ipacei.com\/#website\",\"url\":\"https:\/\/ipacei.com\/\",\"name\":\"Wimpernserum Ipacei\",\"description\":\"Luxury Cosmetic Products for long lashes, longer hair, longer nails and more\",\"potentialAction\":[{\"@type\":\"SearchAction\",\"target\":{\"@type\":\"EntryPoint\",\"urlTemplate\":\"https:\/\/ipacei.com\/?s={search_term_string}\"},\"query-input\":{\"@type\":\"PropertyValueSpecification\",\"valueRequired\":true,\"valueName\":\"search_term_string\"}}],\"inLanguage\":\"tr\"}]}<\/script>\n<!-- \/ Yoast SEO plugin. -->","yoast_head_json":{"title":"Ipacei kollajen ve hiyal\u00fcron maskesi, 2 adet - Wimpernserum Ipacei","robots":{"index":"index","follow":"follow","max-snippet":"max-snippet:-1","max-image-preview":"max-image-preview:large","max-video-preview":"max-video-preview:-1"},"canonical":"https:\/\/ipacei.com\/tr\/produkt\/ipacei-collagen-und-hyaluron-vliesmaske-2er-set\/","og_locale":"tr_TR","og_type":"article","og_title":"Ipacei kollajen ve hiyal\u00fcron maskesi, 2 adet - Wimpernserum Ipacei","og_description":"Ipacei anti-aging kollajen ve hyaluron maskesi 2 adet! T\u00fckenmistir! Yeni mevcut tarihi 30.01.2018! Ana aktif icerikleri: aloe vera, kollajen, hiyal\u00fcron, pantenol, allantoin. Yo\u011fun nemlendirici, esnek bir cilt hissi verir ve cilt elastikiyetini artt\u0131rabilir. Haftada bir kez y\u00fcz bak\u0131m\u0131 olarak, temiz y\u00fcz\u00fcn\u00fcze hafifce modelleyerek uygulayiniz. Yakla\u015f\u0131k 25 dakika bekletin, y\u0131kamay\u0131n, daha sonrasi Ipacei Ipek kremini masaj yaparak uygulay\u0131niz. Mineral ya\u011flar, silikon [&hellip;]","og_url":"https:\/\/ipacei.com\/tr\/produkt\/ipacei-collagen-und-hyaluron-vliesmaske-2er-set\/","og_site_name":"Wimpernserum Ipacei","article_publisher":"https:\/\/de-de.facebook.com\/ipacei\/","article_modified_time":"2018-12-17T16:06:33+00:00","og_image":[{"width":2268,"height":4032,"url":"https:\/\/ipacei.com\/wp-content\/uploads\/2018\/11\/20181118_183344.jpg","type":"image\/jpeg"}],"twitter_card":"summary_large_image","twitter_site":"@IPACEI","schema":{"@context":"https:\/\/schema.org","@graph":[{"@type":"WebPage","@id":"https:\/\/ipacei.com\/tr\/produkt\/ipacei-collagen-und-hyaluron-vliesmaske-2er-set\/","url":"https:\/\/ipacei.com\/tr\/produkt\/ipacei-collagen-und-hyaluron-vliesmaske-2er-set\/","name":"Ipacei kollajen ve hiyal\u00fcron maskesi, 2 adet - Wimpernserum Ipacei","isPartOf":{"@id":"https:\/\/ipacei.com\/#website"},"primaryImageOfPage":{"@id":"https:\/\/ipacei.com\/tr\/produkt\/ipacei-collagen-und-hyaluron-vliesmaske-2er-set\/#primaryimage"},"image":{"@id":"https:\/\/ipacei.com\/tr\/produkt\/ipacei-collagen-und-hyaluron-vliesmaske-2er-set\/#primaryimage"},"thumbnailUrl":"https:\/\/ipacei.com\/wp-content\/uploads\/2018\/11\/20181118_183344.jpg","datePublished":"2018-11-26T03:08:29+00:00","dateModified":"2018-12-17T16:06:33+00:00","breadcrumb":{"@id":"https:\/\/ipacei.com\/tr\/produkt\/ipacei-collagen-und-hyaluron-vliesmaske-2er-set\/#breadcrumb"},"inLanguage":"tr","potentialAction":[{"@type":"ReadAction","target":["https:\/\/ipacei.com\/tr\/produkt\/ipacei-collagen-und-hyaluron-vliesmaske-2er-set\/"]}]},{"@type":"ImageObject","inLanguage":"tr","@id":"https:\/\/ipacei.com\/tr\/produkt\/ipacei-collagen-und-hyaluron-vliesmaske-2er-set\/#primaryimage","url":"https:\/\/ipacei.com\/wp-content\/uploads\/2018\/11\/20181118_183344.jpg","contentUrl":"https:\/\/ipacei.com\/wp-content\/uploads\/2018\/11\/20181118_183344.jpg","width":2268,"height":4032},{"@type":"BreadcrumbList","@id":"https:\/\/ipacei.com\/tr\/produkt\/ipacei-collagen-und-hyaluron-vliesmaske-2er-set\/#breadcrumb","itemListElement":[{"@type":"ListItem","position":1,"name":"Startseite","item":"https:\/\/ipacei.com\/tr\/"},{"@type":"ListItem","position":2,"name":"Shop","item":"https:\/\/ipacei.com\/tr\/shop\/"},{"@type":"ListItem","position":3,"name":"Ipacei kollajen ve hiyal\u00fcron maskesi, 2 adet"}]},{"@type":"WebSite","@id":"https:\/\/ipacei.com\/#website","url":"https:\/\/ipacei.com\/","name":"Wimpernserum Ipacei","description":"Luxury Cosmetic Products for long lashes, longer hair, longer nails and more","potentialAction":[{"@type":"SearchAction","target":{"@type":"EntryPoint","urlTemplate":"https:\/\/ipacei.com\/?s={search_term_string}"},"query-input":{"@type":"PropertyValueSpecification","valueRequired":true,"valueName":"search_term_string"}}],"inLanguage":"tr"}]}},"_links":{"self":[{"href":"https:\/\/ipacei.com\/tr\/wp-json\/wp\/v2\/product\/44298","targetHints":{"allow":["GET"]}}],"collection":[{"href":"https:\/\/ipacei.com\/tr\/wp-json\/wp\/v2\/product"}],"about":[{"href":"https:\/\/ipacei.com\/tr\/wp-json\/wp\/v2\/types\/product"}],"replies":[{"embeddable":true,"href":"https:\/\/ipacei.com\/tr\/wp-json\/wp\/v2\/comments?post=44298"}],"wp:featuredmedia":[{"embeddable":true,"href":"https:\/\/ipacei.com\/tr\/wp-json\/wp\/v2\/media\/44296"}],"wp:attachment":[{"href":"https:\/\/ipacei.com\/tr\/wp-json\/wp\/v2\/media?parent=44298"}],"curies":[{"name":"wp","href":"https:\/\/api.w.org\/{rel}","templated":true}]}}