{"id":44305,"date":"2018-11-26T04:12:08","date_gmt":"2018-11-26T04:12:08","guid":{"rendered":"https:\/\/ipacei.com\/produkt\/ipacei-collagen-push-yueksek-dosajda-hiyalueronik-asit\/"},"modified":"2018-11-26T04:12:08","modified_gmt":"2018-11-26T04:12:08","slug":"ipacei-collagen-push-yueksek-dosajda-hiyalueronik-asit","status":"publish","type":"product","link":"https:\/\/ipacei.com\/tr\/produkt\/ipacei-collagen-push-yueksek-dosajda-hiyalueronik-asit\/","title":{"rendered":"Ipacei Collagen Push, y\u00fcksek dosajda hiyal\u00fcronik asit"},"content":{"rendered":"<p id=\"tw-target-text\" class=\"tw-data-text tw-ta tw-text-small\" dir=\"ltr\" data-placeholder=\"\u00dcbersetzung\"><span style=\"color: #ed0978;\"><strong><span lang=\"tr\">Ipacei Collagen Push (Kolajen Push), cilt ya\u015flanmas\u0131 ve kolajen yap\u0131m\u0131na kar\u015f\u0131 m\u00fccadelede son geli\u015fme! <\/span><\/strong><\/span><\/p>\n<p class=\"tw-data-text tw-ta tw-text-small\" dir=\"ltr\" data-placeholder=\"\u00dcbersetzung\"><span lang=\"tr\">5 ml <\/span><\/p>\n<p class=\"tw-data-text tw-ta tw-text-small\" dir=\"ltr\" data-placeholder=\"\u00dcbersetzung\"><span lang=\"tr\">\u00d6nemli icerikler: Y\u00fcksek konsantrasyonlu hiyaluronik asit, kollajen, lipozomlar ve daha fazlas\u0131. <\/span><\/p>\n<p class=\"tw-data-text tw-ta tw-text-small\" dir=\"ltr\" data-placeholder=\"\u00dcbersetzung\"><span lang=\"tr\">G\u00fczellik salonlar\u0131nda genc g\u00f6r\u00fcn\u00fcml\u00fc bir cilt olu\u015fturmak i\u00e7in kolajen olarak kullan\u0131lan anti-aging y\u00fcz serumudur.<\/span><\/p>\n<p class=\"tw-data-text tw-ta tw-text-small\" dir=\"ltr\" data-placeholder=\"\u00dcbersetzung\"><span lang=\"tr\">G\u00f6rsel olarak \u00e7izgileri ve k\u0131r\u0131\u015f\u0131kl\u0131klar\u0131 ayd\u0131nlatabilir. Y\u00fcksek dozda, Ipacei Kollajen Push, kollajen olu\u015fumunu art\u0131rabilir, cildi s\u0131k\u0131la\u015ft\u0131r\u0131p, ince k\u0131r\u0131\u015f\u0131kl\u0131klar\u0131 canland\u0131r\u0131r ve ho\u015f bir tazelik hissi yarat\u0131r.<\/span><\/p>\n<p class=\"tw-data-text tw-ta tw-text-small\" dir=\"ltr\" data-placeholder=\"\u00dcbersetzung\"><span lang=\"tr\">Cilt kolajeni ne kadar y\u00fcksek olur ise, o kadar iyidir ve daha gen\u00e7, daha s\u0131k\u0131 bir cilt ve daha az k\u0131r\u0131\u015f\u0131kl\u0131klar ortaya \u00e7\u0131kabilir. <\/span><\/p>\n<p class=\"tw-data-text tw-ta tw-text-small\" dir=\"ltr\" data-placeholder=\"\u00dcbersetzung\"><span lang=\"tr\"><strong>Uygulama: <\/strong><br \/>\nSabah ve \/ veya ak\u015fam, y\u00fcz\u00fcn\u00fcz\u00fc temizledikten sonra, 1-2 damla Ipacei Kollajen Push&#8217;i masaj yaparak uygulay\u0131niz. Kuruduktan sonra, Ipacei Gold Facelifting yagini y\u00fcz \u00fczerinde gezdirip,\u00a0 masaj yaparak uygulayiniz. <\/span><\/p>\n<p class=\"tw-data-text tw-ta tw-text-small\" dir=\"ltr\" data-placeholder=\"\u00dcbersetzung\"><span lang=\"tr\"><strong>Tavsiye:<\/strong><br \/>\nMakyaj yapmay\u0131niz, b\u00f6ylece y\u00fcz\u00fcnz, aktif icerikleri\u00a0 daha g\u00fczel etki g\u00f6sterip, nefes alabilir. <\/span><\/p>\n<p class=\"tw-data-text tw-ta tw-text-small\" dir=\"ltr\" data-placeholder=\"\u00dcbersetzung\"><span lang=\"tr\"><strong>Kollajenin neden bu kadar \u00f6nemli oldu\u011funun a\u00e7\u0131klamas\u0131: <\/strong><br \/>\nKemikler, kaslar ve deride bulunan kolajen, v\u00fccudun en \u00f6nemli proteindir. Cilt dokusunu hacimli ve sa\u011flam tutan amino asitlerden olu\u015fur. Gen\u00e7 ciltler y\u00fcksek d\u00fczeyde kollajen i\u00e7erirken, kolajen azal\u0131r ve cildin ya\u015flanmas\u0131yla olu\u015fur.<br \/>\nBu, k\u0131r\u0131\u015f\u0131kl\u0131klar ve sark\u0131k bir cilt gibi ya\u015flanma belirtilerinin ortaya \u00e7\u0131kmas\u0131na neden olur. <\/span><\/p>\n<p class=\"tw-data-text tw-ta tw-text-small\" dir=\"ltr\" data-placeholder=\"\u00dcbersetzung\"><span lang=\"tr\"><strong>G\u00fczellik salonlar\u0131ndaki, profesyoneller icin:<\/strong><br \/>\nTedaviler s\u0131ras\u0131nda ultrasound aleti ile infiltrasyon i\u00e7in m\u00fckemmeldir.\u00a0<\/span><\/p>\n<p class=\"tw-data-text tw-ta tw-text-small\" dir=\"ltr\" data-placeholder=\"\u00dcbersetzung\"><span lang=\"tr\"> PEG`ler, mineral ya\u011flari, silikon ya\u011flar\u0131, paraben i\u00e7ermez. <\/span><\/p>\n<p class=\"tw-data-text tw-ta tw-text-small\" dir=\"ltr\" data-placeholder=\"\u00dcbersetzung\"><span lang=\"tr\">Ph de\u011feri 6.3, bu nedenle bir\u00e7ok cilt tipi i\u00e7in uygun ve \u00e7ok iyi tolere edilir. \u00d6zellikle kuru, buru\u015fuk, olgunla\u015fm\u0131\u015f deri, kolajen \u00fcretimi ve elastikiyetinin azald\u0131\u011f\u0131 ve k\u0131r\u0131\u015f\u0131kl\u0131klara neden oldu\u011fu ciltler icin uygundur. <\/span><\/p>\n<p class=\"tw-data-text tw-ta tw-text-small\" dir=\"ltr\" data-placeholder=\"\u00dcbersetzung\"><span lang=\"tr\">Cildinize uygun y\u00fcz bak\u0131m\u0131yla ne kadar erken ba\u015flarsan\u0131z, o kadar haz\u0131rl\u0131kl\u0131\u00a0olursunuz ilerki yasinizda.<\/span><\/p>\n","protected":false},"excerpt":{"rendered":"<p>Ipacei Collagen Push (Kolajen Push), cilt ya\u015flanmas\u0131 ve kolajen yap\u0131m\u0131na kar\u015f\u0131 m\u00fccadelede son geli\u015fme! 5 ml \u00d6nemli icerikler: Y\u00fcksek konsantrasyonlu hiyaluronik asit, kollajen, lipozomlar ve daha fazlas\u0131. G\u00fczellik salonlar\u0131nda genc g\u00f6r\u00fcn\u00fcml\u00fc bir cilt olu\u015fturmak i\u00e7in kolajen olarak kullan\u0131lan anti-aging y\u00fcz serumudur. G\u00f6rsel olarak \u00e7izgileri ve k\u0131r\u0131\u015f\u0131kl\u0131klar\u0131 ayd\u0131nlatabilir. Y\u00fcksek dozda, Ipacei Kollajen Push, kollajen olu\u015fumunu art\u0131rabilir, cildi s\u0131k\u0131la\u015ft\u0131r\u0131p, ince k\u0131r\u0131\u015f\u0131kl\u0131klar\u0131 canland\u0131r\u0131r [&hellip;]<\/p>\n","protected":false},"featured_media":44303,"comment_status":"closed","ping_status":"closed","template":"","meta":[],"class_list":{"0":"post-44305","1":"product","2":"type-product","3":"status-publish","4":"has-post-thumbnail","6":"product_cat-ipacei","7":"product_tag-collagen-tr","8":"product_tag-falten-tr","9":"product_tag-hyaluron-tr","10":"product_tag-hyalueronic-asit","11":"product_tag-kollagen-tr","12":"product_tag-kollajen","13":"product_tag-reife-haut-tr","14":"product_tag-serum-tr","16":"first","17":"instock","18":"sale","19":"taxable","20":"shipping-taxable","21":"purchasable","22":"product-type-simple"},"yoast_head":"<!-- This site is optimized with the Yoast SEO plugin v25.6 - https:\/\/yoast.com\/wordpress\/plugins\/seo\/ -->\n<title>Ipacei Collagen Push, y\u00fcksek dosajda hiyal\u00fcronik asit - Wimpernserum Ipacei<\/title>\n<meta name=\"robots\" content=\"index, follow, max-snippet:-1, max-image-preview:large, max-video-preview:-1\" \/>\n<link rel=\"canonical\" href=\"https:\/\/ipacei.com\/tr\/produkt\/ipacei-collagen-push-yueksek-dosajda-hiyalueronik-asit\/\" \/>\n<meta property=\"og:locale\" content=\"tr_TR\" \/>\n<meta property=\"og:type\" content=\"article\" \/>\n<meta property=\"og:title\" content=\"Ipacei Collagen Push, y\u00fcksek dosajda hiyal\u00fcronik asit - Wimpernserum Ipacei\" \/>\n<meta property=\"og:description\" content=\"Ipacei Collagen Push (Kolajen Push), cilt ya\u015flanmas\u0131 ve kolajen yap\u0131m\u0131na kar\u015f\u0131 m\u00fccadelede son geli\u015fme! 5 ml \u00d6nemli icerikler: Y\u00fcksek konsantrasyonlu hiyaluronik asit, kollajen, lipozomlar ve daha fazlas\u0131. G\u00fczellik salonlar\u0131nda genc g\u00f6r\u00fcn\u00fcml\u00fc bir cilt olu\u015fturmak i\u00e7in kolajen olarak kullan\u0131lan anti-aging y\u00fcz serumudur. G\u00f6rsel olarak \u00e7izgileri ve k\u0131r\u0131\u015f\u0131kl\u0131klar\u0131 ayd\u0131nlatabilir. Y\u00fcksek dozda, Ipacei Kollajen Push, kollajen olu\u015fumunu art\u0131rabilir, cildi s\u0131k\u0131la\u015ft\u0131r\u0131p, ince k\u0131r\u0131\u015f\u0131kl\u0131klar\u0131 canland\u0131r\u0131r [&hellip;]\" \/>\n<meta property=\"og:url\" content=\"https:\/\/ipacei.com\/tr\/produkt\/ipacei-collagen-push-yueksek-dosajda-hiyalueronik-asit\/\" \/>\n<meta property=\"og:site_name\" content=\"Wimpernserum Ipacei\" \/>\n<meta property=\"article:publisher\" content=\"https:\/\/de-de.facebook.com\/ipacei\/\" \/>\n<meta property=\"og:image\" content=\"https:\/\/ipacei.com\/wp-content\/uploads\/2018\/11\/DSC03703-1024x683.jpg\" \/>\n\t<meta property=\"og:image:width\" content=\"1024\" \/>\n\t<meta property=\"og:image:height\" content=\"683\" \/>\n\t<meta property=\"og:image:type\" content=\"image\/jpeg\" \/>\n<meta name=\"twitter:card\" content=\"summary_large_image\" \/>\n<meta name=\"twitter:site\" content=\"@IPACEI\" \/>\n<meta name=\"twitter:label1\" content=\"Tahmini okuma s\u00fcresi\" \/>\n\t<meta name=\"twitter:data1\" content=\"2 dakika\" \/>\n<script type=\"application\/ld+json\" class=\"yoast-schema-graph\">{\"@context\":\"https:\/\/schema.org\",\"@graph\":[{\"@type\":\"WebPage\",\"@id\":\"https:\/\/ipacei.com\/tr\/produkt\/ipacei-collagen-push-yueksek-dosajda-hiyalueronik-asit\/\",\"url\":\"https:\/\/ipacei.com\/tr\/produkt\/ipacei-collagen-push-yueksek-dosajda-hiyalueronik-asit\/\",\"name\":\"Ipacei Collagen Push, y\u00fcksek dosajda hiyal\u00fcronik asit - Wimpernserum Ipacei\",\"isPartOf\":{\"@id\":\"https:\/\/ipacei.com\/#website\"},\"primaryImageOfPage\":{\"@id\":\"https:\/\/ipacei.com\/tr\/produkt\/ipacei-collagen-push-yueksek-dosajda-hiyalueronik-asit\/#primaryimage\"},\"image\":{\"@id\":\"https:\/\/ipacei.com\/tr\/produkt\/ipacei-collagen-push-yueksek-dosajda-hiyalueronik-asit\/#primaryimage\"},\"thumbnailUrl\":\"https:\/\/ipacei.com\/wp-content\/uploads\/2018\/11\/DSC03703.jpg\",\"datePublished\":\"2018-11-26T04:12:08+00:00\",\"breadcrumb\":{\"@id\":\"https:\/\/ipacei.com\/tr\/produkt\/ipacei-collagen-push-yueksek-dosajda-hiyalueronik-asit\/#breadcrumb\"},\"inLanguage\":\"tr\",\"potentialAction\":[{\"@type\":\"ReadAction\",\"target\":[\"https:\/\/ipacei.com\/tr\/produkt\/ipacei-collagen-push-yueksek-dosajda-hiyalueronik-asit\/\"]}]},{\"@type\":\"ImageObject\",\"inLanguage\":\"tr\",\"@id\":\"https:\/\/ipacei.com\/tr\/produkt\/ipacei-collagen-push-yueksek-dosajda-hiyalueronik-asit\/#primaryimage\",\"url\":\"https:\/\/ipacei.com\/wp-content\/uploads\/2018\/11\/DSC03703.jpg\",\"contentUrl\":\"https:\/\/ipacei.com\/wp-content\/uploads\/2018\/11\/DSC03703.jpg\",\"width\":7952,\"height\":5304},{\"@type\":\"BreadcrumbList\",\"@id\":\"https:\/\/ipacei.com\/tr\/produkt\/ipacei-collagen-push-yueksek-dosajda-hiyalueronik-asit\/#breadcrumb\",\"itemListElement\":[{\"@type\":\"ListItem\",\"position\":1,\"name\":\"Startseite\",\"item\":\"https:\/\/ipacei.com\/tr\/\"},{\"@type\":\"ListItem\",\"position\":2,\"name\":\"Shop\",\"item\":\"https:\/\/ipacei.com\/tr\/shop\/\"},{\"@type\":\"ListItem\",\"position\":3,\"name\":\"Ipacei Collagen Push, y\u00fcksek dosajda hiyal\u00fcronik asit\"}]},{\"@type\":\"WebSite\",\"@id\":\"https:\/\/ipacei.com\/#website\",\"url\":\"https:\/\/ipacei.com\/\",\"name\":\"Wimpernserum Ipacei\",\"description\":\"Luxury Cosmetic Products for long lashes, longer hair, longer nails and more\",\"potentialAction\":[{\"@type\":\"SearchAction\",\"target\":{\"@type\":\"EntryPoint\",\"urlTemplate\":\"https:\/\/ipacei.com\/?s={search_term_string}\"},\"query-input\":{\"@type\":\"PropertyValueSpecification\",\"valueRequired\":true,\"valueName\":\"search_term_string\"}}],\"inLanguage\":\"tr\"}]}<\/script>\n<!-- \/ Yoast SEO plugin. -->","yoast_head_json":{"title":"Ipacei Collagen Push, y\u00fcksek dosajda hiyal\u00fcronik asit - Wimpernserum Ipacei","robots":{"index":"index","follow":"follow","max-snippet":"max-snippet:-1","max-image-preview":"max-image-preview:large","max-video-preview":"max-video-preview:-1"},"canonical":"https:\/\/ipacei.com\/tr\/produkt\/ipacei-collagen-push-yueksek-dosajda-hiyalueronik-asit\/","og_locale":"tr_TR","og_type":"article","og_title":"Ipacei Collagen Push, y\u00fcksek dosajda hiyal\u00fcronik asit - Wimpernserum Ipacei","og_description":"Ipacei Collagen Push (Kolajen Push), cilt ya\u015flanmas\u0131 ve kolajen yap\u0131m\u0131na kar\u015f\u0131 m\u00fccadelede son geli\u015fme! 5 ml \u00d6nemli icerikler: Y\u00fcksek konsantrasyonlu hiyaluronik asit, kollajen, lipozomlar ve daha fazlas\u0131. G\u00fczellik salonlar\u0131nda genc g\u00f6r\u00fcn\u00fcml\u00fc bir cilt olu\u015fturmak i\u00e7in kolajen olarak kullan\u0131lan anti-aging y\u00fcz serumudur. G\u00f6rsel olarak \u00e7izgileri ve k\u0131r\u0131\u015f\u0131kl\u0131klar\u0131 ayd\u0131nlatabilir. Y\u00fcksek dozda, Ipacei Kollajen Push, kollajen olu\u015fumunu art\u0131rabilir, cildi s\u0131k\u0131la\u015ft\u0131r\u0131p, ince k\u0131r\u0131\u015f\u0131kl\u0131klar\u0131 canland\u0131r\u0131r [&hellip;]","og_url":"https:\/\/ipacei.com\/tr\/produkt\/ipacei-collagen-push-yueksek-dosajda-hiyalueronik-asit\/","og_site_name":"Wimpernserum Ipacei","article_publisher":"https:\/\/de-de.facebook.com\/ipacei\/","og_image":[{"width":1024,"height":683,"url":"https:\/\/ipacei.com\/wp-content\/uploads\/2018\/11\/DSC03703-1024x683.jpg","type":"image\/jpeg"}],"twitter_card":"summary_large_image","twitter_site":"@IPACEI","twitter_misc":{"Tahmini okuma s\u00fcresi":"2 dakika"},"schema":{"@context":"https:\/\/schema.org","@graph":[{"@type":"WebPage","@id":"https:\/\/ipacei.com\/tr\/produkt\/ipacei-collagen-push-yueksek-dosajda-hiyalueronik-asit\/","url":"https:\/\/ipacei.com\/tr\/produkt\/ipacei-collagen-push-yueksek-dosajda-hiyalueronik-asit\/","name":"Ipacei Collagen Push, y\u00fcksek dosajda hiyal\u00fcronik asit - Wimpernserum Ipacei","isPartOf":{"@id":"https:\/\/ipacei.com\/#website"},"primaryImageOfPage":{"@id":"https:\/\/ipacei.com\/tr\/produkt\/ipacei-collagen-push-yueksek-dosajda-hiyalueronik-asit\/#primaryimage"},"image":{"@id":"https:\/\/ipacei.com\/tr\/produkt\/ipacei-collagen-push-yueksek-dosajda-hiyalueronik-asit\/#primaryimage"},"thumbnailUrl":"https:\/\/ipacei.com\/wp-content\/uploads\/2018\/11\/DSC03703.jpg","datePublished":"2018-11-26T04:12:08+00:00","breadcrumb":{"@id":"https:\/\/ipacei.com\/tr\/produkt\/ipacei-collagen-push-yueksek-dosajda-hiyalueronik-asit\/#breadcrumb"},"inLanguage":"tr","potentialAction":[{"@type":"ReadAction","target":["https:\/\/ipacei.com\/tr\/produkt\/ipacei-collagen-push-yueksek-dosajda-hiyalueronik-asit\/"]}]},{"@type":"ImageObject","inLanguage":"tr","@id":"https:\/\/ipacei.com\/tr\/produkt\/ipacei-collagen-push-yueksek-dosajda-hiyalueronik-asit\/#primaryimage","url":"https:\/\/ipacei.com\/wp-content\/uploads\/2018\/11\/DSC03703.jpg","contentUrl":"https:\/\/ipacei.com\/wp-content\/uploads\/2018\/11\/DSC03703.jpg","width":7952,"height":5304},{"@type":"BreadcrumbList","@id":"https:\/\/ipacei.com\/tr\/produkt\/ipacei-collagen-push-yueksek-dosajda-hiyalueronik-asit\/#breadcrumb","itemListElement":[{"@type":"ListItem","position":1,"name":"Startseite","item":"https:\/\/ipacei.com\/tr\/"},{"@type":"ListItem","position":2,"name":"Shop","item":"https:\/\/ipacei.com\/tr\/shop\/"},{"@type":"ListItem","position":3,"name":"Ipacei Collagen Push, y\u00fcksek dosajda hiyal\u00fcronik asit"}]},{"@type":"WebSite","@id":"https:\/\/ipacei.com\/#website","url":"https:\/\/ipacei.com\/","name":"Wimpernserum Ipacei","description":"Luxury Cosmetic Products for long lashes, longer hair, longer nails and more","potentialAction":[{"@type":"SearchAction","target":{"@type":"EntryPoint","urlTemplate":"https:\/\/ipacei.com\/?s={search_term_string}"},"query-input":{"@type":"PropertyValueSpecification","valueRequired":true,"valueName":"search_term_string"}}],"inLanguage":"tr"}]}},"_links":{"self":[{"href":"https:\/\/ipacei.com\/tr\/wp-json\/wp\/v2\/product\/44305","targetHints":{"allow":["GET"]}}],"collection":[{"href":"https:\/\/ipacei.com\/tr\/wp-json\/wp\/v2\/product"}],"about":[{"href":"https:\/\/ipacei.com\/tr\/wp-json\/wp\/v2\/types\/product"}],"replies":[{"embeddable":true,"href":"https:\/\/ipacei.com\/tr\/wp-json\/wp\/v2\/comments?post=44305"}],"wp:featuredmedia":[{"embeddable":true,"href":"https:\/\/ipacei.com\/tr\/wp-json\/wp\/v2\/media\/44303"}],"wp:attachment":[{"href":"https:\/\/ipacei.com\/tr\/wp-json\/wp\/v2\/media?parent=44305"}],"curies":[{"name":"wp","href":"https:\/\/api.w.org\/{rel}","templated":true}]}}