{"id":44518,"date":"2019-01-29T21:45:08","date_gmt":"2019-01-29T21:45:08","guid":{"rendered":"https:\/\/ipacei.com\/produkt\/yenilebilir-guemues-yaprak-25-ad-guemuesmaskesi\/"},"modified":"2019-01-29T23:35:41","modified_gmt":"2019-01-29T23:35:41","slug":"yenilebilir-guemues-yaprak-25-ad-guemuesmaskesi","status":"publish","type":"product","link":"https:\/\/ipacei.com\/tr\/produkt\/yenilebilir-guemues-yaprak-25-ad-guemuesmaskesi\/","title":{"rendered":"Yenilebilir g\u00fcm\u00fcs yaprak (25 ad.), g\u00fcm\u00fcsmaskesi"},"content":{"rendered":"<h3><span style=\"color: #f70a89;\"><strong>Ipacei yenilebilir 100 % g\u00fcm\u00fcs yaprak<\/strong><\/span><\/h3>\n<p><span style=\"color: #f70a89;\">2-parcali set<\/span><br \/>\n<span style=\"color: #f70a89;\">25x adet gercek g\u00fcm\u00fcs yapraklar (9,5&#215;9,5 cm \u00f6zel boyut)!<br \/>\n<\/span><span lang=\"tr\" style=\"color: #f70797;\" tabindex=\"0\">Olu\u015fturma\/kesme i\u00e7in ah\u015fap c\u0131mb\u0131z<\/span><\/p>\n<p>Almanya&#8217;da en y\u00fcksek kalite ko\u015fullar\u0131nda \u00fcretilen ve T\u00dcV taraf\u0131ndan E174 sertifikal\u0131 g\u0131dadir.<\/p>\n<p>G\u00fcm\u00fc\u015f maskesi olarak kozmetik salonlarinda ve sekt\u00f6r\u00fcnde kullanilan, gastronomi ve gurmeler tarafinda n\u00f6zel gida dekorasyonlarinda kullanilmaktadir.<\/p>\n<p>Kaliteli g\u0131da kreasyonlar\u0131 i\u00e7in en de\u011ferli ve l\u00fcks hammaddelerden birtanesidir.<\/p>\n<p>En az 2028 y\u0131l\u0131na kadar dayan\u0131klidir. Tolere edilebilir ve sa\u011fl\u0131\u011fa zarars\u0131z, nikel alerjileri olanlar kullanmay\u0131 tavsiye etmiyoruz veya kullanmadan \u00f6nce test edilmesini \u00f6neriyoruz.<\/p>\n<p>&nbsp;<\/p>\n<p>\u0130ptal \/ iade kosullari, sadece m\u00fch\u00fcrl\u00fc orijinal ambalaj\u0131nda \u200b\u200bm\u00fcmk\u00fcnd\u00fcr.<\/p>\n<p>&nbsp;<\/p>\n<p>L\u00fctfen B2B alan\u0131ndaki toplu miktarlar\u0131 e-posta yoluyla bizlere danisin.<\/p>\n<p>Cesitli boyutlari, \u00f6rnek 6,5&#215;6,5cm daha k\u00fc\u00e7\u00fck veya daha b\u00fcy\u00fck boyutlari ve \u00f6zel \u00fcretim icin bize danisiniz.<\/p>\n<p>Ipacei g\u0131da ilhamlari -&gt;<\/p>\n<p>https:\/\/www.instagram.com\/essbaresgold\/<\/p>\n","protected":false},"excerpt":{"rendered":"<p>Ipacei yenilebilir 100 % g\u00fcm\u00fcs yaprak 2-parcali set 25x adet gercek g\u00fcm\u00fcs yapraklar (9,5&#215;9,5 cm \u00f6zel boyut)! Olu\u015fturma\/kesme i\u00e7in ah\u015fap c\u0131mb\u0131z Almanya&#8217;da en y\u00fcksek kalite ko\u015fullar\u0131nda \u00fcretilen ve T\u00dcV taraf\u0131ndan E174 sertifikal\u0131 g\u0131dadir. G\u00fcm\u00fc\u015f maskesi olarak kozmetik salonlarinda ve sekt\u00f6r\u00fcnde kullanilan, gastronomi ve gurmeler tarafinda n\u00f6zel gida dekorasyonlarinda kullanilmaktadir. Kaliteli g\u0131da kreasyonlar\u0131 i\u00e7in en de\u011ferli ve l\u00fcks hammaddelerden birtanesidir. En [&hellip;]<\/p>\n","protected":false},"featured_media":44515,"comment_status":"open","ping_status":"closed","template":"","meta":[],"class_list":{"0":"post-44518","1":"product","2":"type-product","3":"status-publish","4":"has-post-thumbnail","6":"product_cat-ipacei","7":"product_tag-24-karat-blattgold-tr","8":"product_tag-blattsilber-tr","9":"product_tag-edible-gold-tr","10":"product_tag-goldmask-tr","11":"product_tag-goldmaske-tr","12":"product_tag-guemues-yaprak","13":"product_tag-yenilebilir-guemues-yaprak-altin-yaprak","15":"first","16":"instock","17":"taxable","18":"shipping-taxable","19":"purchasable","20":"product-type-simple"},"yoast_head":"<!-- This site is optimized with the Yoast SEO plugin v25.6 - https:\/\/yoast.com\/wordpress\/plugins\/seo\/ -->\n<title>Yenilebilir g\u00fcm\u00fcs yaprak (25 ad.), g\u00fcm\u00fcsmaskesi - Wimpernserum Ipacei<\/title>\n<meta name=\"robots\" content=\"index, follow, max-snippet:-1, max-image-preview:large, max-video-preview:-1\" \/>\n<link rel=\"canonical\" href=\"https:\/\/ipacei.com\/tr\/produkt\/yenilebilir-guemues-yaprak-25-ad-guemuesmaskesi\/\" \/>\n<meta property=\"og:locale\" content=\"tr_TR\" \/>\n<meta property=\"og:type\" content=\"article\" \/>\n<meta property=\"og:title\" content=\"Yenilebilir g\u00fcm\u00fcs yaprak (25 ad.), g\u00fcm\u00fcsmaskesi - Wimpernserum Ipacei\" \/>\n<meta property=\"og:description\" content=\"Ipacei yenilebilir 100 % g\u00fcm\u00fcs yaprak 2-parcali set 25x adet gercek g\u00fcm\u00fcs yapraklar (9,5&#215;9,5 cm \u00f6zel boyut)! Olu\u015fturma\/kesme i\u00e7in ah\u015fap c\u0131mb\u0131z Almanya&#8217;da en y\u00fcksek kalite ko\u015fullar\u0131nda \u00fcretilen ve T\u00dcV taraf\u0131ndan E174 sertifikal\u0131 g\u0131dadir. G\u00fcm\u00fc\u015f maskesi olarak kozmetik salonlarinda ve sekt\u00f6r\u00fcnde kullanilan, gastronomi ve gurmeler tarafinda n\u00f6zel gida dekorasyonlarinda kullanilmaktadir. Kaliteli g\u0131da kreasyonlar\u0131 i\u00e7in en de\u011ferli ve l\u00fcks hammaddelerden birtanesidir. En [&hellip;]\" \/>\n<meta property=\"og:url\" content=\"https:\/\/ipacei.com\/tr\/produkt\/yenilebilir-guemues-yaprak-25-ad-guemuesmaskesi\/\" \/>\n<meta property=\"og:site_name\" content=\"Wimpernserum Ipacei\" \/>\n<meta property=\"article:publisher\" content=\"https:\/\/de-de.facebook.com\/ipacei\/\" \/>\n<meta property=\"article:modified_time\" content=\"2019-01-29T23:35:41+00:00\" \/>\n<meta property=\"og:image\" content=\"https:\/\/ipacei.com\/wp-content\/uploads\/2019\/01\/essbares-silberblatt-blatts.jpg\" \/>\n\t<meta property=\"og:image:width\" content=\"2000\" \/>\n\t<meta property=\"og:image:height\" content=\"1491\" \/>\n\t<meta property=\"og:image:type\" content=\"image\/jpeg\" \/>\n<meta name=\"twitter:card\" content=\"summary_large_image\" \/>\n<meta name=\"twitter:site\" content=\"@IPACEI\" \/>\n<meta name=\"twitter:label1\" content=\"Tahmini okuma s\u00fcresi\" \/>\n\t<meta name=\"twitter:data1\" content=\"1 dakika\" \/>\n<script type=\"application\/ld+json\" class=\"yoast-schema-graph\">{\"@context\":\"https:\/\/schema.org\",\"@graph\":[{\"@type\":\"WebPage\",\"@id\":\"https:\/\/ipacei.com\/tr\/produkt\/yenilebilir-guemues-yaprak-25-ad-guemuesmaskesi\/\",\"url\":\"https:\/\/ipacei.com\/tr\/produkt\/yenilebilir-guemues-yaprak-25-ad-guemuesmaskesi\/\",\"name\":\"Yenilebilir g\u00fcm\u00fcs yaprak (25 ad.), g\u00fcm\u00fcsmaskesi - Wimpernserum Ipacei\",\"isPartOf\":{\"@id\":\"https:\/\/ipacei.com\/#website\"},\"primaryImageOfPage\":{\"@id\":\"https:\/\/ipacei.com\/tr\/produkt\/yenilebilir-guemues-yaprak-25-ad-guemuesmaskesi\/#primaryimage\"},\"image\":{\"@id\":\"https:\/\/ipacei.com\/tr\/produkt\/yenilebilir-guemues-yaprak-25-ad-guemuesmaskesi\/#primaryimage\"},\"thumbnailUrl\":\"https:\/\/ipacei.com\/wp-content\/uploads\/2019\/01\/essbares-silberblatt-blatts.jpg\",\"datePublished\":\"2019-01-29T21:45:08+00:00\",\"dateModified\":\"2019-01-29T23:35:41+00:00\",\"breadcrumb\":{\"@id\":\"https:\/\/ipacei.com\/tr\/produkt\/yenilebilir-guemues-yaprak-25-ad-guemuesmaskesi\/#breadcrumb\"},\"inLanguage\":\"tr\",\"potentialAction\":[{\"@type\":\"ReadAction\",\"target\":[\"https:\/\/ipacei.com\/tr\/produkt\/yenilebilir-guemues-yaprak-25-ad-guemuesmaskesi\/\"]}]},{\"@type\":\"ImageObject\",\"inLanguage\":\"tr\",\"@id\":\"https:\/\/ipacei.com\/tr\/produkt\/yenilebilir-guemues-yaprak-25-ad-guemuesmaskesi\/#primaryimage\",\"url\":\"https:\/\/ipacei.com\/wp-content\/uploads\/2019\/01\/essbares-silberblatt-blatts.jpg\",\"contentUrl\":\"https:\/\/ipacei.com\/wp-content\/uploads\/2019\/01\/essbares-silberblatt-blatts.jpg\",\"width\":2000,\"height\":1491},{\"@type\":\"BreadcrumbList\",\"@id\":\"https:\/\/ipacei.com\/tr\/produkt\/yenilebilir-guemues-yaprak-25-ad-guemuesmaskesi\/#breadcrumb\",\"itemListElement\":[{\"@type\":\"ListItem\",\"position\":1,\"name\":\"Startseite\",\"item\":\"https:\/\/ipacei.com\/tr\/\"},{\"@type\":\"ListItem\",\"position\":2,\"name\":\"Shop\",\"item\":\"https:\/\/ipacei.com\/tr\/shop\/\"},{\"@type\":\"ListItem\",\"position\":3,\"name\":\"Yenilebilir g\u00fcm\u00fcs yaprak (25 ad.), g\u00fcm\u00fcsmaskesi\"}]},{\"@type\":\"WebSite\",\"@id\":\"https:\/\/ipacei.com\/#website\",\"url\":\"https:\/\/ipacei.com\/\",\"name\":\"Wimpernserum Ipacei\",\"description\":\"Luxury Cosmetic Products for long lashes, longer hair, longer nails and more\",\"potentialAction\":[{\"@type\":\"SearchAction\",\"target\":{\"@type\":\"EntryPoint\",\"urlTemplate\":\"https:\/\/ipacei.com\/?s={search_term_string}\"},\"query-input\":{\"@type\":\"PropertyValueSpecification\",\"valueRequired\":true,\"valueName\":\"search_term_string\"}}],\"inLanguage\":\"tr\"}]}<\/script>\n<!-- \/ Yoast SEO plugin. -->","yoast_head_json":{"title":"Yenilebilir g\u00fcm\u00fcs yaprak (25 ad.), g\u00fcm\u00fcsmaskesi - Wimpernserum Ipacei","robots":{"index":"index","follow":"follow","max-snippet":"max-snippet:-1","max-image-preview":"max-image-preview:large","max-video-preview":"max-video-preview:-1"},"canonical":"https:\/\/ipacei.com\/tr\/produkt\/yenilebilir-guemues-yaprak-25-ad-guemuesmaskesi\/","og_locale":"tr_TR","og_type":"article","og_title":"Yenilebilir g\u00fcm\u00fcs yaprak (25 ad.), g\u00fcm\u00fcsmaskesi - Wimpernserum Ipacei","og_description":"Ipacei yenilebilir 100 % g\u00fcm\u00fcs yaprak 2-parcali set 25x adet gercek g\u00fcm\u00fcs yapraklar (9,5&#215;9,5 cm \u00f6zel boyut)! Olu\u015fturma\/kesme i\u00e7in ah\u015fap c\u0131mb\u0131z Almanya&#8217;da en y\u00fcksek kalite ko\u015fullar\u0131nda \u00fcretilen ve T\u00dcV taraf\u0131ndan E174 sertifikal\u0131 g\u0131dadir. G\u00fcm\u00fc\u015f maskesi olarak kozmetik salonlarinda ve sekt\u00f6r\u00fcnde kullanilan, gastronomi ve gurmeler tarafinda n\u00f6zel gida dekorasyonlarinda kullanilmaktadir. Kaliteli g\u0131da kreasyonlar\u0131 i\u00e7in en de\u011ferli ve l\u00fcks hammaddelerden birtanesidir. En [&hellip;]","og_url":"https:\/\/ipacei.com\/tr\/produkt\/yenilebilir-guemues-yaprak-25-ad-guemuesmaskesi\/","og_site_name":"Wimpernserum Ipacei","article_publisher":"https:\/\/de-de.facebook.com\/ipacei\/","article_modified_time":"2019-01-29T23:35:41+00:00","og_image":[{"width":2000,"height":1491,"url":"https:\/\/ipacei.com\/wp-content\/uploads\/2019\/01\/essbares-silberblatt-blatts.jpg","type":"image\/jpeg"}],"twitter_card":"summary_large_image","twitter_site":"@IPACEI","twitter_misc":{"Tahmini okuma s\u00fcresi":"1 dakika"},"schema":{"@context":"https:\/\/schema.org","@graph":[{"@type":"WebPage","@id":"https:\/\/ipacei.com\/tr\/produkt\/yenilebilir-guemues-yaprak-25-ad-guemuesmaskesi\/","url":"https:\/\/ipacei.com\/tr\/produkt\/yenilebilir-guemues-yaprak-25-ad-guemuesmaskesi\/","name":"Yenilebilir g\u00fcm\u00fcs yaprak (25 ad.), g\u00fcm\u00fcsmaskesi - Wimpernserum Ipacei","isPartOf":{"@id":"https:\/\/ipacei.com\/#website"},"primaryImageOfPage":{"@id":"https:\/\/ipacei.com\/tr\/produkt\/yenilebilir-guemues-yaprak-25-ad-guemuesmaskesi\/#primaryimage"},"image":{"@id":"https:\/\/ipacei.com\/tr\/produkt\/yenilebilir-guemues-yaprak-25-ad-guemuesmaskesi\/#primaryimage"},"thumbnailUrl":"https:\/\/ipacei.com\/wp-content\/uploads\/2019\/01\/essbares-silberblatt-blatts.jpg","datePublished":"2019-01-29T21:45:08+00:00","dateModified":"2019-01-29T23:35:41+00:00","breadcrumb":{"@id":"https:\/\/ipacei.com\/tr\/produkt\/yenilebilir-guemues-yaprak-25-ad-guemuesmaskesi\/#breadcrumb"},"inLanguage":"tr","potentialAction":[{"@type":"ReadAction","target":["https:\/\/ipacei.com\/tr\/produkt\/yenilebilir-guemues-yaprak-25-ad-guemuesmaskesi\/"]}]},{"@type":"ImageObject","inLanguage":"tr","@id":"https:\/\/ipacei.com\/tr\/produkt\/yenilebilir-guemues-yaprak-25-ad-guemuesmaskesi\/#primaryimage","url":"https:\/\/ipacei.com\/wp-content\/uploads\/2019\/01\/essbares-silberblatt-blatts.jpg","contentUrl":"https:\/\/ipacei.com\/wp-content\/uploads\/2019\/01\/essbares-silberblatt-blatts.jpg","width":2000,"height":1491},{"@type":"BreadcrumbList","@id":"https:\/\/ipacei.com\/tr\/produkt\/yenilebilir-guemues-yaprak-25-ad-guemuesmaskesi\/#breadcrumb","itemListElement":[{"@type":"ListItem","position":1,"name":"Startseite","item":"https:\/\/ipacei.com\/tr\/"},{"@type":"ListItem","position":2,"name":"Shop","item":"https:\/\/ipacei.com\/tr\/shop\/"},{"@type":"ListItem","position":3,"name":"Yenilebilir g\u00fcm\u00fcs yaprak (25 ad.), g\u00fcm\u00fcsmaskesi"}]},{"@type":"WebSite","@id":"https:\/\/ipacei.com\/#website","url":"https:\/\/ipacei.com\/","name":"Wimpernserum Ipacei","description":"Luxury Cosmetic Products for long lashes, longer hair, longer nails and more","potentialAction":[{"@type":"SearchAction","target":{"@type":"EntryPoint","urlTemplate":"https:\/\/ipacei.com\/?s={search_term_string}"},"query-input":{"@type":"PropertyValueSpecification","valueRequired":true,"valueName":"search_term_string"}}],"inLanguage":"tr"}]}},"_links":{"self":[{"href":"https:\/\/ipacei.com\/tr\/wp-json\/wp\/v2\/product\/44518","targetHints":{"allow":["GET"]}}],"collection":[{"href":"https:\/\/ipacei.com\/tr\/wp-json\/wp\/v2\/product"}],"about":[{"href":"https:\/\/ipacei.com\/tr\/wp-json\/wp\/v2\/types\/product"}],"replies":[{"embeddable":true,"href":"https:\/\/ipacei.com\/tr\/wp-json\/wp\/v2\/comments?post=44518"}],"wp:featuredmedia":[{"embeddable":true,"href":"https:\/\/ipacei.com\/tr\/wp-json\/wp\/v2\/media\/44515"}],"wp:attachment":[{"href":"https:\/\/ipacei.com\/tr\/wp-json\/wp\/v2\/media?parent=44518"}],"curies":[{"name":"wp","href":"https:\/\/api.w.org\/{rel}","templated":true}]}}