{"id":44521,"date":"2017-10-26T16:13:23","date_gmt":"2017-10-26T16:13:23","guid":{"rendered":"https:\/\/ipacei.com\/produkt\/yenilebilir-24-ayar-saf-altin-yapraklari-10-ad-3er-set\/"},"modified":"2017-10-26T16:13:23","modified_gmt":"2017-10-26T16:13:23","slug":"yenilebilir-24-ayar-saf-altin-yapraklari-10-ad-3er-set","status":"publish","type":"product","link":"https:\/\/ipacei.com\/tr\/produkt\/yenilebilir-24-ayar-saf-altin-yapraklari-10-ad-3er-set\/","title":{"rendered":"Yenilebilir 24 ayar saf altin yapraklari (10 ad.), 3er set"},"content":{"rendered":"<h3><span style=\"color: #f70a89;\"><strong>Ipacei yenilebilir saf 24 ayar altin yapraklari<\/strong><\/span><\/h3>\n<p><span style=\"color: #f70a89;\">3-parcali set<br \/>\n10x adet gercek, saf, 24 ayar yenilebilir altin yapraklari 99,9 % altindan olusur (8\u00d78 cm \u00f6zel b\u00fcy\u00fck boyut)!<br \/>\n23,5 ayar altin parcaciklari (20mg)<br \/>\n<span lang=\"tr\" tabindex=\"0\">Olu\u015fturma\/kesme i\u00e7in ah\u015fap c\u0131mb\u0131z<\/span><\/span><\/p>\n<p>&nbsp;<\/p>\n<p>Almanya\u2019da en y\u00fcksek kalite ko\u015fullar\u0131nda \u00fcretilen ve T\u00dcV taraf\u0131ndan E175 sertifikal\u0131 g\u0131dadir.<\/p>\n<p>24 ayar saf altin maskesi olarak kozmetik salonlarinda ve sekt\u00f6r\u00fcnde kullanilan, gastronomi ve gurmeler tarafindan \u00f6zel gida dekorasyonlarinda kullanilmaktadir.<\/p>\n<p>Kaliteli g\u0131da kreasyonlar\u0131 i\u00e7in en de\u011ferli ve l\u00fcks hammaddelerden birtanesidir.<\/p>\n<p>En az 2028 y\u0131l\u0131na kadar dayan\u0131klidir. Tolere edilebilir ve sa\u011fl\u0131\u011fa zarars\u0131z, cok, cok nadir g\u00f6r\u00fclen, ama olasiligi m\u00fcmk\u00fcn olan altin alerjisi olanlarin, kullanmasini tavsiye etmiyoruz veya kullanmadan \u00f6nce test edilmesini \u00f6neriyoruz.<\/p>\n<p>\u0130ptal \/ iade kosullari, sadece m\u00fch\u00fcrl\u00fc orijinal ambalaj\u0131nda \u200b\u200bm\u00fcmk\u00fcnd\u00fcr.<\/p>\n<p>L\u00fctfen B2B alan\u0131ndaki toplu miktarlar\u0131 e-posta yoluyla bizlere danisin.<\/p>\n<p>Cesitli boyutlari, \u00f6rnek 6,5\u00d76,5cm daha k\u00fc\u00e7\u00fck veya daha b\u00fcy\u00fck boyutlari ve \u00f6zel \u00fcretim icin bize danisiniz.<\/p>\n<p>Ipacei g\u0131da ilhamlari -&gt;<\/p>\n<p><span style=\"color: #f70a89;\"><a href=\"https:\/\/www.instagram.com\/essbaresgold\/\"><span style=\"color: #f70a89;\">https:\/\/www.instagram.com\/essbaresgold\/<\/span><\/a><\/span><\/p>\n<p><img loading=\"lazy\" decoding=\"async\" class=\"alignnone size-medium wp-image-42535\" src=\"https:\/\/ipacei.com\/wp-content\/uploads\/2017\/08\/24k-gold-edible-ruzgarsunbul-ipacei-300x300.jpg\" alt=\"\" width=\"300\" height=\"300\" \/><\/p>\n<p>Video Ipacei 24 Karat Gold Chocolates Gourmet (Auflegung mit Wasser!) -&gt;<\/p>\n<p><span style=\"color: #f70a89;\"><a href=\"https:\/\/www.instagram.com\/p\/BWjkHz_ny7Z\/?taken-by=essbaresgold\"><span style=\"color: #f70a89;\">https:\/\/www.instagram.com\/p\/BWjkHz_ny7Z\/?taken-by=essbaresgold<\/span><\/a><\/span><\/p>\n<p>&nbsp;<\/p>\n<p><img loading=\"lazy\" decoding=\"async\" class=\"alignnone size-medium wp-image-42538\" src=\"https:\/\/ipacei.com\/wp-content\/uploads\/2017\/08\/yasika-ipacei-24-karat-gold-pops-foodporn-gourmet-300x300.jpg\" alt=\"\" width=\"300\" height=\"300\" \/><\/p>\n<p>24 Karat Goldcakepops!<\/p>\n<p><span style=\"color: #f70a89;\"><a href=\"http:\/\/sugar-sweet-taste-and-more.blogspot.de\/2017\/08\/schoko-cakepops-luxus-cakepops-mit.html\"><span style=\"color: #f70a89;\">http:\/\/sugar-sweet-taste-and-more.blogspot.de\/2017\/08\/schoko-cakepops-luxus-cakepops-mit.html<\/span><\/a><\/span><\/p>\n<p><a href=\"https:\/\/www.instagram.com\/ya.si.ka\/\"><span style=\"color: #f70a89;\">https:\/\/www.instagram.com\/ya.si.ka\/<\/span><\/a><\/p>\n","protected":false},"excerpt":{"rendered":"<p>Ipacei yenilebilir saf 24 ayar altin yapraklari 3-parcali set 10x adet gercek, saf, 24 ayar yenilebilir altin yapraklari 99,9 % altindan olusur (8\u00d78 cm \u00f6zel b\u00fcy\u00fck boyut)! 23,5 ayar altin parcaciklari (20mg) Olu\u015fturma\/kesme i\u00e7in ah\u015fap c\u0131mb\u0131z &nbsp; Almanya\u2019da en y\u00fcksek kalite ko\u015fullar\u0131nda \u00fcretilen ve T\u00dcV taraf\u0131ndan E175 sertifikal\u0131 g\u0131dadir. 24 ayar saf altin maskesi olarak kozmetik salonlarinda ve sekt\u00f6r\u00fcnde kullanilan, [&hellip;]<\/p>\n","protected":false},"featured_media":44507,"comment_status":"open","ping_status":"closed","template":"","meta":[],"class_list":{"0":"post-44521","1":"product","2":"type-product","3":"status-publish","4":"has-post-thumbnail","6":"product_cat-ipacei","7":"product_tag-24-karat-blattgold-tr","8":"product_tag-24-karat-gold-tr","9":"product_tag-altinmaske-tr","10":"product_tag-blattgold-tr","11":"product_tag-edible-gold-tr","12":"product_tag-goldmask-tr","13":"product_tag-goldmaske-tr","15":"first","16":"instock","17":"taxable","18":"shipping-taxable","19":"purchasable","20":"product-type-simple"},"yoast_head":"<!-- This site is optimized with the Yoast SEO plugin v25.6 - https:\/\/yoast.com\/wordpress\/plugins\/seo\/ -->\n<title>Yenilebilir 24 ayar saf altin yapraklari (10 ad.), 3er set - Wimpernserum Ipacei<\/title>\n<meta name=\"robots\" content=\"index, follow, max-snippet:-1, max-image-preview:large, max-video-preview:-1\" \/>\n<link rel=\"canonical\" href=\"https:\/\/ipacei.com\/en\/produkt\/edible-24-karat-gold-3-pcs\/\" \/>\n<meta property=\"og:locale\" content=\"tr_TR\" \/>\n<meta property=\"og:type\" content=\"article\" \/>\n<meta property=\"og:title\" content=\"Yenilebilir 24 ayar saf altin yapraklari (10 ad.), 3er set - Wimpernserum Ipacei\" \/>\n<meta property=\"og:description\" content=\"Ipacei yenilebilir saf 24 ayar altin yapraklari 3-parcali set 10x adet gercek, saf, 24 ayar yenilebilir altin yapraklari 99,9 % altindan olusur (8\u00d78 cm \u00f6zel b\u00fcy\u00fck boyut)! 23,5 ayar altin parcaciklari (20mg) Olu\u015fturma\/kesme i\u00e7in ah\u015fap c\u0131mb\u0131z &nbsp; Almanya\u2019da en y\u00fcksek kalite ko\u015fullar\u0131nda \u00fcretilen ve T\u00dcV taraf\u0131ndan E175 sertifikal\u0131 g\u0131dadir. 24 ayar saf altin maskesi olarak kozmetik salonlarinda ve sekt\u00f6r\u00fcnde kullanilan, [&hellip;]\" \/>\n<meta property=\"og:url\" content=\"https:\/\/ipacei.com\/en\/produkt\/edible-24-karat-gold-3-pcs\/\" \/>\n<meta property=\"og:site_name\" content=\"Wimpernserum Ipacei\" \/>\n<meta property=\"article:publisher\" content=\"https:\/\/de-de.facebook.com\/ipacei\/\" \/>\n<meta property=\"og:image\" content=\"https:\/\/ipacei.com\/wp-content\/uploads\/2017\/10\/24-karat-blattgold-essbares-gold-edible-gold.jpg\" \/>\n\t<meta property=\"og:image:width\" content=\"1080\" \/>\n\t<meta property=\"og:image:height\" content=\"1080\" \/>\n\t<meta property=\"og:image:type\" content=\"image\/jpeg\" \/>\n<meta name=\"twitter:card\" content=\"summary_large_image\" \/>\n<meta name=\"twitter:site\" content=\"@IPACEI\" \/>\n<meta name=\"twitter:label1\" content=\"Tahmini okuma s\u00fcresi\" \/>\n\t<meta name=\"twitter:data1\" content=\"1 dakika\" \/>\n<script type=\"application\/ld+json\" class=\"yoast-schema-graph\">{\"@context\":\"https:\/\/schema.org\",\"@graph\":[{\"@type\":\"WebPage\",\"@id\":\"https:\/\/ipacei.com\/en\/produkt\/edible-24-karat-gold-3-pcs\/\",\"url\":\"https:\/\/ipacei.com\/en\/produkt\/edible-24-karat-gold-3-pcs\/\",\"name\":\"Yenilebilir 24 ayar saf altin yapraklari (10 ad.), 3er set - Wimpernserum Ipacei\",\"isPartOf\":{\"@id\":\"https:\/\/ipacei.com\/#website\"},\"primaryImageOfPage\":{\"@id\":\"https:\/\/ipacei.com\/en\/produkt\/edible-24-karat-gold-3-pcs\/#primaryimage\"},\"image\":{\"@id\":\"https:\/\/ipacei.com\/en\/produkt\/edible-24-karat-gold-3-pcs\/#primaryimage\"},\"thumbnailUrl\":\"https:\/\/ipacei.com\/wp-content\/uploads\/2017\/10\/24-karat-blattgold-essbares-gold-edible-gold.jpg\",\"datePublished\":\"2017-10-26T16:13:23+00:00\",\"breadcrumb\":{\"@id\":\"https:\/\/ipacei.com\/en\/produkt\/edible-24-karat-gold-3-pcs\/#breadcrumb\"},\"inLanguage\":\"tr\",\"potentialAction\":[{\"@type\":\"ReadAction\",\"target\":[\"https:\/\/ipacei.com\/en\/produkt\/edible-24-karat-gold-3-pcs\/\"]}]},{\"@type\":\"ImageObject\",\"inLanguage\":\"tr\",\"@id\":\"https:\/\/ipacei.com\/en\/produkt\/edible-24-karat-gold-3-pcs\/#primaryimage\",\"url\":\"https:\/\/ipacei.com\/wp-content\/uploads\/2017\/10\/24-karat-blattgold-essbares-gold-edible-gold.jpg\",\"contentUrl\":\"https:\/\/ipacei.com\/wp-content\/uploads\/2017\/10\/24-karat-blattgold-essbares-gold-edible-gold.jpg\",\"width\":1080,\"height\":1080},{\"@type\":\"BreadcrumbList\",\"@id\":\"https:\/\/ipacei.com\/en\/produkt\/edible-24-karat-gold-3-pcs\/#breadcrumb\",\"itemListElement\":[{\"@type\":\"ListItem\",\"position\":1,\"name\":\"Startseite\",\"item\":\"https:\/\/ipacei.com\/tr\/\"},{\"@type\":\"ListItem\",\"position\":2,\"name\":\"Shop\",\"item\":\"https:\/\/ipacei.com\/tr\/shop\/\"},{\"@type\":\"ListItem\",\"position\":3,\"name\":\"Yenilebilir 24 ayar saf altin yapraklari (10 ad.), 3er set\"}]},{\"@type\":\"WebSite\",\"@id\":\"https:\/\/ipacei.com\/#website\",\"url\":\"https:\/\/ipacei.com\/\",\"name\":\"Wimpernserum Ipacei\",\"description\":\"Luxury Cosmetic Products for long lashes, longer hair, longer nails and more\",\"potentialAction\":[{\"@type\":\"SearchAction\",\"target\":{\"@type\":\"EntryPoint\",\"urlTemplate\":\"https:\/\/ipacei.com\/?s={search_term_string}\"},\"query-input\":{\"@type\":\"PropertyValueSpecification\",\"valueRequired\":true,\"valueName\":\"search_term_string\"}}],\"inLanguage\":\"tr\"}]}<\/script>\n<!-- \/ Yoast SEO plugin. -->","yoast_head_json":{"title":"Yenilebilir 24 ayar saf altin yapraklari (10 ad.), 3er set - Wimpernserum Ipacei","robots":{"index":"index","follow":"follow","max-snippet":"max-snippet:-1","max-image-preview":"max-image-preview:large","max-video-preview":"max-video-preview:-1"},"canonical":"https:\/\/ipacei.com\/en\/produkt\/edible-24-karat-gold-3-pcs\/","og_locale":"tr_TR","og_type":"article","og_title":"Yenilebilir 24 ayar saf altin yapraklari (10 ad.), 3er set - Wimpernserum Ipacei","og_description":"Ipacei yenilebilir saf 24 ayar altin yapraklari 3-parcali set 10x adet gercek, saf, 24 ayar yenilebilir altin yapraklari 99,9 % altindan olusur (8\u00d78 cm \u00f6zel b\u00fcy\u00fck boyut)! 23,5 ayar altin parcaciklari (20mg) Olu\u015fturma\/kesme i\u00e7in ah\u015fap c\u0131mb\u0131z &nbsp; Almanya\u2019da en y\u00fcksek kalite ko\u015fullar\u0131nda \u00fcretilen ve T\u00dcV taraf\u0131ndan E175 sertifikal\u0131 g\u0131dadir. 24 ayar saf altin maskesi olarak kozmetik salonlarinda ve sekt\u00f6r\u00fcnde kullanilan, [&hellip;]","og_url":"https:\/\/ipacei.com\/en\/produkt\/edible-24-karat-gold-3-pcs\/","og_site_name":"Wimpernserum Ipacei","article_publisher":"https:\/\/de-de.facebook.com\/ipacei\/","og_image":[{"width":1080,"height":1080,"url":"https:\/\/ipacei.com\/wp-content\/uploads\/2017\/10\/24-karat-blattgold-essbares-gold-edible-gold.jpg","type":"image\/jpeg"}],"twitter_card":"summary_large_image","twitter_site":"@IPACEI","twitter_misc":{"Tahmini okuma s\u00fcresi":"1 dakika"},"schema":{"@context":"https:\/\/schema.org","@graph":[{"@type":"WebPage","@id":"https:\/\/ipacei.com\/en\/produkt\/edible-24-karat-gold-3-pcs\/","url":"https:\/\/ipacei.com\/en\/produkt\/edible-24-karat-gold-3-pcs\/","name":"Yenilebilir 24 ayar saf altin yapraklari (10 ad.), 3er set - Wimpernserum Ipacei","isPartOf":{"@id":"https:\/\/ipacei.com\/#website"},"primaryImageOfPage":{"@id":"https:\/\/ipacei.com\/en\/produkt\/edible-24-karat-gold-3-pcs\/#primaryimage"},"image":{"@id":"https:\/\/ipacei.com\/en\/produkt\/edible-24-karat-gold-3-pcs\/#primaryimage"},"thumbnailUrl":"https:\/\/ipacei.com\/wp-content\/uploads\/2017\/10\/24-karat-blattgold-essbares-gold-edible-gold.jpg","datePublished":"2017-10-26T16:13:23+00:00","breadcrumb":{"@id":"https:\/\/ipacei.com\/en\/produkt\/edible-24-karat-gold-3-pcs\/#breadcrumb"},"inLanguage":"tr","potentialAction":[{"@type":"ReadAction","target":["https:\/\/ipacei.com\/en\/produkt\/edible-24-karat-gold-3-pcs\/"]}]},{"@type":"ImageObject","inLanguage":"tr","@id":"https:\/\/ipacei.com\/en\/produkt\/edible-24-karat-gold-3-pcs\/#primaryimage","url":"https:\/\/ipacei.com\/wp-content\/uploads\/2017\/10\/24-karat-blattgold-essbares-gold-edible-gold.jpg","contentUrl":"https:\/\/ipacei.com\/wp-content\/uploads\/2017\/10\/24-karat-blattgold-essbares-gold-edible-gold.jpg","width":1080,"height":1080},{"@type":"BreadcrumbList","@id":"https:\/\/ipacei.com\/en\/produkt\/edible-24-karat-gold-3-pcs\/#breadcrumb","itemListElement":[{"@type":"ListItem","position":1,"name":"Startseite","item":"https:\/\/ipacei.com\/tr\/"},{"@type":"ListItem","position":2,"name":"Shop","item":"https:\/\/ipacei.com\/tr\/shop\/"},{"@type":"ListItem","position":3,"name":"Yenilebilir 24 ayar saf altin yapraklari (10 ad.), 3er set"}]},{"@type":"WebSite","@id":"https:\/\/ipacei.com\/#website","url":"https:\/\/ipacei.com\/","name":"Wimpernserum Ipacei","description":"Luxury Cosmetic Products for long lashes, longer hair, longer nails and more","potentialAction":[{"@type":"SearchAction","target":{"@type":"EntryPoint","urlTemplate":"https:\/\/ipacei.com\/?s={search_term_string}"},"query-input":{"@type":"PropertyValueSpecification","valueRequired":true,"valueName":"search_term_string"}}],"inLanguage":"tr"}]}},"_links":{"self":[{"href":"https:\/\/ipacei.com\/tr\/wp-json\/wp\/v2\/product\/44521","targetHints":{"allow":["GET"]}}],"collection":[{"href":"https:\/\/ipacei.com\/tr\/wp-json\/wp\/v2\/product"}],"about":[{"href":"https:\/\/ipacei.com\/tr\/wp-json\/wp\/v2\/types\/product"}],"replies":[{"embeddable":true,"href":"https:\/\/ipacei.com\/tr\/wp-json\/wp\/v2\/comments?post=44521"}],"wp:featuredmedia":[{"embeddable":true,"href":"https:\/\/ipacei.com\/tr\/wp-json\/wp\/v2\/media\/44507"}],"wp:attachment":[{"href":"https:\/\/ipacei.com\/tr\/wp-json\/wp\/v2\/media?parent=44521"}],"curies":[{"name":"wp","href":"https:\/\/api.w.org\/{rel}","templated":true}]}}