{"id":44525,"date":"2017-10-26T16:13:23","date_gmt":"2017-10-26T16:13:23","guid":{"rendered":"https:\/\/ipacei.com\/produkt\/ipacei-facelifting-yagi-altinli-bueyuek\/"},"modified":"2017-10-26T16:13:23","modified_gmt":"2017-10-26T16:13:23","slug":"ipacei-facelifting-yagi-altinli-bueyuek","status":"publish","type":"product","link":"https:\/\/ipacei.com\/tr\/produkt\/ipacei-facelifting-yagi-altinli-bueyuek\/","title":{"rendered":"Ipacei Facelifting yagi altinli, b\u00fcy\u00fck"},"content":{"rendered":"<p><span style=\"color: #f0029d;\"><strong>Ipacei Facelifting yagi 30 ml (b\u00fcy\u00fck) ve 23,5 altin parcaciklari 20 mg<\/strong><\/span><\/p>\n<p>&nbsp;<\/p>\n<p>Cilt tipi: makyajdan \u00f6ncesi ve sonrasi uygulanabilir, kuru, hassas, esneklige ihtiyaci olan, anti-aging icin ve kirisikliklara karsi etki edebilir<\/p>\n<p>Yaninda bulunan, Ipacei 23,5 ayar alt\u0131n parcaciklari E175 sertifikas\u0131na sahiptir ve g\u0131da dekorasyonlar\u0131, cilt uygulamalar\u0131 ve kozmetik \u00fcr\u00fcnler i\u00e7in geli\u015ftirilmi\u015ftir ve Almanya&#8217;da \u00fcretilmektedir.<\/p>\n<p>\u00c7ok gergin y\u00fcz derisi i\u00e7in, k\u00fc\u00e7\u00fck y\u00fcz \u00e7izgileri, ya\u015fl\u0131l\u0131k lekeleri ve k\u0131r\u0131\u015f\u0131kl\u0131klara karsi etki g\u00f6sterebilir ve y\u00fcz lipidlerini dolgulayabilir.<\/p>\n<p>Ipacei Facelifting ya\u011f\u0131 rahats\u0131z edici bir ya\u011f izi tende b\u0131rakmaz ve hizli bir seklide kadifemsi ve p\u00fcr\u00fczs\u00fcz bir cilt sa\u011flar.<\/p>\n<p>Ipacei Facelifting yagi ile 23,5 ayar alt\u0131n parcaciklari ile kar\u0131\u015ft\u0131r\u0131labilir.<\/p>\n<p>Modeller ve maky\u00f6zler taraf\u0131ndan bilinen alt\u0131n y\u00fcz maskesinde uygulanmaktadir.<\/p>\n<p>Ipacei altin maskesi, y\u00fcz uygulamas\u0131 icin, Ipacei saf 24 ayar altin yapraklari ile birlikte kullaniniz.<\/p>\n<ol>\n<li>Ipacei Facelifting yagini ve 23,5 ayar alt\u0131n parcaciklarini kar\u0131\u015ft\u0131r\u0131n ve makyajdan \u00f6nce veya sonra 2-3 damla uygulay\u0131n.<\/li>\n<\/ol>\n<p>Ipacei y\u00fcz germe ya\u011f\u0131, \u00f6zel olarak makyaj taban\u0131 ve makyajdan sonrasi icin geli\u015ftirilmi\u015ftir.<\/p>\n<ol start=\"2\">\n<li>\u00d6zellikle ak\u015famlar\u0131 \u00e7ok kuru ciltlerde g\u00fcnl\u00fck kullan\u0131m i\u00e7in.<\/li>\n<\/ol>\n<p>ALMANYA&#8217;DA \u00fcretilen en y\u00fcksek alt\u0131n kalitesinde \u00fcretilmektedir, sahte altin maske ve altin yapraklarindan kacininiz.<\/p>\n<p>Akne sorunu yasayanlar, doktora veya dermatologa ba\u015fvurmalarini veya ufak bir b\u00f6l\u00fcmde test etmenizi tavsiye ediyoruz.<\/p>\n<p>&nbsp;<\/p>\n","protected":false},"excerpt":{"rendered":"<p>Ipacei Facelifting yagi 30 ml (b\u00fcy\u00fck) ve 23,5 altin parcaciklari 20 mg &nbsp; Cilt tipi: makyajdan \u00f6ncesi ve sonrasi uygulanabilir, kuru, hassas, esneklige ihtiyaci olan, anti-aging icin ve kirisikliklara karsi etki edebilir Yaninda bulunan, Ipacei 23,5 ayar alt\u0131n parcaciklari E175 sertifikas\u0131na sahiptir ve g\u0131da dekorasyonlar\u0131, cilt uygulamalar\u0131 ve kozmetik \u00fcr\u00fcnler i\u00e7in geli\u015ftirilmi\u015ftir ve Almanya&#8217;da \u00fcretilmektedir. \u00c7ok gergin y\u00fcz derisi i\u00e7in, [&hellip;]<\/p>\n","protected":false},"featured_media":46783,"comment_status":"open","ping_status":"closed","template":"","meta":[],"class_list":{"0":"post-44525","1":"product","2":"type-product","3":"status-publish","4":"has-post-thumbnail","6":"product_cat-ipacei","7":"product_tag-24-karat-gold-tr","8":"product_tag-goldmaske-tr","10":"first","11":"instock","12":"sale","13":"taxable","14":"shipping-taxable","15":"purchasable","16":"product-type-simple"},"yoast_head":"<!-- This site is optimized with the Yoast SEO plugin v27.4 - https:\/\/yoast.com\/product\/yoast-seo-wordpress\/ -->\n<title>Ipacei Facelifting yagi altinli, b\u00fcy\u00fck - Wimpernserum Ipacei<\/title>\n<meta name=\"robots\" content=\"index, follow, max-snippet:-1, max-image-preview:large, max-video-preview:-1\" \/>\n<link rel=\"canonical\" href=\"https:\/\/ipacei.com\/tr\/produkt\/ipacei-facelifting-yagi-altinli-bueyuek\/\" \/>\n<meta property=\"og:locale\" content=\"tr_TR\" \/>\n<meta property=\"og:type\" content=\"article\" \/>\n<meta property=\"og:title\" content=\"Ipacei Facelifting yagi altinli, b\u00fcy\u00fck - Wimpernserum Ipacei\" \/>\n<meta property=\"og:description\" content=\"Ipacei Facelifting yagi 30 ml (b\u00fcy\u00fck) ve 23,5 altin parcaciklari 20 mg &nbsp; Cilt tipi: makyajdan \u00f6ncesi ve sonrasi uygulanabilir, kuru, hassas, esneklige ihtiyaci olan, anti-aging icin ve kirisikliklara karsi etki edebilir Yaninda bulunan, Ipacei 23,5 ayar alt\u0131n parcaciklari E175 sertifikas\u0131na sahiptir ve g\u0131da dekorasyonlar\u0131, cilt uygulamalar\u0131 ve kozmetik \u00fcr\u00fcnler i\u00e7in geli\u015ftirilmi\u015ftir ve Almanya&#8217;da \u00fcretilmektedir. \u00c7ok gergin y\u00fcz derisi i\u00e7in, [&hellip;]\" \/>\n<meta property=\"og:url\" content=\"https:\/\/ipacei.com\/tr\/produkt\/ipacei-facelifting-yagi-altinli-bueyuek\/\" \/>\n<meta property=\"og:site_name\" content=\"Wimpernserum Ipacei\" \/>\n<meta property=\"article:publisher\" content=\"https:\/\/de-de.facebook.com\/ipacei\/\" \/>\n<meta property=\"og:image\" content=\"https:\/\/ipacei.com\/wp-content\/uploads\/2017\/10\/facelifting-antiaging-oel-gesichtspflege-trockene-haut-goldmaske-goldmask-rosenoel-squalane.png\" \/>\n\t<meta property=\"og:image:width\" content=\"1200\" \/>\n\t<meta property=\"og:image:height\" content=\"1275\" \/>\n\t<meta property=\"og:image:type\" content=\"image\/png\" \/>\n<meta name=\"twitter:card\" content=\"summary_large_image\" \/>\n<meta name=\"twitter:site\" content=\"@IPACEI\" \/>\n<meta name=\"twitter:label1\" content=\"Tahmini okuma s\u00fcresi\" \/>\n\t<meta name=\"twitter:data1\" content=\"1 dakika\" \/>\n<script type=\"application\/ld+json\" class=\"yoast-schema-graph\">{\"@context\":\"https:\\\/\\\/schema.org\",\"@graph\":[{\"@type\":\"WebPage\",\"@id\":\"https:\\\/\\\/ipacei.com\\\/tr\\\/produkt\\\/ipacei-facelifting-yagi-altinli-bueyuek\\\/\",\"url\":\"https:\\\/\\\/ipacei.com\\\/tr\\\/produkt\\\/ipacei-facelifting-yagi-altinli-bueyuek\\\/\",\"name\":\"Ipacei Facelifting yagi altinli, b\u00fcy\u00fck - Wimpernserum Ipacei\",\"isPartOf\":{\"@id\":\"https:\\\/\\\/ipacei.com\\\/#website\"},\"primaryImageOfPage\":{\"@id\":\"https:\\\/\\\/ipacei.com\\\/tr\\\/produkt\\\/ipacei-facelifting-yagi-altinli-bueyuek\\\/#primaryimage\"},\"image\":{\"@id\":\"https:\\\/\\\/ipacei.com\\\/tr\\\/produkt\\\/ipacei-facelifting-yagi-altinli-bueyuek\\\/#primaryimage\"},\"thumbnailUrl\":\"https:\\\/\\\/ipacei.com\\\/wp-content\\\/uploads\\\/2025\\\/12\\\/IMG-20251212-WA0010-3.png\",\"datePublished\":\"2017-10-26T16:13:23+00:00\",\"breadcrumb\":{\"@id\":\"https:\\\/\\\/ipacei.com\\\/tr\\\/produkt\\\/ipacei-facelifting-yagi-altinli-bueyuek\\\/#breadcrumb\"},\"inLanguage\":\"tr\",\"potentialAction\":[{\"@type\":\"ReadAction\",\"target\":[\"https:\\\/\\\/ipacei.com\\\/tr\\\/produkt\\\/ipacei-facelifting-yagi-altinli-bueyuek\\\/\"]}]},{\"@type\":\"ImageObject\",\"inLanguage\":\"tr\",\"@id\":\"https:\\\/\\\/ipacei.com\\\/tr\\\/produkt\\\/ipacei-facelifting-yagi-altinli-bueyuek\\\/#primaryimage\",\"url\":\"https:\\\/\\\/ipacei.com\\\/wp-content\\\/uploads\\\/2025\\\/12\\\/IMG-20251212-WA0010-3.png\",\"contentUrl\":\"https:\\\/\\\/ipacei.com\\\/wp-content\\\/uploads\\\/2025\\\/12\\\/IMG-20251212-WA0010-3.png\",\"width\":1900,\"height\":1899},{\"@type\":\"BreadcrumbList\",\"@id\":\"https:\\\/\\\/ipacei.com\\\/tr\\\/produkt\\\/ipacei-facelifting-yagi-altinli-bueyuek\\\/#breadcrumb\",\"itemListElement\":[{\"@type\":\"ListItem\",\"position\":1,\"name\":\"Startseite\",\"item\":\"https:\\\/\\\/ipacei.com\\\/tr\\\/\"},{\"@type\":\"ListItem\",\"position\":2,\"name\":\"Shop\",\"item\":\"https:\\\/\\\/ipacei.com\\\/tr\\\/shop\\\/\"},{\"@type\":\"ListItem\",\"position\":3,\"name\":\"Ipacei Facelifting yagi altinli, b\u00fcy\u00fck\"}]},{\"@type\":\"WebSite\",\"@id\":\"https:\\\/\\\/ipacei.com\\\/#website\",\"url\":\"https:\\\/\\\/ipacei.com\\\/\",\"name\":\"Wimpernserum Ipacei\",\"description\":\"Luxury Cosmetic Products for long lashes, longer hair, longer nails and more\",\"potentialAction\":[{\"@type\":\"SearchAction\",\"target\":{\"@type\":\"EntryPoint\",\"urlTemplate\":\"https:\\\/\\\/ipacei.com\\\/?s={search_term_string}\"},\"query-input\":{\"@type\":\"PropertyValueSpecification\",\"valueRequired\":true,\"valueName\":\"search_term_string\"}}],\"inLanguage\":\"tr\"}]}<\/script>\n<!-- \/ Yoast SEO plugin. -->","yoast_head_json":{"title":"Ipacei Facelifting yagi altinli, b\u00fcy\u00fck - Wimpernserum Ipacei","robots":{"index":"index","follow":"follow","max-snippet":"max-snippet:-1","max-image-preview":"max-image-preview:large","max-video-preview":"max-video-preview:-1"},"canonical":"https:\/\/ipacei.com\/tr\/produkt\/ipacei-facelifting-yagi-altinli-bueyuek\/","og_locale":"tr_TR","og_type":"article","og_title":"Ipacei Facelifting yagi altinli, b\u00fcy\u00fck - Wimpernserum Ipacei","og_description":"Ipacei Facelifting yagi 30 ml (b\u00fcy\u00fck) ve 23,5 altin parcaciklari 20 mg &nbsp; Cilt tipi: makyajdan \u00f6ncesi ve sonrasi uygulanabilir, kuru, hassas, esneklige ihtiyaci olan, anti-aging icin ve kirisikliklara karsi etki edebilir Yaninda bulunan, Ipacei 23,5 ayar alt\u0131n parcaciklari E175 sertifikas\u0131na sahiptir ve g\u0131da dekorasyonlar\u0131, cilt uygulamalar\u0131 ve kozmetik \u00fcr\u00fcnler i\u00e7in geli\u015ftirilmi\u015ftir ve Almanya&#8217;da \u00fcretilmektedir. \u00c7ok gergin y\u00fcz derisi i\u00e7in, [&hellip;]","og_url":"https:\/\/ipacei.com\/tr\/produkt\/ipacei-facelifting-yagi-altinli-bueyuek\/","og_site_name":"Wimpernserum Ipacei","article_publisher":"https:\/\/de-de.facebook.com\/ipacei\/","og_image":[{"width":1200,"height":1275,"url":"https:\/\/ipacei.com\/wp-content\/uploads\/2017\/10\/facelifting-antiaging-oel-gesichtspflege-trockene-haut-goldmaske-goldmask-rosenoel-squalane.png","type":"image\/png"}],"twitter_card":"summary_large_image","twitter_site":"@IPACEI","twitter_misc":{"Tahmini okuma s\u00fcresi":"1 dakika"},"schema":{"@context":"https:\/\/schema.org","@graph":[{"@type":"WebPage","@id":"https:\/\/ipacei.com\/tr\/produkt\/ipacei-facelifting-yagi-altinli-bueyuek\/","url":"https:\/\/ipacei.com\/tr\/produkt\/ipacei-facelifting-yagi-altinli-bueyuek\/","name":"Ipacei Facelifting yagi altinli, b\u00fcy\u00fck - Wimpernserum Ipacei","isPartOf":{"@id":"https:\/\/ipacei.com\/#website"},"primaryImageOfPage":{"@id":"https:\/\/ipacei.com\/tr\/produkt\/ipacei-facelifting-yagi-altinli-bueyuek\/#primaryimage"},"image":{"@id":"https:\/\/ipacei.com\/tr\/produkt\/ipacei-facelifting-yagi-altinli-bueyuek\/#primaryimage"},"thumbnailUrl":"https:\/\/ipacei.com\/wp-content\/uploads\/2025\/12\/IMG-20251212-WA0010-3.png","datePublished":"2017-10-26T16:13:23+00:00","breadcrumb":{"@id":"https:\/\/ipacei.com\/tr\/produkt\/ipacei-facelifting-yagi-altinli-bueyuek\/#breadcrumb"},"inLanguage":"tr","potentialAction":[{"@type":"ReadAction","target":["https:\/\/ipacei.com\/tr\/produkt\/ipacei-facelifting-yagi-altinli-bueyuek\/"]}]},{"@type":"ImageObject","inLanguage":"tr","@id":"https:\/\/ipacei.com\/tr\/produkt\/ipacei-facelifting-yagi-altinli-bueyuek\/#primaryimage","url":"https:\/\/ipacei.com\/wp-content\/uploads\/2025\/12\/IMG-20251212-WA0010-3.png","contentUrl":"https:\/\/ipacei.com\/wp-content\/uploads\/2025\/12\/IMG-20251212-WA0010-3.png","width":1900,"height":1899},{"@type":"BreadcrumbList","@id":"https:\/\/ipacei.com\/tr\/produkt\/ipacei-facelifting-yagi-altinli-bueyuek\/#breadcrumb","itemListElement":[{"@type":"ListItem","position":1,"name":"Startseite","item":"https:\/\/ipacei.com\/tr\/"},{"@type":"ListItem","position":2,"name":"Shop","item":"https:\/\/ipacei.com\/tr\/shop\/"},{"@type":"ListItem","position":3,"name":"Ipacei Facelifting yagi altinli, b\u00fcy\u00fck"}]},{"@type":"WebSite","@id":"https:\/\/ipacei.com\/#website","url":"https:\/\/ipacei.com\/","name":"Wimpernserum Ipacei","description":"Luxury Cosmetic Products for long lashes, longer hair, longer nails and more","potentialAction":[{"@type":"SearchAction","target":{"@type":"EntryPoint","urlTemplate":"https:\/\/ipacei.com\/?s={search_term_string}"},"query-input":{"@type":"PropertyValueSpecification","valueRequired":true,"valueName":"search_term_string"}}],"inLanguage":"tr"}]}},"_links":{"self":[{"href":"https:\/\/ipacei.com\/tr\/wp-json\/wp\/v2\/product\/44525","targetHints":{"allow":["GET"]}}],"collection":[{"href":"https:\/\/ipacei.com\/tr\/wp-json\/wp\/v2\/product"}],"about":[{"href":"https:\/\/ipacei.com\/tr\/wp-json\/wp\/v2\/types\/product"}],"replies":[{"embeddable":true,"href":"https:\/\/ipacei.com\/tr\/wp-json\/wp\/v2\/comments?post=44525"}],"wp:featuredmedia":[{"embeddable":true,"href":"https:\/\/ipacei.com\/tr\/wp-json\/wp\/v2\/media\/46783"}],"wp:attachment":[{"href":"https:\/\/ipacei.com\/tr\/wp-json\/wp\/v2\/media?parent=44525"}],"curies":[{"name":"wp","href":"https:\/\/api.w.org\/{rel}","templated":true}]}}