{"id":45116,"date":"2020-03-08T22:30:28","date_gmt":"2020-03-08T22:30:28","guid":{"rendered":"https:\/\/ipacei.com\/produkt\/ipacei-kirpik-lifting-seti\/"},"modified":"2020-03-08T23:02:27","modified_gmt":"2020-03-08T23:02:27","slug":"ipacei-kirpik-lifting-seti","status":"publish","type":"product","link":"https:\/\/ipacei.com\/tr\/produkt\/ipacei-kirpik-lifting-seti\/","title":{"rendered":"Ipacei Kirpik Lifting Seti"},"content":{"rendered":"<p class=\"QmZWSe\">\n<div class=\"oSioSc\">\n<div id=\"tw-target\">\n<div id=\"kAz1tf\" class=\"g9WsWb\">\n<p class=\"tw-data-text tw-text-large tw-ta\" dir=\"ltr\" data-placeholder=\"\u00dcbersetzung\"><span lang=\"tr\"><span style=\"color: #fc05a2;\">Profesyonel Ipacei kirpiklifting seti<\/span> <\/span><\/p>\n<p class=\"tw-data-text tw-text-large tw-ta\" dir=\"ltr\" data-placeholder=\"\u00dcbersetzung\"><span lang=\"tr\">Yakla\u015f\u0131k 25 uygulama i\u00e7in kirpiklifting seti!<\/span><\/p>\n<p class=\"tw-data-text tw-text-large tw-ta\" dir=\"ltr\" data-placeholder=\"\u00dcbersetzung\"><span lang=\"tr\"><br \/>\nSet i\u00e7eri\u011fi:<br \/>\nIpacei Lift it Losyon1<br \/>\n<\/span><span lang=\"tr\">Ipacei Fix it Losyon2<br \/>\nIpacei kirpiklifting yap\u0131\u015ft\u0131r\u0131c\u0131s\u0131<br \/>\nIpacei Primer Ipacei silikon pedler (1 \u00e7ift) <\/span><\/p>\n<p class=\"tw-data-text tw-text-large tw-ta\" dir=\"ltr\" data-placeholder=\"\u00dcbersetzung\"><span lang=\"tr\">Sadece profesyoneller i\u00e7in \u00f6zel teklif.<\/span><\/p>\n<p id=\"tw-target-text\" class=\"tw-data-text tw-text-large tw-ta\" dir=\"ltr\" data-placeholder=\"\u00dcbersetzung\"><span lang=\"tr\">IPK sertifikalar\u0131n\u0131 alan veya IPK BEAUTY ACADEMY&#8217;sindeki (veya uzaktan e\u011fitim alan) e\u011fitim kurslar\u0131na kat\u0131lan e\u011fitimli IPK ARTISTleri indirimli fiyatlar almaktad\u0131r.<\/span><\/p>\n<p id=\"tw-target-text\" class=\"tw-data-text tw-text-large tw-ta\" dir=\"ltr\" data-placeholder=\"\u00dcbersetzung\"><span lang=\"tr\">Ma\u011faza \u00fczerinden m\u00fc\u015fteri ba\u015f\u0131na en<\/span> <span lang=\"tr\">fazla 1 set sipari\u015f edilebilir, <\/span> <span lang=\"tr\">daha fazla 2 set veya daha fazla sat\u0131n alma miktar\u0131 i\u00e7in \u00f6nceden e-posta ve sertifikan\u0131z\u0131 g\u00f6ndererek talep ediyoruz, o zaman bizden daha fazla ko\u015ful ve mezun fiyatlar alacaks\u0131n\u0131z. <\/span><\/p>\n<p class=\"tw-data-text tw-text-large tw-ta\" dir=\"ltr\" data-placeholder=\"\u00dcbersetzung\"><span lang=\"tr\">IPK BEAUTY ACADEMY taraf\u0131ndan ba\u015far\u0131yla <\/span><span lang=\"tr\">kullan\u0131lan Ipacei kirpiklifting seti ile kazan\u00e7l\u0131 tedavi y\u00f6ntemi i\u00e7in bkz. www.ipkbeautyacademy.com veya Instagram @ipkbeautyacademy. <\/span><\/p>\n<p class=\"tw-data-text tw-text-large tw-ta\" dir=\"ltr\" data-placeholder=\"\u00dcbersetzung\"><span lang=\"tr\">\u0130kinci bir dayanak noktas\u0131 kurmak ve serbest meslek sahibi olmak isteyen son m\u00fc\u015fteriler i\u00e7in, kirpiklifting e\u011fitimi komple bir paket olarak mevcuttur IPK BAUTY ACADEDMY (<span style=\"color: #fc05a2;\"><a style=\"color: #fc05a2;\" href=\"http:\/\/www.ipkbeautyacademy.com\">www.ipkbeautyacademy.com<\/a><\/span>) do\u011frudan ma\u011fazam\u0131zdan sertifika ile uzaktan kurs olarak rezerve edilebilir. <\/span><\/p>\n<p class=\"tw-data-text tw-text-large tw-ta\" dir=\"ltr\" data-placeholder=\"\u00dcbersetzung\"><span lang=\"tr\">IPK kirpiklifting Artisti olman\u0131z ve \u00fcr\u00fcnleri nas\u0131l kullanaca\u011f\u0131n\u0131z\u0131 tam olarak bilmeniz \u00f6nemlidir. Uzun, kal\u0131n ve dolu, kavisli kirpikler i\u00e7in en iyi kombinasyon kirpiklifting Ipacei kirpik serumu ile birlikte kullanilmasini tavsiye ederiz. <\/span><\/p>\n<p class=\"tw-data-text tw-text-large tw-ta\" dir=\"ltr\" data-placeholder=\"\u00dcbersetzung\"><span lang=\"tr\">Ipacei kirpik serumu uzun ve kal\u0131n, tam kirpik sa\u011flar ve kald\u0131rma kirpiklere kal\u0131c\u0131 kirpikler sa\u011flar. Ipacei Lashlifting Set ile 25 e yakin i\u015flem yapabilirsiniz, lashlifting yakla\u015f\u0131k 6-8 hafta kaliciligini g\u00f6stermektedir.<\/span><\/p>\n<p id=\"tw-target-rmn-container\" class=\"tw-ta-container tw-nfl\">\n<\/div>\n<\/div>\n<\/div>\n","protected":false},"excerpt":{"rendered":"<p>Profesyonel Ipacei kirpiklifting seti Yakla\u015f\u0131k 25 uygulama i\u00e7in kirpiklifting seti! Set i\u00e7eri\u011fi: Ipacei Lift it Losyon1 Ipacei Fix it Losyon2 Ipacei kirpiklifting yap\u0131\u015ft\u0131r\u0131c\u0131s\u0131 Ipacei Primer Ipacei silikon pedler (1 \u00e7ift) Sadece profesyoneller i\u00e7in \u00f6zel teklif. IPK sertifikalar\u0131n\u0131 alan veya IPK BEAUTY ACADEMY&#8217;sindeki (veya uzaktan e\u011fitim alan) e\u011fitim kurslar\u0131na kat\u0131lan e\u011fitimli IPK ARTISTleri indirimli fiyatlar almaktad\u0131r. Ma\u011faza \u00fczerinden m\u00fc\u015fteri ba\u015f\u0131na en [&hellip;]<\/p>\n","protected":false},"featured_media":45989,"comment_status":"closed","ping_status":"closed","template":"","meta":[],"class_list":{"0":"post-45116","1":"product","2":"type-product","3":"status-publish","4":"has-post-thumbnail","6":"product_cat-ipacei","7":"product_tag-ipacei-kirpiklifting-seti","8":"product_tag-ipkbeautyacademy-tr","9":"product_tag-kirpiklifting-satin-al","10":"product_tag-kirpiklifting-seti","11":"product_tag-kirpiklifting-uygulamasi","12":"product_tag-lashlifting-course-tr","13":"product_tag-lashlifting-set-buy-ipacei-kirpiklifting-seti","14":"product_tag-lashlifting-set-kaufen-tr","15":"product_tag-nanoblading-schulung-tr","16":"product_tag-wimpernlifting-tr","18":"first","19":"instock","20":"sale","21":"taxable","22":"shipping-taxable","23":"purchasable","24":"product-type-simple"},"yoast_head":"<!-- This site is optimized with the Yoast SEO plugin v25.6 - https:\/\/yoast.com\/wordpress\/plugins\/seo\/ -->\n<title>Ipacei Kirpik Lifting Seti - Wimpernserum Ipacei<\/title>\n<meta name=\"description\" content=\"lashlifting set buy ipacei kirpiklifting seti\" \/>\n<meta name=\"robots\" content=\"index, follow, max-snippet:-1, max-image-preview:large, max-video-preview:-1\" \/>\n<link rel=\"canonical\" href=\"https:\/\/ipacei.com\/tr\/produkt\/ipacei-kirpik-lifting-seti\/\" \/>\n<meta property=\"og:locale\" content=\"tr_TR\" \/>\n<meta property=\"og:type\" content=\"article\" \/>\n<meta property=\"og:title\" content=\"Ipacei Kirpik Lifting Seti - Wimpernserum Ipacei\" \/>\n<meta property=\"og:description\" content=\"lashlifting set buy ipacei kirpiklifting seti\" \/>\n<meta property=\"og:url\" content=\"https:\/\/ipacei.com\/tr\/produkt\/ipacei-kirpik-lifting-seti\/\" \/>\n<meta property=\"og:site_name\" content=\"Wimpernserum Ipacei\" \/>\n<meta property=\"article:publisher\" content=\"https:\/\/de-de.facebook.com\/ipacei\/\" \/>\n<meta property=\"article:modified_time\" content=\"2020-03-08T23:02:27+00:00\" \/>\n<meta property=\"og:image\" content=\"https:\/\/ipacei.com\/wp-content\/uploads\/2020\/03\/Wimpernlifting-Lashlifting-Set-Ipacei.jpg\" \/>\n\t<meta property=\"og:image:width\" content=\"1080\" \/>\n\t<meta property=\"og:image:height\" content=\"1211\" \/>\n\t<meta property=\"og:image:type\" content=\"image\/jpeg\" \/>\n<meta name=\"twitter:card\" content=\"summary_large_image\" \/>\n<meta name=\"twitter:site\" content=\"@IPACEI\" \/>\n<meta name=\"twitter:label1\" content=\"Tahmini okuma s\u00fcresi\" \/>\n\t<meta name=\"twitter:data1\" content=\"1 dakika\" \/>\n<script type=\"application\/ld+json\" class=\"yoast-schema-graph\">{\"@context\":\"https:\/\/schema.org\",\"@graph\":[{\"@type\":\"WebPage\",\"@id\":\"https:\/\/ipacei.com\/tr\/produkt\/ipacei-kirpik-lifting-seti\/\",\"url\":\"https:\/\/ipacei.com\/tr\/produkt\/ipacei-kirpik-lifting-seti\/\",\"name\":\"Ipacei Kirpik Lifting Seti - Wimpernserum Ipacei\",\"isPartOf\":{\"@id\":\"https:\/\/ipacei.com\/#website\"},\"primaryImageOfPage\":{\"@id\":\"https:\/\/ipacei.com\/tr\/produkt\/ipacei-kirpik-lifting-seti\/#primaryimage\"},\"image\":{\"@id\":\"https:\/\/ipacei.com\/tr\/produkt\/ipacei-kirpik-lifting-seti\/#primaryimage\"},\"thumbnailUrl\":\"https:\/\/ipacei.com\/wp-content\/uploads\/2020\/03\/Wimpernlifting-Lashlifting-Set-Ipacei.jpg\",\"datePublished\":\"2020-03-08T22:30:28+00:00\",\"dateModified\":\"2020-03-08T23:02:27+00:00\",\"description\":\"lashlifting set buy ipacei kirpiklifting seti\",\"breadcrumb\":{\"@id\":\"https:\/\/ipacei.com\/tr\/produkt\/ipacei-kirpik-lifting-seti\/#breadcrumb\"},\"inLanguage\":\"tr\",\"potentialAction\":[{\"@type\":\"ReadAction\",\"target\":[\"https:\/\/ipacei.com\/tr\/produkt\/ipacei-kirpik-lifting-seti\/\"]}]},{\"@type\":\"ImageObject\",\"inLanguage\":\"tr\",\"@id\":\"https:\/\/ipacei.com\/tr\/produkt\/ipacei-kirpik-lifting-seti\/#primaryimage\",\"url\":\"https:\/\/ipacei.com\/wp-content\/uploads\/2020\/03\/Wimpernlifting-Lashlifting-Set-Ipacei.jpg\",\"contentUrl\":\"https:\/\/ipacei.com\/wp-content\/uploads\/2020\/03\/Wimpernlifting-Lashlifting-Set-Ipacei.jpg\",\"width\":1080,\"height\":1211},{\"@type\":\"BreadcrumbList\",\"@id\":\"https:\/\/ipacei.com\/tr\/produkt\/ipacei-kirpik-lifting-seti\/#breadcrumb\",\"itemListElement\":[{\"@type\":\"ListItem\",\"position\":1,\"name\":\"Startseite\",\"item\":\"https:\/\/ipacei.com\/tr\/\"},{\"@type\":\"ListItem\",\"position\":2,\"name\":\"Shop\",\"item\":\"https:\/\/ipacei.com\/tr\/shop\/\"},{\"@type\":\"ListItem\",\"position\":3,\"name\":\"Ipacei Kirpik Lifting Seti\"}]},{\"@type\":\"WebSite\",\"@id\":\"https:\/\/ipacei.com\/#website\",\"url\":\"https:\/\/ipacei.com\/\",\"name\":\"Wimpernserum Ipacei\",\"description\":\"Luxury Cosmetic Products for long lashes, longer hair, longer nails and more\",\"potentialAction\":[{\"@type\":\"SearchAction\",\"target\":{\"@type\":\"EntryPoint\",\"urlTemplate\":\"https:\/\/ipacei.com\/?s={search_term_string}\"},\"query-input\":{\"@type\":\"PropertyValueSpecification\",\"valueRequired\":true,\"valueName\":\"search_term_string\"}}],\"inLanguage\":\"tr\"}]}<\/script>\n<!-- \/ Yoast SEO plugin. -->","yoast_head_json":{"title":"Ipacei Kirpik Lifting Seti - Wimpernserum Ipacei","description":"lashlifting set buy ipacei kirpiklifting seti","robots":{"index":"index","follow":"follow","max-snippet":"max-snippet:-1","max-image-preview":"max-image-preview:large","max-video-preview":"max-video-preview:-1"},"canonical":"https:\/\/ipacei.com\/tr\/produkt\/ipacei-kirpik-lifting-seti\/","og_locale":"tr_TR","og_type":"article","og_title":"Ipacei Kirpik Lifting Seti - Wimpernserum Ipacei","og_description":"lashlifting set buy ipacei kirpiklifting seti","og_url":"https:\/\/ipacei.com\/tr\/produkt\/ipacei-kirpik-lifting-seti\/","og_site_name":"Wimpernserum Ipacei","article_publisher":"https:\/\/de-de.facebook.com\/ipacei\/","article_modified_time":"2020-03-08T23:02:27+00:00","og_image":[{"width":1080,"height":1211,"url":"https:\/\/ipacei.com\/wp-content\/uploads\/2020\/03\/Wimpernlifting-Lashlifting-Set-Ipacei.jpg","type":"image\/jpeg"}],"twitter_card":"summary_large_image","twitter_site":"@IPACEI","twitter_misc":{"Tahmini okuma s\u00fcresi":"1 dakika"},"schema":{"@context":"https:\/\/schema.org","@graph":[{"@type":"WebPage","@id":"https:\/\/ipacei.com\/tr\/produkt\/ipacei-kirpik-lifting-seti\/","url":"https:\/\/ipacei.com\/tr\/produkt\/ipacei-kirpik-lifting-seti\/","name":"Ipacei Kirpik Lifting Seti - Wimpernserum Ipacei","isPartOf":{"@id":"https:\/\/ipacei.com\/#website"},"primaryImageOfPage":{"@id":"https:\/\/ipacei.com\/tr\/produkt\/ipacei-kirpik-lifting-seti\/#primaryimage"},"image":{"@id":"https:\/\/ipacei.com\/tr\/produkt\/ipacei-kirpik-lifting-seti\/#primaryimage"},"thumbnailUrl":"https:\/\/ipacei.com\/wp-content\/uploads\/2020\/03\/Wimpernlifting-Lashlifting-Set-Ipacei.jpg","datePublished":"2020-03-08T22:30:28+00:00","dateModified":"2020-03-08T23:02:27+00:00","description":"lashlifting set buy ipacei kirpiklifting seti","breadcrumb":{"@id":"https:\/\/ipacei.com\/tr\/produkt\/ipacei-kirpik-lifting-seti\/#breadcrumb"},"inLanguage":"tr","potentialAction":[{"@type":"ReadAction","target":["https:\/\/ipacei.com\/tr\/produkt\/ipacei-kirpik-lifting-seti\/"]}]},{"@type":"ImageObject","inLanguage":"tr","@id":"https:\/\/ipacei.com\/tr\/produkt\/ipacei-kirpik-lifting-seti\/#primaryimage","url":"https:\/\/ipacei.com\/wp-content\/uploads\/2020\/03\/Wimpernlifting-Lashlifting-Set-Ipacei.jpg","contentUrl":"https:\/\/ipacei.com\/wp-content\/uploads\/2020\/03\/Wimpernlifting-Lashlifting-Set-Ipacei.jpg","width":1080,"height":1211},{"@type":"BreadcrumbList","@id":"https:\/\/ipacei.com\/tr\/produkt\/ipacei-kirpik-lifting-seti\/#breadcrumb","itemListElement":[{"@type":"ListItem","position":1,"name":"Startseite","item":"https:\/\/ipacei.com\/tr\/"},{"@type":"ListItem","position":2,"name":"Shop","item":"https:\/\/ipacei.com\/tr\/shop\/"},{"@type":"ListItem","position":3,"name":"Ipacei Kirpik Lifting Seti"}]},{"@type":"WebSite","@id":"https:\/\/ipacei.com\/#website","url":"https:\/\/ipacei.com\/","name":"Wimpernserum Ipacei","description":"Luxury Cosmetic Products for long lashes, longer hair, longer nails and more","potentialAction":[{"@type":"SearchAction","target":{"@type":"EntryPoint","urlTemplate":"https:\/\/ipacei.com\/?s={search_term_string}"},"query-input":{"@type":"PropertyValueSpecification","valueRequired":true,"valueName":"search_term_string"}}],"inLanguage":"tr"}]}},"_links":{"self":[{"href":"https:\/\/ipacei.com\/tr\/wp-json\/wp\/v2\/product\/45116","targetHints":{"allow":["GET"]}}],"collection":[{"href":"https:\/\/ipacei.com\/tr\/wp-json\/wp\/v2\/product"}],"about":[{"href":"https:\/\/ipacei.com\/tr\/wp-json\/wp\/v2\/types\/product"}],"replies":[{"embeddable":true,"href":"https:\/\/ipacei.com\/tr\/wp-json\/wp\/v2\/comments?post=45116"}],"wp:featuredmedia":[{"embeddable":true,"href":"https:\/\/ipacei.com\/tr\/wp-json\/wp\/v2\/media\/45989"}],"wp:attachment":[{"href":"https:\/\/ipacei.com\/tr\/wp-json\/wp\/v2\/media?parent=45116"}],"curies":[{"name":"wp","href":"https:\/\/api.w.org\/{rel}","templated":true}]}}